{"id":23229,"date":"2025-04-13T17:39:23","date_gmt":"2025-04-13T17:39:23","guid":{"rendered":"https:\/\/researchchemicalstore.eu\/?post_type=product&#038;p=23229"},"modified":"2025-10-23T02:01:48","modified_gmt":"2025-10-23T02:01:48","slug":"3-minulle-pcp","status":"publish","type":"product","link":"https:\/\/researchchemicalstore.eu\/fi\/tuote\/3-minulle-pcp\/","title":{"rendered":"3-Me-PCP (3-metyylifensyklidiini)"},"content":{"rendered":"<h1>3-Me-PCP (3-metyylifensyklidiini) \u2013 Tieteellinen tuotekuvaus<\/h1>\n<h2>Johdanto ja yleiset ominaisuudet<\/h2>\n<p>3-Me-PCP (3-metyylifensyklidiini) on dissosiatiivinen tutkimuskemikaali, joka kuuluu aryylisykloheksyyliamiinien luokkaan. Metyylisubstituutio fenyylirenkaan 3-asemassa vaikuttaa sek\u00e4 <a href=\"http:\/\/google.nl\" target=\"_blank\" rel=\"noopener\">the<\/a> Yhdisteen farmakokineettiset ja farmakodynaamiset ominaisuudet. T\u00e4m\u00e4 kemiallinen rakenne tekee 3-Me-PCP:st\u00e4 erityisen sopivan reseptorivuorovaikutusten, neurokemiallisten prosessien ja rakenne-aktiivisuussuhteiden tutkimukseen. Tarkoitettu vain ammattimaiseen laboratoriok\u00e4ytt\u00f6\u00f6n.<a href=\"https:\/\/researchchemicalstore.eu\/fi\/kauppa\/pellets\/o-dsmt-50mg-pellets\/\">O-DSMT 50 mg -pelletit<\/a><\/p>\n<h2>Kemiallinen tunnistus ja ominaisuudet<\/h2>\n<ul>\n<li><strong>IUPAC-nimi<\/strong>: 1-(1-(3-metyylifenyyli)sykloheksyyli)piperidiini<\/li>\n<li><strong>Molekyylikaava<\/strong>C\u2081\u2088H\u2082\u2087N<\/li>\n<li><strong>Molekyylimassa<\/strong>257,42 g\/mol<\/li>\n<li><strong>Puhtaus<\/strong>\u226599% (HPLC-MS-menetelm\u00e4ll\u00e4 varmistettu)<\/li>\n<li><strong>Ulkon\u00e4k\u00f6<\/strong>Valkoinen tai vaalean kermanv\u00e4rinen kiteinen jauhe<\/li>\n<li><strong>Liukoisuus<\/strong>:\n<ul>\n<li>Liukenee hyvin metanoliin, etanoliin ja asetoniin<\/li>\n<li>Liukenee hieman veteen<\/li>\n<\/ul>\n<\/li>\n<\/ul>\n<h2>Tieteelliset sovellusalueet<\/h2>\n<p>3-Me-PCP:t\u00e4 k\u00e4ytet\u00e4\u00e4n:<\/p>\n<ul>\n<li>Reseptorien sitoutumistutkimukset (NMDA, sigma-reseptorit)<\/li>\n<li>Neurotransmitterien vuorovaikutusanalyysi<\/li>\n<li>SAR-vertailuja (rakenne-aktiivisuussuhde)<\/li>\n<li>Farmakokineettinen mallinnus<\/li>\n<li>Molekyylitelakointi- ja sitoutumistutkimukset<\/li>\n<\/ul>\n<h2>Laboratorion turvallisuusprotokolla<\/h2>\n<ul>\n<li>K\u00e4yt\u00e4 aina laboratoriotakkia, nitriilik\u00e4sineit\u00e4 ja suojalaseja<\/li>\n<li>Pakollinen ty\u00f6 imuteholla (v\u00e4h. 0,5 m\/s)<\/li>\n<li>V\u00e4lt\u00e4 hengitt\u00e4mist\u00e4 ja ihokosketusta<\/li>\n<li>Sammutin ja silmienhuuhteluasema helposti saatavilla<\/li>\n<li>\u00c4l\u00e4 koskaan ty\u00f6skentele yksin k\u00e4sitelless\u00e4si aineita<\/li>\n<\/ul>\n<h2>S\u00e4ilytys- ja stabiiliusolosuhteet<\/h2>\n<ul>\n<li><strong>Pitk\u00e4aikainen s\u00e4ilytys<\/strong>L\u00e4mpenemisl\u00e4mp\u00f6tila: -20 \u00b0C ilmatiiviiss\u00e4 pakkauksessa<\/li>\n<li><strong>Lyhytaikainen k\u00e4ytt\u00f6<\/strong>2\u20138 \u00b0C (enint\u00e4\u00e4n 2 viikkoa)<\/li>\n<li><strong>Pakkaus<\/strong>Meripihkanv\u00e4rist\u00e4 lasia teflontiivisteell\u00e4<\/li>\n<li><strong>Kosteus<\/strong>&lt;30% RH, s\u00e4ilyt\u00e4 kuivausaineen kanssa<\/li>\n<li><strong>Valoherkk\u00e4<\/strong>V\u00e4lt\u00e4 UV-s\u00e4teily\u00e4 ja kirkasta valoa<\/li>\n<\/ul>\n<h2>Laadunvarmistus ja analyyttinen valvonta<\/h2>\n<p>Jokainen er\u00e4 tarkistetaan seuraavien osalta:<\/p>\n<ul>\n<li>HPLC-huippupuhtaus<\/li>\n<li>Kaasukromatografinen puhtaus (GC-MS)<\/li>\n<li>NMR-validointi (\u00b9H ja \u00b9\u00b3C)<\/li>\n<li>J\u00e4\u00e4m\u00e4t liuottimet ja raskasmetallit<\/li>\n<li>Stabiilisuus (24 kuukautta pakastusolosuhteissa)<\/li>\n<\/ul>\n<h2>Pakkausvaihtoehdot ja toimitusehdot<\/h2>\n<ul>\n<li><strong>250 mg<\/strong> \u2013 tutkimusotos<\/li>\n<li><strong>1 gramma<\/strong> \u2013 standardi laboratoriovaaka<\/li>\n<li><strong>5 grammaa<\/strong> \u2013 tutkimusohjelmat<\/li>\n<li><strong>10 grammaa<\/strong> \u2013 validointitutkimusten joukkomuoto<\/li>\n<li>Mukautetut m\u00e4\u00e4r\u00e4t pyynn\u00f6st\u00e4<\/li>\n<li>Toimitus l\u00e4mp\u00f6tilas\u00e4\u00e4dellyll\u00e4 l\u00e4hetyksell\u00e4 huomaamattomalla merkinn\u00e4ll\u00e4<\/li>\n<\/ul>\n<h2>Tekninen dokumentaatio ja tuki<\/h2>\n<p>Toimitukseen sis\u00e4ltyy:<\/p>\n<ul>\n<li>Analyysitodistus (COA)<a href=\"https:\/\/researchchemicalstore.eu\/fi\/kauppa\/lysergamidit\/1-kpl-lsd\/\">1cP-LSD 150 MCG taidepaperia<\/a><\/li>\n<li>K\u00e4ytt\u00f6turvallisuustiedote (MSDS)<a href=\"https:\/\/researchchemicalstore.eu\/fi\/kauppa\/lysergamidit\/1vlsd\/\">1V-LSD 150 MCG -n\u00e4ytteenotot<\/a><\/li>\n<li>Liukoisuusprofiili ja s\u00e4ilytysohjeet<\/li>\n<li>Spektrireferenssit: FT-IR, NMR, LC-MS<\/li>\n<\/ul>\n<h2>S\u00e4\u00e4ntelykehys ja vaatimustenmukaisuus<\/h2>\n<ul>\n<li>Ei tarkoitettu ihmisten tai el\u00e4inten ravinnoksi<\/li>\n<li>Vain in vitro- tai ex vivo -tutkimuksiin<\/li>\n<li>Ostaja on vastuussa kaikkien sovellettavien lakien ja m\u00e4\u00e4r\u00e4ysten noudattamisesta<\/li>\n<li>Toimitus vain tunnustetuille tutkimuslaitoksille<\/li>\n<li>Vientivalvonta ja loppuk\u00e4ytt\u00e4j\u00e4n vakuutus vaaditaan<\/li>\n<\/ul>\n<h2>Tutkimustuki ja -palvelut<\/h2>\n<p>Tuki:<\/p>\n<ul>\n<li>Analyyttisten menetelmien kehitt\u00e4minen ja validointi<\/li>\n<li>Teknist\u00e4 neuvontaa laboratoriolaitteistosta ja reaktiivisuudesta<\/li>\n<li>Kirjallisuusviitteet ja SAR-analyysit<\/li>\n<li>Vianm\u00e4\u00e4ritys analyyttisiss\u00e4 prosesseissa<\/li>\n<\/ul>\n<h2>Johtop\u00e4\u00e4t\u00f6s ja tieteellinen arvo<\/h2>\n<p>3-Me-PCP on arvokas lis\u00e4 aryylisykloheksyyliamiinitutkimuksen alalle. Fenyylirenkaan metyyliryhm\u00e4 tarjoaa ainutlaatuisia farmakologisia ja molekyylitason ominaisuuksia, mik\u00e4 tekee siit\u00e4 erityisen sopivan in vitro- ja prekliinisiin tutkimuksiin. Se toimitetaan t\u00e4ydellisen dokumentaation ja ammattik\u00e4ytt\u00f6\u00f6n tarkoitetun korkean laatutakuun kera.<\/p>","protected":false},"excerpt":{"rendered":"<h3>3-Me-PCP:n ominaisuudet<\/h3>\n<p><strong>Synonyymi<\/strong>: 3-metyylifensyklidiini<br \/>\n<strong>CAS-numero<\/strong>: 91164-58-8<br \/>\n<strong>Kaava<\/strong>: 1-[1-(3-metyylifenyyli)sykloheksyyli]-piperidiini<br \/>\n<strong>Moolimassa<\/strong>292,2 g\/mol<br \/>\n<strong>Puhtaus<\/strong>: &gt;97%<\/p>","protected":false},"featured_media":28672,"comment_status":"closed","ping_status":"closed","template":"","meta":[],"product_brand":[82],"product_cat":[516,71],"product_tag":[326],"class_list":{"0":"post-23229","1":"product","2":"type-product","3":"status-publish","4":"has-post-thumbnail","6":"product_brand-research-chemical","7":"product_cat-3-me-pcp","8":"product_cat-arylcyclohexylamine","9":"product_tag-nl","11":"first","12":"instock","13":"taxable","14":"shipping-taxable","15":"purchasable","16":"product-type-variable"},"_links":{"self":[{"href":"https:\/\/researchchemicalstore.eu\/fi\/wp-json\/wp\/v2\/product\/23229","targetHints":{"allow":["GET"]}}],"collection":[{"href":"https:\/\/researchchemicalstore.eu\/fi\/wp-json\/wp\/v2\/product"}],"about":[{"href":"https:\/\/researchchemicalstore.eu\/fi\/wp-json\/wp\/v2\/types\/product"}],"replies":[{"embeddable":true,"href":"https:\/\/researchchemicalstore.eu\/fi\/wp-json\/wp\/v2\/comments?post=23229"}],"version-history":[{"count":4,"href":"https:\/\/researchchemicalstore.eu\/fi\/wp-json\/wp\/v2\/product\/23229\/revisions"}],"predecessor-version":[{"id":26367,"href":"https:\/\/researchchemicalstore.eu\/fi\/wp-json\/wp\/v2\/product\/23229\/revisions\/26367"}],"wp:featuredmedia":[{"embeddable":true,"href":"https:\/\/researchchemicalstore.eu\/fi\/wp-json\/wp\/v2\/media\/28672"}],"wp:attachment":[{"href":"https:\/\/researchchemicalstore.eu\/fi\/wp-json\/wp\/v2\/media?parent=23229"}],"wp:term":[{"taxonomy":"product_brand","embeddable":true,"href":"https:\/\/researchchemicalstore.eu\/fi\/wp-json\/wp\/v2\/product_brand?post=23229"},{"taxonomy":"product_cat","embeddable":true,"href":"https:\/\/researchchemicalstore.eu\/fi\/wp-json\/wp\/v2\/product_cat?post=23229"},{"taxonomy":"product_tag","embeddable":true,"href":"https:\/\/researchchemicalstore.eu\/fi\/wp-json\/wp\/v2\/product_tag?post=23229"}],"curies":[{"name":"wp","href":"https:\/\/api.w.org\/{rel}","templated":true}]}}