{"id":23553,"date":"2025-04-13T17:39:57","date_gmt":"2025-04-13T17:39:57","guid":{"rendered":"https:\/\/researchchemicalstore.eu\/?post_type=product&#038;p=23553"},"modified":"2025-10-22T16:03:06","modified_gmt":"2025-10-22T16:03:06","slug":"1-b-lsd-l-tartraattia-puhdasta","status":"publish","type":"product","link":"https:\/\/researchchemicalstore.eu\/fi\/tuote\/1-b-lsd-l-tartraattia-puhdasta\/","title":{"rendered":"1B-LSD L-tartraatti puhdas"},"content":{"rendered":"<h1><strong>1B-LSD L-tartraatti Pure \u2013 korkealaatuinen lysergamidi tieteelliseen tutkimukseen<\/strong><\/h1>\n<p><strong>Tuotteen nimi:<\/strong> 1B-LSD L-tartraatti<br \/>\n<strong>Kemiallinen nimi:<\/strong> 1-butanoyylilysergihappodietyyliamidi-L-tartraatti<br \/>\n<strong>Kaava:<\/strong> C23H29N3O2 \u00b7 C4H6O6<br \/>\n<strong>Molekyylipaino:<\/strong> 495,57 g\/mol<br \/>\n<strong>Lomake:<\/strong> Valkoinen kiteinen jauhe<br \/>\n<strong>Puhtaus:<\/strong> \u226599% (HPLC-sertifioitu)<br \/>\n<strong>Tyyppi:<\/strong> Tutkimuslaatu \u2013 Ei ihmisravinnoksi<\/p>\n<hr \/>\n<h2><strong>Mik\u00e4 on 1B-LSD L-tartraatti?<\/strong><\/h2>\n<p>1B-LSD (1-butanoyyli-LSD) on puolisynteettinen lysergamidi, joka on kemiallisesti sukua LSD:lle ja muille analogeille, kuten 1P-LSD:lle ja 1cP-LSD:lle. Butanoyyliryhm\u00e4n lis\u00e4\u00e4minen johtaa yhdisteeseen, joka tunnetaan sen <strong>aihiol\u00e4\u00e4kkeen luonne<\/strong>Biologisissa j\u00e4rjestelmiss\u00e4 1B-LSD:n odotetaan muuntuvan osittain LSD:ksi.<\/p>\n<p>The <strong>L-tartraattisuolamuoto<\/strong> tarjoaa paremman vakauden, tarkan punnituksen ja erinomaisen liukoisuuden analyyttisiin sovelluksiin.<\/p>\n<hr \/>\n<h2><strong>1B-LSD:n sovellukset tutkimuskontekstissa<\/strong><\/h2>\n<ul>\n<li><strong>Farmakodynaaminen tutkimus:<\/strong> Serotoniinireseptorien (erityisesti 5-HT2A:n) yhteisvaikutusten tutkimus.<\/li>\n<li><strong>Vertaileva neurokemiallinen tutkimus:<\/strong> Vertailu LSD:n, 1P-LSD:n ja muiden analogien kanssa.<\/li>\n<li><strong>In vitro- ja in vivo -bioaktiivisuuden seulonta<\/strong> (vain valtuutetuille laitoksille).<\/li>\n<li><strong>Aihiol\u00e4\u00e4kkeen analyysi:<\/strong> Lysergamidin metaboliareittien analyysi biologisissa j\u00e4rjestelmiss\u00e4.<\/li>\n<\/ul>\n<blockquote><p>\u26a0\ufe0f <strong>HUOM:<\/strong> T\u00e4m\u00e4 tuote on tarkoitettu ainoastaan tieteellisiin ja rikosteknisiin tutkimustarkoituksiin. Ei ihmisravinnoksi eik\u00e4 el\u00e4imille.<\/p><\/blockquote>\n<hr \/>\n<h2><strong>Tutkijoiden hy\u00f6dyt<\/strong><\/h2>\n<p>\u2714 Korkea kemiallinen stabiilius L-tartraattisuolamuodossa<br \/>\n\u2714 Aihiol\u00e4\u00e4kkeen ominaisuudet antavat tietoa lysergamidin metaboliasta<br \/>\n\u2714 Tasainen \u226599%:n puhtaus (HPLC-vahvistettu)<br \/>\n\u2714 Liukenee helposti etanoliin ja muihin analyyttisiin liuottimiin<\/p>\n<hr \/>\n<h2><strong>Mahdollisia haittoja \/ rajoituksia<\/strong><\/h2>\n<ul>\n<li>Oikeudellinen asema voi vaihdella maittain tai alueittain<\/li>\n<li>Rajalliset pitk\u00e4aikaiset toksikologiset tiedot<\/li>\n<li>Voi hajota altistuessaan valolle, l\u00e4mm\u00f6lle tai ilmalle<\/li>\n<li>Vaatii varastointia valvotuissa olosuhteissa<\/li>\n<\/ul>\n<hr \/>\n<h2><strong>Laboratoriotiedot<\/strong><\/h2>\n<table>\n<thead>\n<tr>\n<th>Ominaisuus<\/th>\n<th>Tekniset tiedot<\/th>\n<\/tr>\n<\/thead>\n<tbody>\n<tr>\n<td>Puhtaus<\/td>\n<td>\u226599% HPLC<\/td>\n<\/tr>\n<tr>\n<td>Sulamispiste<\/td>\n<td>192\u2013196 \u00b0C<\/td>\n<\/tr>\n<tr>\n<td>Liukoisuus<\/td>\n<td>Hyv\u00e4 etanolissa ja asetonissa<\/td>\n<\/tr>\n<tr>\n<td>S\u00e4ilytysohjeet<\/td>\n<td>2\u20138 \u00b0C, pime\u00e4\u00e4 ja kuivaa<\/td>\n<\/tr>\n<tr>\n<td>Er\u00e4koodi<\/td>\n<td>1BLSD-LT0625<\/td>\n<\/tr>\n<tr>\n<td>Analyysip\u00e4iv\u00e4m\u00e4\u00e4r\u00e4<\/td>\n<td>18. kes\u00e4kuuta 2025<\/td>\n<\/tr>\n<\/tbody>\n<\/table>\n<hr \/>\n<h2><strong>K\u00e4ytt\u00f6skenaariot (laboratorio)<\/strong><\/h2>\n<table>\n<thead>\n<tr>\n<th>Sovellustyyppi<\/th>\n<th>Keskittyminen<\/th>\n<th>Menetelm\u00e4<\/th>\n<th>Maali<\/th>\n<\/tr>\n<\/thead>\n<tbody>\n<tr>\n<td>In vitro<\/td>\n<td>1\u201310 \u00b5M<\/td>\n<td>Liuota DMSO:hon<\/td>\n<td>Reseptorien sitoutumistutkimukset<\/td>\n<\/tr>\n<tr>\n<td>In vivo (ep\u00e4suora)<\/td>\n<td>ei saatavilla<\/td>\n<td>Sallittu vain luvalla<\/td>\n<td>Aihiol\u00e4\u00e4kkeen konversiotutkimus<\/td>\n<\/tr>\n<\/tbody>\n<\/table>\n<hr \/>\n<h2><strong>Usein kysytyt kysymykset (UKK)<\/strong><\/h2>\n<h3>\u2753 Mit\u00e4 eroa on 1B-LSD:ll\u00e4 ja LSD:ll\u00e4?<\/h3>\n<p>1B-LSD:t\u00e4 pidet\u00e4\u00e4n LSD:n aihiol\u00e4\u00e4kkeen\u00e4. Biologisissa j\u00e4rjestelmiss\u00e4 se voidaan muuntaa LSD:ksi, mik\u00e4 tekee siit\u00e4 erityisen kiinnostavan aineenvaihduntatutkimuksessa.<\/p>\n<h3>\u2753 Onko 1B-LSD laillista Alankomaissa tai Belgiassa?<\/h3>\n<p>1B-LSD saattaa kuulua analogialain piiriin. Tarkista aina alueesi voimassa olevat lait tuonnin tai hallussapidon osalta.<\/p>\n<h3>\u2753 Miksi L-tartraatti vapaan em\u00e4ksen sijaan?<\/h3>\n<p>L-tartraattimuoto on kemiallisesti vakaampi, helpompi punnita ja sopii paremmin pitk\u00e4aikaiseen s\u00e4ilytykseen.<\/p>\n<h3>\u2753 Voinko k\u00e4ytt\u00e4\u00e4 t\u00e4t\u00e4 tuotetta ihmisravinnoksi?<\/h3>\n<p>Nro 1B-LSD L-tartraatti on tarkoitettu ainoastaan laboratoriotutkimukseen. K\u00e4ytt\u00f6 on ehdottomasti kielletty.<\/p>\n<hr \/>\n<h2><strong>Yhteenveto<\/strong><\/h2>\n<p><strong>1B-LSD L-tartraatti<\/strong> tarjoaa tutkijoille ainutlaatuisen mahdollisuuden tutkia lysergamidianalogeja puhtaassa, stabiilissa ja tarkassa muodossa. T\u00e4m\u00e4 yhdiste yhdist\u00e4\u00e4 farmakologisen potentiaalin laboratorioyst\u00e4v\u00e4llisiin ominaisuuksiin, mik\u00e4 tekee siit\u00e4 ihanteellisen kokeelliseen neurokemialliseen ja reseptorikeskeiseen tutkimukseen.<\/p>","protected":false},"excerpt":{"rendered":"<h3><span style=\"vertical-align: inherit;\"><span style=\"vertical-align: inherit;\">1B-LSD L-tartraatin ominaisuudet<\/span><\/span><\/h3>\n<p><strong><span style=\"vertical-align: inherit;\"><span style=\"vertical-align: inherit;\">Synonyymi:<\/span><\/span><\/strong><span style=\"vertical-align: inherit;\"><span style=\"vertical-align: inherit;\"> 1-butanoyyli-lysergihappodietyyliamidihemi-L-tartraatti, BLSD <\/span><\/span><br \/>\n<strong><span style=\"vertical-align: inherit;\"><span style=\"vertical-align: inherit;\">CAS-numero:<\/span><\/span><\/strong><span style=\"vertical-align: inherit;\"><span style=\"vertical-align: inherit;\"> 2349376-12-9 <\/span><\/span><br \/>\n<strong><span style=\"vertical-align: inherit;\"><span style=\"vertical-align: inherit;\">Kaava:<\/span><\/span><\/strong><span style=\"vertical-align: inherit;\"><span style=\"vertical-align: inherit;\"> (8\u03b2)-1-butanoyyli-N,N-dietyyli-6-metyyli-9,10-didehydroergoliini-8-karboksamidihemi-L-tartraatti <\/span><\/span><br \/>\n<strong><span style=\"vertical-align: inherit;\"><span style=\"vertical-align: inherit;\">Moolimassa:<\/span><\/span><\/strong><span style=\"vertical-align: inherit;\"><span style=\"vertical-align: inherit;\"> 468,5 g\/mol <\/span><\/span><br \/>\n<strong><span style=\"vertical-align: inherit;\"><span style=\"vertical-align: inherit;\">Puhtaus:<\/span><\/span><\/strong><span style=\"vertical-align: inherit;\"><span style=\"vertical-align: inherit;\"> &gt;97%<\/span><\/span><\/p>","protected":false},"featured_media":28557,"comment_status":"closed","ping_status":"closed","template":"","meta":[],"product_brand":[],"product_cat":[530,358],"product_tag":[326],"class_list":{"0":"post-23553","1":"product","2":"type-product","3":"status-publish","4":"has-post-thumbnail","6":"product_cat-1b-lsd","7":"product_cat-lysergamides","8":"product_tag-nl","10":"first","11":"instock","12":"taxable","13":"shipping-taxable","14":"purchasable","15":"product-type-variable"},"_links":{"self":[{"href":"https:\/\/researchchemicalstore.eu\/fi\/wp-json\/wp\/v2\/product\/23553","targetHints":{"allow":["GET"]}}],"collection":[{"href":"https:\/\/researchchemicalstore.eu\/fi\/wp-json\/wp\/v2\/product"}],"about":[{"href":"https:\/\/researchchemicalstore.eu\/fi\/wp-json\/wp\/v2\/types\/product"}],"replies":[{"embeddable":true,"href":"https:\/\/researchchemicalstore.eu\/fi\/wp-json\/wp\/v2\/comments?post=23553"}],"version-history":[{"count":2,"href":"https:\/\/researchchemicalstore.eu\/fi\/wp-json\/wp\/v2\/product\/23553\/revisions"}],"predecessor-version":[{"id":26605,"href":"https:\/\/researchchemicalstore.eu\/fi\/wp-json\/wp\/v2\/product\/23553\/revisions\/26605"}],"wp:featuredmedia":[{"embeddable":true,"href":"https:\/\/researchchemicalstore.eu\/fi\/wp-json\/wp\/v2\/media\/28557"}],"wp:attachment":[{"href":"https:\/\/researchchemicalstore.eu\/fi\/wp-json\/wp\/v2\/media?parent=23553"}],"wp:term":[{"taxonomy":"product_brand","embeddable":true,"href":"https:\/\/researchchemicalstore.eu\/fi\/wp-json\/wp\/v2\/product_brand?post=23553"},{"taxonomy":"product_cat","embeddable":true,"href":"https:\/\/researchchemicalstore.eu\/fi\/wp-json\/wp\/v2\/product_cat?post=23553"},{"taxonomy":"product_tag","embeddable":true,"href":"https:\/\/researchchemicalstore.eu\/fi\/wp-json\/wp\/v2\/product_tag?post=23553"}],"curies":[{"name":"wp","href":"https:\/\/api.w.org\/{rel}","templated":true}]}}