{"id":23559,"date":"2025-04-13T17:39:57","date_gmt":"2025-04-13T17:39:57","guid":{"rendered":"https:\/\/researchchemicalstore.eu\/?post_type=product&#038;p=23559"},"modified":"2025-10-22T16:26:33","modified_gmt":"2025-10-22T16:26:33","slug":"1-p-lsd-l-tartraattia-puhdasta","status":"publish","type":"product","link":"https:\/\/researchchemicalstore.eu\/fi\/tuote\/1-p-lsd-l-tartraattia-puhdasta\/","title":{"rendered":"1P-LSD L-tartraatti puhdas"},"content":{"rendered":"<h1>1P-LSD L-tartraatti \u2013 Laajennettu tuotekuvaus tieteelliseen tutkimukseen<\/h1>\n<h2>Johdanto<\/h2>\n<p>1P-LSD L-tartraatti on puolisynteettinen lysergamidi, joka on rakenteellisesti sukua LSD:lle. T\u00e4t\u00e4 yhdistett\u00e4 k\u00e4ytet\u00e4\u00e4n yksinomaan kontrolloiduissa laboratorio-olosuhteissa farmakologisessa ja neurokemiallisessa tutkimuksessa. T\u00e4m\u00e4 tuotekuvaus tarjoaa yksityiskohtaista tietoa kemiallisista ominaisuuksista, tutkimustarkoituksista ja turvaohjeista.<\/p>\n<h2>Kemialliset tiedot<\/h2>\n<ul>\n<li>Systemaattinen nimi: (6aR,9R)-N,N-dietyyli-7-metyyli-4,6,6a,7,8,9-heksahydroindolo[4,3-fg]kinoliini-9-karboksamidi-1-propionyyli-L-tartraatti<\/li>\n<li>Molekyylikaava: C\u2082\u2083H\u2083\u2080N\u2083O\u2082\u00b7C\u2084H\u2086O\u2086<\/li>\n<li>Molekyylimassa: 525,58 g\/mol<\/li>\n<li>Puhtaus: \u226599% (HPLC-UV ja MS)<\/li>\n<li>Ulkon\u00e4k\u00f6: Valkoinen tai vaaleanbeige kiteinen jauhe<\/li>\n<li>Liukoisuus: Noin 15 mg\/ml veteen, liukenee hyvin metanoliin<\/li>\n<li>Sulamispiste: 183\u2013187 \u00b0C (hajoaa)<\/li>\n<\/ul>\n<h2>Stabiilisuus ja s\u00e4ilytys<\/h2>\n<ul>\n<li>S\u00e4ilytysolosuhteet: -20 \u00b0C, ilmatiiviiss\u00e4 ja valolta suojatussa ilmakeh\u00e4ss\u00e4 (argon tai typpi)<\/li>\n<li>S\u00e4ilyvyysaika: 24 kuukautta oikein s\u00e4ilytettyn\u00e4<\/li>\n<li>Herkkyys: Herkk\u00e4 valolle, hapelle ja kosteudelle<\/li>\n<\/ul>\n<h2>Mahdollisia tutkimussovelluksia<\/h2>\n<p>1P-LSD L-tartraattia k\u00e4ytet\u00e4\u00e4n:<\/p>\n<ul>\n<li>Neurofarmakologinen tutkimus (5-HT\u2082A-reseptorien yhteisvaikutus)<\/li>\n<li>Aineenvaihduntatutkimus (propionyyliryhm\u00e4n hydrolyysi in vivo)<\/li>\n<li>Lysergamidiryhm\u00e4n vertailukelpoinen farmakokinetiikka<\/li>\n<li>K\u00e4ytt\u00e4ytymistutkimukset prekliinisiss\u00e4 el\u00e4inmalleissa<\/li>\n<\/ul>\n<p>Huomaa: Sallittu vain in vitro -tutkimuksiin ja laillisesti sallittuihin el\u00e4inkokeisiin.<\/p>\n<h2>Turvallisuusprotokolla<\/h2>\n<h3>Henkil\u00f6kohtainen suojaus<\/h3>\n<ul>\n<li>Kaksinkertaiset nitriilik\u00e4sineet<\/li>\n<li>Pitk\u00e4hihainen laboratoriotakki<\/li>\n<li>Suojalasit tai kasvosuojus<\/li>\n<li>FFP2\/FFP3-naamari jauheen k\u00e4sittelyyn<\/li>\n<\/ul>\n<h3>Ty\u00f6olosuhteet<\/h3>\n<ul>\n<li>Ty\u00f6skentele vain vetokaapin alla (ilman nopeus v\u00e4hint\u00e4\u00e4n 0,5 m\/s)<\/li>\n<li>Antistaattinen ty\u00f6taso vaaditaan<\/li>\n<li>R\u00e4j\u00e4hdyssuojattu j\u00e4\u00e4hdytys tarvittaessa<\/li>\n<\/ul>\n<h3>Ensiapu<\/h3>\n<ul>\n<li>Silm\u00e4kosketus: Huuhtele fysiologisella suolaliuoksella v\u00e4hint\u00e4\u00e4n 15 minuuttia.<\/li>\n<li>Ihokosketus: Puhdista poloksameeriliuoksella<\/li>\n<li>Hengitys: Hakeudu v\u00e4litt\u00f6m\u00e4sti l\u00e4\u00e4k\u00e4rin arvioon<\/li>\n<\/ul>\n<h2>Laatutakuu<\/h2>\n<p>Jokainen er\u00e4 sis\u00e4lt\u00e4\u00e4:<\/p>\n<ul>\n<li>Analyysitodistus (HPLC-UV, MS)<\/li>\n<li>NMR-spektrit (\u00b9H ja \u00b9\u00b3C)<\/li>\n<li>J\u00e4\u00e4nn\u00f6sliuottimien GC-MS-analyysi<\/li>\n<li>Kiraalinen puhtausanalyysi<\/li>\n<\/ul>\n<h2>S\u00e4\u00e4ntelykehys<\/h2>\n<ul>\n<li>Alankomaiden oopiumilain (liite I) nojalla<\/li>\n<li>Vain lisensoiduille tutkimuslaitoksille<\/li>\n<li>Ehdottomasti kielletty ihmisravinnoksi<\/li>\n<li>Kansainv\u00e4lisen vientivalvonnan alainen<\/li>\n<\/ul>\n<h2>Tilaustiedot<\/h2>\n<ul>\n<li>Pakkaus:\n<ul>\n<li>5 mg (\u00b10,2 mg) argonilla t\u00e4ytetyss\u00e4 ampullissa<\/li>\n<li>25 mg (\u00b10,5 mg) meripihkanv\u00e4risess\u00e4 HPLC-injektiopullossa<\/li>\n<\/ul>\n<\/li>\n<li>Kuljetus: J\u00e4\u00e4hdytettyn\u00e4 (2\u20138 \u00b0C) l\u00e4mp\u00f6tilanker\u00e4\u00e4j\u00e4ll\u00e4<\/li>\n<li>Dokumentaatio: T\u00e4ydellinen j\u00e4ljitett\u00e4vyys er\u00e4kohtaisesti<\/li>\n<\/ul>\n<h2>Tieteellinen konteksti<\/h2>\n<p>Asiaankuuluvia julkaisuja samankaltaisista lysergamideista:<\/p>\n<ul>\n<li>Brandt ym. (2016) \u2013 <em>Psykofarmakologia<\/em><\/li>\n<li>Nichols (2018) \u2013 <em>ACS:n kemiallinen neurotiede<\/em><\/li>\n<li>EMCDDA:n tekniset raportit (2020\u20132023)<\/li>\n<\/ul>\n<h2>Vastuuvapauslauseke<\/h2>\n<p>T\u00e4m\u00e4 tuote on tarkoitettu yksinomaan valtuutettuun tieteelliseen tutkimukseen. K\u00e4ytt\u00f6 on sallittua ainoastaan kaikkien sovellettavien lakien ja m\u00e4\u00e4r\u00e4ysten mukaisesti. Ostaja on viime k\u00e4dess\u00e4 vastuussa lain ja eettisten m\u00e4\u00e4r\u00e4ysten noudattamisesta.<\/p>\n<p>Jos tarvitset tutkimusneuvoja tai lis\u00e4dokumentaatiota, ota yhteytt\u00e4 tieteelliseen tukeemme.<\/p>\n<p><a href=\"https:\/\/researchchemicalstore.eu\/fi\/kauppa\/lysergamidit\/1-cp-lsd-150-mikrogrammaa\/\"><span style=\"vertical-align: inherit;\"><span style=\"vertical-align: inherit;\">1cP-LSD 150 MCG taidepaperia <\/span><\/span><\/a><a href=\"https:\/\/researchchemicalstore.eu\/fi\/kauppa\/pellets\/o-dsmt-50mg-pellets\/\"><span style=\"vertical-align: inherit;\"><span style=\"vertical-align: inherit;\">O-DSMT 50 mg -pelletit <\/span><\/span><\/a><a href=\"https:\/\/researchchemicalstore.eu\/fi\/kauppa\/lysergamidit\/1v-lsd-150-mcg-blotters\/\"><span style=\"vertical-align: inherit;\"><span style=\"vertical-align: inherit;\">1V-LSD 150 MCG -n\u00e4ytteenotot <\/span><\/span><\/a><a href=\"https:\/\/researchchemicalstore.eu\/fi\/kauppa\/fenetyyliamiini\/2c-ef-2-mg-kapselia\/\"><span style=\"vertical-align: inherit;\"><span style=\"vertical-align: inherit;\">2C-EF 2 mg kapselit <\/span><\/span><\/a><a href=\"https:\/\/researchchemicalstore.eu\/fi\/kauppa\/melkein-kielletty\/6-cl-adbaa\/\"><span style=\"vertical-align: inherit;\"><span style=\"vertical-align: inherit;\">6-CL-ADBA<\/span><\/span><\/a><\/p>","protected":false},"excerpt":{"rendered":"<h3><span style=\"vertical-align: inherit;\"><span style=\"vertical-align: inherit;\">1P-LSD L-tartraatin ominaisuudet<\/span><\/span><\/h3>\n<p><strong><span style=\"vertical-align: inherit;\"><span style=\"vertical-align: inherit;\">Synonyymi:<\/span><\/span><\/strong><span style=\"vertical-align: inherit;\"><span style=\"vertical-align: inherit;\"> 1-propionyyli-lysergihappodietyyliamidihemi-L-tartraatti, PLSD <\/span><\/span><br \/>\n<strong><span style=\"vertical-align: inherit;\"><span style=\"vertical-align: inherit;\">CAS-numero:<\/span><\/span><\/strong><span style=\"vertical-align: inherit;\"><span style=\"vertical-align: inherit;\"> 2349358-81-0 <\/span><\/span><br \/>\n<strong><span style=\"vertical-align: inherit;\"><span style=\"vertical-align: inherit;\">Kaava:<\/span><\/span><\/strong><span style=\"vertical-align: inherit;\"><span style=\"vertical-align: inherit;\"> (8\u03b2)-1-propionyyli-N,N-dietyyli-6-metyyli-9,10-didehydroergoliini-8-karboksamidihemi-L-tartraatti <\/span><\/span><br \/>\n<strong><span style=\"vertical-align: inherit;\"><span style=\"vertical-align: inherit;\">Moolimassa:<\/span><\/span><\/strong><span style=\"vertical-align: inherit;\"><span style=\"vertical-align: inherit;\"> 454,5 g\/mol <\/span><\/span><br \/>\n<strong><span style=\"vertical-align: inherit;\"><span style=\"vertical-align: inherit;\">Puhtaus:<\/span><\/span><\/strong><span style=\"vertical-align: inherit;\"><span style=\"vertical-align: inherit;\"> &gt;97%<\/span><\/span><\/p>","protected":false},"featured_media":28574,"comment_status":"closed","ping_status":"closed","template":"","meta":[],"product_brand":[82],"product_cat":[358],"product_tag":[774,326],"class_list":{"0":"post-23559","1":"product","2":"type-product","3":"status-publish","4":"has-post-thumbnail","6":"product_brand-research-chemical","7":"product_cat-lysergamides","8":"product_tag-lsd-bestellen","9":"product_tag-nl","11":"first","12":"instock","13":"taxable","14":"shipping-taxable","15":"purchasable","16":"product-type-variable"},"_links":{"self":[{"href":"https:\/\/researchchemicalstore.eu\/fi\/wp-json\/wp\/v2\/product\/23559","targetHints":{"allow":["GET"]}}],"collection":[{"href":"https:\/\/researchchemicalstore.eu\/fi\/wp-json\/wp\/v2\/product"}],"about":[{"href":"https:\/\/researchchemicalstore.eu\/fi\/wp-json\/wp\/v2\/types\/product"}],"replies":[{"embeddable":true,"href":"https:\/\/researchchemicalstore.eu\/fi\/wp-json\/wp\/v2\/comments?post=23559"}],"version-history":[{"count":4,"href":"https:\/\/researchchemicalstore.eu\/fi\/wp-json\/wp\/v2\/product\/23559\/revisions"}],"predecessor-version":[{"id":26379,"href":"https:\/\/researchchemicalstore.eu\/fi\/wp-json\/wp\/v2\/product\/23559\/revisions\/26379"}],"wp:featuredmedia":[{"embeddable":true,"href":"https:\/\/researchchemicalstore.eu\/fi\/wp-json\/wp\/v2\/media\/28574"}],"wp:attachment":[{"href":"https:\/\/researchchemicalstore.eu\/fi\/wp-json\/wp\/v2\/media?parent=23559"}],"wp:term":[{"taxonomy":"product_brand","embeddable":true,"href":"https:\/\/researchchemicalstore.eu\/fi\/wp-json\/wp\/v2\/product_brand?post=23559"},{"taxonomy":"product_cat","embeddable":true,"href":"https:\/\/researchchemicalstore.eu\/fi\/wp-json\/wp\/v2\/product_cat?post=23559"},{"taxonomy":"product_tag","embeddable":true,"href":"https:\/\/researchchemicalstore.eu\/fi\/wp-json\/wp\/v2\/product_tag?post=23559"}],"curies":[{"name":"wp","href":"https:\/\/api.w.org\/{rel}","templated":true}]}}