{"id":23947,"date":"2025-04-13T17:40:44","date_gmt":"2025-04-13T17:40:44","guid":{"rendered":"https:\/\/researchchemicalstore.eu\/?post_type=product&#038;p=23947"},"modified":"2025-10-22T11:24:04","modified_gmt":"2025-10-22T11:24:04","slug":"2-feaa","status":"publish","type":"product","link":"https:\/\/researchchemicalstore.eu\/fi\/tuote\/2-feaa\/","title":{"rendered":"2-FEA (2-fluorietamfetamiini)"},"content":{"rendered":"<h1>2 FEA (2-fluorietamfetamiini) \u2013 Ensiluokkainen tutkimuskemikaali tieteelliseen analyysiin<\/h1>\n<h2>Tuotekuvaus<\/h2>\n<p>2-FEA (2-fluorietamfetamiini) on erikoistunut tutkimuskemikaali, jota k\u00e4ytet\u00e4\u00e4n p\u00e4\u00e4asiassa tieteellisiin ja analyyttisiin tarkoituksiin. Fluorattujen amfetamiinien luokkaan kuuluvana yhdisteell\u00e4 on ainutlaatuisia ominaisuuksia, jotka ovat arvokkaita farmakologisessa tutkimuksessa, neurokemiallisissa tutkimuksissa ja oikeusl\u00e4\u00e4ketieteellisess\u00e4 analyysiss\u00e4. Sen erityinen molekyylirakenne tekee 2-FEA:sta kiinnostavan kohteen tutkijoille, jotka ovat kiinnostuneita tutkimaan sen vuorovaikutusta v\u00e4litt\u00e4j\u00e4ainej\u00e4rjestelmien kanssa.<\/p>\n<h2>Laatu ja puhtaus taattu<\/h2>\n<p>2-FEA-tuotteemme valmistetaan tiukan laatuvalvonnan alaisena, ja sit\u00e4 on saatavilla eritt\u00e4in puhtaina laatuina (\u226598%). Jokainen er\u00e4 analysoidaan edistyneill\u00e4 tekniikoilla, kuten <strong>HPLC (korkean suorituskyvyn nestekromatografia)<\/strong> ja <strong>GC-MS (kaasukromatografia-massaspektrometria)<\/strong> varmistaakseen tasaisen ja luotettavan laadun.<\/p>\n<h2>Turvallisuusohjeet ja oikeudellinen asema<\/h2>\n<p>2-FEA on <strong>tarkoitettu vain tutkimustarkoituksiin<\/strong> eik\u00e4 sit\u00e4 saa k\u00e4ytt\u00e4\u00e4 ihmisten tai el\u00e4inten ravinnoksi. Ostajan vastuulla on varmistaa, ett\u00e4 t\u00e4m\u00e4n aineen hallussapito ja k\u00e4ytt\u00f6 on laillista h\u00e4nen maassaan. Suosittelemme ty\u00f6skentely\u00e4 ainoastaan valvotussa laboratorioymp\u00e4rist\u00f6ss\u00e4, jossa on noudatettu asianmukaisia turvatoimenpiteit\u00e4.<\/p>\n<h2>Sovellusmahdollisuudet<\/h2>\n<ul>\n<li><strong>Neurokemiallinen tutkimus:<\/strong> Tutki 2-FEA:n vaikutusta dopamiini-, noradrenaliini- ja serotoniinij\u00e4rjestelmiin<\/li>\n<li><strong>Oikeusl\u00e4\u00e4ketieteellinen analyysi:<\/strong> K\u00e4ytt\u00f6 vertailustandardina huumeiden tunnistamisessa oikeustoksikologisessa tutkimuksessa<\/li>\n<li><strong>Aineenvaihduntatutkimukset:<\/strong> Tutki fluorattujen amfetamiinijohdannaisten hajoamisreittej\u00e4 ja farmakokinetiikkaa<\/li>\n<\/ul>\n<h2>Varastointi ja k\u00e4sittely<\/h2>\n<p>S\u00e4ilyt\u00e4 2-FEA:ta <strong>ilmatiivis pakkaus<\/strong>, suojattuna valolta ja kosteudelta, vakaassa l\u00e4mp\u00f6tilassa (mieluiten 2\u20138 \u00b0C). K\u00e4yt\u00e4 aina henkil\u00f6nsuojaimia (laboratoriotakki, nitriilik\u00e4sineet, suojalasit) k\u00e4sitelless\u00e4si t\u00e4t\u00e4 ainetta.<\/p>\n<h2>Miksi ostaa meid\u00e4n 2-FEA?<\/h2>\n<p>\u2714 <strong>Korkea puhtaus<\/strong> \u2013 Optimoitu tarkkojen tutkimustulosten saamiseksi<br \/>\n\u2714 <strong>Nopea toimitus<\/strong> - Luotettava toimitus Euroopassa<br \/>\n\u2714 <strong>Huomaamaton pakkaus<\/strong> \u2013 Yksityisyys ja turvallisuus ovat ensiarvoisen t\u00e4rkeit\u00e4<br \/>\n\u2714 <strong>Ammattimainen neuvonta<\/strong> \u2013 Tieteellisten sovellusten tuki<\/p>\n<h2>T\u00e4rke\u00e4 huomautus<\/h2>\n<p>T\u00e4m\u00e4 tuote on <strong>ei tarkoitettu nautittavaksi<\/strong> ja sit\u00e4 tulisi k\u00e4ytt\u00e4\u00e4 vain p\u00e4tevien ammattilaisten toimesta oikeudellisessa tutkimusyhteydess\u00e4.<\/p>\n<p>Lis\u00e4tietoja 2-FEA:sta tai muista tutkimuskemikaaleista saat ottamalla yhteytt\u00e4 <a href=\"http:\/\/google.nl\" target=\"_blank\" rel=\"noopener\">meille<\/a> Autamme sinua mielell\u00e4mme korkealaatuisten tuotteiden kanssa tieteellisiin projekteihisi.<a href=\"https:\/\/researchchemicalstore.eu\/fi\/kauppa\/iboga-ibogaiini\/iboga-juuren-kuori\/\">iboga-juuren kuori<\/a><a href=\"https:\/\/researchchemicalstore.eu\/fi\/kauppa\/iboga-ibogaiini\/osta-ibogaiinihydrokloridia-netista\/\">osta ibogaiinihydrokloridia netist\u00e4<\/a><a href=\"https:\/\/researchchemicalstore.eu\/fi\/kauppa\/pellets\/o-dsmt-50mg-pellets\/\">o-dsmt<\/a><a href=\"https:\/\/researchchemicalstore.eu\/fi\/kauppa\/lysergamidit\/1vlsd\/\">1vlsd<\/a><a href=\"https:\/\/researchchemicalstore.eu\/fi\/kauppa\/lysergamidit\/1-kpl-lsd\/\">1 kpl lsd<\/a><\/p>","protected":false},"excerpt":{"rendered":"<h2><span style=\"vertical-align: inherit;\"><span style=\"vertical-align: inherit;\">2-FEA-ominaisuudet<\/span><\/span><\/h2>\n<p><strong><span style=\"vertical-align: inherit;\"><span style=\"vertical-align: inherit;\">Synonyymi<\/span><\/span><\/strong><span style=\"vertical-align: inherit;\"><span style=\"vertical-align: inherit;\"> : 2-fluorietamfetamiini <\/span><\/span><br \/>\n<strong><span style=\"vertical-align: inherit;\"><span style=\"vertical-align: inherit;\">CAS-numero<\/span><\/span><\/strong><span style=\"vertical-align: inherit;\"><span style=\"vertical-align: inherit;\"> : 3871-89-4 <\/span><\/span><br \/>\n<strong><span style=\"vertical-align: inherit;\"><span style=\"vertical-align: inherit;\">Kaava<\/span><\/span><\/strong><span style=\"vertical-align: inherit;\"><span style=\"vertical-align: inherit;\"> C <\/span><\/span><sub><small><span style=\"vertical-align: inherit;\"><span style=\"vertical-align: inherit;\">11<\/span><\/span><\/small><\/sub><span style=\"vertical-align: inherit;\"><span style=\"vertical-align: inherit;\"> H <\/span><\/span><sub><small><span style=\"vertical-align: inherit;\"><span style=\"vertical-align: inherit;\">16<\/span><\/span><\/small><\/sub><span style=\"vertical-align: inherit;\"><span style=\"vertical-align: inherit;\"> FN \u2022 HCl <\/span><\/span><br \/>\n<strong><span style=\"vertical-align: inherit;\"><span style=\"vertical-align: inherit;\">Moolimassa<\/span><\/span><\/strong><span style=\"vertical-align: inherit;\"><span style=\"vertical-align: inherit;\"> : 217.7 <\/span><\/span><br \/>\n<strong><span style=\"vertical-align: inherit;\"><span style=\"vertical-align: inherit;\">Puhtaus<\/span><\/span><\/strong><span style=\"vertical-align: inherit;\"><span style=\"vertical-align: inherit;\"> : \u226599%<\/span><\/span><\/p>","protected":false},"featured_media":28597,"comment_status":"closed","ping_status":"closed","template":"","meta":[],"product_brand":[82],"product_cat":[437,322,333,398],"product_tag":[655,656,326],"class_list":{"0":"post-23947","1":"product","2":"type-product","3":"status-publish","4":"has-post-thumbnail","6":"product_brand-research-chemical","7":"product_cat-2-fea","8":"product_cat-bijna-verboden","9":"product_cat-gefluoreerden","10":"product_cat-verkoop","11":"product_tag-2-fea","12":"product_tag-2-fluoroethamfetamine","13":"product_tag-nl","15":"first","16":"instock","17":"sale","18":"taxable","19":"shipping-taxable","20":"purchasable","21":"product-type-variable"},"_links":{"self":[{"href":"https:\/\/researchchemicalstore.eu\/fi\/wp-json\/wp\/v2\/product\/23947","targetHints":{"allow":["GET"]}}],"collection":[{"href":"https:\/\/researchchemicalstore.eu\/fi\/wp-json\/wp\/v2\/product"}],"about":[{"href":"https:\/\/researchchemicalstore.eu\/fi\/wp-json\/wp\/v2\/types\/product"}],"replies":[{"embeddable":true,"href":"https:\/\/researchchemicalstore.eu\/fi\/wp-json\/wp\/v2\/comments?post=23947"}],"version-history":[{"count":4,"href":"https:\/\/researchchemicalstore.eu\/fi\/wp-json\/wp\/v2\/product\/23947\/revisions"}],"predecessor-version":[{"id":26407,"href":"https:\/\/researchchemicalstore.eu\/fi\/wp-json\/wp\/v2\/product\/23947\/revisions\/26407"}],"wp:featuredmedia":[{"embeddable":true,"href":"https:\/\/researchchemicalstore.eu\/fi\/wp-json\/wp\/v2\/media\/28597"}],"wp:attachment":[{"href":"https:\/\/researchchemicalstore.eu\/fi\/wp-json\/wp\/v2\/media?parent=23947"}],"wp:term":[{"taxonomy":"product_brand","embeddable":true,"href":"https:\/\/researchchemicalstore.eu\/fi\/wp-json\/wp\/v2\/product_brand?post=23947"},{"taxonomy":"product_cat","embeddable":true,"href":"https:\/\/researchchemicalstore.eu\/fi\/wp-json\/wp\/v2\/product_cat?post=23947"},{"taxonomy":"product_tag","embeddable":true,"href":"https:\/\/researchchemicalstore.eu\/fi\/wp-json\/wp\/v2\/product_tag?post=23947"}],"curies":[{"name":"wp","href":"https:\/\/api.w.org\/{rel}","templated":true}]}}