{"id":23975,"date":"2025-04-13T17:40:48","date_gmt":"2025-04-13T17:40:48","guid":{"rendered":"https:\/\/researchchemicalstore.eu\/?post_type=product&#038;p=23975"},"modified":"2025-10-22T11:04:38","modified_gmt":"2025-10-22T11:04:38","slug":"2-mmc-pellettia","status":"publish","type":"product","link":"https:\/\/researchchemicalstore.eu\/fi\/tuote\/2-mmc-pellettia\/","title":{"rendered":"2-MMC 220 mg pelletti\u00e4"},"content":{"rendered":"<h2><strong>2-MMC <\/strong><strong>pelletit, <\/strong><strong>220 mg:n pelletit<\/strong><\/h2>\n<p>N\u00e4m\u00e4 pelletit sis\u00e4lt\u00e4v\u00e4t 220 mg 2-MMC:t\u00e4 kukin.<\/p>\n<p>2-MMC-pelletit ovat aine, jota myymme vain tutkimustarkoituksiin, eik\u00e4 niit\u00e4 siksi ole tarkoitettu ihmisravinnoksi. 2-MMC:t\u00e4 voidaan tutkia jopa kahden vuoden ajan, kun sit\u00e4 s\u00e4ilytet\u00e4\u00e4n oikeassa ymp\u00e4rist\u00f6ss\u00e4.<a title=\"MEAI\" href=\"https:\/\/researchchemicalstore.eu\/fi\/kauppa\/muu\/meai\/\" target=\"_blank\" rel=\"noopener\">MEAI<\/a><\/p>\n<p>Koska 2-MMC on tarkoitettu vain tutkimustarkoituksiin eik\u00e4 nautittavaksi, on t\u00e4rke\u00e4\u00e4 pit\u00e4\u00e4 2-MMC poissa lasten ja lemmikkien ulottuvilta.<a title=\"6-CL-ADBA\" href=\"https:\/\/researchchemicalstore.eu\/fi\/kauppa\/melkein-kielletty\/6-cl-adbaa\/\" target=\"_blank\" rel=\"noopener\">6-CL-ADBA<\/a><\/p>\n<p>Tarjoamme korkealaatuisia tutkimuskemikaaleja kohtuulliseen hintaan. Tilauksesi l\u00e4hetet\u00e4\u00e4n 24 tunnin sis\u00e4ll\u00e4 joka p\u00e4iv\u00e4. Tilaa 2-MMC turvallisesti ja nopeasti.<a title=\"2C-EF 2 mg kapselit\" href=\"https:\/\/researchchemicalstore.eu\/fi\/kauppa\/fenetyyliamiini\/2c-ef-2-mg-kapselia\/\" target=\"_blank\" rel=\"noopener\">2C-EF 2 mg kapselit<\/a><\/p>\n<h2>2-MMC-ominaisuudet<\/h2>\n<p><strong>CAS-numero<\/strong>: 1246911-71-6<br \/>\n<strong>Kaava<\/strong>C11h15NO \u2022 HCl<br \/>\n<strong>Moolimassa<\/strong>: 177.247<br \/>\n<strong>Puhtaus<\/strong>: \u226599%<\/p>\n<h3>Vaaralauseke<\/h3>\n<p>2-MMC voi aiheuttaa hengitysteiden \u00e4rsytyst\u00e4<br \/>\n2-MMC voi aiheuttaa silmien \u00e4rsytyst\u00e4.<br \/>\nTutkimuskemikaalien p\u00e4\u00e4st\u00e4minen ymp\u00e4rist\u00f6\u00f6n on kielletty.<a title=\"6-CL-ADBA\" href=\"https:\/\/researchchemicalstore.eu\/fi\/kauppa\/melkein-kielletty\/6-cl-adbaa\/\" target=\"_blank\" rel=\"noopener\">6-CL-ADBA<\/a><\/p>\n<p>2-MMC:N JOUTUMINEN SILMIIN: Huuhtele silmi\u00e4 varovasti vedell\u00e4 viiden minuutin ajan. Poista piilolinssit, jos sen voi tehd\u00e4 helposti.<\/p>\n<p>2-MMC IHON KANSSA: Pese iho saippualla ja vedell\u00e4.<\/p>\n<p>2-MMC:N SIS\u00c4\u00c4NHENGITT\u00c4MISEN J\u00c4LKEEN: Vie uhri <a href=\"http:\/\/google.nl\" target=\"_blank\" rel=\"noopener\">sis\u00e4\u00e4n<\/a> raitista ilmaa ja aseta uhri asentoon, jossa hengitt\u00e4minen on helppoa.<\/p>","protected":false},"excerpt":{"rendered":"<h2>2-MMC-ominaisuudet<\/h2>\n<p><strong>CAS-numero<\/strong>: 1246911-71-6<br \/>\n<strong>Kaava<\/strong>C11h15NO \u2022 HCl<br \/>\n<strong>Moolimassa<\/strong>: 177.247<br \/>\n<strong>Puhtaus<\/strong>: \u226599%<\/p>","protected":false},"featured_media":28603,"comment_status":"closed","ping_status":"closed","template":"","meta":[],"product_brand":[82],"product_cat":[372,463,322,79,324],"product_tag":[83,679,652,678,326],"class_list":{"0":"post-23975","1":"product","2":"type-product","3":"status-publish","4":"has-post-thumbnail","6":"product_brand-research-chemical","7":"product_cat-2-mmc-kopen","8":"product_cat-2-mmc-pellets","9":"product_cat-bijna-verboden","10":"product_cat-cathinonen","11":"product_cat-pellets-for-pellet","12":"product_tag-2-mmc-kopen","13":"product_tag-2-mmc-pellets","14":"product_tag-2-mmc-pellets-kopen","15":"product_tag-2mmc-pellets","16":"product_tag-nl","18":"first","19":"instock","20":"taxable","21":"shipping-taxable","22":"purchasable","23":"product-type-variable"},"_links":{"self":[{"href":"https:\/\/researchchemicalstore.eu\/fi\/wp-json\/wp\/v2\/product\/23975","targetHints":{"allow":["GET"]}}],"collection":[{"href":"https:\/\/researchchemicalstore.eu\/fi\/wp-json\/wp\/v2\/product"}],"about":[{"href":"https:\/\/researchchemicalstore.eu\/fi\/wp-json\/wp\/v2\/types\/product"}],"replies":[{"embeddable":true,"href":"https:\/\/researchchemicalstore.eu\/fi\/wp-json\/wp\/v2\/comments?post=23975"}],"version-history":[{"count":3,"href":"https:\/\/researchchemicalstore.eu\/fi\/wp-json\/wp\/v2\/product\/23975\/revisions"}],"predecessor-version":[{"id":25527,"href":"https:\/\/researchchemicalstore.eu\/fi\/wp-json\/wp\/v2\/product\/23975\/revisions\/25527"}],"wp:featuredmedia":[{"embeddable":true,"href":"https:\/\/researchchemicalstore.eu\/fi\/wp-json\/wp\/v2\/media\/28603"}],"wp:attachment":[{"href":"https:\/\/researchchemicalstore.eu\/fi\/wp-json\/wp\/v2\/media?parent=23975"}],"wp:term":[{"taxonomy":"product_brand","embeddable":true,"href":"https:\/\/researchchemicalstore.eu\/fi\/wp-json\/wp\/v2\/product_brand?post=23975"},{"taxonomy":"product_cat","embeddable":true,"href":"https:\/\/researchchemicalstore.eu\/fi\/wp-json\/wp\/v2\/product_cat?post=23975"},{"taxonomy":"product_tag","embeddable":true,"href":"https:\/\/researchchemicalstore.eu\/fi\/wp-json\/wp\/v2\/product_tag?post=23975"}],"curies":[{"name":"wp","href":"https:\/\/api.w.org\/{rel}","templated":true}]}}