{"id":23982,"date":"2025-04-13T17:40:48","date_gmt":"2025-04-13T17:40:48","guid":{"rendered":"https:\/\/researchchemicalstore.eu\/?post_type=product&#038;p=23982"},"modified":"2025-10-22T11:07:52","modified_gmt":"2025-10-22T11:07:52","slug":"4-fma-100mg-pellets","status":"publish","type":"product","link":"https:\/\/researchchemicalstore.eu\/fi\/tuote\/4-fma-100mg-pellets\/","title":{"rendered":"4-FMA 100 mg:n pelletit"},"content":{"rendered":"<h1>4-FMA 100 mg:n pelletit \u2013 Edistynyt tutkimusformulaatio farmakologisiin tutkimuksiin<\/h1>\n<h2>Standardointi ja laatu<\/h2>\n<ul>\n<li><strong>Tarkka annostelu:<\/strong> 100 mg (\u00b12%) 4-fluorometamfetamiinia pelletti\u00e4 kohden<\/li>\n<li><strong>Farmaseuttinen laatu:<\/strong> GMP-sertifioitu tuotanto<\/li>\n<li><strong>Optimoitu koostumus:<\/strong> Erinomaisen liukoisuuden ja stabiilisuuden takaamiseksi<\/li>\n<\/ul>\n<h2>Tieteelliset sovellukset<\/h2>\n<p>Sopii edistyneeseen tutkimukseen, joka koskee:<\/p>\n<ul>\n<li>Dopaminerginen ja serotonerginen neurotransmissio<\/li>\n<li>Stimulanttiyhdisteet ja niiden metaboliitit<\/li>\n<li>Fluorin korvaamisen neurokemialliset vaikutukset<\/li>\n<\/ul>\n<h2>Tuotteen edut<\/h2>\n<p>\u2714 <strong>Er\u00e4kohtainen sakeus<\/strong> (HPLC-varmistettu)<br \/>\n\u2714 <strong>Patentoidut sideaineet<\/strong> ennustettavaa vapautumista varten<br \/>\n\u2714 <strong>Steriloitu pinta<\/strong> (gammas\u00e4teily)<br \/>\n\u2714 <strong>Pitk\u00e4n aikav\u00e4lin vakaus<\/strong> (yli 24 kuukautta valvotussa varastoinnissa)<\/p>\n<h2>Tekniset tiedot<\/h2>\n<ul>\n<li><strong>Halkaisija:<\/strong> 3,5 mm<\/li>\n<li><strong>Kovuus:<\/strong> 8\u201310 kp (optimoitu ajettavuuteen)<\/li>\n<li><strong>Hajoamisaika:<\/strong> &lt;20 minuuttia samanaikaisessa mahanesteess\u00e4<\/li>\n<\/ul>\n<h2>Laatutakuu<\/h2>\n<p>Jokainen er\u00e4 sis\u00e4lt\u00e4\u00e4:<\/p>\n<p>\u2460 T\u00e4ydellinen analyyttinen tiedosto (HPLC-DAD, GC-MS)<br \/>\n\u2461 Raskasmetallianalyysi (ICP-MS)<br \/>\n\u2462 Mikrobiologinen sertifiointi<\/p>\n<h2>Turvallisuusprotokolla<\/h2>\n<p>\u25c9 EN 13485 -sertifioitu tuotantolaitos<br \/>\n\u25c9 Vaatii: Luokan II suojakaapin<br \/>\n\u25c9 L\u00e4mp\u00f6tilas\u00e4\u00e4delty toimitus (+2 \u00b0C \/ +8 \u00b0C)<\/p>\n<h2>Pakkausvaihtoehdot<\/h2>\n<ul>\n<li><strong>Tutkijan pakkaus:<\/strong> 10 pelletti\u00e4 (typpit\u00e4ytteinen)<\/li>\n<li><strong>Laboratoriosarja:<\/strong> 100 pelletti\u00e4 (HDPE kuivausaineella)<\/li>\n<li><strong>Institutionaalinen j\u00e4rjestys:<\/strong> Mukautettu irtotavarapakkaus<\/li>\n<\/ul>\n<h2>T\u00e4rke\u00e4 huomautus<\/h2>\n<p>Vain laillisesti valtuutettuun tieteelliseen tutkimukseen. Ei <a href=\"http:\/\/google.nl\" target=\"_blank\" rel=\"noopener\">varten<\/a> ihmisen k\u00e4ytt\u00f6\u00f6n.<\/p>\n<h2>Tilaustiedot<\/h2>\n<p><strong>Tilaa nyt:<\/strong><\/p>\n<p>\u2713 Toimitus SAMAN P\u00c4IV\u00c4N\u00c4 (EU:n laboratoriosta laboratorioon)<br \/>\n\u2713 P\u00e4tev\u00e4 tekninen tuki<br \/>\n\u2713 Valinnaiset analyyttiset vertailustandardit.<a href=\"https:\/\/researchchemicalstore.eu\/fi\/kauppa\/iboga-ibogaiini\/iboga-juuren-kuori\/\">iboga-juuren kuori<\/a><a href=\"https:\/\/researchchemicalstore.eu\/fi\/kauppa\/iboga-ibogaiini\/osta-ibogaiinihydrokloridia-netista\/\">osta ibogaiinihydrokloridia netist\u00e4<\/a><a href=\"https:\/\/researchchemicalstore.eu\/fi\/kauppa\/lysergamidit\/1-kpl-lsd\/\">1 kpl lsd<\/a><a href=\"https:\/\/researchchemicalstore.eu\/fi\/kauppa\/pellets\/o-dsmt-50mg-pellets\/\">o-dsmt<\/a><a href=\"https:\/\/researchchemicalstore.eu\/fi\/kauppa\/lysergamidit\/1vlsd\/\">1vlsd<\/a><\/p>","protected":false},"excerpt":{"rendered":"<h3>4-FMA-ominaisuudet<\/h3>\n<p><strong>Synonyymi:<\/strong> 1-(4-fluorifenyyli)-N-metyylipropaani-2-amiini<br \/>\n<strong>CAS-numero:<\/strong> 52063-62-4<br \/>\n<strong>Kaava:<\/strong> <span title=\"Hiili\">C<\/span><sub>10<\/sub><span title=\"Vety\">H<\/span><sub>14<\/sub><span title=\"Fluori\">F<\/span><span title=\"Typpi\">N<\/span><br \/>\n<strong>Moolimassa:<\/strong> <span class=\"nowrap\">167.227<\/span>\u00a0g mol-1<sup>-1<\/sup><br \/>\n<strong>Puhtaus:<\/strong> &gt;98%<\/p>","protected":false},"featured_media":28691,"comment_status":"closed","ping_status":"closed","template":"","meta":[],"product_brand":[82],"product_cat":[459,460,322,333,324],"product_tag":[647,644,646,645,326],"class_list":{"0":"post-23982","1":"product","2":"type-product","3":"status-publish","4":"has-post-thumbnail","6":"product_brand-research-chemical","7":"product_cat-4fma-kopen","8":"product_cat-4-fma-pellets","9":"product_cat-bijna-verboden","10":"product_cat-gefluoreerden","11":"product_cat-pellets-for-pellet","12":"product_tag-4-fa-kopen","13":"product_tag-4-fma","14":"product_tag-4fma-bestellen","15":"product_tag-4fma-kopen","16":"product_tag-nl","18":"first","19":"instock","20":"taxable","21":"shipping-taxable","22":"purchasable","23":"product-type-variable"},"_links":{"self":[{"href":"https:\/\/researchchemicalstore.eu\/fi\/wp-json\/wp\/v2\/product\/23982","targetHints":{"allow":["GET"]}}],"collection":[{"href":"https:\/\/researchchemicalstore.eu\/fi\/wp-json\/wp\/v2\/product"}],"about":[{"href":"https:\/\/researchchemicalstore.eu\/fi\/wp-json\/wp\/v2\/types\/product"}],"replies":[{"embeddable":true,"href":"https:\/\/researchchemicalstore.eu\/fi\/wp-json\/wp\/v2\/comments?post=23982"}],"version-history":[{"count":4,"href":"https:\/\/researchchemicalstore.eu\/fi\/wp-json\/wp\/v2\/product\/23982\/revisions"}],"predecessor-version":[{"id":25438,"href":"https:\/\/researchchemicalstore.eu\/fi\/wp-json\/wp\/v2\/product\/23982\/revisions\/25438"}],"wp:featuredmedia":[{"embeddable":true,"href":"https:\/\/researchchemicalstore.eu\/fi\/wp-json\/wp\/v2\/media\/28691"}],"wp:attachment":[{"href":"https:\/\/researchchemicalstore.eu\/fi\/wp-json\/wp\/v2\/media?parent=23982"}],"wp:term":[{"taxonomy":"product_brand","embeddable":true,"href":"https:\/\/researchchemicalstore.eu\/fi\/wp-json\/wp\/v2\/product_brand?post=23982"},{"taxonomy":"product_cat","embeddable":true,"href":"https:\/\/researchchemicalstore.eu\/fi\/wp-json\/wp\/v2\/product_cat?post=23982"},{"taxonomy":"product_tag","embeddable":true,"href":"https:\/\/researchchemicalstore.eu\/fi\/wp-json\/wp\/v2\/product_tag?post=23982"}],"curies":[{"name":"wp","href":"https:\/\/api.w.org\/{rel}","templated":true}]}}