{"id":24144,"date":"2025-04-13T17:41:08","date_gmt":"2025-04-13T17:41:08","guid":{"rendered":"https:\/\/researchchemicalstore.eu\/?post_type=product&#038;p=24144"},"modified":"2025-10-22T09:03:49","modified_gmt":"2025-10-22T09:03:49","slug":"chem-mist-noopept-spray","status":"publish","type":"product","link":"https:\/\/researchchemicalstore.eu\/fi\/tuote\/chem-mist-noopept-spray\/","title":{"rendered":"Kemiallinen suihke NOOPEPT"},"content":{"rendered":"<h2><strong>Kemiallinen suihke NOOPEPT<\/strong><\/h2>\n<ul>\n<li><strong>V\u00e4hitt\u00e4ismyyntipakkaukset<br \/>\n<\/strong><\/li>\n<li><strong>M\u00e4\u00e4r\u00e4 ml per suihke: 10<\/strong><\/li>\n<li><strong>Hoeveelheid NOOPEPT per spray: 105mg<\/strong><\/li>\n<li><strong>Hinnat eiv\u00e4t sis\u00e4ll\u00e4 21%:n ALV:t\u00e4<\/strong><\/li>\n<li><strong>Suositeltu v\u00e4hitt\u00e4ishinta: 24,95 \u20ac sis. alv<\/strong><\/li>\n<\/ul>","protected":false},"excerpt":{"rendered":"<p>Chem-mist NOOPEPT -suihke V\u00e4hitt\u00e4ismyyntipakkaus M\u00e4\u00e4r\u00e4 ml per suihke: 10 M\u00e4\u00e4r\u00e4 NOOPEPT per suihke: 105 mg Hinnat eiv\u00e4t sis\u00e4ll\u00e4 ALV:t\u00e4 21% Suositeltu v\u00e4hitt\u00e4ishinta: 24,95 \u20ac<\/p>","protected":false},"featured_media":28760,"comment_status":"closed","ping_status":"closed","template":"","meta":[],"product_brand":[],"product_cat":[555],"product_tag":[326],"class_list":{"0":"post-24144","1":"product","2":"type-product","3":"status-publish","4":"has-post-thumbnail","6":"product_cat-b2b","7":"product_tag-nl","9":"first","10":"instock","11":"taxable","12":"shipping-taxable","13":"purchasable","14":"product-type-variable"},"_links":{"self":[{"href":"https:\/\/researchchemicalstore.eu\/fi\/wp-json\/wp\/v2\/product\/24144","targetHints":{"allow":["GET"]}}],"collection":[{"href":"https:\/\/researchchemicalstore.eu\/fi\/wp-json\/wp\/v2\/product"}],"about":[{"href":"https:\/\/researchchemicalstore.eu\/fi\/wp-json\/wp\/v2\/types\/product"}],"replies":[{"embeddable":true,"href":"https:\/\/researchchemicalstore.eu\/fi\/wp-json\/wp\/v2\/comments?post=24144"}],"version-history":[{"count":2,"href":"https:\/\/researchchemicalstore.eu\/fi\/wp-json\/wp\/v2\/product\/24144\/revisions"}],"predecessor-version":[{"id":28923,"href":"https:\/\/researchchemicalstore.eu\/fi\/wp-json\/wp\/v2\/product\/24144\/revisions\/28923"}],"wp:featuredmedia":[{"embeddable":true,"href":"https:\/\/researchchemicalstore.eu\/fi\/wp-json\/wp\/v2\/media\/28760"}],"wp:attachment":[{"href":"https:\/\/researchchemicalstore.eu\/fi\/wp-json\/wp\/v2\/media?parent=24144"}],"wp:term":[{"taxonomy":"product_brand","embeddable":true,"href":"https:\/\/researchchemicalstore.eu\/fi\/wp-json\/wp\/v2\/product_brand?post=24144"},{"taxonomy":"product_cat","embeddable":true,"href":"https:\/\/researchchemicalstore.eu\/fi\/wp-json\/wp\/v2\/product_cat?post=24144"},{"taxonomy":"product_tag","embeddable":true,"href":"https:\/\/researchchemicalstore.eu\/fi\/wp-json\/wp\/v2\/product_tag?post=24144"}],"curies":[{"name":"wp","href":"https:\/\/api.w.org\/{rel}","templated":true}]}}