{"id":24146,"date":"2025-04-13T17:41:08","date_gmt":"2025-04-13T17:41:08","guid":{"rendered":"https:\/\/researchchemicalstore.eu\/?post_type=product&#038;p=24146"},"modified":"2025-10-22T09:07:21","modified_gmt":"2025-10-22T09:07:21","slug":"kemiallinen-sumu-4-tuntia-7-suihkeella","status":"publish","type":"product","link":"https:\/\/researchchemicalstore.eu\/fi\/tuote\/kemiallinen-sumu-4-tuntia-7-suihkeella\/","title":{"rendered":"Kemikaali-sumu 4-HO-MET 7% -suihke"},"content":{"rendered":"<h2><strong>Kemikaali-sumu 4-HO-MET 7% 10 ml suihke<\/strong><\/h2>\n<ul>\n<li><strong>V\u00e4hitt\u00e4ismyyntipakkaukset<br \/>\n<\/strong><\/li>\n<li><strong>M\u00e4\u00e4r\u00e4 ml per suihke: 10<\/strong><\/li>\n<li><strong>4-HO-MET:n m\u00e4\u00e4r\u00e4 suihkausta kohden: 0,7 g<\/strong><\/li>\n<li><strong>Hinnat eiv\u00e4t sis\u00e4ll\u00e4 21%:n ALV:t\u00e4<\/strong><\/li>\n<li><strong>Suositeltu v\u00e4hitt\u00e4ishinta: 109,95 \u20ac sis. alv<\/strong><\/li>\n<\/ul>","protected":false},"excerpt":{"rendered":"<p>Chem-mist 4-HO-MET 7% 10 ml suihke V\u00e4hitt\u00e4ismyyntipakkaus M\u00e4\u00e4r\u00e4 ml per suihke: 10 M\u00e4\u00e4r\u00e4 4-HO-MET per suihke: 0,7 g Hinnat eiv\u00e4t sis\u00e4ll\u00e4 21%:t\u00e4<\/p>","protected":false},"featured_media":28759,"comment_status":"closed","ping_status":"closed","template":"","meta":[],"product_brand":[],"product_cat":[555],"product_tag":[326],"class_list":{"0":"post-24146","1":"product","2":"type-product","3":"status-publish","4":"has-post-thumbnail","6":"product_cat-b2b","7":"product_tag-nl","9":"first","10":"instock","11":"taxable","12":"shipping-taxable","13":"purchasable","14":"product-type-variable"},"_links":{"self":[{"href":"https:\/\/researchchemicalstore.eu\/fi\/wp-json\/wp\/v2\/product\/24146","targetHints":{"allow":["GET"]}}],"collection":[{"href":"https:\/\/researchchemicalstore.eu\/fi\/wp-json\/wp\/v2\/product"}],"about":[{"href":"https:\/\/researchchemicalstore.eu\/fi\/wp-json\/wp\/v2\/types\/product"}],"replies":[{"embeddable":true,"href":"https:\/\/researchchemicalstore.eu\/fi\/wp-json\/wp\/v2\/comments?post=24146"}],"version-history":[{"count":2,"href":"https:\/\/researchchemicalstore.eu\/fi\/wp-json\/wp\/v2\/product\/24146\/revisions"}],"predecessor-version":[{"id":28924,"href":"https:\/\/researchchemicalstore.eu\/fi\/wp-json\/wp\/v2\/product\/24146\/revisions\/28924"}],"wp:featuredmedia":[{"embeddable":true,"href":"https:\/\/researchchemicalstore.eu\/fi\/wp-json\/wp\/v2\/media\/28759"}],"wp:attachment":[{"href":"https:\/\/researchchemicalstore.eu\/fi\/wp-json\/wp\/v2\/media?parent=24146"}],"wp:term":[{"taxonomy":"product_brand","embeddable":true,"href":"https:\/\/researchchemicalstore.eu\/fi\/wp-json\/wp\/v2\/product_brand?post=24146"},{"taxonomy":"product_cat","embeddable":true,"href":"https:\/\/researchchemicalstore.eu\/fi\/wp-json\/wp\/v2\/product_cat?post=24146"},{"taxonomy":"product_tag","embeddable":true,"href":"https:\/\/researchchemicalstore.eu\/fi\/wp-json\/wp\/v2\/product_tag?post=24146"}],"curies":[{"name":"wp","href":"https:\/\/api.w.org\/{rel}","templated":true}]}}