{"id":24157,"date":"2025-04-13T17:41:09","date_gmt":"2025-04-13T17:41:09","guid":{"rendered":"https:\/\/researchchemicalstore.eu\/?post_type=product&#038;p=24157"},"modified":"2025-10-22T08:31:39","modified_gmt":"2025-10-22T08:31:39","slug":"6-apb","status":"publish","type":"product","link":"https:\/\/researchchemicalstore.eu\/fi\/tuote\/6-apb\/","title":{"rendered":"Keltainen mandala"},"content":{"rendered":"<h1><strong>6 APB 5ml \u2013 Premium-nestem\u00e4inen tutkimuskaava<\/strong><\/h1>\n<h2><strong>6-APB (bentsofuraanijohdannainen) \u2013 Innovatiivinen tutkimusaine<\/strong><\/h2>\n<p class=\"ds-markdown-paragraph\">The\u00a0<strong>RC+ Keltainen Mandala 6 APB 5ml<\/strong>\u00a0tarjoaa tutkijoille ainutlaatuisen bentsofuraanista johdetun yhdisteen korkealaatuisen nestem\u00e4isen valmisteen. Erityisesti farmakologisiin ja neurokemiallisiin tutkimuksiin kehitetty tuote edustaa innovatiivista l\u00e4hestymistapaa t\u00e4m\u00e4n kiehtovan molekyylin tieteelliseen tutkimukseen.<\/p>\n<p class=\"ds-markdown-paragraph\">Standardoidun pitoisuuden ansiosta k\u00e4tev\u00e4ss\u00e4 5 ml:n s\u00e4ili\u00f6ss\u00e4 t\u00e4m\u00e4 liuos mahdollistaa tutkijoiden suorittaa tarkkoja ja toistettavia kokeita.<\/p>\n<hr \/>\n<h2><strong>Keltaisen Mandala 6-APB 5ml:n t\u00e4rkeimm\u00e4t ominaisuudet<\/strong><\/h2>\n<p class=\"ds-markdown-paragraph\">\ud83d\udd2c\u00a0<strong>Edistynyt koostumus:<\/strong><\/p>\n<ul>\n<li>\n<p class=\"ds-markdown-paragraph\">Eritt\u00e4in puhdasta 6-APB:t\u00e4 optimaalisessa liuoksessa<\/p>\n<\/li>\n<li>\n<p class=\"ds-markdown-paragraph\">Tarkka pitoisuus t\u00e4sm\u00e4tutkimukseen<\/p>\n<\/li>\n<li>\n<p class=\"ds-markdown-paragraph\">Homogeeninen neste johdonmukaisten tulosten saavuttamiseksi<\/p>\n<\/li>\n<\/ul>\n<p class=\"ds-markdown-paragraph\">\ud83d\udc9b\u00a0<strong>Keltaisen mandalan tyypillinen ominaisuus:<\/strong><\/p>\n<ul>\n<li>\n<p class=\"ds-markdown-paragraph\">Ainutlaatuinen tuotelinja, jolla on entist\u00e4 suurempi vakaus<\/p>\n<\/li>\n<li>\n<p class=\"ds-markdown-paragraph\">Erityisesti analyyttisiin sovelluksiin kehitetty<\/p>\n<\/li>\n<li>\n<p class=\"ds-markdown-paragraph\">Er\u00e4kohtaisesti puhtaustarkastettu<\/p>\n<\/li>\n<\/ul>\n<p class=\"ds-markdown-paragraph\">\ud83e\uddea\u00a0<strong>Tieteelliset hy\u00f6dyt:<\/strong><\/p>\n<ul>\n<li>\n<p class=\"ds-markdown-paragraph\">Suoraan sovellettavissa erilaisiin tutkimusmenetelmiin<\/p>\n<\/li>\n<li>\n<p class=\"ds-markdown-paragraph\">Poistaa punnitusvirheet pienten m\u00e4\u00e4rien kohdalla<\/p>\n<\/li>\n<li>\n<p class=\"ds-markdown-paragraph\">Ihanteellinen annostutkimuksiin ja pitoisuusriippuvaiseen tutkimukseen.<a title=\"2C-EF 2 mg kapselit\" href=\"https:\/\/researchchemicalstore.eu\/fi\/kauppa\/fenetyyliamiini\/2c-ef-2-mg-kapselia\/\" target=\"_blank\" rel=\"noopener\">2C-EF 2 mg kapselit<\/a><\/p>\n<\/li>\n<\/ul>\n<hr \/>\n<h2><strong>6-APB:n tutkimuspotentiaali<\/strong><\/h2>\n<p class=\"ds-markdown-paragraph\">T\u00e4ll\u00e4 bentsofuraanista johdetulla yhdisteell\u00e4 on mielenkiintoinen potentiaali:<br \/>\n\u2022 Neurotransmitterien yhteisvaikutustutkimukset<br \/>\n\u2022 Reseptorisitoutumiskokeet<br \/>\n\u2022 Vertailevat farmakologiset analyysit<br \/>\n\u2022 Aineenvaihduntareittien tutkimus<\/p>\n<hr \/>\n<h2><strong>Laboratorio-ohjeet ja turvallisuusprotokolla<\/strong><\/h2>\n<p class=\"ds-markdown-paragraph\">\u26a0\u00a0<strong>T\u00c4RKEIT\u00c4 K\u00c4YTT\u00d6EHTOJA:<\/strong><\/p>\n<ul>\n<li>\n<p class=\"ds-markdown-paragraph\">Vain in vitro -tutkimukseen<\/p>\n<\/li>\n<li>\n<p class=\"ds-markdown-paragraph\">Ei diagnostisiin, terapeuttisiin tai virkistystarkoituksiin<\/p>\n<\/li>\n<li>\n<p class=\"ds-markdown-paragraph\">Kielletty ihmisille tai el\u00e4imille<\/p>\n<\/li>\n<\/ul>\n<p class=\"ds-markdown-paragraph\">\ud83e\uddd1\ud83d\udd2c\u00a0<strong>Turvatoimenpiteet:<\/strong><\/p>\n<ul>\n<li>\n<p class=\"ds-markdown-paragraph\">K\u00e4yt\u00e4 vain akkreditoiduissa tutkimuslaitoksissa<\/p>\n<\/li>\n<li>\n<p class=\"ds-markdown-paragraph\">K\u00e4yt\u00e4 asianmukaisia henkil\u00f6nsuojaimia<\/p>\n<\/li>\n<li>\n<p class=\"ds-markdown-paragraph\">Ty\u00f6skentele riitt\u00e4v\u00e4n ilmanvaihdon alla<\/p>\n<\/li>\n<\/ul>\n<p class=\"ds-markdown-paragraph\">\ud83e\uddca\u00a0<strong>S\u00e4ilytysolosuhteet:<\/strong><\/p>\n<ul>\n<li>\n<p class=\"ds-markdown-paragraph\">S\u00e4ilyt\u00e4 2\u20138 \u00b0C:ssa<\/p>\n<\/li>\n<li>\n<p class=\"ds-markdown-paragraph\">Suojaa valolta<\/p>\n<\/li>\n<li>\n<p class=\"ds-markdown-paragraph\">Tallenna vaakasuunnassa<\/p>\n<\/li>\n<li>\n<p class=\"ds-markdown-paragraph\">Rajoitettu s\u00e4ilyvyysaika avaamisen j\u00e4lkeen<\/p>\n<\/li>\n<\/ul>\n<hr \/>\n<h2><strong>Tekniset tiedot<\/strong><\/h2>\n<p class=\"ds-markdown-paragraph\"><strong>Tuotekoodi:<\/strong>\u00a0RC-YM-6APB5<br \/>\n<strong>Pitoisuus:<\/strong>\u00a0[X] mg\/ml \u00b1 5%<br \/>\n<strong>Liuotin:<\/strong>\u00a0[Erityinen liuotin]<br \/>\n<strong>S\u00e4ilyvyysaika:<\/strong>\u00a012 kuukautta avaamattomana<br \/>\n<strong>Pakkaus:<\/strong> Meripihkanv\u00e4rinen lasipullo pipetill\u00e4.<a title=\"1cP-LSD 150 MCG taidepaperia\" href=\"https:\/\/researchchemicalstore.eu\/fi\/kauppa\/lysergamidit\/1-cp-lsd-150-mikrogrammaa\/\" target=\"_blank\" rel=\"noopener\">1cP-LSD 150 MCG taidepaperia<\/a><\/p>\n<hr \/>\n<h2><strong>Usein kysytyt tutkimuskysymykset<\/strong><\/h2>\n<h3><strong>1. Mit\u00e4 etua nestem\u00e4isest\u00e4 valmisteesta on?<\/strong><\/h3>\n<p class=\"ds-markdown-paragraph\">Nestem\u00e4iset formulaatiot poistavat mittausvirheet ja yksinkertaistavat tarkkuuskokeita pienill\u00e4 tilavuuksilla.<\/p>\n<h3><strong>2. Mitk\u00e4 analyysimenetelm\u00e4t sopivat?<\/strong><\/h3>\n<p class=\"ds-markdown-paragraph\">HPLC-MS- ja GC-MS-menetelm\u00e4t sopivat erinomaisesti laadunvalvontaan ja pitoisuuden m\u00e4\u00e4ritt\u00e4miseen.<\/p>\n<h3><strong>3. Tarvitaanko erityisi\u00e4 asiakirjoja?<\/strong><\/h3>\n<p class=\"ds-markdown-paragraph\">T\u00e4m\u00e4 tutkimuskemikaali on saatavilla vain akkreditoiduille tutkimuslaitoksille.<a title=\"1V-LSD 150 MCG -n\u00e4ytteenotot\" href=\"https:\/\/researchchemicalstore.eu\/fi\/kauppa\/lysergamidit\/1v-lsd-150-mcg-blotters\/\" target=\"_blank\" rel=\"noopener\">1V-LSD 150 MCG -n\u00e4ytteenotot<\/a><\/p>","protected":false},"excerpt":{"rendered":"<p>6 APB 5ml \u2013 Ensiluokkainen nestem\u00e4inen tutkimuskaava 6-APB (bentsofuraanijohdannainen) \u2013 Innovatiivinen tutkimusaine RC+ Yellow Mandala 6 APB 5ml tarjoaa tutkijoille<\/p>","protected":false},"featured_media":28873,"comment_status":"closed","ping_status":"closed","template":"","meta":[],"product_brand":[82],"product_cat":[555],"product_tag":[124,117,126,131,130,125,326,127],"class_list":{"0":"post-24157","1":"product","2":"type-product","3":"status-publish","4":"has-post-thumbnail","6":"product_brand-research-chemical","7":"product_cat-b2b","8":"product_tag-6-apb","9":"product_tag-6-apb-benzo-fury","10":"product_tag-6-apb-kopen","11":"product_tag-6-apb-psychonaut","12":"product_tag-6-apb-ervaring","13":"product_tag-apb-6","14":"product_tag-nl","15":"product_tag-what-is-6-apb","17":"first","18":"instock","19":"taxable","20":"shipping-taxable","21":"purchasable","22":"product-type-variable"},"_links":{"self":[{"href":"https:\/\/researchchemicalstore.eu\/fi\/wp-json\/wp\/v2\/product\/24157","targetHints":{"allow":["GET"]}}],"collection":[{"href":"https:\/\/researchchemicalstore.eu\/fi\/wp-json\/wp\/v2\/product"}],"about":[{"href":"https:\/\/researchchemicalstore.eu\/fi\/wp-json\/wp\/v2\/types\/product"}],"replies":[{"embeddable":true,"href":"https:\/\/researchchemicalstore.eu\/fi\/wp-json\/wp\/v2\/comments?post=24157"}],"version-history":[{"count":3,"href":"https:\/\/researchchemicalstore.eu\/fi\/wp-json\/wp\/v2\/product\/24157\/revisions"}],"predecessor-version":[{"id":26038,"href":"https:\/\/researchchemicalstore.eu\/fi\/wp-json\/wp\/v2\/product\/24157\/revisions\/26038"}],"wp:featuredmedia":[{"embeddable":true,"href":"https:\/\/researchchemicalstore.eu\/fi\/wp-json\/wp\/v2\/media\/28873"}],"wp:attachment":[{"href":"https:\/\/researchchemicalstore.eu\/fi\/wp-json\/wp\/v2\/media?parent=24157"}],"wp:term":[{"taxonomy":"product_brand","embeddable":true,"href":"https:\/\/researchchemicalstore.eu\/fi\/wp-json\/wp\/v2\/product_brand?post=24157"},{"taxonomy":"product_cat","embeddable":true,"href":"https:\/\/researchchemicalstore.eu\/fi\/wp-json\/wp\/v2\/product_cat?post=24157"},{"taxonomy":"product_tag","embeddable":true,"href":"https:\/\/researchchemicalstore.eu\/fi\/wp-json\/wp\/v2\/product_tag?post=24157"}],"curies":[{"name":"wp","href":"https:\/\/api.w.org\/{rel}","templated":true}]}}