{"id":24183,"date":"2025-04-13T17:41:13","date_gmt":"2025-04-13T17:41:13","guid":{"rendered":"https:\/\/researchchemicalstore.eu\/?post_type=product&#038;p=24183"},"modified":"2025-10-22T08:06:50","modified_gmt":"2025-10-22T08:06:50","slug":"pagokloonivaikutus","status":"publish","type":"product","link":"https:\/\/researchchemicalstore.eu\/fi\/tuote\/pagokloonivaikutus\/","title":{"rendered":"RC+ Pagoclone 10 mg -laatikko"},"content":{"rendered":"<h1><strong>Pagoclone Effect 10mg Box \u2013 Premium-tutkimuskemikaaleja tieteelliseen tutkimukseen<\/strong><\/h1>\n<h2><strong>Pagoclone Effect 10mg \u2013 Ainutlaatuinen tutkimusaine<\/strong><\/h2>\n<p class=\"ds-markdown-paragraph\">The\u00a0<strong>RC+ Pagoclone 10 mg -laatikko<\/strong>\u00a0Sis\u00e4lt\u00e4\u00e4 korkealaatuista syklopyrroloniluokkaan kuuluvaa tutkimuskemikaalia. Pagokloni tunnetaan p\u00e4\u00e4asiassa tieteellisist\u00e4 tutkimuksista ja sit\u00e4 myyd\u00e4\u00e4n yksinomaan tutkimustarkoituksiin.<\/p>\n<p class=\"ds-markdown-paragraph\">T\u00e4m\u00e4 aine on tutkijoille kiinnostava ainutlaatuisten farmakologisten ominaisuuksiensa vuoksi. Kontrolloidussa tutkimusymp\u00e4rist\u00f6ss\u00e4 Pagoclone voi tarjota arvokkaita n\u00e4kemyksi\u00e4.<\/p>\n<hr \/>\n<h2><strong>Miksi ostaa RC+ Pagoclone 10mg?<\/strong><\/h2>\n<p class=\"ds-markdown-paragraph\">\u2705\u00a0<strong>Puhdas ja luotettava:<\/strong>\u00a0Jokainen tabletti sis\u00e4lt\u00e4\u00e4 t\u00e4sm\u00e4lleen\u00a0<strong>10 mg Pagoklonia<\/strong>\u00a0johdonmukaisten tulosten saavuttamiseksi.<br \/>\n\u2705\u00a0<strong>Optimaalinen annostus:<\/strong>\u00a0Ihanteellinen tieteellisiin kokeisiin ja analyyttiseen tutkimukseen.<br \/>\n\u2705\u00a0<strong>Ammattimainen pakkaus:<\/strong>\u00a0Saatavilla k\u00e4tev\u00e4ss\u00e4 laatikossa, jonka laatu on tarkastettu huolellisesti.<br \/>\n\u2705\u00a0<strong>Huomaamaton ja nopea toimitus:<\/strong>\u00a0Tilattu ennen klo 15.00? Usein l\u00e4hetet\u00e4\u00e4n samana p\u00e4iv\u00e4n\u00e4!<a title=\"1V-LSD 150 MCG -n\u00e4ytteenotot\" href=\"https:\/\/researchchemicalstore.eu\/fi\/kauppa\/lysergamidit\/1v-lsd-150-mcg-blotters\/\" target=\"_blank\" rel=\"noopener\">1V-LSD 150 MCG -n\u00e4ytteenotot<\/a><\/p>\n<hr \/>\n<h2><strong>T\u00e4rkeit\u00e4 k\u00e4ytt\u00f6tietoja<\/strong><\/h2>\n<p class=\"ds-markdown-paragraph\">\u26a0\ufe0f\u00a0<strong>Vain tieteelliseen tutkimukseen<\/strong>\u00a0\u2013 Ei tarkoitettu ihmisten tai el\u00e4inten ravinnoksi.<br \/>\n\u26a0\ufe0f\u00a0<strong>Turvallinen s\u00e4ilytys:<\/strong>\u00a0S\u00e4ilyt\u00e4 kuivassa, viile\u00e4ss\u00e4 paikassa lasten ulottumattomissa.<br \/>\n\u26a0\ufe0f\u00a0<strong>Vastuullinen k\u00e4ytt\u00f6:<\/strong>\u00a0Tarkoitettu vain p\u00e4teville tutkijoille valvotussa ymp\u00e4rist\u00f6ss\u00e4.<\/p>\n<hr \/>\n<h2><strong>Usein kysytyt kysymykset Pagoclone-hotellista<\/strong><\/h2>\n<h3><strong>1. Mik\u00e4 on Pagoclone?<\/strong><\/h3>\n<p class=\"ds-markdown-paragraph\">Pagokloni on tutkimuskemikaali, jolla on ainutlaatuinen rakenne ja joka on sukua syklopyrroloneille. Sit\u00e4 tutkitaan parhaillaan sen mielenkiintoisten farmakologisten ominaisuuksien vuoksi.<a title=\"2-CMC 250 mg -pelletti\u00e4\" href=\"https:\/\/researchchemicalstore.eu\/fi\/kauppa\/katinonit\/osta-2-cmcta\/\" target=\"_blank\" rel=\"noopener\">2-CMC 250 mg -pelletti\u00e4<\/a><\/p>\n<h3><strong>2. Onko Pagoclone laillista Alankomaissa?<\/strong><\/h3>\n<p class=\"ds-markdown-paragraph\">T\u00e4m\u00e4 tuote on\u00a0<strong>tarkoitettu yksinomaan tieteelliseen tutkimukseen<\/strong>\u00a0ja kuuluu tutkimuskemikaalien luokkaan. Sit\u00e4 ei ole rekister\u00f6ity ihmisille.<\/p>\n<h3><strong>3. Miten Pagoclone toimitetaan?<\/strong><\/h3>\n<p class=\"ds-markdown-paragraph\">The\u00a0<strong>RC+ Pagoclone 10 mg -laatikko<\/strong>\u00a0Sis\u00e4lt\u00e4\u00e4 tarkasti annosteltuja tabletteja turvallisessa pakkauksessa.<\/p>\n<hr \/>\n<h2><strong>Tilaa RC+ Pagoclone 10mg Box nyt<\/strong><\/h2>\n<p class=\"ds-markdown-paragraph\">Oletko tutkija tai tieteilij\u00e4, joka etsii korkealaatuisia tutkimuskemikaaleja? Tilaa jo t\u00e4n\u00e4\u00e4n\u00a0<strong>RC+ Pagoclone 10 mg -laatikko<\/strong>\u00a0ja saat tuotteesi nopeasti ja huomaamattomasti kotiisi!<a title=\"2C-EF 2 mg kapselit\" href=\"https:\/\/researchchemicalstore.eu\/fi\/kauppa\/fenetyyliamiini\/2c-ef-2-mg-kapselia\/\" target=\"_blank\" rel=\"noopener\">2C-EF 2 mg kapselit<\/a><\/p>","protected":false},"excerpt":{"rendered":"<p>Pagoclone Effect 10mg Box \u2013 Ensiluokkaisia tutkimuskemikaaleja tieteelliseen tutkimukseen Pagoclone Effect 10mg \u2013 Ainutlaatuinen tutkimusaine RC+ Pagoclone 10mg<\/p>","protected":false},"featured_media":28863,"comment_status":"closed","ping_status":"closed","template":"","meta":[],"product_brand":[82],"product_cat":[555],"product_tag":[326,665,748,749,747,750,751,752],"class_list":{"0":"post-24183","1":"product","2":"type-product","3":"status-publish","4":"has-post-thumbnail","6":"product_brand-research-chemical","7":"product_cat-b2b","8":"product_tag-nl","9":"product_tag-pagoclone","10":"product_tag-pagoclone-dosage","11":"product_tag-pagoclone-effects","12":"product_tag-pagoclone-ervaringen","13":"product_tag-pagoclone-experience","14":"product_tag-pagoclone-reddit","15":"product_tag-pagoclone-werking","17":"first","18":"instock","19":"taxable","20":"shipping-taxable","21":"purchasable","22":"product-type-variable"},"_links":{"self":[{"href":"https:\/\/researchchemicalstore.eu\/fi\/wp-json\/wp\/v2\/product\/24183","targetHints":{"allow":["GET"]}}],"collection":[{"href":"https:\/\/researchchemicalstore.eu\/fi\/wp-json\/wp\/v2\/product"}],"about":[{"href":"https:\/\/researchchemicalstore.eu\/fi\/wp-json\/wp\/v2\/types\/product"}],"replies":[{"embeddable":true,"href":"https:\/\/researchchemicalstore.eu\/fi\/wp-json\/wp\/v2\/comments?post=24183"}],"version-history":[{"count":3,"href":"https:\/\/researchchemicalstore.eu\/fi\/wp-json\/wp\/v2\/product\/24183\/revisions"}],"predecessor-version":[{"id":26029,"href":"https:\/\/researchchemicalstore.eu\/fi\/wp-json\/wp\/v2\/product\/24183\/revisions\/26029"}],"wp:featuredmedia":[{"embeddable":true,"href":"https:\/\/researchchemicalstore.eu\/fi\/wp-json\/wp\/v2\/media\/28863"}],"wp:attachment":[{"href":"https:\/\/researchchemicalstore.eu\/fi\/wp-json\/wp\/v2\/media?parent=24183"}],"wp:term":[{"taxonomy":"product_brand","embeddable":true,"href":"https:\/\/researchchemicalstore.eu\/fi\/wp-json\/wp\/v2\/product_brand?post=24183"},{"taxonomy":"product_cat","embeddable":true,"href":"https:\/\/researchchemicalstore.eu\/fi\/wp-json\/wp\/v2\/product_cat?post=24183"},{"taxonomy":"product_tag","embeddable":true,"href":"https:\/\/researchchemicalstore.eu\/fi\/wp-json\/wp\/v2\/product_tag?post=24183"}],"curies":[{"name":"wp","href":"https:\/\/api.w.org\/{rel}","templated":true}]}}