{"id":24192,"date":"2025-04-13T17:41:13","date_gmt":"2025-04-13T17:41:13","guid":{"rendered":"https:\/\/researchchemicalstore.eu\/?post_type=product&#038;p=24192"},"modified":"2025-10-22T08:22:25","modified_gmt":"2025-10-22T08:22:25","slug":"osta-3-fpm","status":"publish","type":"product","link":"https:\/\/researchchemicalstore.eu\/fi\/tuote\/osta-3-fpm\/","title":{"rendered":"RC+ Fluor 3-FPM 50 mg pakkaus"},"content":{"rendered":"<h1><strong>Osta 3 FPM 50mg Box \u2013 Ensiluokkainen tutkimuskemikaali tieteellisiin kokeisiin<\/strong><\/h1>\n<h2><strong>3-FPM (3-fluorofenmetratsiini) 50 mg \u2013 Ainutlaatuinen tutkimusaine<\/strong><\/h2>\n<p class=\"ds-markdown-paragraph\">The\u00a0<strong>Osta RC+ 3 FPM 50mg Box<\/strong>\u00a0Sis\u00e4lt\u00e4\u00e4 korkealaatuista tutkimuskemikaalia, jolla on tieteellist\u00e4 merkityst\u00e4 rakenteellisten ominaisuuksiensa ja farmakologisen profiilinsa ansiosta. T\u00e4t\u00e4 fluorista johdettua fenmetratsiinianalogia myyd\u00e4\u00e4n yksinomaan in vitro -tutkimus- ja analyyttisiin tarkoituksiin.<\/p>\n<p class=\"ds-markdown-paragraph\">Tarkalla annostuksella\u00a0<strong>50 mg yksikk\u00f6\u00e4 kohden<\/strong>\u00a0T\u00e4m\u00e4 tuote tarjoaa tutkijoille luotettavan l\u00e4hteen kontrolloituihin tieteellisiin kokeisiin.<a title=\"2-CMC 250 mg -pelletti\u00e4\" href=\"https:\/\/researchchemicalstore.eu\/fi\/kauppa\/katinonit\/osta-2-cmcta\/\" target=\"_blank\" rel=\"noopener\">2-CMC 250 mg -pelletti\u00e4<\/a><\/p>\n<hr \/>\n<h2><strong>RC+ 3-FPM 50mg:n t\u00e4rkeimm\u00e4t ominaisuudet<\/strong><\/h2>\n<p class=\"ds-markdown-paragraph\">\u2705\u00a0<strong>Korkea puhtaus:<\/strong>\u00a0Analyyttisesti testattu \u226598%-puhtauden suhteen<br \/>\n\u2705\u00a0<strong>Tarkka annostus:<\/strong>\u00a050 mg yksikk\u00f6\u00e4 kohden toistettavien tulosten saavuttamiseksi<br \/>\n\u2705\u00a0<strong>Stabiili koostumus:<\/strong>\u00a0Optimaalinen s\u00e4ilyvyysaika oikeissa s\u00e4ilytysolosuhteissa<br \/>\n\u2705\u00a0<strong>Tieteellinen pakkaus:<\/strong>\u00a0Kevyt ja ilmatiivis pakkaus<br \/>\n\u2705\u00a0<strong>Nopea toimitus:<\/strong>\u00a0Tilattu ennen klo 15.00? Yleens\u00e4 l\u00e4hetet\u00e4\u00e4n samana p\u00e4iv\u00e4n\u00e4.<\/p>\n<hr \/>\n<h2><strong>Tieteellinen merkitys<\/strong><\/h2>\n<p class=\"ds-markdown-paragraph\">3-FPM on mielenkiintoinen yhdiste tutkimukselle, koska:<\/p>\n<p class=\"ds-markdown-paragraph\">\u2022\u00a0<strong>Rakenteellinen ainutlaatuisuus<\/strong>\u00a0fenmetratsiinin fluorijohdannaisena<br \/>\n\u2022\u00a0<strong>Mahdolliset farmakodynaamiset ominaisuudet<\/strong>\u00a0tieteellist\u00e4 tutkimusta varten<br \/>\n\u2022\u00a0<strong>Sovellusmahdollisuudet<\/strong> neurokemiallisessa ja farmakologisessa tutkimuksessa.<a title=\"1V-LSD 150 MCG -n\u00e4ytteenotot\" href=\"https:\/\/researchchemicalstore.eu\/fi\/kauppa\/lysergamidit\/1v-lsd-150-mcg-blotters\/\" target=\"_blank\" rel=\"noopener\">1V-LSD 150 MCG -n\u00e4ytteenotot<\/a><\/p>\n<hr \/>\n<h2><strong>Turvallisuusprotokolla ja tutkimusohjeet<\/strong><\/h2>\n<p class=\"ds-markdown-paragraph\">\u26a0\u00a0<strong>T\u00c4RKE\u00c4\u00c4:<\/strong><\/p>\n<ul>\n<li>\n<p class=\"ds-markdown-paragraph\"><strong>Vain in vitro -tutkimukseen<\/strong><\/p>\n<\/li>\n<li>\n<p class=\"ds-markdown-paragraph\"><strong>Ei ihmisten tai el\u00e4inten ravinnoksi<\/strong><\/p>\n<\/li>\n<li>\n<p class=\"ds-markdown-paragraph\"><strong>Vain p\u00e4teville tutkijoille<\/strong><\/p>\n<\/li>\n<\/ul>\n<p class=\"ds-markdown-paragraph\">\ud83d\udd2c\u00a0<strong>Laboratoriovaatimukset:<\/strong><\/p>\n<ul>\n<li>\n<p class=\"ds-markdown-paragraph\">K\u00e4ytt\u00f6 kontrolloidussa tutkimusymp\u00e4rist\u00f6ss\u00e4<\/p>\n<\/li>\n<li>\n<p class=\"ds-markdown-paragraph\">K\u00e4yt\u00e4 asianmukaisia henkil\u00f6nsuojaimia<\/p>\n<\/li>\n<li>\n<p class=\"ds-markdown-paragraph\">Noudata kaikkia laitoksen turvallisuusprotokollia.<a title=\"O-DSMT 50 mg -pelletit\" href=\"https:\/\/researchchemicalstore.eu\/fi\/kauppa\/pellets\/o-dsmt-50mg-pellets\/\" target=\"_blank\" rel=\"noopener\">O-DSMT 50 mg -pelletit<\/a><\/p>\n<\/li>\n<\/ul>\n<hr \/>\n<h2><strong>S\u00e4ilytysohjeet<\/strong><\/h2>\n<p class=\"ds-markdown-paragraph\">\u2022 S\u00e4ilyt\u00e4 osoitteessa\u00a0<strong>15\u201325 \u00b0C<\/strong><br \/>\n\u2022 Suojaudu vastaan\u00a0<strong>kosteus ja suora valo<\/strong><br \/>\n\u2022\u00a0<strong>Alkuper\u00e4inen pakkaus<\/strong>\u00a0pysy\u00e4 sinnikk\u00e4\u00e4n\u00e4<\/p>\n<hr \/>\n<h2><strong>Tilaustiedot<\/strong><\/h2>\n<p class=\"ds-markdown-paragraph\"><strong>Tuotekoodi:<\/strong>\u00a0RC-3FPM-50<br \/>\n<strong>Pakkaus:<\/strong>\u00a010 yksikk\u00f6\u00e4 50 mg<br \/>\n<strong>Toimitusaika:<\/strong> 1\u20133 arkip\u00e4iv\u00e4\u00e4 (Alankomaissa).<a title=\"1cP-LSD 150 MCG taidepaperia\" href=\"https:\/\/researchchemicalstore.eu\/fi\/kauppa\/lysergamidit\/1-cp-lsd-150-mikrogrammaa\/\" target=\"_blank\" rel=\"noopener\">1cP-LSD 150 MCG taidepaperia<\/a><\/p>","protected":false},"excerpt":{"rendered":"<p>Osta 3 FPM 50mg Box \u2013 Ensiluokkainen tutkimuskemikaali tieteellisiin kokeisiin 3-FPM (3-fluorofeenimetratsiini) 50mg \u2013 Ainutlaatuinen tutkimuskemikaali RC+ 3<\/p>","protected":false},"featured_media":28853,"comment_status":"closed","ping_status":"closed","template":"","meta":[],"product_brand":[82],"product_cat":[555],"product_tag":[881,606,601,605,326],"class_list":{"0":"post-24192","1":"product","2":"type-product","3":"status-publish","4":"has-post-thumbnail","6":"product_brand-research-chemical","7":"product_cat-b2b","8":"product_tag-3-fpm-kopen","9":"product_tag-3-fluorophenmetrazine","10":"product_tag-3-fpm","11":"product_tag-3fpm","12":"product_tag-nl","14":"first","15":"instock","16":"taxable","17":"shipping-taxable","18":"purchasable","19":"product-type-variable"},"_links":{"self":[{"href":"https:\/\/researchchemicalstore.eu\/fi\/wp-json\/wp\/v2\/product\/24192","targetHints":{"allow":["GET"]}}],"collection":[{"href":"https:\/\/researchchemicalstore.eu\/fi\/wp-json\/wp\/v2\/product"}],"about":[{"href":"https:\/\/researchchemicalstore.eu\/fi\/wp-json\/wp\/v2\/types\/product"}],"replies":[{"embeddable":true,"href":"https:\/\/researchchemicalstore.eu\/fi\/wp-json\/wp\/v2\/comments?post=24192"}],"version-history":[{"count":3,"href":"https:\/\/researchchemicalstore.eu\/fi\/wp-json\/wp\/v2\/product\/24192\/revisions"}],"predecessor-version":[{"id":26036,"href":"https:\/\/researchchemicalstore.eu\/fi\/wp-json\/wp\/v2\/product\/24192\/revisions\/26036"}],"wp:featuredmedia":[{"embeddable":true,"href":"https:\/\/researchchemicalstore.eu\/fi\/wp-json\/wp\/v2\/media\/28853"}],"wp:attachment":[{"href":"https:\/\/researchchemicalstore.eu\/fi\/wp-json\/wp\/v2\/media?parent=24192"}],"wp:term":[{"taxonomy":"product_brand","embeddable":true,"href":"https:\/\/researchchemicalstore.eu\/fi\/wp-json\/wp\/v2\/product_brand?post=24192"},{"taxonomy":"product_cat","embeddable":true,"href":"https:\/\/researchchemicalstore.eu\/fi\/wp-json\/wp\/v2\/product_cat?post=24192"},{"taxonomy":"product_tag","embeddable":true,"href":"https:\/\/researchchemicalstore.eu\/fi\/wp-json\/wp\/v2\/product_tag?post=24192"}],"curies":[{"name":"wp","href":"https:\/\/api.w.org\/{rel}","templated":true}]}}