{"id":24196,"date":"2025-04-13T17:41:14","date_gmt":"2025-04-13T17:41:14","guid":{"rendered":"https:\/\/researchchemicalstore.eu\/?post_type=product&#038;p=24196"},"modified":"2025-10-21T18:14:54","modified_gmt":"2025-10-21T18:14:54","slug":"2-mmc-hcl-pussia-1-g","status":"publish","type":"product","link":"https:\/\/researchchemicalstore.eu\/fi\/tuote\/2-mmc-hcl-pussia-1-g\/","title":{"rendered":"2-MMC HCl-pussi 1 g"},"content":{"rendered":"<h2 class=\"ds-markdown-paragraph\"><strong>2 MMC HCl:a (1 gramma) \u2013 Premium-tutkimuskemiaa neurokemiallisiin tutkimuksiin<\/strong><\/h2>\n<p class=\"ds-markdown-paragraph\"><strong>Tuotteen nimi:<\/strong> 2 MMC HCl (2-metyylimetikkatinonihydrokloridi)<br \/>\n<strong>Luokka:<\/strong>\u00a0Tutkimuskemikaalit (stimulanttien katinonien luokka)<br \/>\n<strong>Sovellus:<\/strong>\u00a0Dopaminergisten kuljettajien tutkimukset ja neurofarmakologinen tutkimus<\/p>\n<hr \/>\n<h3><strong>Tuotteen ominaisuudet:<\/strong><\/h3>\n<p class=\"ds-markdown-paragraph\">\ud83d\udd2c\u00a0<strong>Farmaseuttinen laatu<\/strong>\u00a0(&gt;98%-puhtaus, HPLC-validoitu)<br \/>\n\u2696\u00a0<strong>1 gramma eritt\u00e4in puhdasta jauhetta<\/strong>\u00a0(analyyttinen standardi)<br \/>\n\ud83d\udce6\u00a0<strong>Happivapaa, valotiivis pakkaus<\/strong><br \/>\n\ud83d\udcca\u00a0<strong>T\u00e4ysin j\u00e4ljitett\u00e4v\u00e4 laatu<\/strong>\u00a0(GC\/MS-, NMR- ja FTIR-analyysit)<a title=\"1V-LSD 150 MCG -n\u00e4ytteenotot\" href=\"https:\/\/researchchemicalstore.eu\/fi\/kauppa\/lysergamidit\/1v-lsd-150-mcg-blotters\/\" target=\"_blank\" rel=\"noopener\">1V-LSD 150 MCG -n\u00e4ytteenotot<\/a><\/p>\n<h3><strong>Tieteellinen merkitys:<\/strong><\/h3>\n<p class=\"ds-markdown-paragraph\">2-MMC HCl tarjoaa ainutlaatuisia mahdollisuuksia:<\/p>\n<ul>\n<li>\n<p class=\"ds-markdown-paragraph\">Dopamiinin\/noradrenaliinin takaisinoton estotutkimukset<\/p>\n<\/li>\n<li>\n<p class=\"ds-markdown-paragraph\">Rakenne-aktiivisuussuhteet katinonisarjassa<\/p>\n<\/li>\n<li>\n<p class=\"ds-markdown-paragraph\">Vertaileva tutkimus samankaltaisten stimuloivien yhdisteiden kanssa<\/p>\n<\/li>\n<\/ul>\n<p class=\"ds-markdown-paragraph\"><strong>Kriittinen tutkimushuomautus:<\/strong><\/p>\n<ul>\n<li>\n<p class=\"ds-markdown-paragraph\">Vain edistyneeseen in vitro -tutkimukseen<\/p>\n<\/li>\n<li>\n<p class=\"ds-markdown-paragraph\">Ehdottomasti ei ihmisten\/el\u00e4inten k\u00e4ytt\u00f6\u00f6n<\/p>\n<\/li>\n<li>\n<p class=\"ds-markdown-paragraph\">Kielletty viihde-\/l\u00e4\u00e4kinn\u00e4lliseen k\u00e4ytt\u00f6\u00f6n.<a title=\"2-CMC 250 mg -pelletti\u00e4\" href=\"https:\/\/researchchemicalstore.eu\/fi\/kauppa\/katinonit\/osta-2-cmcta\/\" target=\"_blank\" rel=\"noopener\">2-CMC 250 mg -pelletti\u00e4<\/a><\/p>\n<\/li>\n<\/ul>\n<hr \/>\n<h3><strong>Laboratorioturvallisuus (ISO-luokka 5):<\/strong><\/h3>\n<p class=\"ds-markdown-paragraph\">\u26a0\u00a0<strong>Edistyneet protokollat:<\/strong><\/p>\n<ul>\n<li>\n<p class=\"ds-markdown-paragraph\">Ty\u00f6skentely ilmastoidussa hansikaslokerossa<\/p>\n<\/li>\n<li>\n<p class=\"ds-markdown-paragraph\">T\u00e4ydellinen henkil\u00f6nsuojain: Tyvek-laboratoriopuku, N95-maski<\/p>\n<\/li>\n<li>\n<p class=\"ds-markdown-paragraph\">S\u00e4ilyt\u00e4 inertin kaasun (argonin) alla -20 \u00b0C:ssa<\/p>\n<\/li>\n<\/ul>\n<p class=\"ds-markdown-paragraph\">\u26a0\u00a0<strong>S\u00e4\u00e4ntelytila:<\/strong><\/p>\n<ul>\n<li>\n<p class=\"ds-markdown-paragraph\">Oopiumlain II luettelon mukainen aine Alankomaissa<\/p>\n<\/li>\n<li>\n<p class=\"ds-markdown-paragraph\">EU:n laajuisia NPS-rajoituksia sovelletaan<\/p>\n<\/li>\n<li>\n<p class=\"ds-markdown-paragraph\">Kansainv\u00e4listen sopimusten mukainen vientivalvonta.<a title=\"2C-EF 2 mg kapselit\" href=\"https:\/\/researchchemicalstore.eu\/fi\/kauppa\/fenetyyliamiini\/2c-ef-2-mg-kapselia\/\" target=\"_blank\" rel=\"noopener\">2C-EF 2 mg kapselit<\/a><\/p>\n<\/li>\n<\/ul>\n<hr \/>\n<h3><strong>Tutkimuksen hy\u00f6dyt:<\/strong><\/h3>\n<p class=\"ds-markdown-paragraph\">\u2705\u00a0<strong>Farmaseuttinen puhtaus<\/strong>\u00a0\u2013 USP-luokan standardi<br \/>\n\u2705\u00a0<strong>Stabiileilla isotoopeilla merkityt versiot<\/strong>\u00a0saatavilla<br \/>\n\u2705\u00a0<strong>T\u00e4ydellinen analyyttinen aineisto<\/strong>\u00a0(mukaan lukien MS\/MS-spektrit)<br \/>\n\u2705\u00a0<strong>GLP\/GMP-yhteensopiva pakkaus<\/strong><\/p>","protected":false},"excerpt":{"rendered":"<p>2 MMC HCl (1 gramma) \u2013 Premium Research Chemistry neurokemiallisiin tutkimuksiin Tuotteen nimi: 2 MMC HCl (2-metyylimetikkatinonihydrokloridi) Kategoria: Tutkimuskemikaalit (stimulantti katinoni)<\/p>","protected":false},"featured_media":28605,"comment_status":"closed","ping_status":"closed","template":"","meta":[],"product_brand":[82],"product_cat":[555],"product_tag":[89,88,83,326,94,93],"class_list":{"0":"post-24196","1":"product","2":"type-product","3":"status-publish","4":"has-post-thumbnail","6":"product_brand-research-chemical","7":"product_cat-b2b","8":"product_tag-2-mmc","9":"product_tag-2-mmc-ervaringen","10":"product_tag-2-mmc-kopen","11":"product_tag-nl","12":"product_tag-wat-doet-2-mmc","13":"product_tag-wat-is-2-mmc","15":"first","16":"instock","17":"taxable","18":"shipping-taxable","19":"purchasable","20":"product-type-variable"},"_links":{"self":[{"href":"https:\/\/researchchemicalstore.eu\/fi\/wp-json\/wp\/v2\/product\/24196","targetHints":{"allow":["GET"]}}],"collection":[{"href":"https:\/\/researchchemicalstore.eu\/fi\/wp-json\/wp\/v2\/product"}],"about":[{"href":"https:\/\/researchchemicalstore.eu\/fi\/wp-json\/wp\/v2\/types\/product"}],"replies":[{"embeddable":true,"href":"https:\/\/researchchemicalstore.eu\/fi\/wp-json\/wp\/v2\/comments?post=24196"}],"version-history":[{"count":3,"href":"https:\/\/researchchemicalstore.eu\/fi\/wp-json\/wp\/v2\/product\/24196\/revisions"}],"predecessor-version":[{"id":26018,"href":"https:\/\/researchchemicalstore.eu\/fi\/wp-json\/wp\/v2\/product\/24196\/revisions\/26018"}],"wp:featuredmedia":[{"embeddable":true,"href":"https:\/\/researchchemicalstore.eu\/fi\/wp-json\/wp\/v2\/media\/28605"}],"wp:attachment":[{"href":"https:\/\/researchchemicalstore.eu\/fi\/wp-json\/wp\/v2\/media?parent=24196"}],"wp:term":[{"taxonomy":"product_brand","embeddable":true,"href":"https:\/\/researchchemicalstore.eu\/fi\/wp-json\/wp\/v2\/product_brand?post=24196"},{"taxonomy":"product_cat","embeddable":true,"href":"https:\/\/researchchemicalstore.eu\/fi\/wp-json\/wp\/v2\/product_cat?post=24196"},{"taxonomy":"product_tag","embeddable":true,"href":"https:\/\/researchchemicalstore.eu\/fi\/wp-json\/wp\/v2\/product_tag?post=24196"}],"curies":[{"name":"wp","href":"https:\/\/api.w.org\/{rel}","templated":true}]}}