{"id":24217,"date":"2025-04-13T17:41:17","date_gmt":"2025-04-13T17:41:17","guid":{"rendered":"https:\/\/researchchemicalstore.eu\/?post_type=product&#038;p=24217"},"modified":"2025-10-21T17:59:05","modified_gmt":"2025-10-21T17:59:05","slug":"2f-dck-hcl-pussi-1g","status":"publish","type":"product","link":"https:\/\/researchchemicalstore.eu\/fi\/tuote\/2f-dck-hcl-pussi-1g\/","title":{"rendered":"2F-DCK HCl-pussi 1 g"},"content":{"rendered":"<h2 class=\"ds-markdown-paragraph\"><strong>RC+ 2F-DCK HCl (1 gramma) \u2013 Ensiluokkaista tutkimuskemiaa tieteelliseen tutkimukseen<\/strong><\/h2>\n<p class=\"ds-markdown-paragraph\"><strong>Tuotteen nimi:<\/strong>\u00a0RC+ 2F-DCK HCl (2-fluorodesklooriketamiinihydrokloridi)<br \/>\n<strong>Luokka:<\/strong>\u00a0Tutkimuskemikaalit (dissosiatiivinen luokka)<br \/>\n<strong>Sovellus:<\/strong> Neurofarmakologinen tutkimus ja NMDA-reseptoritutkimukset.<a title=\"1cP-LSD 150 MCG taidepaperia\" href=\"https:\/\/researchchemicalstore.eu\/fi\/kauppa\/lysergamidit\/1-cp-lsd-150-mikrogrammaa\/\" target=\"_blank\" rel=\"noopener\">1cP-LSD 150 MCG taidepaperia<\/a><\/p>\n<hr \/>\n<h3><strong>Tuotteen ominaisuudet:<\/strong><\/h3>\n<p class=\"ds-markdown-paragraph\">\ud83d\udd2c\u00a0<strong>Korkean puhtauden yhdiste<\/strong>\u00a0(&gt;98%-puhtaus)<br \/>\n\u2696\u00a0<strong>1 gramman tarkkuudella punnittu<\/strong>\u00a0(laboratoriostandardi)<br \/>\n\ud83d\udce6\u00a0<strong>Ilmatiivis, valoa l\u00e4p\u00e4isev\u00e4 pakkaus<\/strong><br \/>\n\ud83d\udcca\u00a0<strong>Laaja laadunvalvonta<\/strong> (HPLC, GC\/MS, NMR).<a title=\"O-DSMT 50 mg -pelletit\" href=\"https:\/\/researchchemicalstore.eu\/fi\/kauppa\/pellets\/o-dsmt-50mg-pellets\/\" target=\"_blank\" rel=\"noopener\">O-DSMT 50 mg -pelletit<\/a><\/p>\n<h3><strong>Tieteellinen merkitys:<\/strong><\/h3>\n<p class=\"ds-markdown-paragraph\">2F-DCK HCl on arvokas yhdiste tutkimukseen, joka koskee:<\/p>\n<ul>\n<li>\n<p class=\"ds-markdown-paragraph\">NMDA-reseptorien antagonismimekanismit<\/p>\n<\/li>\n<li>\n<p class=\"ds-markdown-paragraph\">Neuroplastiset vaikutukset ja synaptinen plastisuus<\/p>\n<\/li>\n<li>\n<p class=\"ds-markdown-paragraph\">L\u00e4heisten dissosiatiivien vertaileva farmakologia<\/p>\n<\/li>\n<\/ul>\n<p class=\"ds-markdown-paragraph\"><strong>T\u00e4rke\u00e4 huomautus:<\/strong><\/p>\n<ul>\n<li>\n<p class=\"ds-markdown-paragraph\">Vain in vitro -tutkimukseen<\/p>\n<\/li>\n<li>\n<p class=\"ds-markdown-paragraph\">Ehdottomasti ei ihmisten\/el\u00e4inten ravinnoksi<\/p>\n<\/li>\n<li>\n<p class=\"ds-markdown-paragraph\">Ei l\u00e4\u00e4kinn\u00e4llist\u00e4 tai viihdek\u00e4ytt\u00f6\u00e4.<a title=\"2C-EF 2 mg kapselit\" href=\"https:\/\/researchchemicalstore.eu\/fi\/kauppa\/fenetyyliamiini\/2c-ef-2-mg-kapselia\/\" target=\"_blank\" rel=\"noopener\">2C-EF 2 mg kapselit<\/a><\/p>\n<\/li>\n<\/ul>\n<hr \/>\n<h3><strong>Laboratorion turvallisuus:<\/strong><\/h3>\n<p class=\"ds-markdown-paragraph\">\u26a0\u00a0<strong>Olennaiset protokollat:<\/strong><\/p>\n<ul>\n<li>\n<p class=\"ds-markdown-paragraph\">Ty\u00f6skentele ilmastoidussa ymp\u00e4rist\u00f6ss\u00e4 (vetokaappia suositellaan)<\/p>\n<\/li>\n<li>\n<p class=\"ds-markdown-paragraph\">T\u00e4ydellinen henkil\u00f6kohtainen suojaus (laboratoriotakki, k\u00e4sineet, suojalasit)<\/p>\n<\/li>\n<li>\n<p class=\"ds-markdown-paragraph\">Tiukka l\u00e4mp\u00f6tilanvalvonta varastoinnin aikana<\/p>\n<\/li>\n<\/ul>\n<p class=\"ds-markdown-paragraph\">\u26a0\u00a0<strong>Oikeudellinen asema:<\/strong><\/p>\n<ul>\n<li>\n<p class=\"ds-markdown-paragraph\">Uuden psykoaktiivisen aineen (NPS) status useissa laink\u00e4ytt\u00f6alueissa<\/p>\n<\/li>\n<li>\n<p class=\"ds-markdown-paragraph\">Tutkijoiden tulisi tarkistaa paikalliset lait<\/p>\n<\/li>\n<li>\n<p class=\"ds-markdown-paragraph\">T\u00e4ysi vastuu on tutkijalla<\/p>\n<\/li>\n<\/ul>\n<hr \/>\n<h3><strong>Tutkimuksen hy\u00f6dyt:<\/strong><\/h3>\n<p class=\"ds-markdown-paragraph\">\u2705\u00a0<strong>Tasainen laatu<\/strong>\u00a0\u2013 Er\u00e4 analysoitu<br \/>\n\u2705\u00a0<strong>Tutkimusyst\u00e4v\u00e4llinen pakkaus<\/strong>\u00a0\u2013 Pieni summa pilottitutkimuksiin<br \/>\n\u2705\u00a0<strong>Tieteellinen tuki<\/strong>\u00a0\u2013 Yksityiskohtainen dokumentaatio saatavilla<br \/>\n\u2705\u00a0<strong>Huomaamaton ja nopea toimitus<\/strong>\u00a0\u2013 EU:n sis\u00e4ll\u00e4 ammattimaisista laitoksista<\/p>","protected":false},"excerpt":{"rendered":"<p>RC+ 2F-DCK HCl (1 gramma) \u2013 Ensiluokkaista tutkimuskemiaa tieteelliseen tutkimukseen Tuotteen nimi: RC+ 2F-DCK HCl (2-fluorodesklooriketamiinihydrokloridi) Kategoria: Tutkimuskemikaalit (dissosiatiivinen luokka) K\u00e4ytt\u00f6:<\/p>","protected":false},"featured_media":28643,"comment_status":"closed","ping_status":"closed","template":"","meta":[],"product_brand":[82],"product_cat":[555],"product_tag":[271,272,273,860,862,326,274],"class_list":{"0":"post-24217","1":"product","2":"type-product","3":"status-publish","4":"has-post-thumbnail","6":"product_brand-research-chemical","7":"product_cat-b2b","8":"product_tag-2f-dck","9":"product_tag-2f-dck-kopen","10":"product_tag-2f-dck-hcl","11":"product_tag-2f-dck-reddit","12":"product_tag-ketamine-kopen","13":"product_tag-nl","14":"product_tag-what-is-2f-dck","16":"first","17":"instock","18":"taxable","19":"shipping-taxable","20":"purchasable","21":"product-type-variable"},"_links":{"self":[{"href":"https:\/\/researchchemicalstore.eu\/fi\/wp-json\/wp\/v2\/product\/24217","targetHints":{"allow":["GET"]}}],"collection":[{"href":"https:\/\/researchchemicalstore.eu\/fi\/wp-json\/wp\/v2\/product"}],"about":[{"href":"https:\/\/researchchemicalstore.eu\/fi\/wp-json\/wp\/v2\/types\/product"}],"replies":[{"embeddable":true,"href":"https:\/\/researchchemicalstore.eu\/fi\/wp-json\/wp\/v2\/comments?post=24217"}],"version-history":[{"count":3,"href":"https:\/\/researchchemicalstore.eu\/fi\/wp-json\/wp\/v2\/product\/24217\/revisions"}],"predecessor-version":[{"id":26011,"href":"https:\/\/researchchemicalstore.eu\/fi\/wp-json\/wp\/v2\/product\/24217\/revisions\/26011"}],"wp:featuredmedia":[{"embeddable":true,"href":"https:\/\/researchchemicalstore.eu\/fi\/wp-json\/wp\/v2\/media\/28643"}],"wp:attachment":[{"href":"https:\/\/researchchemicalstore.eu\/fi\/wp-json\/wp\/v2\/media?parent=24217"}],"wp:term":[{"taxonomy":"product_brand","embeddable":true,"href":"https:\/\/researchchemicalstore.eu\/fi\/wp-json\/wp\/v2\/product_brand?post=24217"},{"taxonomy":"product_cat","embeddable":true,"href":"https:\/\/researchchemicalstore.eu\/fi\/wp-json\/wp\/v2\/product_cat?post=24217"},{"taxonomy":"product_tag","embeddable":true,"href":"https:\/\/researchchemicalstore.eu\/fi\/wp-json\/wp\/v2\/product_tag?post=24217"}],"curies":[{"name":"wp","href":"https:\/\/api.w.org\/{rel}","templated":true}]}}