{"id":24256,"date":"2025-04-13T17:41:21","date_gmt":"2025-04-13T17:41:21","guid":{"rendered":"https:\/\/researchchemicalstore.eu\/?post_type=product&#038;p=24256"},"modified":"2025-10-21T17:42:08","modified_gmt":"2025-10-21T17:42:08","slug":"rc-maxtc-laukku-3-pellettia","status":"publish","type":"product","link":"https:\/\/researchchemicalstore.eu\/fi\/tuote\/rc-maxtc-laukku-3-pellettia\/","title":{"rendered":"RC+ MaXTC pussi 3 pelletti\u00e4"},"content":{"rendered":"<h2><strong>MaXTC 5-MAPB\/4-FMA\/5-MeO-MiPT 75MG\/30MG\/3MG laukku, jossa 3 pelletti\u00e4<\/strong><\/h2>\n<p>osta 4 fma, 4 fma, 4-fma,<\/p>\n<ul>\n<li><strong>V\u00e4hitt\u00e4ismyyntipakkaukset<br \/>\n<\/strong><\/li>\n<li><strong>Pellettien m\u00e4\u00e4r\u00e4 pussia kohden: 3<\/strong><\/li>\n<li><strong>Hinnat eiv\u00e4t sis\u00e4ll\u00e4 21%:n ALV:t\u00e4<\/strong><\/li>\n<li><strong>Suositeltu v\u00e4hitt\u00e4ishinta: 29,95 \u20ac sis. alv<\/strong><\/li>\n<\/ul>\n<p><a href=\"https:\/\/researchchemicalstore.eu\/fi\/kauppa\/lysergamidit\/1-cp-lsd-150-mikrogrammaa\/\">1cP-LSD 150 MCG taidepaperia<\/a><a href=\"https:\/\/researchchemicalstore.eu\/fi\/kauppa\/pellets\/o-dsmt-50mg-pellets\/\">O-DSMT 50 mg -pelletit<\/a><a href=\"https:\/\/researchchemicalstore.eu\/fi\/kauppa\/lysergamidit\/1v-lsd-150-mcg-blotters\/\">1V-LSD 150 MCG -n\u00e4ytteenotot<\/a><a href=\"https:\/\/researchchemicalstore.eu\/fi\/kauppa\/katinonit\/osta-2-cmcta\/\">2-CMC 250 mg -pelletti\u00e4<\/a><a href=\"https:\/\/researchchemicalstore.eu\/fi\/kauppa\/fenetyyliamiini\/2c-ef-2-mg-kapselia\/\">2C-EF 2 mg kapselit<\/a><\/p>","protected":false},"excerpt":{"rendered":"<p>MaXTC 5-MAPB\/4-FMA\/5-MeO-MiPT 75MG\/30MG\/3MG pussi, jossa 3 pelletti\u00e4 4 fma osta, 4 fma, 4-fma, V\u00e4hitt\u00e4ismyyntipakkaus Pellettien m\u00e4\u00e4r\u00e4 pussia kohden: 3 Hinnat<\/p>","protected":false},"featured_media":28855,"comment_status":"closed","ping_status":"closed","template":"","meta":[],"product_brand":[],"product_cat":[555],"product_tag":[629,644,326],"class_list":{"0":"post-24256","1":"product","2":"type-product","3":"status-publish","4":"has-post-thumbnail","6":"product_cat-b2b","7":"product_tag-4-fma-kopen","8":"product_tag-4-fma","9":"product_tag-nl","11":"first","12":"instock","13":"taxable","14":"shipping-taxable","15":"purchasable","16":"product-type-variable"},"_links":{"self":[{"href":"https:\/\/researchchemicalstore.eu\/fi\/wp-json\/wp\/v2\/product\/24256","targetHints":{"allow":["GET"]}}],"collection":[{"href":"https:\/\/researchchemicalstore.eu\/fi\/wp-json\/wp\/v2\/product"}],"about":[{"href":"https:\/\/researchchemicalstore.eu\/fi\/wp-json\/wp\/v2\/types\/product"}],"replies":[{"embeddable":true,"href":"https:\/\/researchchemicalstore.eu\/fi\/wp-json\/wp\/v2\/comments?post=24256"}],"version-history":[{"count":2,"href":"https:\/\/researchchemicalstore.eu\/fi\/wp-json\/wp\/v2\/product\/24256\/revisions"}],"predecessor-version":[{"id":25919,"href":"https:\/\/researchchemicalstore.eu\/fi\/wp-json\/wp\/v2\/product\/24256\/revisions\/25919"}],"wp:featuredmedia":[{"embeddable":true,"href":"https:\/\/researchchemicalstore.eu\/fi\/wp-json\/wp\/v2\/media\/28855"}],"wp:attachment":[{"href":"https:\/\/researchchemicalstore.eu\/fi\/wp-json\/wp\/v2\/media?parent=24256"}],"wp:term":[{"taxonomy":"product_brand","embeddable":true,"href":"https:\/\/researchchemicalstore.eu\/fi\/wp-json\/wp\/v2\/product_brand?post=24256"},{"taxonomy":"product_cat","embeddable":true,"href":"https:\/\/researchchemicalstore.eu\/fi\/wp-json\/wp\/v2\/product_cat?post=24256"},{"taxonomy":"product_tag","embeddable":true,"href":"https:\/\/researchchemicalstore.eu\/fi\/wp-json\/wp\/v2\/product_tag?post=24256"}],"curies":[{"name":"wp","href":"https:\/\/api.w.org\/{rel}","templated":true}]}}