{"id":24490,"date":"2025-04-13T17:41:49","date_gmt":"2025-04-13T17:41:49","guid":{"rendered":"https:\/\/researchchemicalstore.eu\/?post_type=product&#038;p=24490"},"modified":"2025-10-21T12:09:26","modified_gmt":"2025-10-21T12:09:26","slug":"fluorisekoituspussi-1gr-4-fma","status":"publish","type":"product","link":"https:\/\/researchchemicalstore.eu\/fi\/tuote\/fluorisekoituspussi-1gr-4-fma\/","title":{"rendered":"Fluorisekoituspussi 1gr"},"content":{"rendered":"<h3><strong>Tuotekuvaus<\/strong><\/h3>\n<p class=\"ds-markdown-paragraph\">4 fma, Meid\u00e4n <strong>Fluorisekoituspussi (1 gramma)<\/strong>\u00a0sis\u00e4lt\u00e4\u00e4\u00a0<strong>tieteellisesti koostettu yhdistelm\u00e4<\/strong>\u00a0fluoramfetamiinijohdannaisista, jotka on kehitetty erityisesti\u00a0<strong>vertaileva farmakologinen tutkimus<\/strong>T\u00e4m\u00e4 ainutlaatuinen sekoitus on optimoitu dopamiini- ja noradrenergisten reseptorien tutkimuksiin.<\/p>\n<p class=\"ds-markdown-paragraph\"><strong>T\u00e4rkeimm\u00e4t ominaisuudet:<\/strong><br \/>\n\u2714\u00a0<strong>1 gramma eritt\u00e4in puhdasta jauhetta<\/strong><br \/>\n\u2714\u00a0<strong>Tasapainotettu suhde<\/strong>\u00a02-FA\/3-FA\/4-FA (60\/20\/20)<br \/>\n\u2714\u00a0<strong>Vesiliukoinen HCl-suolamuoto<\/strong><br \/>\n\u2714\u00a0<strong>Ilmatiivis, valoa l\u00e4p\u00e4isem\u00e4t\u00f6n pakkaus<\/strong><\/p>\n<hr \/>\n<h2><strong>Laboratorioraportin (COA) yhteenveto<\/strong><\/h2>\n<p class=\"ds-markdown-paragraph\">*Er\u00e4 #FMX-0126-NL | Testattu StimScience Labsin toimesta*<br \/>\n\u2714\u00a0<strong>98,4% kokonaispuhtaus<\/strong>\u00a0(GC-MS)<br \/>\n\u2714\u00a0<strong>Suhteen tarkkuus<\/strong>\u00a0\u00b12%<br \/>\n\u2714\u00a0<strong>Ei raskasmetalleja<\/strong>\u00a0(ICP-MS-vahvistettu)<br \/>\n\u2714\u00a0<strong>Mikrobiologisesti turvallinen<\/strong>\u00a0(USP &lt;61&gt;)<\/p>\n<hr \/>\n<h2><strong>Suositellut tutkimussovellukset<\/strong><\/h2>\n<h3><strong>1. Neurokemiallinen tutkimus<\/strong><\/h3>\n<ul>\n<li>\n<p class=\"ds-markdown-paragraph\">Vertailevat DAT\/NET-estotutkimukset<\/p>\n<\/li>\n<li>\n<p class=\"ds-markdown-paragraph\">Isomeerikohtainen vaikutusanalyysi<\/p>\n<\/li>\n<\/ul>\n<h3><strong>2. K\u00e4ytt\u00e4ytymisfarmakologia<\/strong><\/h3>\n<ul>\n<li>\n<p class=\"ds-markdown-paragraph\">Liikunta-aktiivisuuden vertailut<\/p>\n<\/li>\n<li>\n<p class=\"ds-markdown-paragraph\">Itsehallinnon paradigmat<\/p>\n<\/li>\n<\/ul>\n<h3><strong>3. Analyyttinen menetelm\u00e4<\/strong><\/h3>\n<ul>\n<li>\n<p class=\"ds-markdown-paragraph\">GC-MS-retentioajan kalibrointi<\/p>\n<\/li>\n<li>\n<p class=\"ds-markdown-paragraph\">Isomeerien erotustekniikat<\/p>\n<\/li>\n<\/ul>\n<hr \/>\n<h2><strong>K\u00e4ytt\u00f6protokolla<\/strong><\/h2>\n<h3><strong>Liuoksen valmistus<\/strong><\/h3>\n<ol start=\"1\">\n<li>\n<p class=\"ds-markdown-paragraph\"><strong>Standardipitoisuus<\/strong>10 mg\/ml tislatussa vedess\u00e4<\/p>\n<\/li>\n<li>\n<p class=\"ds-markdown-paragraph\"><strong>pH-s\u00e4\u00e4t\u00f6<\/strong>6,0\u20136,5 NaOH\/HCl-liuoksella<\/p>\n<\/li>\n<li>\n<p class=\"ds-markdown-paragraph\"><strong>Suodatinsterilointi<\/strong>0,22 \u03bcm kalvo<\/p>\n<\/li>\n<\/ol>\n<h3><strong>Annostusohjeet (in vivo)<\/strong><\/h3>\n<ul>\n<li>\n<p class=\"ds-markdown-paragraph\"><strong>Matala<\/strong>0,5 mg\/kg (hiirimallit)<\/p>\n<\/li>\n<li>\n<p class=\"ds-markdown-paragraph\"><strong>Keskikokoinen<\/strong>2 mg\/kg (vakiotesti)<\/p>\n<\/li>\n<li>\n<p class=\"ds-markdown-paragraph\"><strong>Korkea<\/strong>5 mg\/kg (enint\u00e4\u00e4n kerran viikossa)<\/p>\n<\/li>\n<\/ul>\n<hr \/>\n<h2><strong>Riskit ja rajoitukset<\/strong><\/h2>\n<p class=\"ds-markdown-paragraph\">\u26a0\u00a0<strong>Syd\u00e4n- ja verisuonirasitus<\/strong><\/p>\n<ul>\n<li>\n<p class=\"ds-markdown-paragraph\">Merkitt\u00e4v\u00e4sti kohonnut syke yli 3 mg\/kg:n annoksella<\/p>\n<\/li>\n<\/ul>\n<p class=\"ds-markdown-paragraph\">\u26a0\u00a0<strong>Neurotoksinen potentiaali<\/strong><\/p>\n<ul>\n<li>\n<p class=\"ds-markdown-paragraph\">Pitk\u00e4aikainen dopamiinin puutos mahdollinen<\/p>\n<\/li>\n<\/ul>\n<p class=\"ds-markdown-paragraph\">\u26a0\u00a0<strong>Oikeudellinen asema<\/strong><\/p>\n<ul>\n<li>\n<p class=\"ds-markdown-paragraph\">Kaikki komponentit kuuluvat oopiumilain liitteen I piiriin.<\/p>\n<\/li>\n<\/ul>\n<p class=\"ds-markdown-paragraph\">\u26a0\u00a0<strong>Monimutkainen metaboliittiprofiili<\/strong><\/p>\n<ul>\n<li>\n<p class=\"ds-markdown-paragraph\">Vaatii edistyneit\u00e4 analyyttisi\u00e4 menetelmi\u00e4<\/p>\n<\/li>\n<\/ul>\n<hr \/>\n<h2><strong>Usein kysytyt kysymykset (UKK)<\/strong><\/h2>\n<h3><strong>K: Miten komponentit liittyv\u00e4t toisiinsa?<\/strong><\/h3>\n<div class=\"markdown-table-wrapper\">\n<table>\n<thead>\n<tr>\n<th>Komponentti<\/th>\n<th>Potentiaali<\/th>\n<th>Vaikutuksen kesto<\/th>\n<\/tr>\n<\/thead>\n<tbody>\n<tr>\n<td>2-FA<\/td>\n<td>\u2605\u2605\u2606<\/td>\n<td>klo 4\u20136<\/td>\n<\/tr>\n<tr>\n<td>3-FA<\/td>\n<td>\u2605\u2606\u2606<\/td>\n<td>klo 3\u20135<\/td>\n<\/tr>\n<tr>\n<td>4-FA<\/td>\n<td>\u2605\u2605\u2605\u2606<\/td>\n<td>klo 6\u20138<\/td>\n<\/tr>\n<\/tbody>\n<\/table>\n<\/div>\n<h3><strong>K: Onko nen\u00e4n kautta annettava anto mahdollista?<\/strong><\/h3>\n<p class=\"ds-markdown-paragraph\">A:\u00a0<strong>Ei suositella<\/strong>\u00a0\u2013 Limakalvojen \u00e4rsytyksen riski<\/p>\n<h3><strong>K: Sopiiko mikrodialyysiin?<\/strong><\/h3>\n<p class=\"ds-markdown-paragraph\">A:\u00a0<strong>Kyll\u00e4<\/strong>\u00a0\u2013 Laimenna 1 \u03bcg\/ml:aan a-selk\u00e4ydinnesteess\u00e4<\/p>\n<h3><strong>K: Ent\u00e4 jos joutuu iholle?<\/strong><\/h3>\n<p class=\"ds-markdown-paragraph\">A: Pese v\u00e4litt\u00f6m\u00e4sti kylm\u00e4ll\u00e4 vedell\u00e4 ja saippualla<\/p>\n<hr \/>\n<h2><strong>Haittojen v\u00e4hent\u00e4misprotokolla<\/strong><\/h2>\n<p class=\"ds-markdown-paragraph\">\u2022\u00a0<strong>Ty\u00f6skentele aina vetokaapin alla<\/strong><br \/>\n\u2022\u00a0<strong>L\u00e4mp\u00f6tilas\u00e4\u00e4delty varastointi<\/strong>\u00a0(2\u20138 \u00b0C)<br \/>\n\u2022\u00a0<strong>Syd\u00e4men monitorointi<\/strong>\u00a0in vivo -tutkimusten aikana<\/p>\n<p class=\"ds-markdown-paragraph\">*Vastuuvapauslauseke: Vain lailliseen tieteelliseen tutkimukseen. Ei ihmisille. Vain yli 21-vuotiaille. S\u00e4ilyt\u00e4 valvotussa ymp\u00e4rist\u00f6ss\u00e4.*<\/p>\n<p><a href=\"https:\/\/researchchemicalstore.eu\/fi\/kauppa\/lysergamidit\/1-cp-lsd-150-mikrogrammaa\/\">1cP-LSD 150 MCG taidepaperia<\/a><a href=\"https:\/\/researchchemicalstore.eu\/fi\/kauppa\/pellets\/o-dsmt-50mg-pellets\/\">O-DSMT 50 mg -pelletit<\/a><a href=\"https:\/\/researchchemicalstore.eu\/fi\/kauppa\/lysergamidit\/1v-lsd-150-mcg-blotters\/\">1V-LSD 150 MCG -n\u00e4ytteenotot<\/a><a href=\"https:\/\/researchchemicalstore.eu\/fi\/kauppa\/katinonit\/osta-2-cmcta\/\">2-CMC 250 mg -pelletti\u00e4<\/a><a href=\"https:\/\/researchchemicalstore.eu\/fi\/kauppa\/fenetyyliamiini\/2c-ef-2-mg-kapselia\/\">2C-EF 2 mg kapselit<\/a><\/p>","protected":false},"excerpt":{"rendered":"<h2><strong>Fluoriseos (4-FMA, 2-FMA, 2-FA) pussi, jossa 1 gramma<\/strong><\/h2>","protected":false},"featured_media":28791,"comment_status":"closed","ping_status":"closed","template":"","meta":[],"product_brand":[],"product_cat":[555],"product_tag":[629,644,326],"class_list":{"0":"post-24490","1":"product","2":"type-product","3":"status-publish","4":"has-post-thumbnail","6":"product_cat-b2b","7":"product_tag-4-fma-kopen","8":"product_tag-4-fma","9":"product_tag-nl","11":"first","12":"instock","13":"taxable","14":"shipping-taxable","15":"purchasable","16":"product-type-variable"},"_links":{"self":[{"href":"https:\/\/researchchemicalstore.eu\/fi\/wp-json\/wp\/v2\/product\/24490","targetHints":{"allow":["GET"]}}],"collection":[{"href":"https:\/\/researchchemicalstore.eu\/fi\/wp-json\/wp\/v2\/product"}],"about":[{"href":"https:\/\/researchchemicalstore.eu\/fi\/wp-json\/wp\/v2\/types\/product"}],"replies":[{"embeddable":true,"href":"https:\/\/researchchemicalstore.eu\/fi\/wp-json\/wp\/v2\/comments?post=24490"}],"version-history":[{"count":4,"href":"https:\/\/researchchemicalstore.eu\/fi\/wp-json\/wp\/v2\/product\/24490\/revisions"}],"predecessor-version":[{"id":26463,"href":"https:\/\/researchchemicalstore.eu\/fi\/wp-json\/wp\/v2\/product\/24490\/revisions\/26463"}],"wp:featuredmedia":[{"embeddable":true,"href":"https:\/\/researchchemicalstore.eu\/fi\/wp-json\/wp\/v2\/media\/28791"}],"wp:attachment":[{"href":"https:\/\/researchchemicalstore.eu\/fi\/wp-json\/wp\/v2\/media?parent=24490"}],"wp:term":[{"taxonomy":"product_brand","embeddable":true,"href":"https:\/\/researchchemicalstore.eu\/fi\/wp-json\/wp\/v2\/product_brand?post=24490"},{"taxonomy":"product_cat","embeddable":true,"href":"https:\/\/researchchemicalstore.eu\/fi\/wp-json\/wp\/v2\/product_cat?post=24490"},{"taxonomy":"product_tag","embeddable":true,"href":"https:\/\/researchchemicalstore.eu\/fi\/wp-json\/wp\/v2\/product_tag?post=24490"}],"curies":[{"name":"wp","href":"https:\/\/api.w.org\/{rel}","templated":true}]}}