{"id":24854,"date":"2025-04-13T17:43:28","date_gmt":"2025-04-13T17:43:28","guid":{"rendered":"https:\/\/researchchemicalstore.eu\/?post_type=product&#038;p=24854"},"modified":"2025-10-21T09:54:49","modified_gmt":"2025-10-21T09:54:49","slug":"desklooriketamiini","status":"publish","type":"product","link":"https:\/\/researchchemicalstore.eu\/fi\/tuote\/desklooriketamiini\/","title":{"rendered":"DCK 20 mg -pelletit"},"content":{"rendered":"<h2><span data-sheets-value=\"{\" data-sheets-userformat=\"{\">DCK 20 mg -pelletit<\/span><\/h2>\n<p>DCK-pelletit sis\u00e4lt\u00e4v\u00e4t 20 mg vaikuttavaa ainetta (DCK).<\/p>\n<p>DCK on aine, jota myyd\u00e4\u00e4n vain tutkimustarkoituksiin, eik\u00e4 sit\u00e4 siksi ole tarkoitettu nautittavaksi.<a title=\"2-CMC 250 mg -pelletti\u00e4\" href=\"https:\/\/researchchemicalstore.eu\/fi\/kauppa\/katinonit\/osta-2-cmcta\/\" target=\"_blank\" rel=\"noopener\">2-CMC 250 mg -pelletti\u00e4<\/a><\/p>\n<p>DCK s\u00e4ilytt\u00e4\u00e4 s\u00e4ilyvyytens\u00e4 jopa 2 vuotta oikeassa ymp\u00e4rist\u00f6ss\u00e4 s\u00e4ilytettyn\u00e4. DCK <a href=\"http:\/\/google.nl\" target=\"_blank\" rel=\"noopener\">on<\/a> Tarkoitettu ainoastaan tutkimustarkoituksiin eik\u00e4 ihmisravinnoksi. Siksi on t\u00e4rke\u00e4\u00e4 pit\u00e4\u00e4 tuote poissa lasten ja lemmikkien ulottuvilta.<a title=\"2C-EF 2 mg kapselit\" href=\"https:\/\/researchchemicalstore.eu\/fi\/kauppa\/fenetyyliamiini\/2c-ef-2-mg-kapselia\/\" target=\"_blank\" rel=\"noopener\">2C-EF 2 mg kapselit<\/a><\/p>\n<p>Tarjoamme korkealaatuisia tutkimuskemikaaleja kohtuulliseen hintaan. Tilauksesi l\u00e4hetet\u00e4\u00e4n 24 tunnin sis\u00e4ll\u00e4 joka p\u00e4iv\u00e4. Tilaa nyt! <em>DCK<\/em> turvallinen ja nopea vi<\/p>\n<h3>DCK-ominaisuudet<\/h3>\n<p><strong>Synonyymi:<\/strong>\u00a02\u2032-okso-PCM, desklooriketamiini<br \/>\n<strong>CAS-numero:<\/strong>\u00a04631-27-0<br \/>\n<strong>Kaava:<\/strong>\u00a02-(metyyliamino)-2-fenyylisykloheksanoni<br \/>\n<strong>Moolimassa:<\/strong>\u00a0239,7 g\/mol<br \/>\n<strong>Puhtaus:<\/strong>\u00a0&gt;97%<\/p>\n<h3>Vaaralauseke<\/h3>\n<p>DCK voi aiheuttaa hengitysteiden \u00e4rsytyst\u00e4<br \/>\nDCK voi aiheuttaa silmien \u00e4rsytyst\u00e4.<br \/>\nTutkimuskemikaalien p\u00e4\u00e4st\u00e4minen ymp\u00e4rist\u00f6\u00f6n on kielletty.<\/p>\n<p>JOS AINETTA JOUTUU SILMIIN: Huuhtele silmi\u00e4 varovasti vedell\u00e4 viiden minuutin ajan. Poista piilolinssit, jos sen voi tehd\u00e4 helposti.<\/p>\n<p>IHON JOUTUMINEN: Pese iho saippualla ja vedell\u00e4.<a title=\"6-CL-ADBA\" href=\"https:\/\/researchchemicalstore.eu\/fi\/kauppa\/melkein-kielletty\/6-cl-adbaa\/\" target=\"_blank\" rel=\"noopener\">6-CL-ADBA<\/a><\/p>\n<p>JOS DICK:TA ON HENGITETTY SIS\u00c4\u00c4N: Siirr\u00e4 uhri raittiiseen ilmaan ja pid\u00e4 asennossa, jossa hengitys on helppoa.<a title=\"MEAI\" href=\"https:\/\/researchchemicalstore.eu\/fi\/kauppa\/muu\/meai\/\" target=\"_blank\" rel=\"noopener\">MEAI<\/a><\/p>","protected":false},"excerpt":{"rendered":"<h3>DCK-ominaisuudet<\/h3>\n<p><strong>Synonyymi:<\/strong>\u00a02\u2032-okso-PCM, desklooriketamiini<br \/>\n<strong>CAS-numero:<\/strong>\u00a04631-27-0<br \/>\n<strong>Kaava:<\/strong>\u00a02-(metyyliamino)-2-fenyylisykloheksanoni<br \/>\n<strong>Moolimassa:<\/strong>\u00a0239,7 g\/mol<br \/>\n<strong>Puhtaus:<\/strong>\u00a0&gt;97%<\/p>","protected":false},"featured_media":28761,"comment_status":"closed","ping_status":"closed","template":"","meta":[],"product_brand":[82],"product_cat":[71,427,428,324],"product_tag":[272,302,303,326],"class_list":{"0":"post-24854","1":"product","2":"type-product","3":"status-publish","4":"has-post-thumbnail","6":"product_brand-research-chemical","7":"product_cat-arylcyclohexylamine","8":"product_cat-dck","9":"product_cat-dck-pellets","10":"product_cat-pellets-for-pellet","11":"product_tag-2f-dck-kopen","12":"product_tag-dck","13":"product_tag-deschloroketamine","14":"product_tag-nl","16":"first","17":"instock","18":"taxable","19":"shipping-taxable","20":"purchasable","21":"product-type-variable"},"_links":{"self":[{"href":"https:\/\/researchchemicalstore.eu\/fi\/wp-json\/wp\/v2\/product\/24854","targetHints":{"allow":["GET"]}}],"collection":[{"href":"https:\/\/researchchemicalstore.eu\/fi\/wp-json\/wp\/v2\/product"}],"about":[{"href":"https:\/\/researchchemicalstore.eu\/fi\/wp-json\/wp\/v2\/types\/product"}],"replies":[{"embeddable":true,"href":"https:\/\/researchchemicalstore.eu\/fi\/wp-json\/wp\/v2\/comments?post=24854"}],"version-history":[{"count":3,"href":"https:\/\/researchchemicalstore.eu\/fi\/wp-json\/wp\/v2\/product\/24854\/revisions"}],"predecessor-version":[{"id":25521,"href":"https:\/\/researchchemicalstore.eu\/fi\/wp-json\/wp\/v2\/product\/24854\/revisions\/25521"}],"wp:featuredmedia":[{"embeddable":true,"href":"https:\/\/researchchemicalstore.eu\/fi\/wp-json\/wp\/v2\/media\/28761"}],"wp:attachment":[{"href":"https:\/\/researchchemicalstore.eu\/fi\/wp-json\/wp\/v2\/media?parent=24854"}],"wp:term":[{"taxonomy":"product_brand","embeddable":true,"href":"https:\/\/researchchemicalstore.eu\/fi\/wp-json\/wp\/v2\/product_brand?post=24854"},{"taxonomy":"product_cat","embeddable":true,"href":"https:\/\/researchchemicalstore.eu\/fi\/wp-json\/wp\/v2\/product_cat?post=24854"},{"taxonomy":"product_tag","embeddable":true,"href":"https:\/\/researchchemicalstore.eu\/fi\/wp-json\/wp\/v2\/product_tag?post=24854"}],"curies":[{"name":"wp","href":"https:\/\/api.w.org\/{rel}","templated":true}]}}