{"id":24869,"date":"2025-04-13T17:43:28","date_gmt":"2025-04-13T17:43:28","guid":{"rendered":"https:\/\/researchchemicalstore.eu\/?post_type=product&#038;p=24869"},"modified":"2025-10-21T10:13:02","modified_gmt":"2025-10-21T10:13:02","slug":"ro5-4864-1-mgn-imupaperit","status":"publish","type":"product","link":"https:\/\/researchchemicalstore.eu\/fi\/tuote\/ro5-4864-1-mgn-imupaperit\/","title":{"rendered":"Ro5-4864 1 MG -muistilaput"},"content":{"rendered":"<h2><span dir=\"auto\" style=\"vertical-align: inherit;\"><span dir=\"auto\" style=\"vertical-align: inherit;\">Ro5 4864 1 MG -muistilaput<\/span><\/span><\/h2>\n<p><span dir=\"auto\" style=\"vertical-align: inherit;\"><span dir=\"auto\" style=\"vertical-align: inherit;\">Ro5 4864 -imupullot sis\u00e4lt\u00e4v\u00e4t 1 milligramman vaikuttavaa ainetta (Ro5-4864).<\/span><\/span><\/p>\n<p><span dir=\"auto\" style=\"vertical-align: inherit;\"><span dir=\"auto\" style=\"vertical-align: inherit;\">Ro5-4864 on aine, jota myyd\u00e4\u00e4n vain tutkimustarkoituksiin, eik\u00e4 sit\u00e4 siksi ole tarkoitettu nautittavaksi.<\/span><\/span><\/p>\n<p><span dir=\"auto\" style=\"vertical-align: inherit;\"><span dir=\"auto\" style=\"vertical-align: inherit;\">Ro5-4864 s\u00e4ilyy vakaana jopa 2 vuotta oikeassa ymp\u00e4rist\u00f6ss\u00e4 s\u00e4ilytettyn\u00e4. <\/span><\/span><a href=\"http:\/\/google.nl\" target=\"_blank\" rel=\"noopener\"><span dir=\"auto\" style=\"vertical-align: inherit;\"><span dir=\"auto\" style=\"vertical-align: inherit;\">on<\/span><\/span><\/a><span dir=\"auto\" style=\"vertical-align: inherit;\"><span dir=\"auto\" style=\"vertical-align: inherit;\"> tarkoitettu tutkimustarkoituksiin eik\u00e4 ihmisravinnoksi. Siksi on t\u00e4rke\u00e4\u00e4 s\u00e4ilytt\u00e4\u00e4 tuote lasten ja lemmikkien ulottumattomissa. <\/span><\/span><a title=\"1cP-LSD 150 MCG taidepaperia\" href=\"https:\/\/researchchemicalstore.eu\/fi\/kauppa\/lysergamidit\/1-cp-lsd-150-mikrogrammaa\/\" target=\"_blank\" rel=\"noopener\"><span dir=\"auto\" style=\"vertical-align: inherit;\"><span dir=\"auto\" style=\"vertical-align: inherit;\">1cP-LSD 150 MCG taidepaperia<\/span><\/span><\/a><\/p>\n<p><span dir=\"auto\" style=\"vertical-align: inherit;\"><span dir=\"auto\" style=\"vertical-align: inherit;\">Tarjoamme korkealaatuisia tutkimuskemikaaleja kohtuulliseen hintaan. Tilauksesi l\u00e4hetet\u00e4\u00e4n 24 tunnin sis\u00e4ll\u00e4 joka p\u00e4iv\u00e4. Tilaa <\/span><\/span><em><span dir=\"auto\" style=\"vertical-align: inherit;\"><span dir=\"auto\" style=\"vertical-align: inherit;\">n\u00e4m\u00e4 Ro5-4864-muistilaput<\/span><\/span><\/em><span dir=\"auto\" style=\"vertical-align: inherit;\"><span dir=\"auto\" style=\"vertical-align: inherit;\"> turvallisesti ja nopeasti osoitteessa researchchemicalstore.eu!<\/span><\/span><\/p>\n<h3><span data-sheets-value=\"{\" data-sheets-userformat=\"{\"><span dir=\"auto\" style=\"vertical-align: inherit;\"><span dir=\"auto\" style=\"vertical-align: inherit;\">Ro5-4864-kiinteist\u00f6t<\/span><\/span><\/span><\/h3>\n<p><strong><span dir=\"auto\" style=\"vertical-align: inherit;\"><span dir=\"auto\" style=\"vertical-align: inherit;\">Synonyymi:<\/span><\/span><\/strong><span dir=\"auto\" style=\"vertical-align: inherit;\"><span dir=\"auto\" style=\"vertical-align: inherit;\"> 4\u2032-klooridiatsepaami <\/span><\/span><br \/>\n<strong><span dir=\"auto\" style=\"vertical-align: inherit;\"><span dir=\"auto\" style=\"vertical-align: inherit;\">CAS-numero:<\/span><\/span><\/strong><span dir=\"auto\" style=\"vertical-align: inherit;\"><span dir=\"auto\" style=\"vertical-align: inherit;\"> 14439-61-3 <\/span><\/span><br \/>\n<strong><span dir=\"auto\" style=\"vertical-align: inherit;\"><span dir=\"auto\" style=\"vertical-align: inherit;\">Kaava: <\/span><\/span><\/strong> <span title=\"Hiili\"><span dir=\"auto\" style=\"vertical-align: inherit;\"><span dir=\"auto\" style=\"vertical-align: inherit;\">C <\/span><\/span><\/span><sub><span dir=\"auto\" style=\"vertical-align: inherit;\"><span dir=\"auto\" style=\"vertical-align: inherit;\">16 <\/span><\/span><\/sub><span title=\"Vety\"><span dir=\"auto\" style=\"vertical-align: inherit;\"><span dir=\"auto\" style=\"vertical-align: inherit;\">H <\/span><\/span><\/span><sub><span dir=\"auto\" style=\"vertical-align: inherit;\"><span dir=\"auto\" style=\"vertical-align: inherit;\">12 <\/span><\/span><\/sub><span title=\"Kloori\"><span dir=\"auto\" style=\"vertical-align: inherit;\"><span dir=\"auto\" style=\"vertical-align: inherit;\">Cl <\/span><\/span><\/span><sub><span dir=\"auto\" style=\"vertical-align: inherit;\"><span dir=\"auto\" style=\"vertical-align: inherit;\">2 <\/span><\/span><\/sub><span title=\"Typpi\"><span dir=\"auto\" style=\"vertical-align: inherit;\"><span dir=\"auto\" style=\"vertical-align: inherit;\">N <\/span><\/span><\/span><sub><span dir=\"auto\" style=\"vertical-align: inherit;\"><span dir=\"auto\" style=\"vertical-align: inherit;\">2 <\/span><\/span><\/sub><span title=\"Happi\"><span dir=\"auto\" style=\"vertical-align: inherit;\"><span dir=\"auto\" style=\"vertical-align: inherit;\">O <\/span><\/span><\/span><br \/>\n<strong><span dir=\"auto\" style=\"vertical-align: inherit;\"><span dir=\"auto\" style=\"vertical-align: inherit;\">Moolimassa:<\/span><\/span><\/strong><span dir=\"auto\" style=\"vertical-align: inherit;\"><span dir=\"auto\" style=\"vertical-align: inherit;\"> 319,19 g\/mol <\/span><\/span><br \/>\n<strong><span dir=\"auto\" style=\"vertical-align: inherit;\"><span dir=\"auto\" style=\"vertical-align: inherit;\">Puhtaus:<\/span><\/span><\/strong><span dir=\"auto\" style=\"vertical-align: inherit;\"><span dir=\"auto\" style=\"vertical-align: inherit;\"> &gt;98%<\/span><\/span><\/p>\n<h3><span dir=\"auto\" style=\"vertical-align: inherit;\"><span dir=\"auto\" style=\"vertical-align: inherit;\">Vaaralauseke<\/span><\/span><\/h3>\n<p><span dir=\"auto\" style=\"vertical-align: inherit;\"><span dir=\"auto\" style=\"vertical-align: inherit;\">Ro5-4864 saattaa aiheuttaa hengitysteiden \u00e4rsytyst\u00e4. <\/span><\/span><br \/>\n<span dir=\"auto\" style=\"vertical-align: inherit;\"><span dir=\"auto\" style=\"vertical-align: inherit;\">Ro5-4864 saattaa aiheuttaa silmien \u00e4rsytyst\u00e4. <\/span><\/span><br \/>\n<span dir=\"auto\" style=\"vertical-align: inherit;\"><span dir=\"auto\" style=\"vertical-align: inherit;\">Tutkimuskemikaalien p\u00e4\u00e4st\u00e4minen ymp\u00e4rist\u00f6\u00f6n on kielletty.<\/span><\/span><\/p>\n<p><span dir=\"auto\" style=\"vertical-align: inherit;\"><span dir=\"auto\" style=\"vertical-align: inherit;\">Ro5-4864 JOS AINETTA JOUTUU SILMIIN: Huuhtele silmi\u00e4 varovasti vedell\u00e4 viiden minuutin ajan. Poista piilolinssit, jos sen voi tehd\u00e4 helposti. <\/span><\/span><a title=\"O-DSMT 50 mg -pelletit\" href=\"https:\/\/researchchemicalstore.eu\/fi\/kauppa\/pellets\/o-dsmt-50mg-pellets\/\" target=\"_blank\" rel=\"noopener\"><span dir=\"auto\" style=\"vertical-align: inherit;\"><span dir=\"auto\" style=\"vertical-align: inherit;\">O-DSMT 50 mg -pelletit<\/span><\/span><\/a><\/p>\n<p><span dir=\"auto\" style=\"vertical-align: inherit;\"><span dir=\"auto\" style=\"vertical-align: inherit;\">Ro5-4864 IHON KANSSA: Pese iho saippualla ja vedell\u00e4.<\/span><\/span><\/p>\n<p><span dir=\"auto\" style=\"vertical-align: inherit;\"><span dir=\"auto\" style=\"vertical-align: inherit;\">JOS HENGITETTY: Siirr\u00e4 uhri raittiiseen ilmaan ja pid\u00e4 asennossa, jossa hengitys on helppoa. <\/span><\/span><a title=\"2C-EF 2 mg kapselit\" href=\"https:\/\/researchchemicalstore.eu\/fi\/kauppa\/fenetyyliamiini\/2c-ef-2-mg-kapselia\/\" target=\"_blank\" rel=\"noopener\"><span dir=\"auto\" style=\"vertical-align: inherit;\"><span dir=\"auto\" style=\"vertical-align: inherit;\">2C-EF 2 mg kapselit<\/span><\/span><\/a><\/p>","protected":false},"excerpt":{"rendered":"<p>Ro5 4864 1 MG Blotters Ro5 4864 blotters contain 1 milligram of active substance (Ro5-4864). Ro5-4864 is a substance that<\/p>","protected":false},"featured_media":28867,"comment_status":"closed","ping_status":"closed","template":"","meta":[],"product_brand":[82],"product_cat":[76,356],"product_tag":[326,745,746],"class_list":{"0":"post-24869","1":"product","2":"type-product","3":"status-publish","4":"has-post-thumbnail","6":"product_brand-research-chemical","7":"product_cat-benzodiazepinen","8":"product_cat-ro5-4864","9":"product_tag-nl","10":"product_tag-ro5-4864","11":"product_tag-ro5-4864-reddit","13":"first","14":"instock","15":"taxable","16":"shipping-taxable","17":"purchasable","18":"product-type-variable"},"_links":{"self":[{"href":"https:\/\/researchchemicalstore.eu\/fi\/wp-json\/wp\/v2\/product\/24869","targetHints":{"allow":["GET"]}}],"collection":[{"href":"https:\/\/researchchemicalstore.eu\/fi\/wp-json\/wp\/v2\/product"}],"about":[{"href":"https:\/\/researchchemicalstore.eu\/fi\/wp-json\/wp\/v2\/types\/product"}],"replies":[{"embeddable":true,"href":"https:\/\/researchchemicalstore.eu\/fi\/wp-json\/wp\/v2\/comments?post=24869"}],"version-history":[{"count":5,"href":"https:\/\/researchchemicalstore.eu\/fi\/wp-json\/wp\/v2\/product\/24869\/revisions"}],"predecessor-version":[{"id":27976,"href":"https:\/\/researchchemicalstore.eu\/fi\/wp-json\/wp\/v2\/product\/24869\/revisions\/27976"}],"wp:featuredmedia":[{"embeddable":true,"href":"https:\/\/researchchemicalstore.eu\/fi\/wp-json\/wp\/v2\/media\/28867"}],"wp:attachment":[{"href":"https:\/\/researchchemicalstore.eu\/fi\/wp-json\/wp\/v2\/media?parent=24869"}],"wp:term":[{"taxonomy":"product_brand","embeddable":true,"href":"https:\/\/researchchemicalstore.eu\/fi\/wp-json\/wp\/v2\/product_brand?post=24869"},{"taxonomy":"product_cat","embeddable":true,"href":"https:\/\/researchchemicalstore.eu\/fi\/wp-json\/wp\/v2\/product_cat?post=24869"},{"taxonomy":"product_tag","embeddable":true,"href":"https:\/\/researchchemicalstore.eu\/fi\/wp-json\/wp\/v2\/product_tag?post=24869"}],"curies":[{"name":"wp","href":"https:\/\/api.w.org\/{rel}","templated":true}]}}