{"id":24917,"date":"2025-04-13T17:43:41","date_gmt":"2025-04-13T17:43:41","guid":{"rendered":"https:\/\/researchchemicalstore.eu\/?post_type=product&#038;p=24917"},"modified":"2025-11-17T11:47:18","modified_gmt":"2025-11-17T11:47:18","slug":"25-nboh-12-mgn-imulaput","status":"publish","type":"product","link":"https:\/\/researchchemicalstore.eu\/fi\/tuote\/25-nboh-12-mgn-imulaput\/","title":{"rendered":"25E-NBOH 1.2 MG -arkkeja"},"content":{"rendered":"<p class=\"ds-markdown-paragraph\"><strong>25E-NBOH 1,2 mg -imupaperit \u2013 ensiluokkaista laatua tieteelliseen tutkimukseen<\/strong><\/p>\n<h3><strong>Mik\u00e4 on 25E-NBOH?<\/strong><\/h3>\n<p class=\"ds-markdown-paragraph\">25E-NBOH on NBOH-perheen tutkimuskemikaali, joka tunnetaan potentiaalistaan serotonergisen\u00e4 yhdisteen\u00e4. T\u00e4m\u00e4 aine on tarkoitettu yksinomaan farmakologiseen ja neurotieteelliseen tutkimukseen kontrolloiduissa laboratorio-olosuhteissa.<\/p>\n<h3><strong>Tuotteen ominaisuudet<\/strong><\/h3>\n<p class=\"ds-markdown-paragraph\">\u2714\u00a0<strong>Tarkka annostelu<\/strong>\u00a0\u2013 1,2 mg per imupaperi toistettavien tulosten saavuttamiseksi<br \/>\n\u2714\u00a0<strong>Korkea laatu<\/strong>\u00a0\u2013 Analyyttisesti testattu puhtauden suhteen (&gt;98%)<br \/>\n\u2714\u00a0<strong>Tutkimukseen sopiva muoto<\/strong>\u00a0\u2013 K\u00e4tev\u00e4 imulapun muoto tarkkaa annostelua varten<br \/>\n\u2714\u00a0<strong>Optimaalinen vakaus<\/strong>\u00a0\u2013 Pakattu suojakaasuun<\/p>\n<h3><strong>Usein kysytyt kysymykset<\/strong><\/h3>\n<h4><strong>1. Mitk\u00e4 ovat mahdolliset tutkimussuunnat?<\/strong><\/h4>\n<ul>\n<li>\n<p class=\"ds-markdown-paragraph\">Serotoniinireseptoritutkimukset (5-HT2A-yhteisvaikutukset)<\/p>\n<\/li>\n<li>\n<p class=\"ds-markdown-paragraph\">Neurofarmakologiset mekanismit<\/p>\n<\/li>\n<li>\n<p class=\"ds-markdown-paragraph\">Vertailevat analyysit samankaltaisten yhdisteiden kanssa<\/p>\n<\/li>\n<\/ul>\n<h4><strong>2. Miten s\u00e4ilyt\u00e4n imureita oikein?<\/strong><\/h4>\n<ul>\n<li>\n<p class=\"ds-markdown-paragraph\">S\u00e4ilyt\u00e4 alkuper\u00e4ispakkauksessa<\/p>\n<\/li>\n<li>\n<p class=\"ds-markdown-paragraph\">Viile\u00e4 (2\u20138 \u00b0C), pime\u00e4 ja kuiva<\/p>\n<\/li>\n<li>\n<p class=\"ds-markdown-paragraph\">Suojattu kosteudelta<\/p>\n<\/li>\n<\/ul>\n<h4><strong>3. Onko t\u00e4m\u00e4 laillista tutkimusk\u00e4ytt\u00f6\u00f6n?<\/strong><\/h4>\n<p class=\"ds-markdown-paragraph\">Oikeudellinen asema vaihtelee alueittain.\u00a0<strong>Vain tieteelliseen tutkimukseen<\/strong>\u00a0\u2013 Ei tarkoitettu ihmisille. Tutkijoiden tulisi tarkistaa paikalliset m\u00e4\u00e4r\u00e4ykset.<\/p>\n<h4><strong>4. Mit\u00e4 turvatoimenpiteit\u00e4 tarvitaan?<\/strong><\/h4>\n<ul>\n<li>\n<p class=\"ds-markdown-paragraph\">K\u00e4ytt\u00f6 kontrolloidussa laboratorioymp\u00e4rist\u00f6ss\u00e4<\/p>\n<\/li>\n<li>\n<p class=\"ds-markdown-paragraph\">K\u00e4yt\u00e4 henkil\u00f6kohtaisia suojavarusteita<\/p>\n<\/li>\n<li>\n<p class=\"ds-markdown-paragraph\">Pid\u00e4 ensiapuprotokollat saatavilla<\/p>\n<\/li>\n<\/ul>\n<h3><strong>Tilaustiedot<\/strong><\/h3>\n<ul>\n<li>\n<p class=\"ds-markdown-paragraph\">Saatavilla 10 n\u00e4ytteenottolapun per pakkaus<\/p>\n<\/li>\n<li>\n<p class=\"ds-markdown-paragraph\">Huomaamaton pakkaus seurantatoiminnolla<\/p>\n<\/li>\n<li>\n<p class=\"ds-markdown-paragraph\">Vain p\u00e4teville tutkijoille.<\/p>\n<\/li>\n<\/ul>\n<p><a href=\"https:\/\/researchchemicalstore.eu\/fi\/kauppa\/lysergamidit\/1v-lsd-150-mcg-blotters\/\">1V-LSD 150 MCG -n\u00e4ytteenotot<\/a><a href=\"https:\/\/researchchemicalstore.eu\/fi\/kauppa\/pellets\/o-dsmt-50mg-pellets\/\">O-DSMT 50 mg -pelletit<\/a><a href=\"https:\/\/researchchemicalstore.eu\/fi\/kauppa\/lysergamidit\/1-kpl-lsd\/\">1cP-LSD 150 MCG taidepaperia<\/a><a href=\"https:\/\/researchchemicalstore.eu\/fi\/kauppa\/iboga-ibogaiini\/iboga-juuren-kuori\/\">Ibogan juuren kuori<\/a><a href=\"https:\/\/researchchemicalstore.eu\/fi\/kauppa\/iboga-ibogaiini\/osta-ibogaiinihydrokloridia-netista\/\">Osta ibogaiinihydrokloridia<\/a><\/p>","protected":false},"excerpt":{"rendered":"<p>25E-NBOH 1,2 mg:n imupaperit \u2013 Huippulaatua tieteelliseen tutkimukseen. Mik\u00e4 on 25E-NBOH? 25E-NBOH on NBOH-sarjan tutkimuskemikaali.<\/p>","protected":false},"featured_media":29013,"comment_status":"closed","ping_status":"closed","template":"","meta":[],"product_brand":[82],"product_cat":[357,80],"product_tag":[201,203,202,326],"class_list":{"0":"post-24917","1":"product","2":"type-product","3":"status-publish","4":"has-post-thumbnail","6":"product_brand-research-chemical","7":"product_cat-25e-nboh","8":"product_cat-fenethylamine","9":"product_tag-25e-nboh","10":"product_tag-25e-nboh-kopen","11":"product_tag-25e-nboh-reddit","12":"product_tag-nl","14":"first","15":"instock","16":"taxable","17":"shipping-taxable","18":"purchasable","19":"product-type-variable"},"_links":{"self":[{"href":"https:\/\/researchchemicalstore.eu\/fi\/wp-json\/wp\/v2\/product\/24917","targetHints":{"allow":["GET"]}}],"collection":[{"href":"https:\/\/researchchemicalstore.eu\/fi\/wp-json\/wp\/v2\/product"}],"about":[{"href":"https:\/\/researchchemicalstore.eu\/fi\/wp-json\/wp\/v2\/types\/product"}],"replies":[{"embeddable":true,"href":"https:\/\/researchchemicalstore.eu\/fi\/wp-json\/wp\/v2\/comments?post=24917"}],"version-history":[{"count":5,"href":"https:\/\/researchchemicalstore.eu\/fi\/wp-json\/wp\/v2\/product\/24917\/revisions"}],"predecessor-version":[{"id":25869,"href":"https:\/\/researchchemicalstore.eu\/fi\/wp-json\/wp\/v2\/product\/24917\/revisions\/25869"}],"wp:featuredmedia":[{"embeddable":true,"href":"https:\/\/researchchemicalstore.eu\/fi\/wp-json\/wp\/v2\/media\/29013"}],"wp:attachment":[{"href":"https:\/\/researchchemicalstore.eu\/fi\/wp-json\/wp\/v2\/media?parent=24917"}],"wp:term":[{"taxonomy":"product_brand","embeddable":true,"href":"https:\/\/researchchemicalstore.eu\/fi\/wp-json\/wp\/v2\/product_brand?post=24917"},{"taxonomy":"product_cat","embeddable":true,"href":"https:\/\/researchchemicalstore.eu\/fi\/wp-json\/wp\/v2\/product_cat?post=24917"},{"taxonomy":"product_tag","embeddable":true,"href":"https:\/\/researchchemicalstore.eu\/fi\/wp-json\/wp\/v2\/product_tag?post=24917"}],"curies":[{"name":"wp","href":"https:\/\/api.w.org\/{rel}","templated":true}]}}