{"id":27437,"date":"2025-08-30T09:12:39","date_gmt":"2025-08-30T09:12:39","guid":{"rendered":"https:\/\/researchchemicalstore.eu\/?post_type=product&#038;p=27437"},"modified":"2025-11-17T11:48:53","modified_gmt":"2025-11-17T11:48:53","slug":"jjc8-089","status":"publish","type":"product","link":"https:\/\/researchchemicalstore.eu\/fi\/tuote\/jjc8-089\/","title":{"rendered":"JJC8-089"},"content":{"rendered":"<p class=\"ds-markdown-paragraph\"><strong>JJC8-089: Tehokas ja selektiivinen DAT-est\u00e4j\u00e4 motivaatiotutkimukseen<\/strong><\/p>\n<p class=\"ds-markdown-paragraph\">JJC8-089 on potentiaalinen tutkimusmolekyyli, joka on erityisesti suunniteltu motivaation ja ponnisteluihin liittyv\u00e4n k\u00e4ytt\u00e4ytymisen tutkimiseen. Selektiivisen\u00e4 dopamiinin kuljettajan (DAT) est\u00e4j\u00e4n\u00e4 se lis\u00e4\u00e4 aivojen solunulkoisia dopamiinitasoja.<\/p>\n<p class=\"ds-markdown-paragraph\">Prekliinisiss\u00e4 malleissa JJC8-089:n on osoitettu merkitt\u00e4v\u00e4sti k\u00e4\u00e4nt\u00e4v\u00e4n tetrabenatsiinin (VMAT2-est\u00e4j\u00e4) aiheuttamia motivaatiovajeita. Se palauttaa halukkuuden ponnistella paljon (kuten valita teht\u00e4v\u00e4 viidell\u00e4 napinpainalluksella) helpomman ja v\u00e4hemm\u00e4n palkitsevan vaihtoehdon sijaan. N\u00e4m\u00e4 ominaisuudet tekev\u00e4t JJC8-089:st\u00e4 (CAS-nro 1627576-64-0) arvokkaan farmakologisen ty\u00f6kalun neurotieteellisess\u00e4 tutkimuksessa, jossa tutkitaan esimerkiksi masennusta, apatiaa ja v\u00e4symyst\u00e4.<\/p>\n<p class=\"ds-markdown-paragraph\"><strong>T\u00e4rkeimm\u00e4t ominaisuudet:<\/strong><\/p>\n<ul>\n<li>\n<p class=\"ds-markdown-paragraph\"><strong>Molekyylikaava:<\/strong>\u00a0C\u2082\u2082H\u2082\u2088F\u2082N\u2082OS<\/p>\n<\/li>\n<li>\n<p class=\"ds-markdown-paragraph\"><strong>Molekyylipaino:<\/strong>\u00a0406,53 g\/mol<\/p>\n<\/li>\n<li>\n<p class=\"ds-markdown-paragraph\"><strong>Ensisijainen vaikutusmekanismi:<\/strong>\u00a0Dopamiinikuljettajan (DAT) esto<\/p>\n<\/li>\n<li>\n<p class=\"ds-markdown-paragraph\"><strong>P\u00e4\u00e4asiallinen tutkimussovellus:<\/strong>\u00a0Motivaation ja ponnistelukeskeisen k\u00e4ytt\u00e4ytymisen tutkiminen.<\/p>\n<\/li>\n<\/ul>\n<hr \/>\n<h3>Versio 2: Yksityiskohtaisempi ja kuvailevampi teksti (tieteelliseen esitteeseen tai tekniseen lomakkeeseen)<\/h3>\n<p class=\"ds-markdown-paragraph\"><strong>Otsikko: JJC8-089: Lupaava ty\u00f6kaluyhdiste motivaatiopatologioiden tutkimukseen<\/strong><\/p>\n<p class=\"ds-markdown-paragraph\">JJC8-089 on syntetisoitu yhdiste, jolla on ratkaiseva rooli motivaation neurobiologian selvitt\u00e4misess\u00e4. Sen ensisijainen vaikutusmekanismi on dopamiinikuljettajan (DAT) esto, mik\u00e4 johtaa lis\u00e4\u00e4ntyneeseen dopaminergiseen neurotransmissioon synapsiraossa. T\u00e4m\u00e4 vaikutus on ratkaisevan t\u00e4rke\u00e4 palkitsemisen, motivaation ja tavoitteellisen k\u00e4ytt\u00e4ytymisen halukkuuden s\u00e4\u00e4telyss\u00e4.<\/p>\n<p class=\"ds-markdown-paragraph\">JJC8-089:n erottelukyky on kokeellisesti validoitu. Molekyylin osoitettiin merkitt\u00e4v\u00e4sti k\u00e4\u00e4nt\u00e4v\u00e4n VMAT2-est\u00e4j\u00e4n tetrabenatsiinin (HY-B0590) aiheuttaman ponnistelumotivaation puutteen. Operatiivisissa k\u00e4ytt\u00e4ytymistesteiss\u00e4 (ponnisteluihin perustuvat valintateht\u00e4v\u00e4t) JJC8-089 palautti el\u00e4inten mieltymyksen paljon ponnisteluja vaativaan teht\u00e4v\u00e4\u00e4n (kiinte\u00e4n suhteen 5-tangon painallukset), joka tuotti suuremman palkkion verrattuna v\u00e4h\u00e4n ponnisteluja vaativaan vaihtoehtoon. T\u00e4m\u00e4 havainto korostaa sen potentiaalia tehokkaana ty\u00f6kaluyhdisteen\u00e4 patologisen apatian ja alentuneen motivaation ominaisuuksien tutkimuksessa.<\/p>\n<p class=\"ds-markdown-paragraph\"><strong>Tekniset tiedot:<\/strong><\/p>\n<ul>\n<li>\n<p class=\"ds-markdown-paragraph\"><strong>Kemiallinen nimi:<\/strong>\u00a0[Rakenteeseen perustuen, esim. bentshydryylisulfidin johdannainen]<\/p>\n<\/li>\n<li>\n<p class=\"ds-markdown-paragraph\"><strong>CAS-numero:<\/strong>\u00a01627576-64-0<\/p>\n<\/li>\n<li>\n<p class=\"ds-markdown-paragraph\"><strong>Molekyylikaava:<\/strong>\u00a0C\u2082\u2082H\u2082\u2088F\u2082N\u2082OS<\/p>\n<\/li>\n<li>\n<p class=\"ds-markdown-paragraph\"><strong>Molekyylipaino:<\/strong>\u00a0406,53<\/p>\n<\/li>\n<li>\n<p class=\"ds-markdown-paragraph\"><strong>SMILES-merkint\u00e4:<\/strong>\u00a0CC(CN1CCN(CC1)CCSC(C2=CC=C(C=C2)F)C3=CC=C(C=C3)F)<\/p>\n<\/li>\n<li>\n<p class=\"ds-markdown-paragraph\"><strong>Huomautus:<\/strong>\u00a0Vain tutkimustarkoituksiin\u00a0<em>in vitro<\/em>\u00a0ja prekliinisiss\u00e4 malleissa. Ei ihmisille eik\u00e4 el\u00e4imille.<\/p>\n<\/li>\n<\/ul>\n<hr \/>\n<h3>Versio 3: Hyvin lyhyt \u201dPitch\u201d (hakukoneelle tai metatiedoille)<\/h3>\n<p class=\"ds-markdown-paragraph\"><strong>JJC8-089 | DAT-est\u00e4j\u00e4 | Motivaation ja vaivann\u00e4\u00f6n tutkimukseen<\/strong><br \/>\nTehokas ja selektiivinen dopamiinin kuljettajan (DAT) est\u00e4j\u00e4. Neurotieteen tutkimuskemikaali. Kumoaa tetrabenatsiinin vaikutukset ja lis\u00e4\u00e4 rasituksen sietokyky\u00e4 prekliinisiss\u00e4 malleissa. CAS 1627576-64-0. Kaava: C\u2082\u2082H\u2082\u2088F\u2082N\u2082OS. MW: 406,53.<\/p>\n<p>JC8-089 on dopamiinin kuljettajan (DAT) est\u00e4j\u00e4, joka voi parantaa motivaatiovajetta ja lis\u00e4t\u00e4 ponnisteluja vaativaa k\u00e4ytt\u00e4ytymist\u00e4 tavoitteellisissa toiminnoissa. JJC8-089 kumosi merkitt\u00e4v\u00e4sti VMAT-2-est\u00e4j\u00e4n tetrabenatsiinin (HY-B0590) aiheuttaman v\u00e4h\u00e4isen rasituksen vaikutukset rotilla ja lis\u00e4si valinnanvaraa suuren rasituksen, kiinte\u00e4suhteisten 5-tangon painallusten ja ruoan nauttimisen v\u00e4lill\u00e4.<\/p>\n<p>Molekyylipaino<br \/>\n406,53<\/p>\n<p>Kaava<br \/>\nC22H28F2N2OS<\/p>\n<p>CAS-nro<br \/>\n1627576-64-0<\/p>\n<p>HYMYT<br \/>\nCC(CN1CCN(CC1)CCSC(C2=CC=C(C=C2)F)C3=CC=C(C=C3)F)<\/p>","protected":false},"excerpt":{"rendered":"<p>JJC8-089: Een Krachtige en Selectieve DAT-Remmer voor Motivatieonderzoek JJC8-089 is een potentieel onderzoeksmolecuul dat specifiek is ontworpen voor de studie<\/p>","protected":false},"featured_media":28805,"comment_status":"open","ping_status":"closed","template":"","meta":[],"product_brand":[],"product_cat":[1085],"product_tag":[],"class_list":{"0":"post-27437","1":"product","2":"type-product","3":"status-publish","4":"has-post-thumbnail","6":"product_cat-okategoriserad","8":"first","9":"instock","10":"taxable","11":"shipping-taxable","12":"purchasable","13":"product-type-variable"},"_links":{"self":[{"href":"https:\/\/researchchemicalstore.eu\/fi\/wp-json\/wp\/v2\/product\/27437","targetHints":{"allow":["GET"]}}],"collection":[{"href":"https:\/\/researchchemicalstore.eu\/fi\/wp-json\/wp\/v2\/product"}],"about":[{"href":"https:\/\/researchchemicalstore.eu\/fi\/wp-json\/wp\/v2\/types\/product"}],"replies":[{"embeddable":true,"href":"https:\/\/researchchemicalstore.eu\/fi\/wp-json\/wp\/v2\/comments?post=27437"}],"version-history":[{"count":2,"href":"https:\/\/researchchemicalstore.eu\/fi\/wp-json\/wp\/v2\/product\/27437\/revisions"}],"predecessor-version":[{"id":27443,"href":"https:\/\/researchchemicalstore.eu\/fi\/wp-json\/wp\/v2\/product\/27437\/revisions\/27443"}],"wp:featuredmedia":[{"embeddable":true,"href":"https:\/\/researchchemicalstore.eu\/fi\/wp-json\/wp\/v2\/media\/28805"}],"wp:attachment":[{"href":"https:\/\/researchchemicalstore.eu\/fi\/wp-json\/wp\/v2\/media?parent=27437"}],"wp:term":[{"taxonomy":"product_brand","embeddable":true,"href":"https:\/\/researchchemicalstore.eu\/fi\/wp-json\/wp\/v2\/product_brand?post=27437"},{"taxonomy":"product_cat","embeddable":true,"href":"https:\/\/researchchemicalstore.eu\/fi\/wp-json\/wp\/v2\/product_cat?post=27437"},{"taxonomy":"product_tag","embeddable":true,"href":"https:\/\/researchchemicalstore.eu\/fi\/wp-json\/wp\/v2\/product_tag?post=27437"}],"curies":[{"name":"wp","href":"https:\/\/api.w.org\/{rel}","templated":true}]}}