{"id":27458,"date":"2025-09-02T16:57:33","date_gmt":"2025-09-02T16:57:33","guid":{"rendered":"https:\/\/researchchemicalstore.eu\/?post_type=product&#038;p=27458"},"modified":"2025-10-18T14:04:54","modified_gmt":"2025-10-18T14:04:54","slug":"bentsokaiinijauhe-%e2%89%a599-0","status":"publish","type":"product","link":"https:\/\/researchchemicalstore.eu\/fi\/tuote\/bentsokaiinijauhe-%e2%89%a599-0\/","title":{"rendered":"Bentsokaiinijauhe \u226599.0%"},"content":{"rendered":"<p data-start=\"433\" data-end=\"736\">Meille <strong data-start=\"437\" data-end=\"465\">Bentsokaiinijauhe \u226599.0%<\/strong> on eritt\u00e4in puhdas ja korkealaatuinen raaka-aine, jota k\u00e4ytet\u00e4\u00e4n laajalti l\u00e4\u00e4ke-, kosmetiikka- ja teollisuussovelluksissa. Erinomaisen laatunsa ja puhtautensa ansiosta t\u00e4m\u00e4 tuote t\u00e4ytt\u00e4\u00e4 tiukimmatkin standardit ja soveltuu monenlaisiin k\u00e4ytt\u00f6tarkoituksiin.<\/p>\n<p data-start=\"738\" data-end=\"768\"><strong data-start=\"738\" data-end=\"766\">T\u00e4rkeimm\u00e4t ominaisuudet:<\/strong><\/p>\n<ul data-start=\"769\" data-end=\"1018\">\n<li data-start=\"769\" data-end=\"791\">\n<p data-start=\"771\" data-end=\"791\">Puhtaus: \u226599.0%<\/p>\n<\/li>\n<li data-start=\"792\" data-end=\"829\">\n<p data-start=\"794\" data-end=\"829\">Muoto: Hieno valkoinen kiteinen jauhe<\/p>\n<\/li>\n<li data-start=\"830\" data-end=\"930\">\n<p data-start=\"832\" data-end=\"930\">Liukoisuus: Liukenee hyvin alkoholiin ja orgaanisiin liuottimiin, liukenee niukkasti veteen<\/p>\n<\/li>\n<li data-start=\"931\" data-end=\"954\">\n<p data-start=\"933\" data-end=\"954\">CAS-numero: 94-09-7<\/p>\n<\/li>\n<li data-start=\"955\" data-end=\"984\">\n<p data-start=\"957\" data-end=\"984\">Molekyylikaava: C9H11NO2<\/p>\n<\/li>\n<li data-start=\"985\" data-end=\"1018\">\n<p data-start=\"987\" data-end=\"1018\">Molekyylipaino: 165,19 g\/mol<\/p>\n<\/li>\n<\/ul>\n<p data-start=\"1020\" data-end=\"1039\"><strong data-start=\"1020\" data-end=\"1037\">Sovellukset:<\/strong><\/p>\n<ul data-start=\"1040\" data-end=\"1298\">\n<li data-start=\"1040\" data-end=\"1132\">\n<p data-start=\"1042\" data-end=\"1132\">L\u00e4\u00e4keteollisuus: k\u00e4ytet\u00e4\u00e4n paikallispuudutteena voiteissa, geeleiss\u00e4 ja suihkeissa<\/p>\n<\/li>\n<li data-start=\"1133\" data-end=\"1210\">\n<p data-start=\"1135\" data-end=\"1210\">Kosmetiikkasektori: k\u00e4ytet\u00e4\u00e4n tilap\u00e4iseen kivunlievitykseen tarkoitetuissa tuotteissa<\/p>\n<\/li>\n<li data-start=\"1211\" data-end=\"1298\">\n<p data-start=\"1213\" data-end=\"1298\">Tutkimus ja laboratoriot: k\u00e4ytett\u00e4viss\u00e4 tieteellisiin ja analyyttisiin tarkoituksiin<\/p>\n<\/li>\n<\/ul>\n<p data-start=\"1300\" data-end=\"1462\"><strong data-start=\"1300\" data-end=\"1325\">Tallennus ja turvallisuus:<\/strong><br data-start=\"1325\" data-end=\"1328\" \/>S\u00e4ilyt\u00e4 tuotetta viile\u00e4ss\u00e4, kuivassa paikassa, suojassa suoralta auringonvalolta ja kosteudelta. Sopii vain ammattik\u00e4ytt\u00f6\u00f6n.<\/p>\n<h1 data-start=\"1469\" data-end=\"1533\"><strong data-start=\"1471\" data-end=\"1531\">Usein kysytyt kysymykset (UKK hollanniksi + englanninkielinen selitys)<\/strong><\/h1>\n<p data-start=\"1535\" data-end=\"1789\"><strong data-start=\"1535\" data-end=\"1567\">1. Mik\u00e4 on bentsokaiinijauhe?<\/strong><br data-start=\"1567\" data-end=\"1570\" \/>Bentsokaiini on paikallispuuduttava aine, jota k\u00e4ytet\u00e4\u00e4n usein kivun tai \u00e4rsytyksen tilap\u00e4iseen lievitt\u00e4miseen.<\/p>\n<p data-start=\"1791\" data-end=\"2058\"><strong data-start=\"1791\" data-end=\"1843\">2. Miten bentsokaiinijauhetta yleens\u00e4 k\u00e4ytet\u00e4\u00e4n?<\/strong><br data-start=\"1843\" data-end=\"1846\" \/>Sit\u00e4 k\u00e4ytet\u00e4\u00e4n voiteissa, geeleiss\u00e4, suihkeissa ja joskus l\u00e4\u00e4kinn\u00e4llisiss\u00e4 laitteissa kivun lievitt\u00e4miseen.<\/p>\n<p data-start=\"2060\" data-end=\"2360\"><strong data-start=\"2060\" data-end=\"2107\">3. Sopiiko t\u00e4m\u00e4 tuote nautittavaksi?<\/strong><br data-start=\"2107\" data-end=\"2110\" \/>Ei, t\u00e4m\u00e4 tuote on tarkoitettu vain ammatti- ja tutkimusk\u00e4ytt\u00f6\u00f6n. Se ei sovellu sellaisenaan nautittavaksi.<\/p>\n<p data-start=\"2362\" data-end=\"2596\"><strong data-start=\"2362\" data-end=\"2407\">4. Miten bentsokaiinijauhetta tulisi s\u00e4ilytt\u00e4\u00e4?<\/strong><br data-start=\"2407\" data-end=\"2410\" \/>S\u00e4ilyt\u00e4 viile\u00e4ss\u00e4, kuivassa, tiiviisti suljetussa paikassa, lasten ja lemmikkien ulottumattomissa.<\/p>\n<p data-start=\"2598\" data-end=\"2816\"><strong data-start=\"2598\" data-end=\"2657\">5. Voinko tilata t\u00e4t\u00e4 tuotetta pienin\u00e4 m\u00e4\u00e4rin\u00e4?<\/strong><br data-start=\"2657\" data-end=\"2660\" \/>Kyll\u00e4, tarjoamme joustavia tilausm\u00e4\u00e4ri\u00e4 tarpeidesi mukaan.<\/p>\n<p data-start=\"2818\" data-end=\"3078\"><strong data-start=\"2818\" data-end=\"2866\">6. Mik\u00e4 tekee t\u00e4st\u00e4 tuotteesta korkealaatuisen?<\/strong><br data-start=\"2866\" data-end=\"2869\" \/>\u226599.0%:n puhtausaste varmistaa luotettavuuden ja tasaisen suorituskyvyn erilaisissa sovelluksissa.<\/p>","protected":false},"excerpt":{"rendered":"<p>Ons Benzoca\u00efne Poeder \u226599.0% is een ultrazuivere, hoogwaardige grondstof die veel wordt gebruikt in farmaceutische, cosmetische en industri\u00eble toepassingen. Dankzij<\/p>","protected":false},"featured_media":28738,"comment_status":"open","ping_status":"closed","template":"","meta":[],"product_brand":[],"product_cat":[1085],"product_tag":[],"class_list":{"0":"post-27458","1":"product","2":"type-product","3":"status-publish","4":"has-post-thumbnail","6":"product_cat-okategoriserad","8":"first","9":"instock","10":"taxable","11":"shipping-taxable","12":"purchasable","13":"product-type-variable"},"_links":{"self":[{"href":"https:\/\/researchchemicalstore.eu\/fi\/wp-json\/wp\/v2\/product\/27458","targetHints":{"allow":["GET"]}}],"collection":[{"href":"https:\/\/researchchemicalstore.eu\/fi\/wp-json\/wp\/v2\/product"}],"about":[{"href":"https:\/\/researchchemicalstore.eu\/fi\/wp-json\/wp\/v2\/types\/product"}],"replies":[{"embeddable":true,"href":"https:\/\/researchchemicalstore.eu\/fi\/wp-json\/wp\/v2\/comments?post=27458"}],"version-history":[{"count":2,"href":"https:\/\/researchchemicalstore.eu\/fi\/wp-json\/wp\/v2\/product\/27458\/revisions"}],"predecessor-version":[{"id":27974,"href":"https:\/\/researchchemicalstore.eu\/fi\/wp-json\/wp\/v2\/product\/27458\/revisions\/27974"}],"wp:featuredmedia":[{"embeddable":true,"href":"https:\/\/researchchemicalstore.eu\/fi\/wp-json\/wp\/v2\/media\/28738"}],"wp:attachment":[{"href":"https:\/\/researchchemicalstore.eu\/fi\/wp-json\/wp\/v2\/media?parent=27458"}],"wp:term":[{"taxonomy":"product_brand","embeddable":true,"href":"https:\/\/researchchemicalstore.eu\/fi\/wp-json\/wp\/v2\/product_brand?post=27458"},{"taxonomy":"product_cat","embeddable":true,"href":"https:\/\/researchchemicalstore.eu\/fi\/wp-json\/wp\/v2\/product_cat?post=27458"},{"taxonomy":"product_tag","embeddable":true,"href":"https:\/\/researchchemicalstore.eu\/fi\/wp-json\/wp\/v2\/product_tag?post=27458"}],"curies":[{"name":"wp","href":"https:\/\/api.w.org\/{rel}","templated":true}]}}