{"id":27196,"date":"2025-08-14T10:52:21","date_gmt":"2025-08-14T10:52:21","guid":{"rendered":"https:\/\/researchchemicalstore.eu\/?page_id=27196"},"modified":"2025-10-13T09:51:39","modified_gmt":"2025-10-13T09:51:39","slug":"declaration-de-confidentialite","status":"publish","type":"page","link":"https:\/\/researchchemicalstore.eu\/fr\/declaration-de-confidentialite\/","title":{"rendered":"D\u00e9claration de confidentialit\u00e9"},"content":{"rendered":"<p>D\u00e9claration de confidentialit\u00e9<br>Ceci est la d\u00e9claration de confidentialit\u00e9 de researchchemicalstore.eu Applicabilit\u00e9 : Cette d\u00e9claration de confidentialit\u00e9 s&#039;applique \u00e0 toutes les informations sensibles \u00e0 la confidentialit\u00e9 ou donn\u00e9es personnelles que vous nous fournissez, par exemple via un formulaire d&#039;inscription, un formulaire de contact ou des commandes que vous passez.<\/p>\n\n\n\n<p>Nous accordons une grande importance \u00e0 la confidentialit\u00e9 de nos clients et apportons donc le plus grand soin au traitement et \u00e0 la protection de leurs donn\u00e9es personnelles. Nous traitons les donn\u00e9es conform\u00e9ment aux dispositions du R\u00e8glement g\u00e9n\u00e9ral sur la protection des donn\u00e9es (RGPD).<\/p>\n\n\n\n<p>researchchemicalstore.eu est responsable, au sens du RGPD, du traitement de vos donn\u00e9es personnelles. Cela signifie que nous sommes seuls responsables du traitement de vos donn\u00e9es personnelles, de leur finalit\u00e9 et de leur mode de traitement. Nous sommes responsables du traitement correct et rigoureux de vos donn\u00e9es personnelles, conform\u00e9ment au RGPD. Dans la pr\u00e9sente d\u00e9claration de confidentialit\u00e9, nous expliquons quelles donn\u00e9es nous traitons et \u00e0 quelles fins. Aper\u00e7u des donn\u00e9es personnelles\u00a0: Vous trouverez ci-dessous un aper\u00e7u des donn\u00e9es personnelles que nous traitons\u00a0:<\/p>\n\n\n\n<ul class=\"wp-block-list\">\n<li>Pr\u00e9nom et nom<\/li>\n\n\n\n<li>Adresse<\/li>\n\n\n\n<li>Num\u00e9ro de t\u00e9l\u00e9phone<\/li>\n\n\n\n<li>Adresse email<\/li>\n\n\n\n<li>Adresse IP d&#039;un visiteur du site Web<br>FINALIT\u00c9 ET BASE DU TRAITEMENT DES DONN\u00c9ES PERSONNELLES<br>En acceptant cette d\u00e9claration de confidentialit\u00e9, vous consentez explicitement, conform\u00e9ment \u00e0 l&#039;article 6, paragraphe 1(a) du RGPD, au traitement de vos donn\u00e9es personnelles aux fins \u00e9num\u00e9r\u00e9es ci-dessous. Vous pouvez retirer ce consentement \u00e0 tout moment. Toutefois, si vous ne nous fournissez pas certaines donn\u00e9es ou ne nous autorisez pas \u00e0 les traiter, nous pourrions ne pas \u00eatre en mesure de vous fournir le meilleur service possible.<\/li>\n<\/ul>\n\n\n\n<p>Si vous ne nous avez pas donn\u00e9 votre consentement explicite au traitement de vos donn\u00e9es personnelles, ou si vous avez retir\u00e9 ce consentement, le traitement de vos donn\u00e9es personnelles peut \u00eatre fond\u00e9 sur l&#039;article 6, paragraphe 1, alin\u00e9as b, c et\/ou f, du RGPD. Dans ce cas, le traitement de vos donn\u00e9es personnelles peut avoir lieu sans votre consentement, \u00e0 condition que cela soit n\u00e9cessaire \u00e0 l&#039;ex\u00e9cution d&#039;un contrat auquel vous \u00eates ou deviendrez partie, ou \u00e0 la protection des int\u00e9r\u00eats l\u00e9gitimes de researchchemicalstore.eu. De plus, nous pouvons \u00eatre l\u00e9galement tenus de traiter vos donn\u00e9es personnelles.<\/p>\n\n\n\n<p>Nous traitons vos donn\u00e9es personnelles aux fins suivantes :<\/p>\n\n\n\n<p>\u2013 Pour fournir nos services (pour vous livrer des marchandises)<\/p>\n\n\n\n<ul class=\"wp-block-list\">\n<li>Pour traiter votre paiement<br>\u2013 Pour envoyer notre newsletter<\/li>\n\n\n\n<li>Pour vous informer des modifications apport\u00e9es \u00e0 nos services et produits<\/li>\n\n\n\n<li>Pour vous offrir la possibilit\u00e9 de cr\u00e9er un compte<br>Nous ne conservons pas vos donn\u00e9es personnelles plus longtemps que ce qui est strictement n\u00e9cessaire pour atteindre les finalit\u00e9s pour lesquelles vos donn\u00e9es sont collect\u00e9es.<\/li>\n\n\n\n<li>DIVULGATION \u00c0 DES TIERS<\/li>\n\n\n\n<li>Nous pouvons \u00eatre amen\u00e9s \u00e0 partager vos donn\u00e9es personnelles avec des tiers si cela est compatible avec les finalit\u00e9s mentionn\u00e9es ci-dessus. La divulgation \u00e0 des tiers peut \u00eatre n\u00e9cessaire \u00e0 l&#039;ex\u00e9cution du contrat que nous concluons avec vous, \u00e0 la poursuite d&#039;un de nos int\u00e9r\u00eats l\u00e9gitimes ou au respect d&#039;une obligation l\u00e9gale \u00e0 laquelle nous sommes soumis.<\/li>\n\n\n\n<li>Nous avons conclu des accords de traitement de donn\u00e9es avec les entreprises qui traitent vos donn\u00e9es pour notre compte afin de garantir le m\u00eame niveau de s\u00e9curit\u00e9 et de confidentialit\u00e9 pour vos donn\u00e9es. Nous restons responsables de ces op\u00e9rations de traitement. En dehors des situations mentionn\u00e9es ci-dessus, nous ne communiquerons vos donn\u00e9es personnelles \u00e0 des tiers qu&#039;avec votre consentement expr\u00e8s.<\/li>\n\n\n\n<li>OBJECTIFS COMMERCIAUX<\/li>\n\n\n\n<li>Nous pouvons utiliser vos donn\u00e9es personnelles \u00e0 des fins commerciales, par exemple pour vous fournir des informations compl\u00e9mentaires sur nos services ou produits, ou sur les modifications l\u00e9gislatives concernant notre offre. Dans ce cas, vous serez inform\u00e9 uniquement \u00e0 l&#039;adresse e-mail que vous avez enregistr\u00e9e. Si vous ne souhaitez pas recevoir d&#039;informations sur les produits ou services concern\u00e9s, vous pouvez simplement vous d\u00e9sabonner en cliquant sur \u00ab\u00a0Se d\u00e9sabonner\u00a0\u00bb dans l&#039;e-mail que vous recevrez. Vos donn\u00e9es personnelles seront anonymis\u00e9es \u00e0 des fins d&#039;\u00e9tudes de march\u00e9 avant d&#039;\u00eatre utilis\u00e9es pour optimiser nos services, et elles ne permettront plus de vous identifier.<\/li>\n\n\n\n<li>Vos donn\u00e9es ne seront pas vendues ou partag\u00e9es avec des tiers \u00e0 des fins commerciales, sauf si vous donnez votre autorisation explicite \u00e0 cet effet.<\/li>\n\n\n\n<li>Cookies<\/li>\n\n\n\n<li>Un cookie est un petit fichier texte enregistr\u00e9 sur votre ordinateur, tablette ou smartphone lors de votre premi\u00e8re visite sur ce site web. Vous pouvez d\u00e9sactiver ces cookies en configurant votre navigateur internet pour qu&#039;il ne les enregistre plus. Vous pouvez \u00e9galement supprimer toutes les informations pr\u00e9c\u00e9demment enregistr\u00e9es via les param\u00e8tres de votre navigateur.<\/li>\n\n\n\n<li>Nous utilisons les cookies suivants :<\/li>\n\n\n\n<li>Cookies fonctionnels\u00a0: il s&#039;agit de cookies n\u00e9cessaires au fonctionnement technique du site web et \u00e0 votre confort d&#039;utilisation. Ils assurent son bon fonctionnement et m\u00e9morisent, par exemple, vos pr\u00e9f\u00e9rences. Ils nous permettent \u00e9galement d&#039;optimiser notre site web. Il s&#039;agit de cookies analytiques qui ne portent pas atteinte \u00e0 votre vie priv\u00e9e. Votre consentement pr\u00e9alable n&#039;est pas requis pour leur utilisation.<\/li>\n\n\n\n<li>\u201dGoogle Analytics\u00a0: Ce site web utilise des cookies de la soci\u00e9t\u00e9 am\u00e9ricaine Google dans le cadre de son service \u201c\u00a0Analytics\u00a0\u201d. researchchemicalstore.eu utilise ce service pour recevoir des rapports sur l&#039;utilisation du site web et pour mesurer sa qualit\u00e9 et son efficacit\u00e9. Nous utilisons Google Analytics conform\u00e9ment aux prescriptions de l&#039;Autorit\u00e9 n\u00e9erlandaise de protection des donn\u00e9es, conform\u00e9ment \u00e0 l&#039;exception pr\u00e9vue par la loi sur les cookies. Cela signifie que nous n&#039;avons pas besoin de votre consentement pr\u00e9alable pour utiliser Google Analytics.<\/li>\n\n\n\n<li>APER\u00c7U, CORRIGER OU SUPPRIMER<\/li>\n\n\n\n<li>Vous disposez d&#039;un droit d&#039;acc\u00e8s, de rectification et de suppression de vos donn\u00e9es personnelles. Vous avez \u00e9galement le droit de retirer votre consentement au traitement de vos donn\u00e9es personnelles ou de vous y opposer. Vous avez \u00e9galement le droit \u00e0 la portabilit\u00e9 des donn\u00e9es si nous d\u00e9tenons des donn\u00e9es personnelles num\u00e9riques que nous traitons avec votre consentement ou en ex\u00e9cution d&#039;un accord conclu avec vous.<\/li>\n\n\n\n<li>Cela signifie que vous pouvez nous soumettre une demande pour envoyer les donn\u00e9es personnelles num\u00e9riques que nous stockons \u00e0 votre sujet dans un fichier informatique lisible \u00e0 vous ou \u00e0 une autre organisation d\u00e9sign\u00e9e par vous.<\/li>\n\n\n\n<li>Vous pouvez envoyer une demande d&#039;acc\u00e8s, de rectification, de suppression, de transfert de donn\u00e9es de vos donn\u00e9es personnelles ou une demande de retrait de votre consentement ou d&#039;opposition au traitement de vos donn\u00e9es personnelles \u00e0 info@researchchemicalstore.eu.<\/li>\n\n\n\n<li>Afin de v\u00e9rifier que la demande d&#039;acc\u00e8s a bien \u00e9t\u00e9 effectu\u00e9e par vous, nous vous demandons de joindre une copie de votre pi\u00e8ce d&#039;identit\u00e9 \u00e0 votre demande. Veuillez y inscrire votre photo d&#039;identit\u00e9, la zone MRZ (zone de lecture optique, la bande num\u00e9rot\u00e9e au bas du passeport), votre num\u00e9ro de passeport et votre num\u00e9ro de s\u00e9curit\u00e9 sociale (BSN). Ceci afin de prot\u00e9ger votre vie priv\u00e9e. Nous r\u00e9pondrons \u00e0 votre demande dans les meilleurs d\u00e9lais, mais dans un d\u00e9lai de quatre semaines.<\/li>\n\n\n\n<li>Nous tenons \u00e9galement \u00e0 souligner que vous avez la possibilit\u00e9 de d\u00e9poser une plainte aupr\u00e8s de l&#039;autorit\u00e9 de contr\u00f4le nationale, l&#039;Autorit\u00e9 n\u00e9erlandaise de protection des donn\u00e9es.<\/li>\n\n\n\n<li>Contact<\/li>\n\n\n\n<li>Nous prenons la protection de vos donn\u00e9es tr\u00e8s au s\u00e9rieux et mettons en \u0153uvre des mesures appropri\u00e9es pour pr\u00e9venir toute utilisation abusive, perte, acc\u00e8s non autoris\u00e9, divulgation non d\u00e9sir\u00e9e et modification non autoris\u00e9e. Si vous pensez que vos donn\u00e9es ne sont pas correctement s\u00e9curis\u00e9es ou si vous constatez des indices d&#039;utilisation abusive, veuillez contacter notre service client ou nous envoyer un e-mail \u00e0 info@researchchemicalstore.eu.<\/li>\n<\/ul>","protected":false},"excerpt":{"rendered":"<p>PrivacyverklaringDit is de privacyverklaring van researchchemicalstore.eu Toepasselijkheid: Deze privacyverklaring is van toepassing op alle privacygevoelige informatie of persoonsgegevens die u<\/p>","protected":false},"author":1,"featured_media":0,"parent":0,"menu_order":0,"comment_status":"closed","ping_status":"closed","template":"","meta":{"footnotes":""},"class_list":["post-27196","page","type-page","status-publish","hentry"],"_links":{"self":[{"href":"https:\/\/researchchemicalstore.eu\/fr\/wp-json\/wp\/v2\/pages\/27196","targetHints":{"allow":["GET"]}}],"collection":[{"href":"https:\/\/researchchemicalstore.eu\/fr\/wp-json\/wp\/v2\/pages"}],"about":[{"href":"https:\/\/researchchemicalstore.eu\/fr\/wp-json\/wp\/v2\/types\/page"}],"author":[{"embeddable":true,"href":"https:\/\/researchchemicalstore.eu\/fr\/wp-json\/wp\/v2\/users\/1"}],"replies":[{"embeddable":true,"href":"https:\/\/researchchemicalstore.eu\/fr\/wp-json\/wp\/v2\/comments?post=27196"}],"version-history":[{"count":2,"href":"https:\/\/researchchemicalstore.eu\/fr\/wp-json\/wp\/v2\/pages\/27196\/revisions"}],"predecessor-version":[{"id":28551,"href":"https:\/\/researchchemicalstore.eu\/fr\/wp-json\/wp\/v2\/pages\/27196\/revisions\/28551"}],"wp:attachment":[{"href":"https:\/\/researchchemicalstore.eu\/fr\/wp-json\/wp\/v2\/media?parent=27196"}],"curies":[{"name":"wp","href":"https:\/\/api.w.org\/{rel}","templated":true}]}}