{"id":23102,"date":"2025-04-13T17:39:10","date_gmt":"2025-04-13T17:39:10","guid":{"rendered":"https:\/\/researchchemicalstore.eu\/?post_type=product&#038;p=23102"},"modified":"2025-10-23T02:59:27","modified_gmt":"2025-10-23T02:59:27","slug":"3-pieds-par-minute","status":"publish","type":"product","link":"https:\/\/researchchemicalstore.eu\/fr\/produit\/3-pieds-par-minute\/","title":{"rendered":"3-FPM (3-Fluorophenm\u00e9trazine)"},"content":{"rendered":"<h2><strong>3 pieds par minute<\/strong><\/h2>\n<p><strong>3 pieds par minute<\/strong> est une substance que nous vendons uniquement \u00e0 des fins de recherche et qui n&#039;est donc pas destin\u00e9e \u00e0 la consommation. la substance appartient \u00e0 la cat\u00e9gorie Fluor\u00e9e. Le 3-FPM se pr\u00e9sente sous forme de poudre et peut \u00eatre \u00e9tudi\u00e9 jusqu&#039;\u00e0 2 ans lorsqu&#039;il est stock\u00e9 dans un environnement appropri\u00e9.<\/p>\n<p>\u00c9tant donn\u00e9 que le 3-FPM est destin\u00e9 uniquement \u00e0 des fins de recherche et non \u00e0 la consommation, il est important que le 3-FPM soit conserv\u00e9 hors de port\u00e9e des enfants et des animaux domestiques.<a title=\"buvards 1V-LSD 150 MCG\" href=\"https:\/\/researchchemicalstore.eu\/fr\/boutique\/lysergamides\/1v-lsd-150-mcg-blotters\/\" target=\"_blank\" rel=\"noopener\">buvards 1V-LSD 150 MCG<\/a><\/p>\n<p>Nous proposons des produits chimiques de recherche de bonne qualit\u00e9 \u00e0 un prix \u00e9quitable. Votre commande sera exp\u00e9di\u00e9e dans les 24 heures chaque jour. Commandez donc 3FPM en toute s\u00e9curit\u00e9 et rapidement via !<\/p>\n<h2>Propri\u00e9t\u00e9s du 3-FPM<\/h2>\n<p><strong>Synonyme<\/strong>: 3-Fluorophenm\u00e9trazine<br \/>\n<strong>Num\u00e9ro CAS<\/strong>: 1803562-83-5<br \/>\n<strong>Formule<\/strong>: C11H14FNO \u2022 HCL<br \/>\n<strong>Masse molaire<\/strong>: 231,7 g\/mol<br \/>\n<strong>Puret\u00e9<\/strong>: \u226598%<\/p>\n<h2>Qu&#039;est-ce que 3-FPM ?<\/h2>\n<p>Le 3-FPM (3-Fluorophenm\u00e9trazine) est un stimulant synth\u00e9tique appartenant \u00e0 la famille des ph\u00e9n\u00e9thylamines. Il est chimiquement similaire \u00e0 d\u2019autres stimulants synth\u00e9tiques tels que l\u2019amph\u00e9tamine et le m\u00e9thylph\u00e9nidate, et produit un effet stimulant en augmentant les niveaux de dopamine, de noradr\u00e9naline et de s\u00e9rotonine dans le cerveau.<\/p>\n<p>Le 3-FPM est g\u00e9n\u00e9ralement vendu sous forme de poudre blanche ou blanc cass\u00e9 comme produit chimique de recherche. Son utilisation est ill\u00e9gale dans de nombreux pays et a \u00e9t\u00e9 li\u00e9e \u00e0 de nombreux cas de r\u00e9actions ind\u00e9sirables graves et de d\u00e9c\u00e8s.<\/p>\n<p>Le m\u00e9dicament a \u00e9t\u00e9 synth\u00e9tis\u00e9 pour la premi\u00e8re fois au d\u00e9but des ann\u00e9es 1970 et a \u00e9t\u00e9 utilis\u00e9 dans la recherche scientifique pour \u00e9tudier les effets des stimulants sur le cerveau. Cependant, en raison d\u2019un risque d\u2019abus, le m\u00e9dicament n\u2019est pas approuv\u00e9 pour la consommation humaine et est principalement utilis\u00e9 pour la recherche scientifique.<\/p>\n<p>Comme d\u2019autres stimulants, le 3-FPM peut provoquer une s\u00e9rie d\u2019effets secondaires, notamment une augmentation du rythme cardiaque et de la pression art\u00e9rielle, de l\u2019anxi\u00e9t\u00e9, de l\u2019agitation et de l\u2019insomnie. Il est important de noter que la s\u00e9curit\u00e9 et les effets \u00e0 long terme du 3-FPM sur la sant\u00e9 humaine ne sont pas bien compris et que son utilisation n\u2019est pas recommand\u00e9e.<\/p>\n<h2>Comment est n\u00e9 le 3-FPM ?<\/h2>\n<p>Les origines du 3-FPM remontent au d\u00e9but des ann\u00e9es 1970, lorsqu&#039;il a \u00e9t\u00e9 synth\u00e9tis\u00e9 pour la premi\u00e8re fois par une \u00e9quipe de chercheurs en Allemagne. Le m\u00e9dicament a \u00e9t\u00e9 d\u00e9velopp\u00e9 dans le cadre d\u2019un effort visant \u00e0 cr\u00e9er de nouveaux compos\u00e9s aux propri\u00e9t\u00e9s stimulantes qui pourraient \u00eatre utilis\u00e9s pour traiter des affections m\u00e9dicales telles que la narcolepsie et le trouble d\u00e9ficitaire de l\u2019attention avec hyperactivit\u00e9 (TDAH).<a title=\"6-CL-ADBA\" href=\"https:\/\/researchchemicalstore.eu\/fr\/boutique\/presque-interdit\/6-cl-dadba\/\" target=\"_blank\" rel=\"noopener\">6-CL-ADBA<\/a><\/p>\n<p>Le 3-FPM est un d\u00e9riv\u00e9 de la phenm\u00e9trazine, un stimulant largement utilis\u00e9 dans les ann\u00e9es 1960 comme coupe-faim, mais qui a ensuite \u00e9t\u00e9 retir\u00e9 en raison de pr\u00e9occupations concernant son potentiel addictif. Les chercheurs pensaient que modifier la structure chimique de la phenm\u00e9trazine pourrait produire de nouveaux compos\u00e9s ayant des effets similaires mais moins de risques.<\/p>\n<p>Apr\u00e8s sa synth\u00e8se initiale, le 3-FPM a \u00e9t\u00e9 \u00e9tudi\u00e9 sur des mod\u00e8les animaux pour d\u00e9terminer sa s\u00e9curit\u00e9 et son efficacit\u00e9 en tant que traitement potentiel du TDAH et d\u2019autres troubles. Cependant, le m\u00e9dicament n\u2019a jamais \u00e9t\u00e9 approuv\u00e9 pour un usage humain en raison de pr\u00e9occupations concernant les abus et la d\u00e9pendance.<a title=\"Granul\u00e9s de 2-CMC 250 mg\" href=\"https:\/\/researchchemicalstore.eu\/fr\/boutique\/cathinones\/%f0%9f%92%a1-2-mmc-poudre-cristalline-pour-toutes-questions-et-reponses-pour-lachat\/\" target=\"_blank\" rel=\"noopener\">Granul\u00e9s de 2-CMC 250 mg<\/a><\/p>\n<p>Malgr\u00e9 l\u2019absence d\u2019approbation pour l\u2019usage humain, le 3-FPM a gagn\u00e9 en popularit\u00e9 ces derni\u00e8res ann\u00e9es en tant que produit chimique de recherche. Cependant, sa s\u00e9curit\u00e9 et ses effets \u00e0 long terme sur la sant\u00e9 humaine ne sont pas bien compris et son utilisation n\u2019est pas recommand\u00e9e pour la consommation humaine.<a title=\"Granul\u00e9s Pink Star 5-MAPB 70 mg \/ 2-FMA 20 mg \/ 5-MeO-MiPT 2 mg\" href=\"https:\/\/researchchemicalstore.eu\/fr\/boutique\/presque-interdit\/pastilles-detoile-rose-5-mapb-70-mg-2-fma-20-mg-5-meo-mipt-2-mg\/\" target=\"_blank\" rel=\"noopener\">Granul\u00e9s Pink Star 5-MAPB 70 mg \/ 2-FMA 20 mg \/ 5-MeO-MiPT 2 mg<\/a><\/p>\n<h2>Mentions de danger<\/h2>\n<p>Le 3-FPM peut provoquer une irritation respiratoire<br \/>\nLe 3-FPM peut provoquer une irritation des yeux<br \/>\nIl est interdit de rejeter des produits chimiques de recherche dans l\u2019environnement.<\/p>\n<p>3-FPM EN CAS DE CONTACT AVEC LES YEUX : Rincer les yeux avec pr\u00e9caution \u00e0 l&#039;eau pendant cinq minutes. Retirez les lentilles de contact si possible.<\/p>\n<p>3-FPM EN CAS DE CONTACT AVEC LA PEAU : Laver la peau \u00e0 l&#039;eau et au savon.<\/p>\n<p>EN CAS D&#039;INHALATION 3-FPM : Transporter la victime \u00e0 l&#039;ext\u00e9rieur et la maintenir dans une position o\u00f9 elle peut confortablement respirer. <a title=\"Granul\u00e9s 4F-MPH 25 MG\" href=\"https:\/\/researchchemicalstore.eu\/fr\/boutique\/presque-interdit\/4f-mph-25-mg-pellets\/\" target=\"_blank\" rel=\"noopener\">Granul\u00e9s 4F-MPH 25 MG<\/a><\/p>","protected":false},"excerpt":{"rendered":"<p><span style=\"color: #ff6600;\"><strong>Ou recherchez-vous des granul\u00e9s de 3 pieds par minute\u00a0? &gt;&gt;<\/strong><\/span><\/p>","protected":false},"featured_media":28616,"comment_status":"closed","ping_status":"closed","template":"","meta":[],"product_brand":[82],"product_cat":[441,322,333],"product_tag":[601,602,326],"class_list":{"0":"post-23102","1":"product","2":"type-product","3":"status-publish","4":"has-post-thumbnail","6":"product_brand-research-chemical","7":"product_cat-3-fpm","8":"product_cat-bijna-verboden","9":"product_cat-gefluoreerden","10":"product_tag-3-fpm","11":"product_tag-fpm-3","12":"product_tag-nl","14":"first","15":"instock","16":"taxable","17":"shipping-taxable","18":"purchasable","19":"product-type-variable"},"_links":{"self":[{"href":"https:\/\/researchchemicalstore.eu\/fr\/wp-json\/wp\/v2\/product\/23102","targetHints":{"allow":["GET"]}}],"collection":[{"href":"https:\/\/researchchemicalstore.eu\/fr\/wp-json\/wp\/v2\/product"}],"about":[{"href":"https:\/\/researchchemicalstore.eu\/fr\/wp-json\/wp\/v2\/types\/product"}],"replies":[{"embeddable":true,"href":"https:\/\/researchchemicalstore.eu\/fr\/wp-json\/wp\/v2\/comments?post=23102"}],"version-history":[{"count":3,"href":"https:\/\/researchchemicalstore.eu\/fr\/wp-json\/wp\/v2\/product\/23102\/revisions"}],"predecessor-version":[{"id":25374,"href":"https:\/\/researchchemicalstore.eu\/fr\/wp-json\/wp\/v2\/product\/23102\/revisions\/25374"}],"wp:featuredmedia":[{"embeddable":true,"href":"https:\/\/researchchemicalstore.eu\/fr\/wp-json\/wp\/v2\/media\/28616"}],"wp:attachment":[{"href":"https:\/\/researchchemicalstore.eu\/fr\/wp-json\/wp\/v2\/media?parent=23102"}],"wp:term":[{"taxonomy":"product_brand","embeddable":true,"href":"https:\/\/researchchemicalstore.eu\/fr\/wp-json\/wp\/v2\/product_brand?post=23102"},{"taxonomy":"product_cat","embeddable":true,"href":"https:\/\/researchchemicalstore.eu\/fr\/wp-json\/wp\/v2\/product_cat?post=23102"},{"taxonomy":"product_tag","embeddable":true,"href":"https:\/\/researchchemicalstore.eu\/fr\/wp-json\/wp\/v2\/product_tag?post=23102"}],"curies":[{"name":"wp","href":"https:\/\/api.w.org\/{rel}","templated":true}]}}