{"id":23595,"date":"2025-04-13T17:40:01","date_gmt":"2025-04-13T17:40:01","guid":{"rendered":"https:\/\/researchchemicalstore.eu\/?post_type=product&#038;p=23595"},"modified":"2025-10-22T15:46:37","modified_gmt":"2025-10-22T15:46:37","slug":"commander-des-pastilles-de-lsd","status":"publish","type":"product","link":"https:\/\/researchchemicalstore.eu\/fr\/produit\/commander-des-pastilles-de-lsd\/","title":{"rendered":"Pastilles 1P-LSD 150 MCG"},"content":{"rendered":"<h3><span dir=\"auto\" style=\"vertical-align: inherit;\"><span dir=\"auto\" style=\"vertical-align: inherit;\">Commandez des granul\u00e9s de LSD 1P-LSD 150 \u00b5g \u2013 Qualit\u00e9 sup\u00e9rieure pour la recherche scientifique<\/span><\/span><\/h3>\n<h4><span dir=\"auto\" style=\"vertical-align: inherit;\"><span dir=\"auto\" style=\"vertical-align: inherit;\">Introduction<\/span><\/span><\/h4>\n<p><span dir=\"auto\" style=\"vertical-align: inherit;\"><span dir=\"auto\" style=\"vertical-align: inherit;\">Commander le LSD, le 1P-LSD (di\u00e9thylamide de l&#039;acide 1-propionyl-lysergique) est <\/span><\/span><a href=\"http:\/\/google.nl\" target=\"_blank\" rel=\"noopener\"><span dir=\"auto\" style=\"vertical-align: inherit;\"><span dir=\"auto\" style=\"vertical-align: inherit;\">un<\/span><\/span><\/a><span dir=\"auto\" style=\"vertical-align: inherit;\"><span dir=\"auto\" style=\"vertical-align: inherit;\"> Produit chimique de recherche structurellement apparent\u00e9 au LSD. Nos granules de 1P-LSD 150 \u00b5g offrent une solution fiable et dos\u00e9e avec pr\u00e9cision pour les \u00e9tudes scientifiques. Ces granules sont con\u00e7us avec pr\u00e9cision pour garantir homog\u00e9n\u00e9it\u00e9 et puret\u00e9, essentielles \u00e0 la recherche pharmacologique et neurochimique.<\/span><\/span><\/p>\n<h4><span dir=\"auto\" style=\"vertical-align: inherit;\"><span dir=\"auto\" style=\"vertical-align: inherit;\">Caract\u00e9ristiques du produit<\/span><\/span><\/h4>\n<ul>\n<li><strong><span dir=\"auto\" style=\"vertical-align: inherit;\"><span dir=\"auto\" style=\"vertical-align: inherit;\">Dosage de pr\u00e9cision<\/span><\/span><\/strong><span dir=\"auto\" style=\"vertical-align: inherit;\"><span dir=\"auto\" style=\"vertical-align: inherit;\"> :Chaque pastille contient exactement 150 microgrammes de 1P-LSD pour des r\u00e9sultats de recherche reproductibles<\/span><\/span><\/li>\n<li><strong><span dir=\"auto\" style=\"vertical-align: inherit;\"><span dir=\"auto\" style=\"vertical-align: inherit;\">Haute puret\u00e9<\/span><\/span><\/strong><span dir=\"auto\" style=\"vertical-align: inherit;\"><span dir=\"auto\" style=\"vertical-align: inherit;\"> : Test\u00e9 analytiquement avec un minimum d&#039;impuret\u00e9s pour des donn\u00e9es scientifiques fiables<\/span><\/span><\/li>\n<li><strong><span dir=\"auto\" style=\"vertical-align: inherit;\"><span dir=\"auto\" style=\"vertical-align: inherit;\">Facile \u00e0 utiliser<\/span><\/span><\/strong><span dir=\"auto\" style=\"vertical-align: inherit;\"><span dir=\"auto\" style=\"vertical-align: inherit;\"> :Les granul\u00e9s simplifient le dosage et la manipulation dans des conditions de laboratoire<\/span><\/span><\/li>\n<li><strong><span dir=\"auto\" style=\"vertical-align: inherit;\"><span dir=\"auto\" style=\"vertical-align: inherit;\">Emballage professionnel<\/span><\/span><\/strong><span dir=\"auto\" style=\"vertical-align: inherit;\"><span dir=\"auto\" style=\"vertical-align: inherit;\"> :Emballage l\u00e9ger et pauvre en oxyg\u00e8ne pour une stabilit\u00e9 optimale et une longue dur\u00e9e de conservation.<\/span><\/span><\/li>\n<\/ul>\n<h4><span dir=\"auto\" style=\"vertical-align: inherit;\"><span dir=\"auto\" style=\"vertical-align: inherit;\">Applications en recherche<\/span><\/span><\/h4>\n<p><span dir=\"auto\" style=\"vertical-align: inherit;\"><span dir=\"auto\" style=\"vertical-align: inherit;\">Le 1P-LSD est \u00e9tudi\u00e9 dans les milieux scientifiques pour ses interactions potentielles avec les r\u00e9cepteurs de la s\u00e9rotonine. Les chercheurs \u00e9tudient ses propri\u00e9t\u00e9s pharmacologiques et ses effets potentiels sur le syst\u00e8me nerveux central en environnement contr\u00f4l\u00e9. Ce produit est destin\u00e9 exclusivement \u00e0 la recherche in vitro et pr\u00e9clinique et n&#039;est pas destin\u00e9 \u00e0 la consommation humaine.<\/span><\/span><\/p>\n<h4><span dir=\"auto\" style=\"vertical-align: inherit;\"><span dir=\"auto\" style=\"vertical-align: inherit;\">Informations de s\u00e9curit\u00e9<\/span><\/span><\/h4>\n<ul>\n<li><strong><span dir=\"auto\" style=\"vertical-align: inherit;\"><span dir=\"auto\" style=\"vertical-align: inherit;\">\u00c0 usage de recherche uniquement<\/span><\/span><\/strong><span dir=\"auto\" style=\"vertical-align: inherit;\"><span dir=\"auto\" style=\"vertical-align: inherit;\"> :Non destin\u00e9 \u00e0 des usages m\u00e9dicinaux, r\u00e9cr\u00e9atifs ou autres en dehors de la recherche scientifique.<\/span><\/span><\/li>\n<li><strong><span dir=\"auto\" style=\"vertical-align: inherit;\"><span dir=\"auto\" style=\"vertical-align: inherit;\">Pr\u00e9cautions de s\u00e9curit\u00e9<\/span><\/span><\/strong><span dir=\"auto\" style=\"vertical-align: inherit;\"><span dir=\"auto\" style=\"vertical-align: inherit;\"> :Utilisez toujours un \u00e9quipement de protection individuelle (gants, blouse de laboratoire, lunettes de s\u00e9curit\u00e9) lors de la manipulation<\/span><\/span><\/li>\n<li><strong><span dir=\"auto\" style=\"vertical-align: inherit;\"><span dir=\"auto\" style=\"vertical-align: inherit;\">Conditions de stockage<\/span><\/span><\/strong><span dir=\"auto\" style=\"vertical-align: inherit;\"><span dir=\"auto\" style=\"vertical-align: inherit;\"> :Conserver dans un endroit frais et sec, \u00e0 l&#039;abri de la lumi\u00e8re et hors de port\u00e9e des personnes non autoris\u00e9es.<\/span><\/span><\/li>\n<\/ul>\n<h4><span dir=\"auto\" style=\"vertical-align: inherit;\"><span dir=\"auto\" style=\"vertical-align: inherit;\">Pourquoi choisir nos pastilles 1P-LSD ?<\/span><\/span><\/h4>\n<p><span dir=\"auto\" style=\"vertical-align: inherit;\"><span dir=\"auto\" style=\"vertical-align: inherit;\">Nos produits sont fabriqu\u00e9s sous un contr\u00f4le qualit\u00e9 rigoureux et accompagn\u00e9s de certificats d&#039;analyse d\u00e9taill\u00e9s. Les pastilles 1P-LSD 150 \u00b5g offrent aux chercheurs un moyen standardis\u00e9 et fiable pour leurs exp\u00e9riences scientifiques.<\/span><\/span><\/p>\n<h4><span dir=\"auto\" style=\"vertical-align: inherit;\"><span dir=\"auto\" style=\"vertical-align: inherit;\">Commandez maintenant pour des r\u00e9sultats de recherche fiables<\/span><\/span><\/h4>\n<p><span dir=\"auto\" style=\"vertical-align: inherit;\"><span dir=\"auto\" style=\"vertical-align: inherit;\">Pour toute question concernant les sp\u00e9cifications ou les applications, veuillez contacter notre \u00e9quipe d&#039;experts.<\/span><\/span><\/p>\n<p><strong><span dir=\"auto\" style=\"vertical-align: inherit;\"><span dir=\"auto\" style=\"vertical-align: inherit;\">Remarque importante<\/span><\/span><\/strong><span dir=\"auto\" style=\"vertical-align: inherit;\"><span dir=\"auto\" style=\"vertical-align: inherit;\"> Ce produit est destin\u00e9 uniquement \u00e0 des fins de recherche l\u00e9galement autoris\u00e9es. Avant d&#039;acheter, veuillez v\u00e9rifier la l\u00e9gislation en vigueur dans votre r\u00e9gion. <\/span><\/span><a href=\"https:\/\/researchchemicalstore.eu\/fr\/boutique\/iboga-ibogaine\/ecorce-de-racine-diboga\/\"><span dir=\"auto\" style=\"vertical-align: inherit;\"><span dir=\"auto\" style=\"vertical-align: inherit;\">\u00e9corce de racine d&#039;iboga<\/span><\/span><\/a><a href=\"https:\/\/researchchemicalstore.eu\/fr\/boutique\/iboga-ibogaine\/acheter-de-libogaine-hcl\/\"><span dir=\"auto\" style=\"vertical-align: inherit;\"><span dir=\"auto\" style=\"vertical-align: inherit;\">\u200b acheter de l&#039;iboga\u00efne hcl en ligne<\/span><\/span><\/a><a href=\"https:\/\/researchchemicalstore.eu\/fr\/boutique\/granules-2\/o-dsmt-50-mg-granules\/\"><span dir=\"auto\" style=\"vertical-align: inherit;\"><span dir=\"auto\" style=\"vertical-align: inherit;\">\u200b o-dsmt <\/span><\/span><\/a><a href=\"https:\/\/researchchemicalstore.eu\/fr\/boutique\/lysergamides\/buvards-1v-lsd-150-mcg\/\"><span dir=\"auto\" style=\"vertical-align: inherit;\"><span dir=\"auto\" style=\"vertical-align: inherit;\">1vlsd<\/span><\/span><\/a><a href=\"https:\/\/researchchemicalstore.eu\/fr\/boutique\/lysergamides\/1cp-lsd-150-mcg-2\/\"><span dir=\"auto\" style=\"vertical-align: inherit;\"><span dir=\"auto\" style=\"vertical-align: inherit;\">1 cp de LSD<\/span><\/span><\/a><\/p>","protected":false},"excerpt":{"rendered":"<h2><span dir=\"auto\" style=\"vertical-align: inherit;\"><span dir=\"auto\" style=\"vertical-align: inherit;\">Propri\u00e9t\u00e9s des granul\u00e9s 1P-LSD 150 MCG<\/span><\/span><\/h2>\n<p><strong><span dir=\"auto\" style=\"vertical-align: inherit;\"><span dir=\"auto\" style=\"vertical-align: inherit;\">Synonymes<\/span><\/span><\/strong><span dir=\"auto\" style=\"vertical-align: inherit;\"><span dir=\"auto\" style=\"vertical-align: inherit;\"> : N,N-di\u00e9thyl-7-m\u00e9thyl-4-propanoyl-6,6a,8,9-t\u00e9trahydroindolo[4,3-fg]quinol\u00e9ine-9-carboxamide <\/span><\/span><br \/>\n<strong><span dir=\"auto\" style=\"vertical-align: inherit;\"><span dir=\"auto\" style=\"vertical-align: inherit;\">Num\u00e9ro CAS<\/span><\/span><\/strong><span dir=\"auto\" style=\"vertical-align: inherit;\"><span dir=\"auto\" style=\"vertical-align: inherit;\"> : 2349358-81-0 <\/span><\/span><br \/>\n<strong><span dir=\"auto\" style=\"vertical-align: inherit;\"><span dir=\"auto\" style=\"vertical-align: inherit;\">Formule<\/span><\/span><\/strong><span dir=\"auto\" style=\"vertical-align: inherit;\"><span dir=\"auto\" style=\"vertical-align: inherit;\"> : C23H29N3O2 <\/span><\/span><br \/>\n<strong><span dir=\"auto\" style=\"vertical-align: inherit;\"><span dir=\"auto\" style=\"vertical-align: inherit;\">Masse molaire<\/span><\/span><\/strong><span dir=\"auto\" style=\"vertical-align: inherit;\"><span dir=\"auto\" style=\"vertical-align: inherit;\"> : 379,5 g\/mol <\/span><\/span><br \/>\n<strong><span dir=\"auto\" style=\"vertical-align: inherit;\"><span dir=\"auto\" style=\"vertical-align: inherit;\">Puret\u00e9<\/span><\/span><\/strong><span dir=\"auto\" style=\"vertical-align: inherit;\"><span dir=\"auto\" style=\"vertical-align: inherit;\"> : \u226599,3%<\/span><\/span><\/p>","protected":false},"featured_media":28571,"comment_status":"closed","ping_status":"closed","template":"","meta":[],"product_brand":[82],"product_cat":[363,379,358,324],"product_tag":[774,326],"class_list":{"0":"post-23595","1":"product","2":"type-product","3":"status-publish","4":"has-post-thumbnail","6":"product_brand-research-chemical","7":"product_cat-1p-lsd-kopen","8":"product_cat-1p-lsd-pellets","9":"product_cat-lysergamides","10":"product_cat-pellets-for-pellet","11":"product_tag-lsd-bestellen","12":"product_tag-nl","14":"first","15":"instock","16":"taxable","17":"shipping-taxable","18":"purchasable","19":"product-type-variable"},"_links":{"self":[{"href":"https:\/\/researchchemicalstore.eu\/fr\/wp-json\/wp\/v2\/product\/23595","targetHints":{"allow":["GET"]}}],"collection":[{"href":"https:\/\/researchchemicalstore.eu\/fr\/wp-json\/wp\/v2\/product"}],"about":[{"href":"https:\/\/researchchemicalstore.eu\/fr\/wp-json\/wp\/v2\/types\/product"}],"replies":[{"embeddable":true,"href":"https:\/\/researchchemicalstore.eu\/fr\/wp-json\/wp\/v2\/comments?post=23595"}],"version-history":[{"count":5,"href":"https:\/\/researchchemicalstore.eu\/fr\/wp-json\/wp\/v2\/product\/23595\/revisions"}],"predecessor-version":[{"id":28069,"href":"https:\/\/researchchemicalstore.eu\/fr\/wp-json\/wp\/v2\/product\/23595\/revisions\/28069"}],"wp:featuredmedia":[{"embeddable":true,"href":"https:\/\/researchchemicalstore.eu\/fr\/wp-json\/wp\/v2\/media\/28571"}],"wp:attachment":[{"href":"https:\/\/researchchemicalstore.eu\/fr\/wp-json\/wp\/v2\/media?parent=23595"}],"wp:term":[{"taxonomy":"product_brand","embeddable":true,"href":"https:\/\/researchchemicalstore.eu\/fr\/wp-json\/wp\/v2\/product_brand?post=23595"},{"taxonomy":"product_cat","embeddable":true,"href":"https:\/\/researchchemicalstore.eu\/fr\/wp-json\/wp\/v2\/product_cat?post=23595"},{"taxonomy":"product_tag","embeddable":true,"href":"https:\/\/researchchemicalstore.eu\/fr\/wp-json\/wp\/v2\/product_tag?post=23595"}],"curies":[{"name":"wp","href":"https:\/\/api.w.org\/{rel}","templated":true}]}}