{"id":23807,"date":"2025-04-13T17:40:27","date_gmt":"2025-04-13T17:40:27","guid":{"rendered":"https:\/\/researchchemicalstore.eu\/?post_type=product&#038;p=23807"},"modified":"2025-10-22T12:30:54","modified_gmt":"2025-10-22T12:30:54","slug":"4b-mar-4-bromo-4-methylaminorex","status":"publish","type":"product","link":"https:\/\/researchchemicalstore.eu\/fr\/produit\/4b-mar-4-bromo-4-methylaminorex\/","title":{"rendered":"4B-MAR (4-bromo-4-m\u00e9thylaminorex)"},"content":{"rendered":"<h2><strong><span dir=\"auto\" style=\"vertical-align: inherit;\"><span dir=\"auto\" style=\"vertical-align: inherit;\">4B-MAR \/ 4\u2032-Bromo-4-m\u00e9thylaminorex<\/span><\/span><\/strong><\/h2>\n<p><strong><span dir=\"auto\" style=\"vertical-align: inherit;\"><span dir=\"auto\" style=\"vertical-align: inherit;\">4B-MAR<\/span><\/span><\/strong><span dir=\"auto\" style=\"vertical-align: inherit;\"><span dir=\"auto\" style=\"vertical-align: inherit;\"> Il s&#039;agit d&#039;une substance que nous vendons uniquement \u00e0 des fins de recherche et qui n&#039;est donc pas destin\u00e9e \u00e0 la consommation humaine. Le 4B-MAR peut \u00eatre utilis\u00e9 \u00e0 des fins de recherche jusqu&#039;\u00e0 deux ans s&#039;il est stock\u00e9 dans un environnement appropri\u00e9. <\/span><\/span><a href=\"https:\/\/researchchemicalstore.eu\/fr\/boutique\/lysergamides\/1v-lsd-150-mcg-blotters\/\"><span dir=\"auto\" style=\"vertical-align: inherit;\"><span dir=\"auto\" style=\"vertical-align: inherit;\">buvards 1V-LSD 150 MCG<\/span><\/span><\/a><\/p>\n<p><span dir=\"auto\" style=\"vertical-align: inherit;\"><span dir=\"auto\" style=\"vertical-align: inherit;\">\u00c9tant donn\u00e9 que le 4F-MAR est destin\u00e9 uniquement \u00e0 des fins de recherche et non \u00e0 la consommation, il est important de garder le 4B-MAR hors de port\u00e9e des enfants et des animaux domestiques. <\/span><\/span><a href=\"https:\/\/researchchemicalstore.eu\/fr\/boutique\/cathinones\/%f0%9f%92%a1-2-mmc-poudre-cristalline-pour-toutes-questions-et-reponses-pour-lachat\/\"><span dir=\"auto\" style=\"vertical-align: inherit;\"><span dir=\"auto\" style=\"vertical-align: inherit;\">Granul\u00e9s de 2-CMC 250 mg<\/span><\/span><\/a><\/p>\n<p><span dir=\"auto\" style=\"vertical-align: inherit;\"><span dir=\"auto\" style=\"vertical-align: inherit;\">Nous proposons des produits chimiques de recherche de haute qualit\u00e9 \u00e0 un prix raisonnable. Votre commande est exp\u00e9di\u00e9e sous 24 heures, tous les jours. Commandez du 4B-MAR rapidement et en toute s\u00e9curit\u00e9 via 4-HO-MET Fumarate. <\/span><\/span><a href=\"https:\/\/researchchemicalstore.eu\/fr\/boutique\/phenethylamine\/gelules-2c-ef-2-mg\/\"><span dir=\"auto\" style=\"vertical-align: inherit;\"><span dir=\"auto\" style=\"vertical-align: inherit;\">G\u00e9lules 2C-EF 2 mg.<\/span><\/span><\/a><\/p>\n<h2><span dir=\"auto\" style=\"vertical-align: inherit;\"><span dir=\"auto\" style=\"vertical-align: inherit;\">4B-MAR \/ <\/span><\/span><b><span dir=\"auto\" style=\"vertical-align: inherit;\"><span dir=\"auto\" style=\"vertical-align: inherit;\">4\u2032-bromo-4-m\u00e9thylaminorex<\/span><\/span><\/b><span dir=\"auto\" style=\"vertical-align: inherit;\"><span dir=\"auto\" style=\"vertical-align: inherit;\"> propri\u00e9t\u00e9s<\/span><\/span><\/h2>\n<p><strong><span dir=\"auto\" style=\"vertical-align: inherit;\"><span dir=\"auto\" style=\"vertical-align: inherit;\">Synonyme : 4-m\u00e9thyl-5-(4-bromoph\u00e9nyl)-4,5-dihydro-1,3-oxazol-2-amine <\/span><\/span><br \/>\n<span dir=\"auto\" style=\"vertical-align: inherit;\"><span dir=\"auto\" style=\"vertical-align: inherit;\">Num\u00e9ro CAS<\/span><\/span><\/strong><span dir=\"auto\" style=\"vertical-align: inherit;\"><span dir=\"auto\" style=\"vertical-align: inherit;\"> : NVT <\/span><\/span><br \/>\n<strong><span dir=\"auto\" style=\"vertical-align: inherit;\"><span dir=\"auto\" style=\"vertical-align: inherit;\">Formule<\/span><\/span><\/strong><span dir=\"auto\" style=\"vertical-align: inherit;\"><span dir=\"auto\" style=\"vertical-align: inherit;\"> : <\/span><\/span><span title=\"Carbone\"><span dir=\"auto\" style=\"vertical-align: inherit;\"><span dir=\"auto\" style=\"vertical-align: inherit;\">C <\/span><\/span><\/span><sub><span dir=\"auto\" style=\"vertical-align: inherit;\"><span dir=\"auto\" style=\"vertical-align: inherit;\">10 <\/span><\/span><\/sub><span title=\"Hydrog\u00e8ne\"><span dir=\"auto\" style=\"vertical-align: inherit;\"><span dir=\"auto\" style=\"vertical-align: inherit;\">H <\/span><\/span><\/span><sub><span dir=\"auto\" style=\"vertical-align: inherit;\"><span dir=\"auto\" style=\"vertical-align: inherit;\">11 <\/span><\/span><\/sub><span title=\"Fluor\"><span dir=\"auto\" style=\"vertical-align: inherit;\"><span dir=\"auto\" style=\"vertical-align: inherit;\">F <\/span><\/span><\/span><span title=\"Azote\"><span dir=\"auto\" style=\"vertical-align: inherit;\"><span dir=\"auto\" style=\"vertical-align: inherit;\">N <\/span><\/span><\/span><sub><span dir=\"auto\" style=\"vertical-align: inherit;\"><span dir=\"auto\" style=\"vertical-align: inherit;\">2 <\/span><\/span><\/sub><span title=\"Oxyg\u00e8ne\"><span dir=\"auto\" style=\"vertical-align: inherit;\"><span dir=\"auto\" style=\"vertical-align: inherit;\">O <\/span><\/span><\/span><br \/>\n<strong><span dir=\"auto\" style=\"vertical-align: inherit;\"><span dir=\"auto\" style=\"vertical-align: inherit;\">Masse molaire<\/span><\/span><\/strong><span dir=\"auto\" style=\"vertical-align: inherit;\"><span dir=\"auto\" style=\"vertical-align: inherit;\"> : <\/span><\/span><span class=\"nowrap\"><span dir=\"auto\" style=\"vertical-align: inherit;\"><span dir=\"auto\" style=\"vertical-align: inherit;\">195.039<\/span><\/span><\/span><span dir=\"auto\" style=\"vertical-align: inherit;\"><span dir=\"auto\" style=\"vertical-align: inherit;\"> g mol <\/span><\/span><br \/>\n<strong><span dir=\"auto\" style=\"vertical-align: inherit;\"><span dir=\"auto\" style=\"vertical-align: inherit;\">Puret\u00e9<\/span><\/span><\/strong><span dir=\"auto\" style=\"vertical-align: inherit;\"><span dir=\"auto\" style=\"vertical-align: inherit;\"> : \u226598%<\/span><\/span><\/p>\n<h2><span dir=\"auto\" style=\"vertical-align: inherit;\"><span dir=\"auto\" style=\"vertical-align: inherit;\">Mentions de danger<\/span><\/span><\/h2>\n<p><span dir=\"auto\" style=\"vertical-align: inherit;\"><span dir=\"auto\" style=\"vertical-align: inherit;\">Le 4B-MAR peut provoquer une irritation respiratoire. <\/span><\/span><br \/>\n<span dir=\"auto\" style=\"vertical-align: inherit;\"><span dir=\"auto\" style=\"vertical-align: inherit;\">Le 4B-MAR peut provoquer une irritation des yeux. <\/span><\/span><br \/>\n<span dir=\"auto\" style=\"vertical-align: inherit;\"><span dir=\"auto\" style=\"vertical-align: inherit;\">Il est interdit de rejeter des produits chimiques de recherche dans l\u2019environnement.<\/span><\/span><\/p>\n<p><span dir=\"auto\" style=\"vertical-align: inherit;\"><span dir=\"auto\" style=\"vertical-align: inherit;\">4B-MAR EN CAS DE CONTACT AVEC LES YEUX\u00a0: Rincer d\u00e9licatement les yeux \u00e0 l\u2019eau pendant cinq minutes. Enlever les lentilles de contact si la victime en porte et si elles peuvent \u00eatre facilement enlev\u00e9es. 3-MEO-PCP <\/span><\/span><a href=\"https:\/\/researchchemicalstore.eu\/fr\/boutique\/presque-interdit\/6-cl-dadba\/\"><span dir=\"auto\" style=\"vertical-align: inherit;\"><span dir=\"auto\" style=\"vertical-align: inherit;\">6-CL-ADBA<\/span><\/span><\/a><\/p>\n<p><span dir=\"auto\" style=\"vertical-align: inherit;\"><span dir=\"auto\" style=\"vertical-align: inherit;\">4B-MAR EN CAS DE CONTACT AVEC LA PEAU : laver la peau \u00e0 l&#039;eau et au savon. <\/span><\/span><a href=\"https:\/\/researchchemicalstore.eu\/fr\/boutique\/autre\/meai\/\"><span dir=\"auto\" style=\"vertical-align: inherit;\"><span dir=\"auto\" style=\"vertical-align: inherit;\">MEAI<\/span><\/span><\/a><\/p>\n<p><span dir=\"auto\" style=\"vertical-align: inherit;\"><span dir=\"auto\" style=\"vertical-align: inherit;\">EN CAS D&#039;INHALATION 4B-MAR : Transporter la victime \u00e0 l&#039;ext\u00e9rieur et la maintenir dans une position o\u00f9 elle peut confortablement respirer.3-MEC<\/span><\/span><\/p>","protected":false},"excerpt":{"rendered":"<h2><span dir=\"auto\" style=\"vertical-align: inherit;\"><span dir=\"auto\" style=\"vertical-align: inherit;\">4B-MAR \/ <\/span><\/span><b><span dir=\"auto\" style=\"vertical-align: inherit;\"><span dir=\"auto\" style=\"vertical-align: inherit;\">4\u2032-bromo-4-m\u00e9thylaminorex<\/span><\/span><\/b><span dir=\"auto\" style=\"vertical-align: inherit;\"><span dir=\"auto\" style=\"vertical-align: inherit;\"> propri\u00e9t\u00e9s<\/span><\/span><\/h2>\n<p><strong><span dir=\"auto\" style=\"vertical-align: inherit;\"><span dir=\"auto\" style=\"vertical-align: inherit;\">Synonyme : 4-m\u00e9thyl-5-(4-bromoph\u00e9nyl)-4,5-dihydro-1,3-oxazol-2-amine <\/span><\/span><br \/>\n<span dir=\"auto\" style=\"vertical-align: inherit;\"><span dir=\"auto\" style=\"vertical-align: inherit;\">Num\u00e9ro CAS<\/span><\/span><\/strong><span dir=\"auto\" style=\"vertical-align: inherit;\"><span dir=\"auto\" style=\"vertical-align: inherit;\"> : NVT <\/span><\/span><br \/>\n<strong><span dir=\"auto\" style=\"vertical-align: inherit;\"><span dir=\"auto\" style=\"vertical-align: inherit;\">Formule<\/span><\/span><\/strong><span dir=\"auto\" style=\"vertical-align: inherit;\"><span dir=\"auto\" style=\"vertical-align: inherit;\"> : <\/span><\/span><span title=\"Carbone\"><span dir=\"auto\" style=\"vertical-align: inherit;\"><span dir=\"auto\" style=\"vertical-align: inherit;\">C <\/span><\/span><\/span><sub><span dir=\"auto\" style=\"vertical-align: inherit;\"><span dir=\"auto\" style=\"vertical-align: inherit;\">10 <\/span><\/span><\/sub><span title=\"Hydrog\u00e8ne\"><span dir=\"auto\" style=\"vertical-align: inherit;\"><span dir=\"auto\" style=\"vertical-align: inherit;\">H <\/span><\/span><\/span><sub><span dir=\"auto\" style=\"vertical-align: inherit;\"><span dir=\"auto\" style=\"vertical-align: inherit;\">11 <\/span><\/span><\/sub><span title=\"Fluor\"><span dir=\"auto\" style=\"vertical-align: inherit;\"><span dir=\"auto\" style=\"vertical-align: inherit;\">F <\/span><\/span><\/span><span title=\"Azote\"><span dir=\"auto\" style=\"vertical-align: inherit;\"><span dir=\"auto\" style=\"vertical-align: inherit;\">N <\/span><\/span><\/span><sub><span dir=\"auto\" style=\"vertical-align: inherit;\"><span dir=\"auto\" style=\"vertical-align: inherit;\">2 <\/span><\/span><\/sub><span title=\"Oxyg\u00e8ne\"><span dir=\"auto\" style=\"vertical-align: inherit;\"><span dir=\"auto\" style=\"vertical-align: inherit;\">O <\/span><\/span><\/span><br \/>\n<strong><span dir=\"auto\" style=\"vertical-align: inherit;\"><span dir=\"auto\" style=\"vertical-align: inherit;\">Masse molaire<\/span><\/span><\/strong><span dir=\"auto\" style=\"vertical-align: inherit;\"><span dir=\"auto\" style=\"vertical-align: inherit;\"> : <\/span><\/span><span class=\"nowrap\"><span dir=\"auto\" style=\"vertical-align: inherit;\"><span dir=\"auto\" style=\"vertical-align: inherit;\">195.039<\/span><\/span><\/span><span dir=\"auto\" style=\"vertical-align: inherit;\"><span dir=\"auto\" style=\"vertical-align: inherit;\"> g mol <\/span><\/span><br \/>\n<strong><span dir=\"auto\" style=\"vertical-align: inherit;\"><span dir=\"auto\" style=\"vertical-align: inherit;\">Puret\u00e9<\/span><\/span><\/strong><span dir=\"auto\" style=\"vertical-align: inherit;\"><span dir=\"auto\" style=\"vertical-align: inherit;\"> : \u226598%<\/span><\/span><\/p>","protected":false},"featured_media":28684,"comment_status":"closed","ping_status":"closed","template":"","meta":[],"product_brand":[],"product_cat":[552],"product_tag":[648,326],"class_list":{"0":"post-23807","1":"product","2":"type-product","3":"status-publish","4":"has-post-thumbnail","6":"product_cat-aminorex","7":"product_tag-4b-mar","8":"product_tag-nl","10":"first","11":"instock","12":"taxable","13":"shipping-taxable","14":"purchasable","15":"product-type-variable"},"_links":{"self":[{"href":"https:\/\/researchchemicalstore.eu\/fr\/wp-json\/wp\/v2\/product\/23807","targetHints":{"allow":["GET"]}}],"collection":[{"href":"https:\/\/researchchemicalstore.eu\/fr\/wp-json\/wp\/v2\/product"}],"about":[{"href":"https:\/\/researchchemicalstore.eu\/fr\/wp-json\/wp\/v2\/types\/product"}],"replies":[{"embeddable":true,"href":"https:\/\/researchchemicalstore.eu\/fr\/wp-json\/wp\/v2\/comments?post=23807"}],"version-history":[{"count":4,"href":"https:\/\/researchchemicalstore.eu\/fr\/wp-json\/wp\/v2\/product\/23807\/revisions"}],"predecessor-version":[{"id":28451,"href":"https:\/\/researchchemicalstore.eu\/fr\/wp-json\/wp\/v2\/product\/23807\/revisions\/28451"}],"wp:featuredmedia":[{"embeddable":true,"href":"https:\/\/researchchemicalstore.eu\/fr\/wp-json\/wp\/v2\/media\/28684"}],"wp:attachment":[{"href":"https:\/\/researchchemicalstore.eu\/fr\/wp-json\/wp\/v2\/media?parent=23807"}],"wp:term":[{"taxonomy":"product_brand","embeddable":true,"href":"https:\/\/researchchemicalstore.eu\/fr\/wp-json\/wp\/v2\/product_brand?post=23807"},{"taxonomy":"product_cat","embeddable":true,"href":"https:\/\/researchchemicalstore.eu\/fr\/wp-json\/wp\/v2\/product_cat?post=23807"},{"taxonomy":"product_tag","embeddable":true,"href":"https:\/\/researchchemicalstore.eu\/fr\/wp-json\/wp\/v2\/product_tag?post=23807"}],"curies":[{"name":"wp","href":"https:\/\/api.w.org\/{rel}","templated":true}]}}