{"id":24192,"date":"2025-04-13T17:41:13","date_gmt":"2025-04-13T17:41:13","guid":{"rendered":"https:\/\/researchchemicalstore.eu\/?post_type=product&#038;p=24192"},"modified":"2025-10-22T08:22:25","modified_gmt":"2025-10-22T08:22:25","slug":"achetez-3-pieds-par-minute","status":"publish","type":"product","link":"https:\/\/researchchemicalstore.eu\/fr\/produit\/achetez-3-pieds-par-minute\/","title":{"rendered":"Bo\u00eete de 50 mg de fluorure RC+ 3-FPM"},"content":{"rendered":"<h1><strong>Achetez une bo\u00eete de 3 FPM 50 mg \u2013 Produit chimique de recherche de qualit\u00e9 sup\u00e9rieure pour exp\u00e9riences scientifiques<\/strong><\/h1>\n<h2><strong>3-FPM (3-Fluorophenm\u00e9trazine) 50 mg \u2013 Une substance de recherche unique<\/strong><\/h2>\n<p class=\"ds-markdown-paragraph\">Le\u00a0<strong>Acheter RC+ 3 FPM 50mg Box<\/strong>\u00a0contient un produit chimique de recherche de grande valeur qui pr\u00e9sente un int\u00e9r\u00eat scientifique en raison de ses propri\u00e9t\u00e9s structurelles et de son profil pharmacologique. Cet analogue de phenm\u00e9trazine d\u00e9riv\u00e9 du fluor est vendu uniquement \u00e0 des fins de recherche in vitro et d&#039;analyse.<\/p>\n<p class=\"ds-markdown-paragraph\">Avec un dosage pr\u00e9cis de\u00a0<strong>50 mg par unit\u00e9<\/strong>\u00a0Ce produit fournit aux chercheurs une source fiable pour des exp\u00e9riences scientifiques contr\u00f4l\u00e9es.<a title=\"Granul\u00e9s de 2-CMC 250 mg\" href=\"https:\/\/researchchemicalstore.eu\/fr\/boutique\/cathinones\/%f0%9f%92%a1-2-mmc-poudre-cristalline-pour-toutes-questions-et-reponses-pour-lachat\/\" target=\"_blank\" rel=\"noopener\">Granul\u00e9s de 2-CMC 250 mg<\/a><\/p>\n<hr \/>\n<h2><strong>Principales caract\u00e9ristiques du RC+ 3-FPM 50 mg<\/strong><\/h2>\n<p class=\"ds-markdown-paragraph\">\u2705\u00a0<strong>Haute puret\u00e9 :<\/strong>\u00a0Test\u00e9 analytiquement pour une puret\u00e9 \u226598%<br \/>\n\u2705\u00a0<strong>Dosage exact :<\/strong>\u00a050 mg par unit\u00e9 pour des r\u00e9sultats reproductibles<br \/>\n\u2705\u00a0<strong>Formulation stable :<\/strong>\u00a0Dur\u00e9e de conservation optimale dans des conditions de stockage correctes<br \/>\n\u2705\u00a0<strong>Emballage scientifique :<\/strong>\u00a0Emballage l\u00e9ger et herm\u00e9tique<br \/>\n\u2705\u00a0<strong>Livraison rapide:<\/strong>\u00a0Command\u00e9 avant 15h ? Habituellement exp\u00e9di\u00e9 le jour m\u00eame<\/p>\n<hr \/>\n<h2><strong>Pertinence scientifique<\/strong><\/h2>\n<p class=\"ds-markdown-paragraph\">Le 3-FPM est un compos\u00e9 int\u00e9ressant pour la recherche car :<\/p>\n<p class=\"ds-markdown-paragraph\">\u2022\u00a0<strong>Unicit\u00e9 structurelle<\/strong>\u00a0en tant que d\u00e9riv\u00e9 fluor\u00e9 de la phenm\u00e9trazine<br \/>\n\u2022\u00a0<strong>Propri\u00e9t\u00e9s pharmacodynamiques potentielles<\/strong>\u00a0pour \u00e9tude scientifique<br \/>\n\u2022\u00a0<strong>Possibilit\u00e9s d&#039;application<\/strong> dans la recherche neurochimique et pharmacologique.<a title=\"buvards 1V-LSD 150 MCG\" href=\"https:\/\/researchchemicalstore.eu\/fr\/boutique\/lysergamides\/1v-lsd-150-mcg-blotters\/\" target=\"_blank\" rel=\"noopener\">buvards 1V-LSD 150 MCG<\/a><\/p>\n<hr \/>\n<h2><strong>Protocole de s\u00e9curit\u00e9 et lignes directrices de recherche<\/strong><\/h2>\n<p class=\"ds-markdown-paragraph\">\u26a0\u00a0<strong>IMPORTANT:<\/strong><\/p>\n<ul>\n<li>\n<p class=\"ds-markdown-paragraph\"><strong>Pour la recherche in vitro uniquement<\/strong><\/p>\n<\/li>\n<li>\n<p class=\"ds-markdown-paragraph\"><strong>Ne convient pas \u00e0 la consommation humaine ou animale.<\/strong><\/p>\n<\/li>\n<li>\n<p class=\"ds-markdown-paragraph\"><strong>R\u00e9serv\u00e9 aux chercheurs qualifi\u00e9s<\/strong><\/p>\n<\/li>\n<\/ul>\n<p class=\"ds-markdown-paragraph\">\ud83d\udd2c\u00a0<strong>Exigences du laboratoire :<\/strong><\/p>\n<ul>\n<li>\n<p class=\"ds-markdown-paragraph\">Utilisation dans un environnement de recherche contr\u00f4l\u00e9<\/p>\n<\/li>\n<li>\n<p class=\"ds-markdown-paragraph\">Portez un \u00e9quipement de protection individuelle appropri\u00e9<\/p>\n<\/li>\n<li>\n<p class=\"ds-markdown-paragraph\">Suivez tous les protocoles de s\u00e9curit\u00e9 institutionnels.<a title=\"Granul\u00e9s O-DSMT 50 mg\" href=\"https:\/\/researchchemicalstore.eu\/fr\/boutique\/granules-2\/o-dsmt-50-mg-granules\/\" target=\"_blank\" rel=\"noopener\">Granul\u00e9s O-DSMT 50 mg<\/a><\/p>\n<\/li>\n<\/ul>\n<hr \/>\n<h2><strong>Conseils de stockage<\/strong><\/h2>\n<p class=\"ds-markdown-paragraph\">\u2022 Conserver \u00e0\u00a0<strong>15-25\u00b0C<\/strong><br \/>\n\u2022 Prot\u00e9ger contre\u00a0<strong>l&#039;humidit\u00e9 et la lumi\u00e8re directe<\/strong><br \/>\n\u2022\u00a0<strong>Emballage d&#039;origine<\/strong>\u00a0tenir le coup<\/p>\n<hr \/>\n<h2><strong>Informations sur la commande<\/strong><\/h2>\n<p class=\"ds-markdown-paragraph\"><strong>Code produit:<\/strong>\u00a0RC-3FPM-50<br \/>\n<strong>Conditionnement:<\/strong>\u00a010 unit\u00e9s de 50 mg<br \/>\n<strong>D\u00e9lai de livraison:<\/strong> 1 \u00e0 3 jours ouvrables (aux Pays-Bas).<a title=\"Buvards artistiques 1cP-LSD 150 MCG\" href=\"https:\/\/researchchemicalstore.eu\/fr\/boutique\/lysergamides\/1cp-lsd-150-mcg-pastilles\/\" target=\"_blank\" rel=\"noopener\">Buvards artistiques 1cP-LSD 150 MCG<\/a><\/p>","protected":false},"excerpt":{"rendered":"<p>Achetez 3 FPM 50 mg en bo\u00eete \u2013 Produit chimique de recherche haut de gamme pour les exp\u00e9riences scientifiques 3-FPM (3-Fluorophenm\u00e9trazine) 50 mg \u2013 Un produit chimique de recherche unique Le RC+ 3<\/p>","protected":false},"featured_media":28853,"comment_status":"closed","ping_status":"closed","template":"","meta":[],"product_brand":[82],"product_cat":[555],"product_tag":[881,606,601,605,326],"class_list":{"0":"post-24192","1":"product","2":"type-product","3":"status-publish","4":"has-post-thumbnail","6":"product_brand-research-chemical","7":"product_cat-b2b","8":"product_tag-3-fpm-kopen","9":"product_tag-3-fluorophenmetrazine","10":"product_tag-3-fpm","11":"product_tag-3fpm","12":"product_tag-nl","14":"first","15":"instock","16":"taxable","17":"shipping-taxable","18":"purchasable","19":"product-type-variable"},"_links":{"self":[{"href":"https:\/\/researchchemicalstore.eu\/fr\/wp-json\/wp\/v2\/product\/24192","targetHints":{"allow":["GET"]}}],"collection":[{"href":"https:\/\/researchchemicalstore.eu\/fr\/wp-json\/wp\/v2\/product"}],"about":[{"href":"https:\/\/researchchemicalstore.eu\/fr\/wp-json\/wp\/v2\/types\/product"}],"replies":[{"embeddable":true,"href":"https:\/\/researchchemicalstore.eu\/fr\/wp-json\/wp\/v2\/comments?post=24192"}],"version-history":[{"count":3,"href":"https:\/\/researchchemicalstore.eu\/fr\/wp-json\/wp\/v2\/product\/24192\/revisions"}],"predecessor-version":[{"id":26036,"href":"https:\/\/researchchemicalstore.eu\/fr\/wp-json\/wp\/v2\/product\/24192\/revisions\/26036"}],"wp:featuredmedia":[{"embeddable":true,"href":"https:\/\/researchchemicalstore.eu\/fr\/wp-json\/wp\/v2\/media\/28853"}],"wp:attachment":[{"href":"https:\/\/researchchemicalstore.eu\/fr\/wp-json\/wp\/v2\/media?parent=24192"}],"wp:term":[{"taxonomy":"product_brand","embeddable":true,"href":"https:\/\/researchchemicalstore.eu\/fr\/wp-json\/wp\/v2\/product_brand?post=24192"},{"taxonomy":"product_cat","embeddable":true,"href":"https:\/\/researchchemicalstore.eu\/fr\/wp-json\/wp\/v2\/product_cat?post=24192"},{"taxonomy":"product_tag","embeddable":true,"href":"https:\/\/researchchemicalstore.eu\/fr\/wp-json\/wp\/v2\/product_tag?post=24192"}],"curies":[{"name":"wp","href":"https:\/\/api.w.org\/{rel}","templated":true}]}}