{"id":24265,"date":"2025-04-13T17:41:21","date_gmt":"2025-04-13T17:41:21","guid":{"rendered":"https:\/\/researchchemicalstore.eu\/?post_type=product&#038;p=24265"},"modified":"2026-02-02T09:42:37","modified_gmt":"2026-02-02T09:42:37","slug":"sachet-de-3-pastilles-de-metocine-rc","status":"publish","type":"product","link":"https:\/\/researchchemicalstore.eu\/fr\/produit\/sachet-de-3-pastilles-de-metocine-rc\/","title":{"rendered":"RC+ M\u00e9tocine sachet 3 granules"},"content":{"rendered":"<h2 class=\"ds-markdown-paragraph\"><strong>M\u00e9tocine <span class=\"___SText_anxqe-ko_\" data-ui-name=\"Link.Text\">4-ho-met<\/span> 3 pastilles \u2013 Chimie de recherche de qualit\u00e9 sup\u00e9rieure pour \u00e9tudes scientifiques<\/strong><\/h2>\n<p class=\"ds-markdown-paragraph\"><strong>Nom du produit :<\/strong>\u00a0RC+ Metocin (4-HO-MET \/ Metocin) \u2013 3 pastilles par sachet<br \/>\n<strong>Cat\u00e9gorie:<\/strong>\u00a0Produits chimiques de recherche (classe des tryptamines psych\u00e9d\u00e9liques)<br \/>\n<strong>Application:<\/strong> Recherche neuropsychologique et \u00e9tudes sur les r\u00e9cepteurs.<a title=\"G\u00e9lules de 2C-EF 2 mg\" href=\"https:\/\/researchchemicalstore.eu\/fr\/boutique\/phenethylamine\/gelules-2c-ef-2-mg\/\" target=\"_blank\" rel=\"noopener\">G\u00e9lules de 2C-EF 2 mg<\/a><\/p>\n<hr \/>\n<h3><strong>Caract\u00e9ristiques du produit :<\/strong><\/h3>\n<p class=\"ds-markdown-paragraph\">\ud83d\udd2c\u00a0<strong>Compos\u00e9 de haute puret\u00e9<\/strong>\u00a0(&gt;98% puret\u00e9)<br \/>\n\ud83d\udc8a\u00a0<strong>3 granul\u00e9s par sac<\/strong>\u00a0(dosage standardis\u00e9)<br \/>\n\ud83d\udce6\u00a0<strong>Emballage herm\u00e9tique et r\u00e9sistant \u00e0 la lumi\u00e8re<\/strong><br \/>\n\ud83d\udcca\u00a0<strong>Contr\u00f4le qualit\u00e9 approfondi<\/strong> (Analyse HPLC et GC\/MS).<a title=\"Granul\u00e9s de 2-CMC 250 mg\" href=\"https:\/\/researchchemicalstore.eu\/fr\/boutique\/cathinones\/%f0%9f%92%a1-2-mmc-poudre-cristalline-pour-toutes-questions-et-reponses-pour-lachat\/\" target=\"_blank\" rel=\"noopener\">Granul\u00e9s de 2-CMC 250 mg<\/a><\/p>\n<h3><strong>Pertinence scientifique :<\/strong><\/h3>\n<p class=\"ds-markdown-paragraph\">Le 4-HO-MET est un compos\u00e9 int\u00e9ressant pour la recherche sur :<\/p>\n<ul>\n<li>\n<p class=\"ds-markdown-paragraph\">Interactions avec les r\u00e9cepteurs s\u00e9rotoninergiques (5-HT2A)<\/p>\n<\/li>\n<li>\n<p class=\"ds-markdown-paragraph\">Mod\u00e8les d&#039;activation du cortex visuel<\/p>\n<\/li>\n<li>\n<p class=\"ds-markdown-paragraph\">Pharmacologie compar\u00e9e avec les tryptamines classiques.<a title=\"buvards 1V-LSD 150 MCG\" href=\"https:\/\/researchchemicalstore.eu\/fr\/boutique\/lysergamides\/1v-lsd-150-mcg-blotters\/\" target=\"_blank\" rel=\"noopener\">buvards 1V-LSD 150 MCG<\/a><\/p>\n<\/li>\n<\/ul>\n<p class=\"ds-markdown-paragraph\"><strong>Remarque importante :<\/strong><\/p>\n<ul>\n<li>\n<p class=\"ds-markdown-paragraph\">Pour la recherche in vitro uniquement<\/p>\n<\/li>\n<li>\n<p class=\"ds-markdown-paragraph\">Ne convient pas \u00e0 la consommation humaine\/animale<\/p>\n<\/li>\n<li>\n<p class=\"ds-markdown-paragraph\">Non destin\u00e9 \u00e0 un usage m\u00e9dicinal ou r\u00e9cr\u00e9atif<\/p>\n<\/li>\n<\/ul>\n<hr \/>\n<h3><strong>S\u00e9curit\u00e9 en laboratoire :<\/strong><\/h3>\n<p class=\"ds-markdown-paragraph\">\u26a0\u00a0<strong>Protocoles standards :<\/strong><\/p>\n<ul>\n<li>\n<p class=\"ds-markdown-paragraph\">Travailler dans un environnement conditionn\u00e9<\/p>\n<\/li>\n<li>\n<p class=\"ds-markdown-paragraph\">Protection individuelle compl\u00e8te (blouse, gants en nitrile, lunettes de s\u00e9curit\u00e9).<a title=\"G\u00e9lules de 2C-EF 2 mg\" href=\"https:\/\/researchchemicalstore.eu\/fr\/boutique\/phenethylamine\/gelules-2c-ef-2-mg\/\" target=\"_blank\" rel=\"noopener\">G\u00e9lules de 2C-EF 2 mg<\/a><\/p>\n<\/li>\n<li>\n<p class=\"ds-markdown-paragraph\">Une ventilation ad\u00e9quate est requise<\/p>\n<\/li>\n<\/ul>\n<p class=\"ds-markdown-paragraph\">\u26a0\u00a0<strong>Statut juridique :<\/strong><\/p>\n<ul>\n<li>\n<p class=\"ds-markdown-paragraph\">R\u00e9glement\u00e9 comme NPS (nouvelle substance psychoactive) dans de nombreux pays<\/p>\n<\/li>\n<li>\n<p class=\"ds-markdown-paragraph\">Les chercheurs devraient v\u00e9rifier les lois locales<\/p>\n<\/li>\n<li>\n<p class=\"ds-markdown-paragraph\">Responsabilit\u00e9 totale de l&#039;acheteur<\/p>\n<\/li>\n<\/ul>\n<hr \/>\n<h3><strong>Avantages de la recherche :<\/strong><\/h3>\n<p class=\"ds-markdown-paragraph\">\u2705\u00a0<strong>Qualit\u00e9 standardis\u00e9e<\/strong>\u00a0par lot<br \/>\n\u2705\u00a0<strong>Petites quantit\u00e9s<\/strong>\u00a0pour les \u00e9tudes pilotes<br \/>\n\u2705\u00a0<strong>Soutien scientifique<\/strong>\u00a0disponible<br \/>\n\u2705\u00a0<strong>Exp\u00e9dition rapide et discr\u00e8te<\/strong>\u00a0au sein de l&#039;UE<\/p>","protected":false},"excerpt":{"rendered":"<p>Num\u00e9ro CAS : 77872-41-4<br \/>\nFormule : C13H18N2O<br \/>\nMasse molaire : 218,3 g\/mol<br \/>\nPuret\u00e9 : \u226598%<\/p>","protected":false},"featured_media":28857,"comment_status":"closed","ping_status":"closed","template":"","meta":[],"product_brand":[82],"product_cat":[555],"product_tag":[858,857,871,636,673,635,870,326],"class_list":{"0":"post-24265","1":"product","2":"type-product","3":"status-publish","4":"has-post-thumbnail","6":"product_brand-research-chemical","7":"product_cat-b2b","8":"product_tag-4-acetoxy-met","9":"product_tag-4-ho-met-psychonaut","10":"product_tag-methylcybin","11":"product_tag-metocin","12":"product_tag-metocin-4-ho-met","13":"product_tag-metocin-kopen","14":"product_tag-metocin-tablet","15":"product_tag-nl","17":"first","18":"instock","19":"taxable","20":"shipping-taxable","21":"purchasable","22":"product-type-variable"},"_links":{"self":[{"href":"https:\/\/researchchemicalstore.eu\/fr\/wp-json\/wp\/v2\/product\/24265","targetHints":{"allow":["GET"]}}],"collection":[{"href":"https:\/\/researchchemicalstore.eu\/fr\/wp-json\/wp\/v2\/product"}],"about":[{"href":"https:\/\/researchchemicalstore.eu\/fr\/wp-json\/wp\/v2\/types\/product"}],"replies":[{"embeddable":true,"href":"https:\/\/researchchemicalstore.eu\/fr\/wp-json\/wp\/v2\/comments?post=24265"}],"version-history":[{"count":3,"href":"https:\/\/researchchemicalstore.eu\/fr\/wp-json\/wp\/v2\/product\/24265\/revisions"}],"predecessor-version":[{"id":26006,"href":"https:\/\/researchchemicalstore.eu\/fr\/wp-json\/wp\/v2\/product\/24265\/revisions\/26006"}],"wp:featuredmedia":[{"embeddable":true,"href":"https:\/\/researchchemicalstore.eu\/fr\/wp-json\/wp\/v2\/media\/28857"}],"wp:attachment":[{"href":"https:\/\/researchchemicalstore.eu\/fr\/wp-json\/wp\/v2\/media?parent=24265"}],"wp:term":[{"taxonomy":"product_brand","embeddable":true,"href":"https:\/\/researchchemicalstore.eu\/fr\/wp-json\/wp\/v2\/product_brand?post=24265"},{"taxonomy":"product_cat","embeddable":true,"href":"https:\/\/researchchemicalstore.eu\/fr\/wp-json\/wp\/v2\/product_cat?post=24265"},{"taxonomy":"product_tag","embeddable":true,"href":"https:\/\/researchchemicalstore.eu\/fr\/wp-json\/wp\/v2\/product_tag?post=24265"}],"curies":[{"name":"wp","href":"https:\/\/api.w.org\/{rel}","templated":true}]}}