{"id":24268,"date":"2025-04-13T17:41:22","date_gmt":"2025-04-13T17:41:22","guid":{"rendered":"https:\/\/researchchemicalstore.eu\/?post_type=product&#038;p=24268"},"modified":"2025-10-21T17:34:53","modified_gmt":"2025-10-21T17:34:53","slug":"sac-rc-promal-3-pastilles","status":"publish","type":"product","link":"https:\/\/researchchemicalstore.eu\/fr\/produit\/sac-rc-promal-3-pastilles\/","title":{"rendered":"Sac RC+ Promal 3 granul\u00e9s"},"content":{"rendered":"<h2><span data-sheets-value=\"{\" data-sheets-userformat=\"{\">Promal M\u00e9thallylescaline 21 mg sachet de 3 pastilles<\/span><\/h2>\n<p class=\"ds-markdown-paragraph\"><strong>Nom du produit :<\/strong> RC+ (analogue de la proscaline) \u2013 3 pastilles par sachet<br \/>\n<strong>Cat\u00e9gorie:<\/strong>\u00a0Produits chimiques de recherche (classe ph\u00e9n\u00e9thylamine)<br \/>\n<strong>Application:<\/strong> \u00c9tudes neurochimiques et recherches pharmacologiques.<a title=\"G\u00e9lules de 2C-EF 2 mg\" href=\"https:\/\/researchchemicalstore.eu\/fr\/boutique\/phenethylamine\/gelules-2c-ef-2-mg\/\" target=\"_blank\" rel=\"noopener\">G\u00e9lules de 2C-EF 2 mg<\/a><\/p>\n<hr \/>\n<h3><strong>Caract\u00e9ristiques du produit :<\/strong><\/h3>\n<p class=\"ds-markdown-paragraph\">\ud83d\udd2c\u00a0<strong>Composition standardis\u00e9e<\/strong>\u00a0\u2013 Optimis\u00e9 pour des r\u00e9sultats reproductibles<br \/>\n\ud83d\udc8a\u00a0<strong>3 granul\u00e9s par paquet<\/strong>\u00a0\u2013 Id\u00e9al pour les exp\u00e9riences contr\u00f4l\u00e9es<br \/>\n\ud83d\udce6\u00a0<strong>Emballage en sac herm\u00e9tique<\/strong>\u00a0\u2013 Stabilit\u00e9 et protection maximales<br \/>\n\ud83d\udcca\u00a0<strong>Qualit\u00e9 contr\u00f4l\u00e9e<\/strong> \u2013 Rapports d\u2019essais analytiques \u00e0 la disposition des chercheurs.<a title=\"Granul\u00e9s de 2-CMC 250 mg\" href=\"https:\/\/researchchemicalstore.eu\/fr\/boutique\/cathinones\/%f0%9f%92%a1-2-mmc-poudre-cristalline-pour-toutes-questions-et-reponses-pour-lachat\/\" target=\"_blank\" rel=\"noopener\">Granul\u00e9s de 2-CMC 250 mg<\/a><\/p>\n<h3><strong>\u00c0 propos de Promal (analogue de la proscaline) :<\/strong><\/h3>\n<p class=\"ds-markdown-paragraph\">Une substance de recherche aux propri\u00e9t\u00e9s int\u00e9ressantes pour :<\/p>\n<ul>\n<li>\n<p class=\"ds-markdown-paragraph\">\u00c9tudes de liaison aux r\u00e9cepteurs (syst\u00e8me s\u00e9rotoninergique)<\/p>\n<\/li>\n<li>\n<p class=\"ds-markdown-paragraph\">Recherche sur la relation structure-activit\u00e9 (SAR)<\/p>\n<\/li>\n<li>\n<p class=\"ds-markdown-paragraph\">Analyses pharmacodynamiques comparatives<\/p>\n<\/li>\n<\/ul>\n<p class=\"ds-markdown-paragraph\"><strong>Remarque importante :<\/strong><\/p>\n<ul>\n<li>\n<p class=\"ds-markdown-paragraph\">\u00c0 des fins de recherche in vitro uniquement<\/p>\n<\/li>\n<li>\n<p class=\"ds-markdown-paragraph\">Absolument pas destin\u00e9 \u00e0 la consommation humaine\/animale<\/p>\n<\/li>\n<li>\n<p class=\"ds-markdown-paragraph\">Aucune utilisation m\u00e9dicinale ou r\u00e9cr\u00e9ative<\/p>\n<\/li>\n<\/ul>\n<hr \/>\n<h3><strong>Consignes de s\u00e9curit\u00e9 :<\/strong><\/h3>\n<p class=\"ds-markdown-paragraph\">\u26a0\u00a0<strong>Protocole de laboratoire :<\/strong><\/p>\n<ul>\n<li>\n<p class=\"ds-markdown-paragraph\">Utilisez toujours un \u00e9quipement de protection individuelle<\/p>\n<\/li>\n<li>\n<p class=\"ds-markdown-paragraph\">Travailler exclusivement dans un environnement de laboratoire contr\u00f4l\u00e9<\/p>\n<\/li>\n<li>\n<p class=\"ds-markdown-paragraph\">\u00c9viter l&#039;exposition de la peau <a href=\"http:\/\/google.nl\" target=\"_blank\" rel=\"noopener\">et<\/a> muqueuses<\/p>\n<\/li>\n<\/ul>\n<p class=\"ds-markdown-paragraph\">\u26a0\u00a0<strong>Statut juridique :<\/strong><\/p>\n<ul>\n<li>\n<p class=\"ds-markdown-paragraph\">Peut-\u00eatre r\u00e9glement\u00e9 par la loi n\u00e9erlandaise sur l&#039;opium<\/p>\n<\/li>\n<li>\n<p class=\"ds-markdown-paragraph\">Des restrictions \u00e0 l&#039;\u00e9chelle de l&#039;UE peuvent s&#039;appliquer<\/p>\n<\/li>\n<li>\n<p class=\"ds-markdown-paragraph\">Responsabilit\u00e9 totale du chercheur\/acheteur.<a title=\"buvards 1V-LSD 150 MCG\" href=\"https:\/\/researchchemicalstore.eu\/fr\/boutique\/lysergamides\/1v-lsd-150-mcg-blotters\/\" target=\"_blank\" rel=\"noopener\">buvards 1V-LSD 150 MCG<\/a><\/p>\n<\/li>\n<\/ul>\n<hr \/>\n<h3><strong>Pourquoi choisir les granul\u00e9s RC+ Promal ?<\/strong><\/h3>\n<p class=\"ds-markdown-paragraph\">\u2705\u00a0<strong>Qualit\u00e9 constante<\/strong>\u00a0\u2013 Protocole de production strict<br \/>\n\u2705\u00a0<strong>Format adapt\u00e9 \u00e0 la recherche<\/strong>\u00a0\u2013 Petit montant pour les \u00e9tudes pilotes<br \/>\n\u2705\u00a0<strong>Exp\u00e9dition discr\u00e8te<\/strong>\u00a0\u2013 Emballage neutre sans marquage<br \/>\n\u2705\u00a0<strong>Livraison rapide<\/strong>\u00a0\u2013 Une r\u00e9serve europ\u00e9enne pour une recherche efficace<\/p>","protected":false},"excerpt":{"rendered":"<p>Promal M\u00e9thallylescaline 21 mg sachet de 3 pastilles Nom du produit : RC+ (analogue de la proscaline) \u2013 3 pastilles par sachet Cat\u00e9gorie : Produits chimiques de recherche (classe ph\u00e9n\u00e9thylamine) Application : \u00c9tudes neurochimiques<\/p>","protected":false},"featured_media":28864,"comment_status":"closed","ping_status":"closed","template":"","meta":[],"product_brand":[82],"product_cat":[555],"product_tag":[326,864,209],"class_list":{"0":"post-24268","1":"product","2":"type-product","3":"status-publish","4":"has-post-thumbnail","6":"product_brand-research-chemical","7":"product_cat-b2b","8":"product_tag-nl","9":"product_tag-promal","10":"product_tag-promal-methallylescaline","12":"first","13":"instock","14":"taxable","15":"shipping-taxable","16":"purchasable","17":"product-type-variable"},"_links":{"self":[{"href":"https:\/\/researchchemicalstore.eu\/fr\/wp-json\/wp\/v2\/product\/24268","targetHints":{"allow":["GET"]}}],"collection":[{"href":"https:\/\/researchchemicalstore.eu\/fr\/wp-json\/wp\/v2\/product"}],"about":[{"href":"https:\/\/researchchemicalstore.eu\/fr\/wp-json\/wp\/v2\/types\/product"}],"replies":[{"embeddable":true,"href":"https:\/\/researchchemicalstore.eu\/fr\/wp-json\/wp\/v2\/comments?post=24268"}],"version-history":[{"count":3,"href":"https:\/\/researchchemicalstore.eu\/fr\/wp-json\/wp\/v2\/product\/24268\/revisions"}],"predecessor-version":[{"id":26000,"href":"https:\/\/researchchemicalstore.eu\/fr\/wp-json\/wp\/v2\/product\/24268\/revisions\/26000"}],"wp:featuredmedia":[{"embeddable":true,"href":"https:\/\/researchchemicalstore.eu\/fr\/wp-json\/wp\/v2\/media\/28864"}],"wp:attachment":[{"href":"https:\/\/researchchemicalstore.eu\/fr\/wp-json\/wp\/v2\/media?parent=24268"}],"wp:term":[{"taxonomy":"product_brand","embeddable":true,"href":"https:\/\/researchchemicalstore.eu\/fr\/wp-json\/wp\/v2\/product_brand?post=24268"},{"taxonomy":"product_cat","embeddable":true,"href":"https:\/\/researchchemicalstore.eu\/fr\/wp-json\/wp\/v2\/product_cat?post=24268"},{"taxonomy":"product_tag","embeddable":true,"href":"https:\/\/researchchemicalstore.eu\/fr\/wp-json\/wp\/v2\/product_tag?post=24268"}],"curies":[{"name":"wp","href":"https:\/\/api.w.org\/{rel}","templated":true}]}}