{"id":24330,"date":"2025-04-13T17:41:30","date_gmt":"2025-04-13T17:41:30","guid":{"rendered":"https:\/\/researchchemicalstore.eu\/?post_type=product&#038;p=24330"},"modified":"2025-10-21T13:22:16","modified_gmt":"2025-10-21T13:22:16","slug":"plaquette-thermoformee-de-rc-4-fluor-120-mg","status":"publish","type":"product","link":"https:\/\/researchchemicalstore.eu\/fr\/produit\/plaquette-thermoformee-de-rc-4-fluor-120-mg\/","title":{"rendered":"Plaquette thermoform\u00e9e RC+ 4-Fluor 120 mg"},"content":{"rendered":"<h2 class=\"ds-markdown-paragraph\"><strong>RC+ 4-Fluor 120 mg en plaquette thermoform\u00e9e \u2013 Chimie de recherche de qualit\u00e9 sup\u00e9rieure pour applications scientifiques<\/strong><\/h2>\n<p class=\"ds-markdown-paragraph\"><strong>Nom du produit :<\/strong>\u00a0RC+ 4-Fluor (4-Fluoramph\u00e9tamine \/ 4-FA) \u2013 120 mg par comprim\u00e9 \u2013 Blister<br \/>\n<strong>Cat\u00e9gorie:<\/strong>\u00a0Produits chimiques de recherche (classe des stimulants)<br \/>\n<strong>Champ d&#039;application :<\/strong> Examen neurochimique et \u00e9tude analytique.<a title=\"Buvards artistiques 1cP-LSD 150 MCG\" href=\"https:\/\/researchchemicalstore.eu\/fr\/boutique\/lysergamides\/1cp-lsd-150-mcg-pastilles\/\" target=\"_blank\" rel=\"noopener\">Buvards artistiques 1cP-LSD 150 MCG<\/a><\/p>\n<hr \/>\n<h3><strong>Caract\u00e9ristiques du produit : <span class=\"___SText_anxqe-ko_\" data-ui-name=\"Link.Text\">fluor 4<\/span><\/strong><\/h3>\n<p class=\"ds-markdown-paragraph\">\ud83d\udd2c\u00a0<strong>Haute puret\u00e9<\/strong>\u00a0\u2013 Optimis\u00e9 pour des r\u00e9sultats de recherche pr\u00e9cis<br \/>\n\ud83d\udc8a\u00a0<strong>120 mg par comprim\u00e9<\/strong>\u00a0\u2013 Dosage standardis\u00e9 pour des exp\u00e9riences reproductibles<br \/>\n\ud83d\udce6\u00a0<strong>Emballage blister professionnel<\/strong>\u00a0\u2013 Prot\u00e8ge contre l\u2019humidit\u00e9, la lumi\u00e8re et l\u2019oxydation<br \/>\n\ud83d\udcca\u00a0<strong>Qualit\u00e9 contr\u00f4l\u00e9e<\/strong> \u2013 Rapports de tests analytiques HPLC\/MS disponibles sur demande.<a title=\"buvards 1V-LSD 150 MCG\" href=\"https:\/\/researchchemicalstore.eu\/fr\/boutique\/lysergamides\/1v-lsd-150-mcg-blotters\/\" target=\"_blank\" rel=\"noopener\">buvards 1V-LSD 150 MCG<\/a><\/p>\n<h3><strong>\u00c0 propos du RC+ 4 Fluor (4-FA) :<\/strong><\/h3>\n<p class=\"ds-markdown-paragraph\">La 4-fluoromph\u00e9tamine (4-FA) est un produit chimique de recherche dot\u00e9 de propri\u00e9t\u00e9s stimulantes et l\u00e9g\u00e8rement entactog\u00e8nes, apparent\u00e9 \u00e0 la classe des amph\u00e9tamines.<\/p>\n<p class=\"ds-markdown-paragraph\"><strong>Domaine de recherche principal :<\/strong><\/p>\n<ul>\n<li>\n<p class=\"ds-markdown-paragraph\">M\u00e9canismes de lib\u00e9ration des neurotransmetteurs<\/p>\n<\/li>\n<li>\n<p class=\"ds-markdown-paragraph\">\u00c9tudes sur l&#039;interaction dopamine\/s\u00e9rotonine<\/p>\n<\/li>\n<li>\n<p class=\"ds-markdown-paragraph\">Analyses pharmacodynamiques comparatives<\/p>\n<\/li>\n<\/ul>\n<p class=\"ds-markdown-paragraph\"><strong>NB:<\/strong><\/p>\n<ul>\n<li>\n<p class=\"ds-markdown-paragraph\">Pour usage exclusif\u00a0<em>in vitro<\/em>\u00a0recherche<\/p>\n<\/li>\n<li>\n<p class=\"ds-markdown-paragraph\">Ne convient pas \u00e0 la consommation humaine\/animale<\/p>\n<\/li>\n<li>\n<p class=\"ds-markdown-paragraph\">Ne pas utiliser \u00e0 des fins m\u00e9dicinales ou r\u00e9cr\u00e9atives<\/p>\n<\/li>\n<\/ul>\n<hr \/>\n<h3><strong>Informations de s\u00e9curit\u00e9 : <\/strong><strong><span class=\"___SText_anxqe-ko_\" data-ui-name=\"Link.Text\">fluor 4<\/span><\/strong><\/h3>\n<p class=\"ds-markdown-paragraph\">\u26a0\u00a0<strong>Protocole de s\u00e9curit\u00e9 du laboratoire :<\/strong><\/p>\n<ul>\n<li>\n<p class=\"ds-markdown-paragraph\">Porter un \u00e9quipement de protection individuelle (gants, blouse de laboratoire).<a title=\"Granul\u00e9s de 2-CMC 250 mg\" href=\"https:\/\/researchchemicalstore.eu\/fr\/boutique\/cathinones\/%f0%9f%92%a1-2-mmc-poudre-cristalline-pour-toutes-questions-et-reponses-pour-lachat\/\" target=\"_blank\" rel=\"noopener\">Granul\u00e9s de 2-CMC 250 mg<\/a><\/p>\n<\/li>\n<li>\n<p class=\"ds-markdown-paragraph\">Travailler dans des conditions contr\u00f4l\u00e9es<\/p>\n<\/li>\n<li>\n<p class=\"ds-markdown-paragraph\">\u00c9viter l&#039;exposition de la peau\/des yeux<\/p>\n<\/li>\n<\/ul>\n<p class=\"ds-markdown-paragraph\">\u26a0\u00a0<strong>Statut juridique :<\/strong><\/p>\n<ul>\n<li>\n<p class=\"ds-markdown-paragraph\">R\u00e9glement\u00e9 aux Pays-Bas en vertu de la\u00a0<strong>Loi sur l&#039;opium<\/strong><\/p>\n<\/li>\n<li>\n<p class=\"ds-markdown-paragraph\">Des restrictions \u00e0 l&#039;\u00e9chelle de l&#039;UE peuvent s&#039;appliquer<\/p>\n<\/li>\n<li>\n<p class=\"ds-markdown-paragraph\">La responsabilit\u00e9 de la conformit\u00e9 incombe \u00e0 l&#039;acheteur<\/p>\n<\/li>\n<\/ul>\n<hr \/>\n<h3><strong>Pourquoi acheter notre RC+ 4 Fluor ?<\/strong><\/h3>\n<p class=\"ds-markdown-paragraph\">\u2705\u00a0<strong>Contr\u00f4le qualit\u00e9 avanc\u00e9<\/strong>\u00a0\u2013 Chaque lot analys\u00e9<br \/>\n\u2705\u00a0<strong>Exp\u00e9dition discr\u00e8te<\/strong>\u00a0\u2013 Emballage neutre sans marquage<br \/>\n\u2705\u00a0<strong>Livraison rapide dans l&#039;UE<\/strong>\u00a0\u2013 Disponible depuis l\u2019entrep\u00f4t europ\u00e9en<br \/>\n\u2705\u00a0<strong>Soutien scientifique<\/strong>\u00a0\u2013 Documentation d\u00e9taill\u00e9e du produit<\/p>","protected":false},"excerpt":{"rendered":"<p><strong>Num\u00e9ro CAS :<\/strong> 52063-62-4<br \/>\n<strong>Formule:<\/strong> C10H14FN \u2022 HCL<br \/>\n<strong>Masse molaire :<\/strong> 203,7 g\/mol<br \/>\n<strong>Puret\u00e9:<\/strong> \u226599%<\/p>","protected":false},"featured_media":28850,"comment_status":"closed","ping_status":"closed","template":"","meta":[],"product_brand":[82],"product_cat":[555],"product_tag":[853,854,855,856,852,326],"class_list":{"0":"post-24330","1":"product","2":"type-product","3":"status-publish","4":"has-post-thumbnail","6":"product_brand-research-chemical","7":"product_cat-b2b","8":"product_tag-3-fluor-4-tributylstanyl-pyridine","9":"product_tag-4-fluor-amfetamine-74","10":"product_tag-4-fluor-amfetamine-kopen","11":"product_tag-4-fluor-amfetamine-wiki","12":"product_tag-fluor-4","13":"product_tag-nl","15":"first","16":"instock","17":"taxable","18":"shipping-taxable","19":"purchasable","20":"product-type-variable"},"_links":{"self":[{"href":"https:\/\/researchchemicalstore.eu\/fr\/wp-json\/wp\/v2\/product\/24330","targetHints":{"allow":["GET"]}}],"collection":[{"href":"https:\/\/researchchemicalstore.eu\/fr\/wp-json\/wp\/v2\/product"}],"about":[{"href":"https:\/\/researchchemicalstore.eu\/fr\/wp-json\/wp\/v2\/types\/product"}],"replies":[{"embeddable":true,"href":"https:\/\/researchchemicalstore.eu\/fr\/wp-json\/wp\/v2\/comments?post=24330"}],"version-history":[{"count":4,"href":"https:\/\/researchchemicalstore.eu\/fr\/wp-json\/wp\/v2\/product\/24330\/revisions"}],"predecessor-version":[{"id":25992,"href":"https:\/\/researchchemicalstore.eu\/fr\/wp-json\/wp\/v2\/product\/24330\/revisions\/25992"}],"wp:featuredmedia":[{"embeddable":true,"href":"https:\/\/researchchemicalstore.eu\/fr\/wp-json\/wp\/v2\/media\/28850"}],"wp:attachment":[{"href":"https:\/\/researchchemicalstore.eu\/fr\/wp-json\/wp\/v2\/media?parent=24330"}],"wp:term":[{"taxonomy":"product_brand","embeddable":true,"href":"https:\/\/researchchemicalstore.eu\/fr\/wp-json\/wp\/v2\/product_brand?post=24330"},{"taxonomy":"product_cat","embeddable":true,"href":"https:\/\/researchchemicalstore.eu\/fr\/wp-json\/wp\/v2\/product_cat?post=24330"},{"taxonomy":"product_tag","embeddable":true,"href":"https:\/\/researchchemicalstore.eu\/fr\/wp-json\/wp\/v2\/product_tag?post=24330"}],"curies":[{"name":"wp","href":"https:\/\/api.w.org\/{rel}","templated":true}]}}