{"id":24343,"date":"2025-04-13T17:41:31","date_gmt":"2025-04-13T17:41:31","guid":{"rendered":"https:\/\/researchchemicalstore.eu\/?post_type=product&#038;p=24343"},"modified":"2026-02-02T09:56:39","modified_gmt":"2026-02-02T09:56:39","slug":"mini-balance-bio-numerique-20-g-x-0001-g","status":"publish","type":"product","link":"https:\/\/researchchemicalstore.eu\/fr\/produit\/mini-balance-bio-numerique-20-g-x-0001-g\/","title":{"rendered":"Mini-balance num\u00e9rique bio \u2013 20 g x 0,001 g"},"content":{"rendered":"<h1><strong>Mini balance num\u00e9rique bio 20 g x 0,001 g<\/strong><\/h1>\n<p>Travaillez avec la plus grande pr\u00e9cision. Le <strong>Mini-balance biologique num\u00e9rique<\/strong> p\u00e8se jusqu&#039;\u00e0 <strong>20 grammes<\/strong> avec une pr\u00e9cision de <strong>0,001 gramme<\/strong> \u2013 id\u00e9al pour les applications biom\u00e9dicales, le microdosage, la recherche de suppl\u00e9ments ou les analyses en laboratoire. Petit par la taille, mais grand par les performances.<a href=\"https:\/\/researchchemicalstore.eu\/fr\/boutique\/balance\/mini-balance-numerique-professionnelle-50-g-x-0001-g\/\">Mini balance num\u00e9rique professionnelle \u2013 50 g x 0,001 g<\/a><\/p>\n<hr \/>\n<h4><strong>Caract\u00e9ristiques:<\/strong><\/h4>\n<ul>\n<li><strong>Plage de mesure :<\/strong> 0,001 g \u2013 20 g<\/li>\n<li><strong>Pr\u00e9cision:<\/strong> 1 milligramme (0,001 g)<\/li>\n<li><strong>Afficher:<\/strong> \u00c9cran LCD lumineux avec r\u00e9tro\u00e9clairage<\/li>\n<li><strong>Unit\u00e9s de pes\u00e9e :<\/strong> g, oz, ct, gn, dwt, ozt<\/li>\n<li><strong>Caract\u00e9ristiques:<\/strong> Fonction tare, arr\u00eat automatique, temps de r\u00e9ponse rapide<\/li>\n<li><strong>Alimentation \u00e9lectrique :<\/strong> 2 piles AAA (incluses ou en option)<\/li>\n<li><strong>Format:<\/strong> Ultra-compact et l\u00e9ger \u2013 se glisse parfaitement dans votre main ou dans la poche de votre veste.<a href=\"https:\/\/researchchemicalstore.eu\/fr\/boutique\/balance\/balance-numerique-cs-100-g-x-001-g\/\">Balance num\u00e9rique CS \u2013 100 g<\/a> x 0,01 g<\/li>\n<\/ul>\n<hr \/>\n<h4><strong>Applications :<\/strong><\/h4>\n<p>\u2714 \u00c9chantillons biologiques et micro-exp\u00e9riences<br \/>\n\u2714 Microdosage de compl\u00e9ments ou d&#039;extraits de plantes<br \/>\n\u2714 Mesures de laboratoire et scientifiques<br \/>\n\u2714 Bijoux, pierres pr\u00e9cieuses ou m\u00e9taux pr\u00e9cieux.<a href=\"https:\/\/researchchemicalstore.eu\/fr\/boutique\/balance\/mini-balance-numerique-pour-reservoir-20-g-x-0001-g\/\">Mini-balance num\u00e9rique pour r\u00e9servoir \u2013 20 g x 0,001 g<\/a><\/p>\n<hr \/>\n<p>\ud83c\udfaf <strong>Pourquoi choisir cette balance bio ?<\/strong><\/p>\n<ul>\n<li>Extr\u00eamement pr\u00e9cis \u00e0 faibles doses<\/li>\n<li>Des mesures fiables sans fluctuations<\/li>\n<li>Durable, portable et pr\u00eat \u00e0 l&#039;emploi imm\u00e9diatement<\/li>\n<\/ul>","protected":false},"excerpt":{"rendered":"<p><strong>Caract\u00e9ristiques:<\/strong><\/p>\n<ul>\n<li>Num\u00e9rique<\/li>\n<li>P\u00e8se \u00e0 partir de 0,001 g<\/li>\n<li>P\u00e8se max. 20 g<\/li>\n<li>Fonctionne avec : 2 piles AAA<\/li>\n<li>\u00e9cran LCD<\/li>\n<li>Couleur : noir<\/li>\n<\/ul>","protected":false},"featured_media":24680,"comment_status":"closed","ping_status":"closed","template":"","meta":[],"product_brand":[],"product_cat":[451],"product_tag":[452,848,764,767,765,766,768],"class_list":{"0":"post-24343","1":"product","2":"type-product","3":"status-publish","4":"has-post-thumbnail","6":"product_cat-weegschalen","7":"product_tag-de","8":"product_tag-digitale-bio-mini-weegschaal","9":"product_tag-digitale-cs-weegschaal","10":"product_tag-digitale-microweegschaal","11":"product_tag-milligramweegschaal","12":"product_tag-precise-weegschaal-0-001g","13":"product_tag-weegschaal-voor-research-chemicals","15":"first","16":"instock","17":"taxable","18":"shipping-taxable","19":"purchasable","20":"product-type-simple"},"_links":{"self":[{"href":"https:\/\/researchchemicalstore.eu\/fr\/wp-json\/wp\/v2\/product\/24343","targetHints":{"allow":["GET"]}}],"collection":[{"href":"https:\/\/researchchemicalstore.eu\/fr\/wp-json\/wp\/v2\/product"}],"about":[{"href":"https:\/\/researchchemicalstore.eu\/fr\/wp-json\/wp\/v2\/types\/product"}],"replies":[{"embeddable":true,"href":"https:\/\/researchchemicalstore.eu\/fr\/wp-json\/wp\/v2\/comments?post=24343"}],"version-history":[{"count":5,"href":"https:\/\/researchchemicalstore.eu\/fr\/wp-json\/wp\/v2\/product\/24343\/revisions"}],"predecessor-version":[{"id":25978,"href":"https:\/\/researchchemicalstore.eu\/fr\/wp-json\/wp\/v2\/product\/24343\/revisions\/25978"}],"wp:featuredmedia":[{"embeddable":true,"href":"https:\/\/researchchemicalstore.eu\/fr\/wp-json\/wp\/v2\/media\/24680"}],"wp:attachment":[{"href":"https:\/\/researchchemicalstore.eu\/fr\/wp-json\/wp\/v2\/media?parent=24343"}],"wp:term":[{"taxonomy":"product_brand","embeddable":true,"href":"https:\/\/researchchemicalstore.eu\/fr\/wp-json\/wp\/v2\/product_brand?post=24343"},{"taxonomy":"product_cat","embeddable":true,"href":"https:\/\/researchchemicalstore.eu\/fr\/wp-json\/wp\/v2\/product_cat?post=24343"},{"taxonomy":"product_tag","embeddable":true,"href":"https:\/\/researchchemicalstore.eu\/fr\/wp-json\/wp\/v2\/product_tag?post=24343"}],"curies":[{"name":"wp","href":"https:\/\/api.w.org\/{rel}","templated":true}]}}