{"id":24854,"date":"2025-04-13T17:43:28","date_gmt":"2025-04-13T17:43:28","guid":{"rendered":"https:\/\/researchchemicalstore.eu\/?post_type=product&#038;p=24854"},"modified":"2025-10-21T09:54:49","modified_gmt":"2025-10-21T09:54:49","slug":"granules-de-dck-20-mg","status":"publish","type":"product","link":"https:\/\/researchchemicalstore.eu\/fr\/produit\/granules-de-dck-20-mg\/","title":{"rendered":"Pastilles DCK 20 mg"},"content":{"rendered":"<h2><span data-sheets-value=\"{\" data-sheets-userformat=\"{\">Pastilles DCK 20 mg<\/span><\/h2>\n<p>Les granul\u00e9s DCK contiennent 20 mg de substance active (DCK).<\/p>\n<p>La DCK est une substance vendue uniquement \u00e0 des fins de recherche et n&#039;est donc pas destin\u00e9e \u00e0 la consommation.<a title=\"Granul\u00e9s de 2-CMC 250 mg\" href=\"https:\/\/researchchemicalstore.eu\/fr\/boutique\/cathinones\/%f0%9f%92%a1-2-mmc-poudre-cristalline-pour-toutes-questions-et-reponses-pour-lachat\/\" target=\"_blank\" rel=\"noopener\">Granul\u00e9s de 2-CMC 250 mg<\/a><\/p>\n<p>Le DCK conserve sa stabilit\u00e9 jusqu&#039;\u00e0 2 ans lorsqu&#039;il est stock\u00e9 dans un environnement appropri\u00e9. DCK <a href=\"http:\/\/google.nl\" target=\"_blank\" rel=\"noopener\">est<\/a> destin\u00e9 \u00e0 des fins de recherche et non \u00e0 la consommation. Il est donc important que le produit soit conserv\u00e9 hors de port\u00e9e des enfants et des animaux domestiques.<a title=\"G\u00e9lules de 2C-EF 2 mg\" href=\"https:\/\/researchchemicalstore.eu\/fr\/boutique\/phenethylamine\/gelules-2c-ef-2-mg\/\" target=\"_blank\" rel=\"noopener\">G\u00e9lules de 2C-EF 2 mg<\/a><\/p>\n<p>Nous proposons des produits chimiques de recherche de bonne qualit\u00e9 \u00e0 un prix \u00e9quitable. Votre commande sera exp\u00e9di\u00e9e dans les 24 heures chaque jour. Par cons\u00e9quent, commandez <em>DCK<\/em> vi s\u00fbr et rapide<\/p>\n<h3>Propri\u00e9t\u00e9s DCK<\/h3>\n<p><strong>Synonyme:<\/strong>\u00a02\u2032-oxo-PCM, deschlorok\u00e9tamine<br \/>\n<strong>Num\u00e9ro CAS :<\/strong>\u00a04631-27-0<br \/>\n<strong>Formule:<\/strong>\u00a02-(m\u00e9thylamino)-2-ph\u00e9nyl-cyclohexanone<br \/>\n<strong>Masse molaire :<\/strong>\u00a0239,7 g\/mol<br \/>\n<strong>Puret\u00e9:<\/strong>\u00a0&gt;97%<\/p>\n<h3>Mention de danger<\/h3>\n<p>Le DCK peut provoquer une irritation des voies respiratoires<br \/>\nLe DCK peut provoquer une irritation des yeux.<br \/>\nIl est interdit de rejeter des produits chimiques de recherche dans l\u2019environnement.<\/p>\n<p>EN CAS DE CONTACT AVEC LES YEUX : Rincer les yeux avec pr\u00e9caution \u00e0 l&#039;eau pendant cinq minutes. Retirez les lentilles de contact si possible.<\/p>\n<p>EN CAS DE CONTACT AVEC LA PEAU : Laver la peau \u00e0 l&#039;eau et au savon.<a title=\"6-CL-ADBA\" href=\"https:\/\/researchchemicalstore.eu\/fr\/boutique\/presque-interdit\/6-cl-dadba\/\" target=\"_blank\" rel=\"noopener\">6-CL-ADBA<\/a><\/p>\n<p>EN CAS D&#039;INHALATION DE DCK : Transporter la victime \u00e0 l&#039;ext\u00e9rieur et la maintenir dans une position o\u00f9 elle peut confortablement respirer.<a title=\"MEAI\" href=\"https:\/\/researchchemicalstore.eu\/fr\/boutique\/autre\/meai\/\" target=\"_blank\" rel=\"noopener\">MEAI<\/a><\/p>","protected":false},"excerpt":{"rendered":"<h3>Propri\u00e9t\u00e9s DCK<\/h3>\n<p><strong>Synonyme:<\/strong>\u00a02\u2032-oxo-PCM, deschlorok\u00e9tamine<br \/>\n<strong>Num\u00e9ro CAS :<\/strong>\u00a04631-27-0<br \/>\n<strong>Formule:<\/strong>\u00a02-(m\u00e9thylamino)-2-ph\u00e9nyl-cyclohexanone<br \/>\n<strong>Masse molaire :<\/strong>\u00a0239,7 g\/mol<br \/>\n<strong>Puret\u00e9:<\/strong>\u00a0&gt;97%<\/p>","protected":false},"featured_media":28761,"comment_status":"closed","ping_status":"closed","template":"","meta":[],"product_brand":[82],"product_cat":[71,427,428,324],"product_tag":[272,302,303,326],"class_list":{"0":"post-24854","1":"product","2":"type-product","3":"status-publish","4":"has-post-thumbnail","6":"product_brand-research-chemical","7":"product_cat-arylcyclohexylamine","8":"product_cat-dck","9":"product_cat-dck-pellets","10":"product_cat-pellets-for-pellet","11":"product_tag-2f-dck-kopen","12":"product_tag-dck","13":"product_tag-deschloroketamine","14":"product_tag-nl","16":"first","17":"instock","18":"taxable","19":"shipping-taxable","20":"purchasable","21":"product-type-variable"},"_links":{"self":[{"href":"https:\/\/researchchemicalstore.eu\/fr\/wp-json\/wp\/v2\/product\/24854","targetHints":{"allow":["GET"]}}],"collection":[{"href":"https:\/\/researchchemicalstore.eu\/fr\/wp-json\/wp\/v2\/product"}],"about":[{"href":"https:\/\/researchchemicalstore.eu\/fr\/wp-json\/wp\/v2\/types\/product"}],"replies":[{"embeddable":true,"href":"https:\/\/researchchemicalstore.eu\/fr\/wp-json\/wp\/v2\/comments?post=24854"}],"version-history":[{"count":3,"href":"https:\/\/researchchemicalstore.eu\/fr\/wp-json\/wp\/v2\/product\/24854\/revisions"}],"predecessor-version":[{"id":25521,"href":"https:\/\/researchchemicalstore.eu\/fr\/wp-json\/wp\/v2\/product\/24854\/revisions\/25521"}],"wp:featuredmedia":[{"embeddable":true,"href":"https:\/\/researchchemicalstore.eu\/fr\/wp-json\/wp\/v2\/media\/28761"}],"wp:attachment":[{"href":"https:\/\/researchchemicalstore.eu\/fr\/wp-json\/wp\/v2\/media?parent=24854"}],"wp:term":[{"taxonomy":"product_brand","embeddable":true,"href":"https:\/\/researchchemicalstore.eu\/fr\/wp-json\/wp\/v2\/product_brand?post=24854"},{"taxonomy":"product_cat","embeddable":true,"href":"https:\/\/researchchemicalstore.eu\/fr\/wp-json\/wp\/v2\/product_cat?post=24854"},{"taxonomy":"product_tag","embeddable":true,"href":"https:\/\/researchchemicalstore.eu\/fr\/wp-json\/wp\/v2\/product_tag?post=24854"}],"curies":[{"name":"wp","href":"https:\/\/api.w.org\/{rel}","templated":true}]}}