{"id":24905,"date":"2025-04-13T17:43:41","date_gmt":"2025-04-13T17:43:41","guid":{"rendered":"https:\/\/researchchemicalstore.eu\/?post_type=product&#038;p=24905"},"modified":"2025-10-21T09:38:36","modified_gmt":"2025-10-21T09:38:36","slug":"meai","status":"publish","type":"product","link":"https:\/\/researchchemicalstore.eu\/fr\/produit\/meai\/","title":{"rendered":"MEAI"},"content":{"rendered":"<p class=\"ds-markdown-paragraph\"><strong>MEAI (5-m\u00e9thoxy-2-aminoindane) \u2013 Compos\u00e9 de recherche innovant pour \u00e9tudes scientifiques<\/strong><\/p>\n<h3><strong>Qu&#039;est-ce que MEAI ?<\/strong><\/h3>\n<p class=\"ds-markdown-paragraph\">Le MEAI (5-m\u00e9thoxy-2-aminoindane) est un produit chimique de recherche unique, dot\u00e9 d&#039;une structure chimique int\u00e9ressante qui a suscit\u00e9 l&#039;int\u00e9r\u00eat scientifique dans plusieurs domaines de recherche. Cette substance est utilis\u00e9e exclusivement dans des environnements de recherche contr\u00f4l\u00e9s.<\/p>\n<h3><strong>Pourquoi choisir nos produits MEAI ?<\/strong><\/h3>\n<p class=\"ds-markdown-paragraph\">\u2714\u00a0<strong>Haute puret\u00e9<\/strong>\u00a0\u2013 Test\u00e9 analytiquement pour la coh\u00e9rence et la qualit\u00e9<br \/>\n\u2714\u00a0<strong>Formulation de pr\u00e9cision<\/strong>\u00a0\u2013 Dos\u00e9 avec pr\u00e9cision pour des r\u00e9sultats reproductibles<br \/>\n\u2714\u00a0<strong>Potentiel de recherche multidisciplinaire<\/strong>\u00a0\u2013 Convient \u00e0 diverses applications scientifiques<br \/>\n\u2714\u00a0<strong>Emballage s\u00fbr<\/strong>\u00a0\u2013 Stockage professionnel dans un emballage herm\u00e9tique et l\u00e9ger<\/p>\n<h3><strong>Applications scientifiques<\/strong><\/h3>\n<p class=\"ds-markdown-paragraph\">Le MEAI peut \u00eatre pertinent pour la recherche sur :<\/p>\n<ul>\n<li>\n<p class=\"ds-markdown-paragraph\">Interactions neurochimiques<\/p>\n<\/li>\n<li>\n<p class=\"ds-markdown-paragraph\">\u00c9tudes d&#039;impact comportemental<\/p>\n<\/li>\n<li>\n<p class=\"ds-markdown-paragraph\">Recherche sur la liaison aux r\u00e9cepteurs<\/p>\n<\/li>\n<li>\n<p class=\"ds-markdown-paragraph\">Analyses pharmacologiques comparatives<\/p>\n<\/li>\n<\/ul>\n<h3><strong>S\u00e9curit\u00e9 et manipulation<\/strong><\/h3>\n<ul>\n<li>\n<p class=\"ds-markdown-paragraph\"><strong>\u00c0 des fins de recherche uniquement<\/strong><\/p>\n<\/li>\n<li>\n<p class=\"ds-markdown-paragraph\">N\u00e9cessite un environnement de laboratoire contr\u00f4l\u00e9<\/p>\n<\/li>\n<li>\n<p class=\"ds-markdown-paragraph\">\u00c9quipement de protection individuelle recommand\u00e9<\/p>\n<\/li>\n<li>\n<p class=\"ds-markdown-paragraph\">Tenir hors de port\u00e9e des personnes non autoris\u00e9es<\/p>\n<\/li>\n<\/ul>\n<h3><strong>Informations sur la commande<\/strong><\/h3>\n<ul>\n<li>\n<p class=\"ds-markdown-paragraph\">Disponible en diff\u00e9rentes quantit\u00e9s<\/p>\n<\/li>\n<li>\n<p class=\"ds-markdown-paragraph\">Exp\u00e9dition discr\u00e8te avec suivi et tra\u00e7abilit\u00e9<\/p>\n<\/li>\n<li>\n<p class=\"ds-markdown-paragraph\">Uniquement pour les chercheurs et institutions qualifi\u00e9s<\/p>\n<\/li>\n<\/ul>\n<h3><strong>Statut juridique<\/strong><\/h3>\n<p class=\"ds-markdown-paragraph\">Le statut juridique du MEAI varie selon les pays. Il est de la responsabilit\u00e9 du chercheur de se conformer aux lois locales. Ce produit est\u00a0<strong>non destin\u00e9 \u00e0 la consommation humaine<\/strong>.<\/p>\n<p class=\"ds-markdown-paragraph\"><strong>Avertissement important :<\/strong><br \/>\nCe produit est destin\u00e9 \u00e0 la recherche scientifique uniquement. Une utilisation inappropri\u00e9e peut \u00eatre dangereuse. Tenir hors de port\u00e9e des enfants et des animaux. <a href=\"https:\/\/researchchemicalstore.eu\/fr\/boutique\/iboga-ibogaine\/ecorce-de-racine-diboga\/\">\u00c9corce de racine d&#039;iboga<\/a><a href=\"https:\/\/researchchemicalstore.eu\/fr\/boutique\/iboga-ibogaine\/acheter-de-libogaine-hcl\/\">Acheter de l&#039;iboga\u00efne HCL<\/a><a href=\"https:\/\/researchchemicalstore.eu\/fr\/boutique\/lysergamides\/1cp-lsd-150-mcg-2\/\">Buvards artistiques 1cP-LSD 150 MCG<\/a><a href=\"https:\/\/researchchemicalstore.eu\/fr\/boutique\/granules-2\/o-dsmt-50-mg-granules\/\">Granul\u00e9s O-DSMT 50 mg<\/a><a href=\"https:\/\/researchchemicalstore.eu\/fr\/boutique\/lysergamides\/1v-lsd-150-mcg-blotters\/\">buvards 1V-LSD 150 MCG<\/a><\/p>","protected":false},"excerpt":{"rendered":"<h3><span data-sheets-value=\"{\" data-sheets-userformat=\"{\">Propri\u00e9t\u00e9s MEAI<\/span><\/h3>\n<p><strong>Synonyme:<\/strong> 5-m\u00e9thoxy-2-aminoindane, 5-MeO-Al, Chaperon<br \/>\n<strong>Num\u00e9ro CAS :<\/strong> 73305-09-6<br \/>\n<strong>Formule:<\/strong> <span title=\"Carbone\">C<\/span><sub>10<\/sub><span title=\"Hydrog\u00e8ne\">H<\/span><sub>13<\/sub><span title=\"Azote\">N<\/span><span title=\"Oxyg\u00e8ne\">O<\/span><br \/>\n<strong>Masse molaire :<\/strong> 163,220 g\/mol<br \/>\n<strong>Puret\u00e9:<\/strong> &gt;98%<\/p>","protected":false},"featured_media":28811,"comment_status":"closed","ping_status":"closed","template":"","meta":[],"product_brand":[],"product_cat":[424,336],"product_tag":[603,326],"class_list":{"0":"post-24905","1":"product","2":"type-product","3":"status-publish","4":"has-post-thumbnail","6":"product_cat-meai","7":"product_cat-overig","8":"product_tag-meai","9":"product_tag-nl","11":"first","12":"instock","13":"taxable","14":"shipping-taxable","15":"purchasable","16":"product-type-variable"},"_links":{"self":[{"href":"https:\/\/researchchemicalstore.eu\/fr\/wp-json\/wp\/v2\/product\/24905","targetHints":{"allow":["GET"]}}],"collection":[{"href":"https:\/\/researchchemicalstore.eu\/fr\/wp-json\/wp\/v2\/product"}],"about":[{"href":"https:\/\/researchchemicalstore.eu\/fr\/wp-json\/wp\/v2\/types\/product"}],"replies":[{"embeddable":true,"href":"https:\/\/researchchemicalstore.eu\/fr\/wp-json\/wp\/v2\/comments?post=24905"}],"version-history":[{"count":4,"href":"https:\/\/researchchemicalstore.eu\/fr\/wp-json\/wp\/v2\/product\/24905\/revisions"}],"predecessor-version":[{"id":26289,"href":"https:\/\/researchchemicalstore.eu\/fr\/wp-json\/wp\/v2\/product\/24905\/revisions\/26289"}],"wp:featuredmedia":[{"embeddable":true,"href":"https:\/\/researchchemicalstore.eu\/fr\/wp-json\/wp\/v2\/media\/28811"}],"wp:attachment":[{"href":"https:\/\/researchchemicalstore.eu\/fr\/wp-json\/wp\/v2\/media?parent=24905"}],"wp:term":[{"taxonomy":"product_brand","embeddable":true,"href":"https:\/\/researchchemicalstore.eu\/fr\/wp-json\/wp\/v2\/product_brand?post=24905"},{"taxonomy":"product_cat","embeddable":true,"href":"https:\/\/researchchemicalstore.eu\/fr\/wp-json\/wp\/v2\/product_cat?post=24905"},{"taxonomy":"product_tag","embeddable":true,"href":"https:\/\/researchchemicalstore.eu\/fr\/wp-json\/wp\/v2\/product_tag?post=24905"}],"curies":[{"name":"wp","href":"https:\/\/api.w.org\/{rel}","templated":true}]}}