{"id":24948,"date":"2025-04-13T17:43:52","date_gmt":"2025-04-13T17:43:52","guid":{"rendered":"https:\/\/researchchemicalstore.eu\/?post_type=product&#038;p=24948"},"modified":"2026-02-02T09:52:49","modified_gmt":"2026-02-02T09:52:49","slug":"6-cl-dadba","status":"publish","type":"product","link":"https:\/\/researchchemicalstore.eu\/fr\/produit\/6-cl-dadba\/","title":{"rendered":"6-CL-ADBA"},"content":{"rendered":"<h3><strong>6-CL-ADBA \u2013 Substance de recherche puissante et innovante<\/strong><\/h3>\n<p class=\"ds-markdown-paragraph\"><strong>Nom du produit :<\/strong>\u00a06-CL-ADBA<br \/>\n<strong>Nom chimique :<\/strong>\u00a06-Chloro-ADB-A<br \/>\n<strong>Puret\u00e9:<\/strong>\u00a0\u226598%<br \/>\n<strong>Formulaire:<\/strong>\u00a0Poudre cristalline<br \/>\n<strong>Formule mol\u00e9culaire :<\/strong>\u00a0C\u2081\u2089H\u2082\u2087ClN\u2082O\u2082<\/p>\n<h4><strong>Description:<\/strong><\/h4>\n<p class=\"ds-markdown-paragraph\">Le 6-CL-ADBA est un compos\u00e9 de recherche avanc\u00e9 appartenant au groupe indazolecarboxamide. <a href=\"http:\/\/google.nl\" target=\"_blank\" rel=\"noopener\">Ce<\/a> le tissu est vendu exclusivement pour\u00a0<strong>recherche scientifique et analytique<\/strong>\u00a0et n&#039;est pas destin\u00e9 \u00e0 la consommation humaine.<\/p>\n<h4><strong>Caract\u00e9ristiques:<\/strong><\/h4>\n<p class=\"ds-markdown-paragraph\">\u2705\u00a0<strong>Haute puret\u00e9<\/strong>\u00a0(\u226598%) pour des r\u00e9sultats pr\u00e9cis<br \/>\n\u2705 Convient pour\u00a0<strong>\u00e9tudes de laboratoire<\/strong>\u00a0et la recherche pharmacologique<br \/>\n\u2705 Emball\u00e9 dans un\u00a0<strong>emballage herm\u00e9tique<\/strong>\u00a0pour une dur\u00e9e de conservation optimale<\/p>\n<h4><strong>Remarque importante :<\/strong><\/h4>\n<p class=\"ds-markdown-paragraph\">Ce produit est\u00a0<strong>non destin\u00e9 \u00e0 l&#039;usage humain ou animal<\/strong>Ce produit est destin\u00e9 \u00e0 la recherche uniquement dans un environnement contr\u00f4l\u00e9. Veuillez respecter les pr\u00e9cautions de s\u00e9curit\u00e9 lors de la manipulation des produits chimiques.<\/p>\n<h3><strong>6-CL-ADBA \u2013 Questions et r\u00e9ponses fr\u00e9quentes<\/strong><\/h3>\n<h4><strong>1. Qu&#039;est-ce que le 6-CL-ADBA ?<\/strong><\/h4>\n<p class=\"ds-markdown-paragraph\">Le 6-CL-ADBA (6-Chloro-ADB-A) est un compos\u00e9 de synth\u00e8se de recherche du groupe indazolecarboxamide. Il est utilis\u00e9 dans\u00a0<strong>\u00e9tudes scientifiques<\/strong>, notamment dans les domaines de la pharmacologie et de la recherche chimique.<\/p>\n<h4><strong>2. Quelle est la puret\u00e9 de ce produit ?<\/strong><\/h4>\n<p class=\"ds-markdown-paragraph\">Notre 6-CL-ADBA a un\u00a0<strong>puret\u00e9 de \u226598%<\/strong>, qui garantit des r\u00e9sultats de recherche fiables et reproductibles.<\/p>\n<h4><strong>3. Le 6-CL-ADBA est-il l\u00e9gal ?<\/strong><\/h4>\n<p class=\"ds-markdown-paragraph\">Ce produit est\u00a0<strong>destin\u00e9 \u00e0 des fins de recherche uniquement<\/strong>\u00a0et non destin\u00e9 \u00e0 la consommation humaine ou animale. La l\u00e9galit\u00e9 varie selon les pays\u00a0; consultez toujours le\u00a0<strong>l\u00e9gislation locale<\/strong>\u00a0avant de commander.<\/p>\n<h4><strong>4. Comment dois-je conserver le 6-CL-ADBA ?<\/strong><\/h4>\n<p class=\"ds-markdown-paragraph\">Gardez-le dans un\u00a0<strong>environnement frais et sec<\/strong>, \u00e0 l&#039;abri de la lumi\u00e8re directe du soleil et dans un\u00a0<strong>emballage herm\u00e9tique<\/strong>\u00a0pour assurer la stabilit\u00e9.<\/p>\n<h4><strong>5. Ce produit est-il s\u00fbr \u00e0 utiliser ?<\/strong><\/h4>\n<p class=\"ds-markdown-paragraph\">Le 6-CL-ADBA ne doit \u00eatre utilis\u00e9 que dans un\u00a0<strong>environnement de laboratoire contr\u00f4l\u00e9<\/strong>\u00a0par des professionnels. Portez toujours\u00a0<strong>\u00e9quipement de protection individuelle (EPI)<\/strong>\u00a0comme des gants et une blouse de laboratoire.<\/p>\n<h4><strong>6. \u00c0 quoi sert le 6-CL-ADBA \u00e9tudi\u00e9 ?<\/strong><\/h4>\n<p class=\"ds-markdown-paragraph\">Les scientifiques \u00e9tudient cette substance en raison de sa\u00a0<strong>structure chimique unique<\/strong>, avec des applications potentielles dans la recherche pharmaceutique et analytique.<\/p>\n<h4><strong>7. Les particuliers peuvent-ils acheter ce produit ?<\/strong><\/h4>\n<p class=\"ds-markdown-paragraph\">Nos produits sont disponibles uniquement pour\u00a0<strong>chercheurs et institutions qualifi\u00e9s<\/strong>Nous ne vendons pas aux particuliers sans r\u00e9f\u00e9rences appropri\u00e9es.<a href=\"https:\/\/researchchemicalstore.eu\/fr\/boutique\/iboga-ibogaine\/acheter-de-libogaine-hcl\/\">Acheter de l&#039;iboga\u00efne HCL<\/a><a href=\"https:\/\/researchchemicalstore.eu\/fr\/boutique\/iboga-ibogaine\/ecorce-de-racine-diboga\/\">\u00c9corce de racine d&#039;iboga<\/a><a href=\"https:\/\/researchchemicalstore.eu\/fr\/boutique\/lysergamides\/1cp-lsd-150-mcg-2\/\">Buvards artistiques 1cP-LSD 150 MCG<\/a><a href=\"https:\/\/researchchemicalstore.eu\/fr\/boutique\/granules-2\/o-dsmt-50-mg-granules\/\">Granul\u00e9s O-DSMT 50 mg<\/a><a href=\"https:\/\/researchchemicalstore.eu\/fr\/boutique\/lysergamides\/1v-lsd-150-mcg-blotters\/\">buvards 1V-LSD 150 MCG<\/a><\/p>","protected":false},"excerpt":{"rendered":"<h2>Propri\u00e9t\u00e9s du 6-CL-ADBA<\/h2>\n<p><strong>Synonyme: <\/strong>6-CL-ADBA<strong><br \/>\nNum\u00e9ro CAS<\/strong>: n \/ A<br \/>\n<strong>Formule<\/strong>: n \/ A<br \/>\n<strong>Masse molaire<\/strong>: n\/ag\u00b7mol<br \/>\n<strong>Puret\u00e9<\/strong>: \u226598%<\/p>","protected":false},"featured_media":28727,"comment_status":"closed","ping_status":"closed","template":"","meta":[],"product_brand":[],"product_cat":[368,322],"product_tag":[610,594,326],"class_list":{"0":"post-24948","1":"product","2":"type-product","3":"status-publish","4":"has-post-thumbnail","6":"product_cat-6-cl-adba","7":"product_cat-bijna-verboden","8":"product_tag-6-cl-adb-a","9":"product_tag-6-cl-adba","10":"product_tag-nl","12":"first","13":"instock","14":"taxable","15":"shipping-taxable","16":"purchasable","17":"product-type-variable"},"_links":{"self":[{"href":"https:\/\/researchchemicalstore.eu\/fr\/wp-json\/wp\/v2\/product\/24948","targetHints":{"allow":["GET"]}}],"collection":[{"href":"https:\/\/researchchemicalstore.eu\/fr\/wp-json\/wp\/v2\/product"}],"about":[{"href":"https:\/\/researchchemicalstore.eu\/fr\/wp-json\/wp\/v2\/types\/product"}],"replies":[{"embeddable":true,"href":"https:\/\/researchchemicalstore.eu\/fr\/wp-json\/wp\/v2\/comments?post=24948"}],"version-history":[{"count":4,"href":"https:\/\/researchchemicalstore.eu\/fr\/wp-json\/wp\/v2\/product\/24948\/revisions"}],"predecessor-version":[{"id":25352,"href":"https:\/\/researchchemicalstore.eu\/fr\/wp-json\/wp\/v2\/product\/24948\/revisions\/25352"}],"wp:featuredmedia":[{"embeddable":true,"href":"https:\/\/researchchemicalstore.eu\/fr\/wp-json\/wp\/v2\/media\/28727"}],"wp:attachment":[{"href":"https:\/\/researchchemicalstore.eu\/fr\/wp-json\/wp\/v2\/media?parent=24948"}],"wp:term":[{"taxonomy":"product_brand","embeddable":true,"href":"https:\/\/researchchemicalstore.eu\/fr\/wp-json\/wp\/v2\/product_brand?post=24948"},{"taxonomy":"product_cat","embeddable":true,"href":"https:\/\/researchchemicalstore.eu\/fr\/wp-json\/wp\/v2\/product_cat?post=24948"},{"taxonomy":"product_tag","embeddable":true,"href":"https:\/\/researchchemicalstore.eu\/fr\/wp-json\/wp\/v2\/product_tag?post=24948"}],"curies":[{"name":"wp","href":"https:\/\/api.w.org\/{rel}","templated":true}]}}