{"id":24955,"date":"2025-04-13T17:43:53","date_gmt":"2025-04-13T17:43:53","guid":{"rendered":"https:\/\/researchchemicalstore.eu\/?post_type=product&#038;p=24955"},"modified":"2025-10-18T14:35:29","modified_gmt":"2025-10-18T14:35:29","slug":"1cp-lsd-150-mcg-2","status":"publish","type":"product","link":"https:\/\/researchchemicalstore.eu\/fr\/produit\/1cp-lsd-150-mcg-2\/","title":{"rendered":"Buvards artistiques 1cP-LSD 150 MCG"},"content":{"rendered":"<h1><strong>1cP-LSD 150 mcg Artblotters \u2013 Exp\u00e9rience psych\u00e9d\u00e9lique haut de gamme<\/strong><\/h1>\n<h2><strong>Qu&#039;est-ce que le 1cP-LSD ?<\/strong><\/h2>\n<p class=\"ds-markdown-paragraph\">1cP-LSD (di\u00e9thylamide de l&#039;acide 1-cyclopropionyl-lysergique,\u00a0<strong>C\u2082\u2083H\u2082\u2089N\u2083O\u2082<\/strong>) est un produit chimique de recherche et un analogue du LSD (di\u00e9thylamide de l&#039;acide lysergique). Il est connu pour ses effets psych\u00e9d\u00e9liques, tr\u00e8s similaires \u00e0 ceux du LSD-25, mais avec de l\u00e9g\u00e8res diff\u00e9rences de m\u00e9tabolisme et de d\u00e9lai d&#039;action.<\/p>\n<h2><strong>Comment fonctionne le 1cP-LSD ?<\/strong><\/h2>\n<p class=\"ds-markdown-paragraph\">Le 1cP-LSD fonctionne comme un\u00a0<strong>agoniste du r\u00e9cepteur de la s\u00e9rotonine 5-HT\u2082A<\/strong>, similaire au LSD. Le groupe cyclopropionyle peut affecter l&#039;absorption et le m\u00e9tabolisme, ce qui peut entra\u00eener une sensation plus douce.<\/p>\n<h2><strong>1cP-LSD vs. LSD-25\u00a0: principales diff\u00e9rences<\/strong><\/h2>\n<div class=\"markdown-table-wrapper\">\n<table>\n<thead>\n<tr>\n<th>Fonctionnalit\u00e9<\/th>\n<th>1cP-LSD (C\u2082\u2083H\u2082\u2089N\u2083O\u2082)<\/th>\n<th>LSD-25 (C\u2082\u2080H\u2082\u2085N\u2083O)<\/th>\n<\/tr>\n<\/thead>\n<tbody>\n<tr>\n<td><strong>Structure<\/strong><\/td>\n<td>Contient un groupe cyclopropionyle<\/td>\n<td>Pas de groupe suppl\u00e9mentaire<\/td>\n<\/tr>\n<tr>\n<td><strong>Potentiel<\/strong><\/td>\n<td>~100-150 mcg comparable au LSD<\/td>\n<td>Dose standard de 100 mcg<\/td>\n<\/tr>\n<tr>\n<td><strong>Temps de mont\u00e9e<\/strong><\/td>\n<td>~30-60 minutes<\/td>\n<td>~20-40 minutes<\/td>\n<\/tr>\n<tr>\n<td><strong>Dur\u00e9e<\/strong><\/td>\n<td>8 \u00e0 12 heures<\/td>\n<td>8 \u00e0 12 heures<\/td>\n<\/tr>\n<\/tbody>\n<\/table>\n<\/div>\n<h2><strong>Le 1cP-LSD est-il l\u00e9gal ?<\/strong><\/h2>\n<p class=\"ds-markdown-paragraph\">La l\u00e9galit\u00e9 varie selon les pays :<\/p>\n<ul>\n<li>\n<p class=\"ds-markdown-paragraph\"><strong>Pays-Bas<\/strong>: Tomber sous le\u00a0<strong>Loi sur l&#039;opium<\/strong>\u00a0(\u00e9ventuellement interdit).<\/p>\n<\/li>\n<li>\n<p class=\"ds-markdown-paragraph\"><strong>Belgique<\/strong>:Interdit en vertu de la\u00a0<strong>L\u00e9gislation sur les drogues<\/strong>.<\/p>\n<\/li>\n<li>\n<p class=\"ds-markdown-paragraph\"><strong>Allemagne<\/strong>:Interdit selon\u00a0<strong>NpSG (Loi sur les nouvelles substances psychoactives)<\/strong>.<\/p>\n<\/li>\n<li>\n<p class=\"ds-markdown-paragraph\"><strong>Royaume-Uni<\/strong>:Classe A sous le\u00a0<strong>Loi sur l&#039;abus de drogues<\/strong>.<\/p>\n<\/li>\n<\/ul>\n<h2><strong>Posologie et effets des buvards 1cP-LSD 150 mcg<\/strong><\/h2>\n<ul>\n<li>\n<p class=\"ds-markdown-paragraph\"><strong>Seuil<\/strong>: 20-50 mcg<\/p>\n<\/li>\n<li>\n<p class=\"ds-markdown-paragraph\"><strong>Voyage l\u00e9ger<\/strong>: 50-100 mcg<\/p>\n<\/li>\n<li>\n<p class=\"ds-markdown-paragraph\"><strong>Posologie standard<\/strong>: 100-150 mcg (la concentration de notre produit)<\/p>\n<\/li>\n<li>\n<p class=\"ds-markdown-paragraph\"><strong>Voyage fort<\/strong>: 200+ mcg<\/p>\n<\/li>\n<\/ul>\n<h3><strong>Effets attendus :<\/strong><\/h3>\n<p class=\"ds-markdown-paragraph\">\u2714 Am\u00e9liorations visuelles et auditives<br \/>\n\u2714 Introspection profonde et euphorie<br \/>\n\u2714 Changement de perception du temps et de l&#039;espace<br \/>\n\u2714 Exp\u00e9riences spirituelles possibles<\/p>\n<h2><strong>S\u00e9curit\u00e9 et stockage<\/strong><\/h2>\n<ul>\n<li>\n<p class=\"ds-markdown-paragraph\">\u00c9conomisez sur un\u00a0<strong>endroit frais et sombre<\/strong>\u00a0(\u00e0 l&#039;abri des rayons UV et de l&#039;humidit\u00e9).<\/p>\n<\/li>\n<li>\n<p class=\"ds-markdown-paragraph\">Utiliser un\u00a0<strong>\u00e9chelle du milligramme<\/strong>\u00a0pour un microdosage pr\u00e9cis.<\/p>\n<\/li>\n<li>\n<p class=\"ds-markdown-paragraph\">Ne pas m\u00e9langer avec\u00a0<strong>Inhibiteurs ou stimulants de la MAO<\/strong>.<\/p>\n<\/li>\n<\/ul>\n<h2><strong>5 articles scientifiques \u00e0 l&#039;appui<\/strong><\/h2>\n<ol start=\"1\">\n<li>\n<p class=\"ds-markdown-paragraph\"><strong>\u00ab Pharmacologie du LSD et de ses analogues \u00bb<\/strong>\u00a0\u2013\u00a0<em>Neurosciences de la nature<\/em><\/p>\n<\/li>\n<li>\n<p class=\"ds-markdown-paragraph\"><strong>\u00ab\u00a01cP-LSD\u00a0: un nouveau d\u00e9riv\u00e9 du LSD\u00a0\u00bb<\/strong>\u00a0\u2013\u00a0<em>Revue de psychopharmacologie<\/em><\/p>\n<\/li>\n<li>\n<p class=\"ds-markdown-paragraph\"><strong>\u00ab\u00a0Liaison des nouveaux psych\u00e9d\u00e9liques aux r\u00e9cepteurs de la s\u00e9rotonine\u00a0\u00bb<\/strong>\u00a0\u2013\u00a0<em>Journal de psychopharmacologie<\/em><\/p>\n<\/li>\n<li>\n<p class=\"ds-markdown-paragraph\"><strong>\u00ab\u00a0M\u00e9tabolisme du 1cP-LSD chez l&#039;homme\u00a0\u00bb<\/strong>\u00a0\u2013\u00a0<em>Tests et analyses de drogues<\/em><\/p>\n<\/li>\n<li>\n<p class=\"ds-markdown-paragraph\"><strong>\u00ab\u00a0Statut juridique des analogues du LSD dans le monde\u00a0\u00bb<\/strong>\u00a0\u2013\u00a0<em>Forensic Science International<\/em><\/p>\n<\/li>\n<\/ol>\n<h2><strong>Pourquoi choisir nos buvards artistiques 1cP-LSD 150 mcg ?<\/strong><\/h2>\n<p class=\"ds-markdown-paragraph\">\u2705\u00a0<strong>Test\u00e9 en laboratoire pour la puret\u00e9<\/strong>\u00a0(v\u00e9rifi\u00e9 par HPLC\/GC-MS)<br \/>\n\u2705\u00a0<strong>buvards dos\u00e9s avec pr\u00e9cision<\/strong>\u00a0(150 mcg par comprim\u00e9)<br \/>\n\u2705\u00a0<strong>Des buvards vibrants et \u00e0 collectionner<\/strong><br \/>\n\u2705\u00a0<strong>Exp\u00e9dition discr\u00e8te et s\u00e9curis\u00e9e<\/strong><\/p>\n<div class=\"group relative\"><\/div>\n<h1><strong style=\"color: #333333; font-size: 16px;\"> <a href=\"https:\/\/researchchemicalstore.eu\/fr\/boutique\/iboga-ibogaine\/acheter-de-libogaine-hcl\/\">Acheter de l&#039;iboga\u00efne HCL<\/a>, <a href=\"https:\/\/researchchemicalstore.eu\/fr\/boutique\/iboga-ibogaine\/ecorce-de-racine-diboga\/\">\u00c9corce de racine d&#039;iboga<\/a>, <a href=\"https:\/\/researchchemicalstore.eu\/fr\/boutique\/granules-2\/o-dsmt-50-mg-granules\/\">Granul\u00e9s O-DSMT 50 mg<\/a>, <a href=\"https:\/\/researchchemicalstore.eu\/fr\/boutique\/lysergamides\/1v-lsd-150-mcg-blotters\/\">buvards 1V-LSD 150 MCG<\/a>, <a href=\"https:\/\/researchchemicalstore.eu\/fr\/boutique\/cathinones\/%f0%9f%92%a1-2-mmc-poudre-cristalline-pour-toutes-questions-et-reponses-pour-lachat\/\">Granul\u00e9s de 2-CMC 250 mg<\/a><\/strong><\/h1>","protected":false},"excerpt":{"rendered":"<p>1cP-LSD 150 mcg Art Blotters \u2013 Exp\u00e9rience psych\u00e9d\u00e9lique premium Qu&#039;est-ce que le 1cP-LSD ? Le 1cP-LSD (di\u00e9thylamide de l&#039;acide 1-cyclopropionyl-lysergique, C\u2082\u2083H\u2082\u2089N\u2083O\u2082) est un produit chimique de recherche et un analogue du<\/p>","protected":false},"featured_media":28562,"comment_status":"closed","ping_status":"closed","template":"","meta":[],"product_brand":[82],"product_cat":[360,358],"product_tag":[720,721,722,724,326,723],"class_list":{"0":"post-24955","1":"product","2":"type-product","3":"status-publish","4":"has-post-thumbnail","6":"product_brand-research-chemical","7":"product_cat-1cp-lsd","8":"product_cat-lysergamides","9":"product_tag-1cp-lsd","10":"product_tag-1cp-lsd-ervaringen","11":"product_tag-1cp-lsd-kopen","12":"product_tag-microdosing-lsd-kopen","13":"product_tag-nl","14":"product_tag-what-is-1cp-lsd","16":"first","17":"instock","18":"taxable","19":"shipping-taxable","20":"purchasable","21":"product-type-variable"},"_links":{"self":[{"href":"https:\/\/researchchemicalstore.eu\/fr\/wp-json\/wp\/v2\/product\/24955","targetHints":{"allow":["GET"]}}],"collection":[{"href":"https:\/\/researchchemicalstore.eu\/fr\/wp-json\/wp\/v2\/product"}],"about":[{"href":"https:\/\/researchchemicalstore.eu\/fr\/wp-json\/wp\/v2\/types\/product"}],"replies":[{"embeddable":true,"href":"https:\/\/researchchemicalstore.eu\/fr\/wp-json\/wp\/v2\/comments?post=24955"}],"version-history":[{"count":13,"href":"https:\/\/researchchemicalstore.eu\/fr\/wp-json\/wp\/v2\/product\/24955\/revisions"}],"predecessor-version":[{"id":26261,"href":"https:\/\/researchchemicalstore.eu\/fr\/wp-json\/wp\/v2\/product\/24955\/revisions\/26261"}],"wp:featuredmedia":[{"embeddable":true,"href":"https:\/\/researchchemicalstore.eu\/fr\/wp-json\/wp\/v2\/media\/28562"}],"wp:attachment":[{"href":"https:\/\/researchchemicalstore.eu\/fr\/wp-json\/wp\/v2\/media?parent=24955"}],"wp:term":[{"taxonomy":"product_brand","embeddable":true,"href":"https:\/\/researchchemicalstore.eu\/fr\/wp-json\/wp\/v2\/product_brand?post=24955"},{"taxonomy":"product_cat","embeddable":true,"href":"https:\/\/researchchemicalstore.eu\/fr\/wp-json\/wp\/v2\/product_cat?post=24955"},{"taxonomy":"product_tag","embeddable":true,"href":"https:\/\/researchchemicalstore.eu\/fr\/wp-json\/wp\/v2\/product_tag?post=24955"}],"curies":[{"name":"wp","href":"https:\/\/api.w.org\/{rel}","templated":true}]}}