{"id":24961,"date":"2025-04-13T17:43:53","date_gmt":"2025-04-13T17:43:53","guid":{"rendered":"https:\/\/researchchemicalstore.eu\/?post_type=product&#038;p=24961"},"modified":"2025-10-18T14:29:48","modified_gmt":"2025-10-18T14:29:48","slug":"o-dsmt-50-mg-granules","status":"publish","type":"product","link":"https:\/\/researchchemicalstore.eu\/fr\/produit\/o-dsmt-50-mg-granules\/","title":{"rendered":"Granul\u00e9s O-DSMT 50 mg"},"content":{"rendered":"<p class=\"ds-markdown-paragraph\"><strong>Granul\u00e9s O-DSMT 50 mg \u2013 R\u00e9ponses \u00e0 vos questions<\/strong><\/p>\n<h3><strong>1. Qu&#039;est-ce que l&#039;O-DSMT ?<\/strong><\/h3>\n<p class=\"ds-markdown-paragraph\">L&#039;O-DSMT (desm\u00e9tramadol) est un produit chimique de recherche et un m\u00e9tabolite majeur du tramadol. Il est connu pour ses propri\u00e9t\u00e9s analg\u00e9siques potentielles et est utilis\u00e9 dans des \u00e9tudes scientifiques.<\/p>\n<h3><strong>2. Pourquoi choisir les granul\u00e9s O-DSMT 50 mg ?<\/strong><\/h3>\n<p class=\"ds-markdown-paragraph\">Nos granul\u00e9s offrent :<br \/>\n\u2705\u00a0<strong>Dosage de pr\u00e9cision<\/strong>\u00a0\u2013 Chaque pastille contient exactement 50 mg pour des r\u00e9sultats fiables.<br \/>\n\u2705\u00a0<strong>Qualit\u00e9 constante<\/strong>\u00a0\u2013 Purification de haute qualit\u00e9 pour des r\u00e9sultats de recherche optimaux.<br \/>\n\u2705\u00a0<strong>Traitement facile<\/strong>\u00a0\u2013 La forme granul\u00e9e simplifie le dosage dans les environnements de laboratoire.<\/p>\n<h3><strong>3. Ce produit est-il sans danger pour l\u2019usage humain ?<\/strong><\/h3>\n<p class=\"ds-markdown-paragraph\"><em>Non.<\/em>\u00a0Les granul\u00e9s O-DSMT 50 mg sont\u00a0<strong>destin\u00e9 \u00e0 des fins de recherche uniquement<\/strong>\u00a0et non destin\u00e9 \u00e0 la consommation. Il est important de suivre les protocoles de s\u00e9curit\u00e9 lors de son utilisation scientifique.<\/p>\n<h3><strong>4. Comment dois-je conserver les granul\u00e9s O-DSMT ?<\/strong><\/h3>\n<p class=\"ds-markdown-paragraph\">Conservez les granul\u00e9s dans un\u00a0<strong>endroit frais et sec<\/strong>, hors de port\u00e9e des enfants et des personnes non autoris\u00e9es. Un contenant sombre et herm\u00e9tique est recommand\u00e9.<\/p>\n<h3><strong>5. \u00c0 quelles applications ces granul\u00e9s conviennent-ils ?<\/strong><\/h3>\n<p class=\"ds-markdown-paragraph\">Ils sont utilis\u00e9s dans :<br \/>\n\ud83d\udd2c\u00a0<strong>Recherche pharmacologique<\/strong><br \/>\n\ud83e\uddea\u00a0<strong>\u00c9tudes analytiques<\/strong><br \/>\n\ud83d\udcca\u00a0<strong>Exp\u00e9riences scientifiques<\/strong><\/p>\n<h3><strong>6. O\u00f9 puis-je acheter des granul\u00e9s O-DSMT 50 mg ?<\/strong><\/h3>\n<p class=\"ds-markdown-paragraph\">Commandez maintenant via notre boutique en ligne pour\u00a0<strong>livraison rapide et emballage discret<\/strong>.Disponible uniquement aux chercheurs et laboratoires enregistr\u00e9s.<\/p>\n<p><a href=\"https:\/\/researchchemicalstore.eu\/fr\/boutique\/iboga-ibogaine\/acheter-de-libogaine-hcl\/\">Acheter de l&#039;iboga\u00efne HCL<\/a><a href=\"https:\/\/researchchemicalstore.eu\/fr\/boutique\/iboga-ibogaine\/ecorce-de-racine-diboga\/\">\u00c9corce de racine d&#039;iboga<\/a><a href=\"https:\/\/researchchemicalstore.eu\/fr\/boutique\/lysergamides\/1cp-lsd-150-mcg-2\/\">Buvards artistiques 1cP-LSD 150 MCG<\/a><a href=\"https:\/\/researchchemicalstore.eu\/fr\/boutique\/lysergamides\/1v-lsd-150-mcg-blotters\/\">buvards 1V-LSD 150 MCG<\/a><a href=\"https:\/\/researchchemicalstore.eu\/fr\/boutique\/2-pastilles-cmc\/%f0%9f%92%a1-2-mmc-poudre-cristalline-pour-toutes-questions-et-reponses-pour-lachat\/%f0%9f%92%a1-2-mmc-poudre-cristalline-pour-toutes-questions-et-reponses-pour-lachat\/\">Granul\u00e9s de 2-CMC 250 mg<\/a><\/p>","protected":false},"excerpt":{"rendered":"<h3>Propri\u00e9t\u00e9s de l&#039;O-DSMT<\/h3>\n<p><strong>Synonyme:<\/strong> <i>O-desm\u00e9thyltramadol, 3-(2-((dim\u00e9thylamino)m\u00e9thyl)-1-hydroxycyclohexyl)ph\u00e9nol<\/i><br \/>\n<strong>Num\u00e9ro CAS :<\/strong> 80456-81-1<br \/>\n<strong>Formule:<\/strong> <span title=\"Carbone\">C<\/span><sub>15<\/sub><span title=\"Hydrog\u00e8ne\">H<\/span><sub>23<\/sub><span title=\"Azote\">N<\/span><span title=\"Oxyg\u00e8ne\">O<\/span><sub>2<\/sub><br \/>\n<strong>Masse molaire :<\/strong> 249,354 g\/mol<br \/>\n<strong>Puret\u00e9:<\/strong>\u00a0&gt;97%<\/p>","protected":false},"featured_media":28835,"comment_status":"closed","ping_status":"closed","template":"","meta":[],"product_brand":[82],"product_cat":[337,420,336,324],"product_tag":[326,727,725,728,726,729,730],"class_list":{"0":"post-24961","1":"product","2":"type-product","3":"status-publish","4":"has-post-thumbnail","6":"product_brand-research-chemical","7":"product_cat-o-dsmt","8":"product_cat-o-dsmt-pellets","9":"product_cat-overig","10":"product_cat-pellets-for-pellet","11":"product_tag-nl","12":"product_tag-o-dsmt-ervaringen","13":"product_tag-o-dsmt","14":"product_tag-o-dsmt-bestellen","15":"product_tag-o-dsmt-kopen","16":"product_tag-o-dsmt-psychonaut","17":"product_tag-what-is-o-dsmt","19":"first","20":"instock","21":"taxable","22":"shipping-taxable","23":"purchasable","24":"product-type-variable"},"_links":{"self":[{"href":"https:\/\/researchchemicalstore.eu\/fr\/wp-json\/wp\/v2\/product\/24961","targetHints":{"allow":["GET"]}}],"collection":[{"href":"https:\/\/researchchemicalstore.eu\/fr\/wp-json\/wp\/v2\/product"}],"about":[{"href":"https:\/\/researchchemicalstore.eu\/fr\/wp-json\/wp\/v2\/types\/product"}],"replies":[{"embeddable":true,"href":"https:\/\/researchchemicalstore.eu\/fr\/wp-json\/wp\/v2\/comments?post=24961"}],"version-history":[{"count":6,"href":"https:\/\/researchchemicalstore.eu\/fr\/wp-json\/wp\/v2\/product\/24961\/revisions"}],"predecessor-version":[{"id":25567,"href":"https:\/\/researchchemicalstore.eu\/fr\/wp-json\/wp\/v2\/product\/24961\/revisions\/25567"}],"wp:featuredmedia":[{"embeddable":true,"href":"https:\/\/researchchemicalstore.eu\/fr\/wp-json\/wp\/v2\/media\/28835"}],"wp:attachment":[{"href":"https:\/\/researchchemicalstore.eu\/fr\/wp-json\/wp\/v2\/media?parent=24961"}],"wp:term":[{"taxonomy":"product_brand","embeddable":true,"href":"https:\/\/researchchemicalstore.eu\/fr\/wp-json\/wp\/v2\/product_brand?post=24961"},{"taxonomy":"product_cat","embeddable":true,"href":"https:\/\/researchchemicalstore.eu\/fr\/wp-json\/wp\/v2\/product_cat?post=24961"},{"taxonomy":"product_tag","embeddable":true,"href":"https:\/\/researchchemicalstore.eu\/fr\/wp-json\/wp\/v2\/product_tag?post=24961"}],"curies":[{"name":"wp","href":"https:\/\/api.w.org\/{rel}","templated":true}]}}