{"id":26118,"date":"2025-05-01T01:31:17","date_gmt":"2025-05-01T01:31:17","guid":{"rendered":"https:\/\/researchchemicalstore.eu\/?post_type=product&#038;p=26118"},"modified":"2025-10-18T14:17:54","modified_gmt":"2025-10-18T14:17:54","slug":"graines-diboga","status":"publish","type":"product","link":"https:\/\/researchchemicalstore.eu\/fr\/produit\/graines-diboga\/","title":{"rendered":"Graines d&#039;iboga"},"content":{"rendered":"<h2>acheter des graines d&#039;iboga<\/h2>\n<p>Achetez des graines d&#039;Iboga. Tabernanthe iboga est un membre de la famille des Apocynaceae, originaire des zones tropicales humides de l&#039;Afrique centrale-ouest, principalement du Congo et du Gabon. Les noms communs incluent Iboga, Eboka et Eboga. Tabernanthe est un petit genre comprenant seulement deux esp\u00e8ces, T<a href=\"https:\/\/caluanieoxidizeshop.com\" target=\"_blank\" rel=\"noopener\">.<\/a> iboga et T. elliptica (cette esp\u00e8ce a des fruits \u00e9pineux semblables \u00e0 ceux de Datura spp.). Il est rapport\u00e9 que les deux esp\u00e8ces peuvent se polliniser de mani\u00e8re crois\u00e9e pour produire un hybride fertile (<em>Iboga et Iboga\u00efne, Nico Dauphin<\/em>). graines d&#039;iboga, graines d&#039;iboga de Tabernanthe, graines de plante d&#039;iboga, acheter des graines d&#039;iboga<\/p>\n<p>Les Tabernanthes sont des plantes ligneuses end\u00e9miques des sous-bois des for\u00eats tropicales humides. Les arbustes Tabernanthe atteignent g\u00e9n\u00e9ralement une hauteur d&#039;un demi-m\u00e8tre \u00e0 deux m\u00e8tres. Les branches se pr\u00e9sentent par paires et deux inflorescences minces et p\u00e9doncul\u00e9es apparaissent par paires juste au-dessus des points de ramification. Tabernanthe poss\u00e8de \u00e9galement des bract\u00e9es en forme de s\u00e9pales et des cicatrices foliaires visibles. Comme beaucoup d\u2019autres membres des Apocynaceae<a href=\"https:\/\/caluanieoxidizeshop.com\/product\/caluanie-muelear-oxidize-for-sale\/\" target=\"_blank\" rel=\"noopener\">,<\/a> Tabernanthe se caract\u00e9rise par une s\u00e8ve laiteuse et la pr\u00e9sence de nombreux alcalo\u00efdes utiles dans l&#039;\u00e9corce, les feuilles et la racine (Iboga et Iboga\u00efne, Nico Dauphin). <a href=\"https:\/\/researchchemicalstore.eu\/fr\/boutique\/top-10-research-chemicals\/caluanie-muelear-oxyder\/\">Caluanie Muelear Oxyder<\/a><a href=\"https:\/\/researchchemicalstore.eu\/fr\/boutique\/balance\/balance-numerique-cs-100-g-x-001-g\/\">Balance num\u00e9rique CS \u2013 100 g x 0,01 g<\/a><a href=\"https:\/\/researchchemicalstore.eu\/fr\/boutique\/top-10-research-chemicals\/action-du-pyrazolam\/\">Granul\u00e9s de pyrazolam 2,5 mg<\/a><a href=\"https:\/\/researchchemicalstore.eu\/fr\/boutique\/balance\/mini-balance-numerique-pour-reservoir-20-g-x-0001-g\/\">Mini-balance num\u00e9rique pour r\u00e9servoir \u2013 20 g x 0,001 g<\/a><a href=\"https:\/\/researchchemicalstore.eu\/fr\/boutique\/balance\/mini-balance-bio-numerique-20-g-x-0001-g\/\">Mini-balance num\u00e9rique bio \u2013 20 g x 0,001 g<\/a><\/p>","protected":false},"excerpt":{"rendered":"<p>$1 par fruit, commande minimum = 100 fruits<\/p>","protected":false},"featured_media":28801,"comment_status":"closed","ping_status":"closed","template":"","meta":[],"product_brand":[],"product_cat":[1085],"product_tag":[912,911,909,910],"class_list":{"0":"post-26118","1":"product","2":"type-product","3":"status-publish","4":"has-post-thumbnail","6":"product_cat-okategoriserad","7":"product_tag-buy-iboga-seeds","8":"product_tag-iboga-plant-seeds","9":"product_tag-iboga-seeds","10":"product_tag-tabernanthe-iboga-seeds","12":"first","13":"instock","14":"taxable","15":"shipping-taxable","16":"purchasable","17":"product-type-simple"},"_links":{"self":[{"href":"https:\/\/researchchemicalstore.eu\/fr\/wp-json\/wp\/v2\/product\/26118","targetHints":{"allow":["GET"]}}],"collection":[{"href":"https:\/\/researchchemicalstore.eu\/fr\/wp-json\/wp\/v2\/product"}],"about":[{"href":"https:\/\/researchchemicalstore.eu\/fr\/wp-json\/wp\/v2\/types\/product"}],"replies":[{"embeddable":true,"href":"https:\/\/researchchemicalstore.eu\/fr\/wp-json\/wp\/v2\/comments?post=26118"}],"version-history":[{"count":4,"href":"https:\/\/researchchemicalstore.eu\/fr\/wp-json\/wp\/v2\/product\/26118\/revisions"}],"predecessor-version":[{"id":26155,"href":"https:\/\/researchchemicalstore.eu\/fr\/wp-json\/wp\/v2\/product\/26118\/revisions\/26155"}],"wp:featuredmedia":[{"embeddable":true,"href":"https:\/\/researchchemicalstore.eu\/fr\/wp-json\/wp\/v2\/media\/28801"}],"wp:attachment":[{"href":"https:\/\/researchchemicalstore.eu\/fr\/wp-json\/wp\/v2\/media?parent=26118"}],"wp:term":[{"taxonomy":"product_brand","embeddable":true,"href":"https:\/\/researchchemicalstore.eu\/fr\/wp-json\/wp\/v2\/product_brand?post=26118"},{"taxonomy":"product_cat","embeddable":true,"href":"https:\/\/researchchemicalstore.eu\/fr\/wp-json\/wp\/v2\/product_cat?post=26118"},{"taxonomy":"product_tag","embeddable":true,"href":"https:\/\/researchchemicalstore.eu\/fr\/wp-json\/wp\/v2\/product_tag?post=26118"}],"curies":[{"name":"wp","href":"https:\/\/api.w.org\/{rel}","templated":true}]}}