{"id":26119,"date":"2025-05-01T01:31:17","date_gmt":"2025-05-01T01:31:17","guid":{"rendered":"https:\/\/researchchemicalstore.eu\/?post_type=product&#038;p=26119"},"modified":"2025-10-18T13:52:20","modified_gmt":"2025-10-18T13:52:20","slug":"ecorce-de-racine-diboga","status":"publish","type":"product","link":"https:\/\/researchchemicalstore.eu\/fr\/produit\/ecorce-de-racine-diboga\/","title":{"rendered":"\u00c9corce de racine d&#039;iboga"},"content":{"rendered":"<h2>Acheter de l&#039;\u00e9corce de racine d&#039;Iboga<\/h2>\n<p>\u00e9corce de racine d&#039;iboga, Notre \u00e9corce de racine d&#039;iboga \u00e0 vendre peut \u00eatre consomm\u00e9e directement par ingestion ou elle peut \u00eatre broy\u00e9e en poudre d&#039;\u00e9corce de racine d&#039;iboga avant d&#039;\u00eatre consomm\u00e9e, o\u00f9 elle peut \u00eatre encapsul\u00e9e dans des capsules et aval\u00e9e pour \u00e9viter le go\u00fbt amer.<\/p>\n<p>Une grande dose d&#039;\u00e9corce de racine d&#039;Iboga est consomm\u00e9e comme rite de passage et de plus petites quantit\u00e9s sont prises pour les c\u00e9r\u00e9monies de gu\u00e9rison et la chasse traditionnellement par le peuple Bwiti. De petites doses d&#039;\u00e9corce de racine d&#039;iboga d&#039;environ 5 grammes agissent comme un stimulant, un aphrodisiaque, tandis que d&#039;\u00e9normes doses d&#039;\u00e9corce de racine d&#039;iboga d&#039;environ 10 \u00e0 25 grammes peuvent \u00eatre destin\u00e9es \u00e0 l&#039;exploration spirituelle, \u00e0 la gu\u00e9rison psychoth\u00e9rapeutique, \u00e0 la d\u00e9sintoxication physique rapide et \u00e0 la gu\u00e9rison de la d\u00e9pendance.<\/p>\n<p>Des r\u00e9sultats prometteurs sont \u00e9galement apparus dans le traitement d\u2019un certain nombre d\u2019autres maladies, dont la maladie de Parkinson. De nombreux centres de traitement Iboga ont constat\u00e9 qu&#039;il faut prendre trop d&#039;\u00e9corce de racine d&#039;iboga pour une exp\u00e9rience compl\u00e8te.<\/p>\n<div class=\"elementor-element elementor-element-2342a3b elementor-widget elementor-widget-jws_widget_heading\" data-id=\"2342a3b\" data-element_type=\"widget\" data-widget_type=\"jws_widget_heading.default\">\n<div class=\"elementor-widget-container\">\n<div class=\"title-wrapper center\">\n<h2 class=\"title\">Ce que vous devez savoir<\/h2>\n<\/div>\n<\/div>\n<\/div>\n<div class=\"elementor-element elementor-element-dd111fd elementor-widget__width-initial elementor-widget elementor-widget-text-editor\" data-id=\"dd111fd\" data-element_type=\"widget\" data-widget_type=\"text-editor.default\">\n<div class=\"elementor-widget-container\">\n<p>Consommer une telle quantit\u00e9 d\u2019\u00e9corce de plante peut s\u2019av\u00e9rer assez difficile. Lors de la c\u00e9r\u00e9monie d&#039;initiation Bwiti, des doses allant jusqu&#039;\u00e0 100 grammes d&#039;\u00e9corce de racine d&#039;iboga ont \u00e9t\u00e9 consomm\u00e9es tout au long de la c\u00e9r\u00e9monie. Il s&#039;agit de la dose maximale observ\u00e9e, et diff\u00e9rents fournisseurs d&#039;\u00e9corces de racine d&#039;iboga ont des philosophies diff\u00e9rentes sur les doses exactes, une dose th\u00e9rapeutique typique de notre \u00e9corce de racine d&#039;iboga \u00e0 vendre varie de 5 \u00e0 100 grammes, selon la personne et l&#039;objectif du traitement, mais manger une grande quantit\u00e9 de mati\u00e8re v\u00e9g\u00e9tale fibreuse comme notre iboga \u00e0 vendre peut rendre n&#039;importe qui naus\u00e9eux. L&#039;\u00e9corce de racine d&#039;iboga reste longtemps dans le corps, prenant parfois environ 72 heures \u00e0 une semaine pour finalement sortir du syst\u00e8me.<a href=\"https:\/\/researchchemicalstore.eu\/fr\/boutique\/phenethylamine\/gelules-2c-ef-2-mg\/\">G\u00e9lules de 2C-EF 2 mg<\/a><a href=\"https:\/\/researchchemicalstore.eu\/fr\/boutique\/cathinones\/%f0%9f%92%a1-2-mmc-poudre-cristalline-pour-toutes-questions-et-reponses-pour-lachat\/\">Granul\u00e9s de 2-CMC 250 mg<\/a><a href=\"https:\/\/researchchemicalstore.eu\/fr\/boutique\/lysergamides\/1v-lsd-150-mcg-blotters\/\">buvards 1V-LSD 150 MCG<\/a><a href=\"https:\/\/researchchemicalstore.eu\/fr\/boutique\/granules-2\/o-dsmt-50-mg-granules\/\">Granul\u00e9s O-DSMT 50 mg<\/a><a href=\"https:\/\/researchchemicalstore.eu\/fr\/boutique\/lysergamides\/1cp-lsd-150-mcg-pastilles\/\">Buvards artistiques 1cP-LSD 150 MCG<\/a><\/p>\n<\/div>\n<\/div>","protected":false},"excerpt":{"rendered":"<p>Achetez de l&#039;\u00e9corce de racine d&#039;iboga, notre \u00e9corce de racine d&#039;iboga \u00e0 vendre peut \u00eatre consomm\u00e9e directement par ingestion ou<\/p>","protected":false},"featured_media":28800,"comment_status":"closed","ping_status":"closed","template":"","meta":[],"product_brand":[],"product_cat":[908],"product_tag":[914],"class_list":{"0":"post-26119","1":"product","2":"type-product","3":"status-publish","4":"has-post-thumbnail","6":"product_cat-iboga-ibogaine","7":"product_tag-iboga-root-bark","9":"first","10":"instock","11":"taxable","12":"shipping-taxable","13":"purchasable","14":"product-type-variable"},"_links":{"self":[{"href":"https:\/\/researchchemicalstore.eu\/fr\/wp-json\/wp\/v2\/product\/26119","targetHints":{"allow":["GET"]}}],"collection":[{"href":"https:\/\/researchchemicalstore.eu\/fr\/wp-json\/wp\/v2\/product"}],"about":[{"href":"https:\/\/researchchemicalstore.eu\/fr\/wp-json\/wp\/v2\/types\/product"}],"replies":[{"embeddable":true,"href":"https:\/\/researchchemicalstore.eu\/fr\/wp-json\/wp\/v2\/comments?post=26119"}],"version-history":[{"count":3,"href":"https:\/\/researchchemicalstore.eu\/fr\/wp-json\/wp\/v2\/product\/26119\/revisions"}],"predecessor-version":[{"id":26158,"href":"https:\/\/researchchemicalstore.eu\/fr\/wp-json\/wp\/v2\/product\/26119\/revisions\/26158"}],"wp:featuredmedia":[{"embeddable":true,"href":"https:\/\/researchchemicalstore.eu\/fr\/wp-json\/wp\/v2\/media\/28800"}],"wp:attachment":[{"href":"https:\/\/researchchemicalstore.eu\/fr\/wp-json\/wp\/v2\/media?parent=26119"}],"wp:term":[{"taxonomy":"product_brand","embeddable":true,"href":"https:\/\/researchchemicalstore.eu\/fr\/wp-json\/wp\/v2\/product_brand?post=26119"},{"taxonomy":"product_cat","embeddable":true,"href":"https:\/\/researchchemicalstore.eu\/fr\/wp-json\/wp\/v2\/product_cat?post=26119"},{"taxonomy":"product_tag","embeddable":true,"href":"https:\/\/researchchemicalstore.eu\/fr\/wp-json\/wp\/v2\/product_tag?post=26119"}],"curies":[{"name":"wp","href":"https:\/\/api.w.org\/{rel}","templated":true}]}}