{"id":23102,"date":"2025-04-13T17:39:10","date_gmt":"2025-04-13T17:39:10","guid":{"rendered":"https:\/\/researchchemicalstore.eu\/?post_type=product&#038;p=23102"},"modified":"2025-10-23T02:59:27","modified_gmt":"2025-10-23T02:59:27","slug":"3-pieds-par-minute","status":"publish","type":"product","link":"https:\/\/researchchemicalstore.eu\/fr_be\/product\/3-pieds-par-minute\/","title":{"rendered":"3-FPM (3-Fluorophenm\u00e9trazine)"},"content":{"rendered":"<h2><strong>3 pieds par minute<\/strong><\/h2>\n<p><strong>3 pieds par minute<\/strong> Cette substance est vendue exclusivement \u00e0 des fins de recherche et n&#039;est donc pas destin\u00e9e \u00e0 la consommation humaine. Elle appartient au groupe des fluor\u00e9s. Le 3-FPM est fourni sous forme de poudre et peut \u00eatre utilis\u00e9 en recherche jusqu&#039;\u00e0 deux ans s&#039;il est conserv\u00e9 dans un environnement appropri\u00e9.<\/p>\n<p>\u00c9tant donn\u00e9 que le 3-FPM est destin\u00e9 uniquement \u00e0 des fins de recherche et non \u00e0 la consommation, il est important que le 3-FPM soit conserv\u00e9 hors de port\u00e9e des enfants et des animaux domestiques.<a title=\"buvards 1V-LSD 150 MCG\" href=\"https:\/\/researchchemicalstore.eu\/fr_be\/boutique\/lysergamides\/1v-lsd-150-mcg-blotters\/\" target=\"_blank\" rel=\"noopener\">buvards 1V-LSD 150 MCG<\/a><\/p>\n<p>Nous proposons des produits chimiques de recherche de haute qualit\u00e9 \u00e0 un prix \u00e9quitable. Votre commande est exp\u00e9di\u00e9e sous 24 heures, tous les jours. Commandez 3FPM rapidement et en toute s\u00e9curit\u00e9 gr\u00e2ce \u00e0 nous\u00a0!<\/p>\n<h2>Propri\u00e9t\u00e9s du 3-FPM<\/h2>\n<p><strong>Synonyme<\/strong>: 3-Fluorophenm\u00e9trazine<br \/>\n<strong>Num\u00e9ro CAS<\/strong>: 1803562-83-5<br \/>\n<strong>Formule<\/strong>: C11H14FNO \u2022 HCL<br \/>\n<strong>Masse molaire<\/strong>: 231,7 g\/mol<br \/>\n<strong>Puret\u00e9<\/strong>: \u226598%<\/p>\n<h2>Qu&#039;est-ce que 3-FPM ?<\/h2>\n<p>La 3-FPM (3-fluoroph\u00e9nm\u00e9trazine) est un stimulant synth\u00e9tique appartenant \u00e0 la famille des ph\u00e9n\u00e9thylamines. Sa composition chimique est similaire \u00e0 celle d&#039;autres stimulants synth\u00e9tiques tels que l&#039;amph\u00e9tamine et le m\u00e9thylph\u00e9nidate. Son effet stimulant est d\u00fb \u00e0 l&#039;augmentation des taux de dopamine, de noradr\u00e9naline et de s\u00e9rotonine dans le cerveau.<\/p>\n<p>Le 3-FPM est g\u00e9n\u00e9ralement vendu sous forme de poudre blanche ou blanc cass\u00e9 comme produit chimique de recherche. Son utilisation est ill\u00e9gale dans de nombreux pays et a \u00e9t\u00e9 associ\u00e9e \u00e0 de nombreux cas d&#039;effets ind\u00e9sirables graves et de d\u00e9c\u00e8s.<\/p>\n<p>Ce m\u00e9dicament a \u00e9t\u00e9 synth\u00e9tis\u00e9 pour la premi\u00e8re fois au d\u00e9but des ann\u00e9es 1970 et utilis\u00e9 en recherche scientifique pour \u00e9tudier les effets des stimulants sur le cerveau. Cependant, en raison de son potentiel d&#039;abus, il n&#039;est pas autoris\u00e9 pour la consommation humaine et est principalement utilis\u00e9 en recherche scientifique.<\/p>\n<p>Comme d&#039;autres stimulants, le 3-FPM peut provoquer divers effets secondaires, notamment une augmentation du rythme cardiaque et de la tension art\u00e9rielle, de l&#039;anxi\u00e9t\u00e9, de l&#039;agitation et de l&#039;insomnie. Il est important de noter que la s\u00e9curit\u00e9 et les effets \u00e0 long terme du 3-FPM sur la sant\u00e9 humaine sont mal connus, et son utilisation est d\u00e9conseill\u00e9e.<\/p>\n<h2>Comment est n\u00e9 le 3-FPM ?<\/h2>\n<p>Les origines du 3-FPM remontent au d\u00e9but des ann\u00e9es 1970, lorsqu&#039;il a \u00e9t\u00e9 synth\u00e9tis\u00e9 pour la premi\u00e8re fois par une \u00e9quipe de chercheurs allemands. Ce m\u00e9dicament a \u00e9t\u00e9 d\u00e9velopp\u00e9 dans le cadre d&#039;un projet visant \u00e0 cr\u00e9er de nouveaux compos\u00e9s aux propri\u00e9t\u00e9s stimulantes, susceptibles d&#039;\u00eatre utilis\u00e9s pour traiter des pathologies telles que la narcolepsie et le trouble d\u00e9ficitaire de l&#039;attention avec hyperactivit\u00e9 (TDAH).<a title=\"6-CL-ADBA\" href=\"https:\/\/researchchemicalstore.eu\/fr_be\/boutique\/presque-interdit\/6-cl-dadba\/\" target=\"_blank\" rel=\"noopener\">6-CL-ADBA<\/a><\/p>\n<p>Le 3-FPM est un d\u00e9riv\u00e9 de la phenm\u00e9trazine, un stimulant couramment utilis\u00e9 dans les ann\u00e9es 1960 comme coupe-faim, mais retir\u00e9 du march\u00e9 en raison d&#039;inqui\u00e9tudes quant \u00e0 son potentiel addictif. Les chercheurs pensaient que la modification de la structure chimique de la phenm\u00e9trazine pourrait produire de nouveaux compos\u00e9s aux effets similaires, mais avec moins de risques.<\/p>\n<p>Apr\u00e8s sa synth\u00e8se initiale, le 3-FPM a \u00e9t\u00e9 \u00e9tudi\u00e9 sur des mod\u00e8les animaux afin de d\u00e9terminer son innocuit\u00e9 et son efficacit\u00e9 comme traitement potentiel du TDAH et d&#039;autres affections. Cependant, ce m\u00e9dicament n&#039;a jamais \u00e9t\u00e9 approuv\u00e9 pour un usage humain en raison de pr\u00e9occupations li\u00e9es \u00e0 des risques d&#039;abus et de d\u00e9pendance.<a title=\"Granul\u00e9s de 2-CMC 250 mg\" href=\"https:\/\/researchchemicalstore.eu\/fr_be\/boutique\/cathinones\/acheter-2-cmc\/\" target=\"_blank\" rel=\"noopener\">Granul\u00e9s de 2-CMC 250 mg<\/a><\/p>\n<p>Malgr\u00e9 l&#039;absence d&#039;autorisation pour l&#039;usage humain, le 3-FPM est devenu populaire ces derni\u00e8res ann\u00e9es comme produit chimique de recherche. Cependant, sa s\u00e9curit\u00e9 et ses effets \u00e0 long terme sur la sant\u00e9 humaine sont mal connus, et son utilisation pour la consommation humaine est d\u00e9conseill\u00e9e.<a title=\"Granul\u00e9s Pink Star 5-MAPB 70 mg \/ 2-FMA 20 mg \/ 5-MeO-MiPT 2 mg\" href=\"https:\/\/researchchemicalstore.eu\/fr_be\/boutique\/presque-interdit\/pink-star-pellets-5-mapb-70mg-2-fma-20mg-5-meo-mipt-2mg\/\" target=\"_blank\" rel=\"noopener\">Granul\u00e9s Pink Star 5-MAPB 70 mg \/ 2-FMA 20 mg \/ 5-MeO-MiPT 2 mg<\/a><\/p>\n<h2>Mentions de danger<\/h2>\n<p>Le 3-FPM peut provoquer une irritation respiratoire<br \/>\nLe 3-FPM peut provoquer une irritation des yeux<br \/>\nIl est interdit de rejeter des produits chimiques de recherche dans l\u2019environnement.<\/p>\n<p>CONTACT AVEC LES YEUX\u00a0: Rincer d\u00e9licatement les yeux \u00e0 l\u2019eau pendant cinq minutes. Retirer les lentilles de contact si la victime en porte et si elles peuvent \u00eatre facilement enlev\u00e9es.<\/p>\n<p>3-FPM EN CAS DE CONTACT AVEC LA PEAU : Laver la peau \u00e0 l&#039;eau et au savon.<\/p>\n<p>EN CAS D&#039;INHALATION DE 3 FPM : Transporter la victime \u00e0 l&#039;ext\u00e9rieur et la maintenir dans une position o\u00f9 elle peut confortablement respirer. <a title=\"Granul\u00e9s 4F-MPH 25 MG\" href=\"https:\/\/researchchemicalstore.eu\/fr_be\/boutique\/presque-interdit\/4f-mph-25-mg-pellets\/\" target=\"_blank\" rel=\"noopener\">Granul\u00e9s 4F-MPH 25 MG<\/a><\/p>","protected":false},"excerpt":{"rendered":"<p><span style=\"color: #ff6600;\"><strong>Ou recherchez-vous des granul\u00e9s de 3 pieds par minute\u00a0? &gt;&gt;<\/strong><\/span><\/p>","protected":false},"featured_media":28616,"comment_status":"closed","ping_status":"closed","template":"","meta":[],"product_brand":[82],"product_cat":[441,322,333],"product_tag":[601,602,326],"class_list":{"0":"post-23102","1":"product","2":"type-product","3":"status-publish","4":"has-post-thumbnail","6":"product_brand-research-chemical","7":"product_cat-3-fpm","8":"product_cat-bijna-verboden","9":"product_cat-gefluoreerden","10":"product_tag-3-fpm","11":"product_tag-fpm-3","12":"product_tag-nl","14":"first","15":"instock","16":"taxable","17":"shipping-taxable","18":"purchasable","19":"product-type-variable"},"_links":{"self":[{"href":"https:\/\/researchchemicalstore.eu\/fr_be\/wp-json\/wp\/v2\/product\/23102","targetHints":{"allow":["GET"]}}],"collection":[{"href":"https:\/\/researchchemicalstore.eu\/fr_be\/wp-json\/wp\/v2\/product"}],"about":[{"href":"https:\/\/researchchemicalstore.eu\/fr_be\/wp-json\/wp\/v2\/types\/product"}],"replies":[{"embeddable":true,"href":"https:\/\/researchchemicalstore.eu\/fr_be\/wp-json\/wp\/v2\/comments?post=23102"}],"version-history":[{"count":3,"href":"https:\/\/researchchemicalstore.eu\/fr_be\/wp-json\/wp\/v2\/product\/23102\/revisions"}],"predecessor-version":[{"id":25374,"href":"https:\/\/researchchemicalstore.eu\/fr_be\/wp-json\/wp\/v2\/product\/23102\/revisions\/25374"}],"wp:featuredmedia":[{"embeddable":true,"href":"https:\/\/researchchemicalstore.eu\/fr_be\/wp-json\/wp\/v2\/media\/28616"}],"wp:attachment":[{"href":"https:\/\/researchchemicalstore.eu\/fr_be\/wp-json\/wp\/v2\/media?parent=23102"}],"wp:term":[{"taxonomy":"product_brand","embeddable":true,"href":"https:\/\/researchchemicalstore.eu\/fr_be\/wp-json\/wp\/v2\/product_brand?post=23102"},{"taxonomy":"product_cat","embeddable":true,"href":"https:\/\/researchchemicalstore.eu\/fr_be\/wp-json\/wp\/v2\/product_cat?post=23102"},{"taxonomy":"product_tag","embeddable":true,"href":"https:\/\/researchchemicalstore.eu\/fr_be\/wp-json\/wp\/v2\/product_tag?post=23102"}],"curies":[{"name":"wp","href":"https:\/\/api.w.org\/{rel}","templated":true}]}}