{"id":23214,"date":"2025-04-13T17:39:23","date_gmt":"2025-04-13T17:39:23","guid":{"rendered":"https:\/\/researchchemicalstore.eu\/?post_type=product&#038;p=23214"},"modified":"2025-10-23T01:52:30","modified_gmt":"2025-10-23T01:52:30","slug":"3-ho-pcp","status":"publish","type":"product","link":"https:\/\/researchchemicalstore.eu\/fr_be\/product\/3-ho-pcp\/","title":{"rendered":"3-HO-PCP (3-hydroxyphencyclidine)"},"content":{"rendered":"<h1>3-HO-PCP (3-hydroxyph\u00e9ncyclidine) \u2013 Informations d\u00e9taill\u00e9es sur le produit pour la recherche<\/h1>\n<h2>Introduction<\/h2>\n<p>3-HO-PCP, en entier 3-hydroxyphencyclidine, est un compos\u00e9 dissociatif de <a href=\"http:\/\/google.nl\" target=\"_blank\" rel=\"noopener\">le<\/a> Groupe arylcyclohexylamine. La pr\u00e9sence d&#039;un substituant hydroxyle sur le cycle ph\u00e9nyle conf\u00e8re \u00e0 cette substance des propri\u00e9t\u00e9s pharmacologiques uniques par rapport \u00e0 des compos\u00e9s similaires. Le 3-HO-PCP est test\u00e9 uniquement en laboratoire r\u00e9glement\u00e9.<a href=\"https:\/\/researchchemicalstore.eu\/fr_be\/boutique\/iboga-ibogaine\/acheter-de-libogaine-chlorhydrate-en-ligne\/\">Acheter de l&#039;iboga\u00efne HCL<\/a><\/p>\n<h2>Propri\u00e9t\u00e9s chimiques<\/h2>\n<ul>\n<li><strong>Nom de l&#039;IUPAC<\/strong>: 1-(1-(3-hydroxyph\u00e9nyl)cyclohexyl)pip\u00e9ridine<\/li>\n<li><strong>Formule mol\u00e9culaire<\/strong>: C\u2081\u2087H\u2082\u2085NO<\/li>\n<li><strong>Poids mol\u00e9culaire<\/strong>: 259,39 g\/mol<\/li>\n<li><strong>Classe chimique<\/strong>: Arylcyclohexylamines<\/li>\n<li><strong>Apparence<\/strong>:Poudre cristalline blanche \u00e0 beige clair<\/li>\n<li><strong>Puret\u00e9<\/strong>: \u226598% (valid\u00e9 par HPLC)<\/li>\n<\/ul>\n<h2>Applications en recherche<\/h2>\n<p>Cette connexion est utilis\u00e9e dans :<\/p>\n<ul>\n<li><strong>Recherche neurochimique<\/strong>: analyse des interactions des r\u00e9cepteurs NMDA<\/li>\n<li><strong>\u00c9tudes de liaison aux r\u00e9cepteurs<\/strong>: affinit\u00e9 pour les r\u00e9cepteurs sigma, dopaminergiques et s\u00e9rotoninergiques<\/li>\n<li><strong>Pharmacologie compar\u00e9e<\/strong>:par rapport au PCP, au 3-MeO-PCP et au MXE<\/li>\n<li><strong>Pharmacocin\u00e9tique<\/strong>: m\u00e9tabolisme et interactions enzymatiques (profils P450)<\/li>\n<\/ul>\n<h2>Mesures de s\u00e9curit\u00e9<\/h2>\n<ul>\n<li><strong>Protection personnelle<\/strong>:\n<ul>\n<li>Blouse de laboratoire, gants en nitrile, lunettes de s\u00e9curit\u00e9<\/li>\n<\/ul>\n<\/li>\n<li><strong>Espace de travail<\/strong>:\n<ul>\n<li>Hotte \u00e0 flux d&#039;air contr\u00f4l\u00e9<\/li>\n<li>Station chimique d&#039;urgence \u00e0 port\u00e9e de main<\/li>\n<\/ul>\n<\/li>\n<li><strong>Conditions de stockage<\/strong>:\n<ul>\n<li>Temp\u00e9rature : 2\u20138\u00b0C<\/li>\n<li>Conserver dans un r\u00e9cipient sec, \u00e0 l&#039;abri de la lumi\u00e8re et herm\u00e9tique<\/li>\n<li>S\u00e9par\u00e9 des acides et des oxydants<\/li>\n<\/ul>\n<\/li>\n<\/ul>\n<h2>Contr\u00f4le de qualit\u00e9<\/h2>\n<p>Chaque lot est soumis \u00e0 :<\/p>\n<ul>\n<li><strong>Analyse HPLC<\/strong> (puret\u00e9 \u226598%)<\/li>\n<li><strong>Spectrom\u00e9trie de masse<\/strong> (confirmation structurelle)<\/li>\n<li><strong>Chromatographie en phase gazeuse<\/strong> (analyse des solvants r\u00e9siduels)<\/li>\n<li><strong>spectroscopie RMN<\/strong> (\u00b9H et \u00b9\u00b3C)<\/li>\n<li><strong>Certificat d&#039;analyse<\/strong> (COA) inclus<\/li>\n<\/ul>\n<h2>Emballage et livraison<\/h2>\n<ul>\n<li><strong>Quantit\u00e9s disponibles<\/strong>:\n<ul>\n<li>250 mg, 1 g, 5 g<\/li>\n<li>Autres formats sur demande<\/li>\n<\/ul>\n<\/li>\n<li><strong>Conditionnement<\/strong>:\n<ul>\n<li>Flacons en verre scell\u00e9s<\/li>\n<li>D\u00e9shydratant inclus<\/li>\n<li>Emballage sous atmosph\u00e8re inerte (facultatif)<\/li>\n<\/ul>\n<\/li>\n<li><strong>Livraison<\/strong>:\n<ul>\n<li>Transport r\u00e9frig\u00e9r\u00e9 disponible<\/li>\n<li>Exp\u00e9dition discr\u00e8te et tra\u00e7able<\/li>\n<\/ul>\n<\/li>\n<\/ul>\n<h2>Informations l\u00e9gales<\/h2>\n<ul>\n<li><strong>Application<\/strong>:pour la recherche scientifique uniquement<\/li>\n<li><strong>Usage<\/strong>: non destin\u00e9 \u00e0 la consommation humaine ou animale<\/li>\n<li><strong>Conditions d&#039;achat<\/strong>:\n<ul>\n<li>Uniquement par des institutions reconnues<\/li>\n<li>V\u00e9rification de l&#039;accr\u00e9ditation du laboratoire requise<\/li>\n<\/ul>\n<\/li>\n<li><strong>R\u00e8glements<\/strong>:\n<ul>\n<li>Le statut juridique d\u00e9pend du pays ou de la r\u00e9gion<\/li>\n<li>L&#039;acheteur est responsable du respect des lois et r\u00e8glements<\/li>\n<\/ul>\n<\/li>\n<\/ul>\n<h2>Support technique<\/h2>\n<ul>\n<li><strong>Documentation<\/strong>:\n<ul>\n<li>Fiche de donn\u00e9es de s\u00e9curit\u00e9 (FDS)<\/li>\n<li>Fiche technique<\/li>\n<\/ul>\n<\/li>\n<li><strong>Soutien<\/strong>:\n<ul>\n<li>Conseils sur les m\u00e9thodes d&#039;analyse<\/li>\n<li>Donn\u00e9es de r\u00e9f\u00e9rence pour la chromatographie et la spectroscopie.<a href=\"https:\/\/researchchemicalstore.eu\/fr_be\/boutique\/pellets\/granules-de-dsmt-50-mg\/\">Granul\u00e9s O-DSMT 50 mg<\/a><\/li>\n<\/ul>\n<\/li>\n<\/ul>\n<h2>Conclusion<\/h2>\n<p>Le 3-HO-PCP est un analyte pr\u00e9cieux en recherche neuropharmacologique. Sa structure chimique unique offre de nombreuses applications dans les \u00e9tudes pharmacologiques in vitro et in silico. Il est disponible uniquement aupr\u00e8s d&#039;instituts de recherche qualifi\u00e9s, garantissant sa puret\u00e9 analytique et sa conformit\u00e9 aux normes internationales de qualit\u00e9.<a href=\"https:\/\/researchchemicalstore.eu\/fr_be\/boutique\/lysergamides\/1vlsd\/\">buvards 1V-LSD 150 MCG<\/a><\/p>","protected":false},"excerpt":{"rendered":"<h3>Propri\u00e9t\u00e9s du 3-HO-PCP<\/h3>\n<p><strong>Synonyme<\/strong>: 3-hydroxyphencyclidine<br \/>\n<strong>Num\u00e9ro CAS<\/strong>: 79787-43-2<br \/>\n<strong>Formule<\/strong>: 1-[1-(3-hydroxyph\u00e9nyl)cyclohexyl]-pip\u00e9ridine<br \/>\n<strong>Masse molaire<\/strong>: 295,9 g\/mol<br \/>\n<strong>Puret\u00e9<\/strong>: &gt;97%<\/p>","protected":false},"featured_media":28621,"comment_status":"closed","ping_status":"closed","template":"","meta":[],"product_brand":[82],"product_cat":[518,71],"product_tag":[695,697,696,698,694,326,699],"class_list":{"0":"post-23214","1":"product","2":"type-product","3":"status-publish","4":"has-post-thumbnail","6":"product_brand-research-chemical","7":"product_cat-3-ho-pcp","8":"product_cat-arylcyclohexylamine","9":"product_tag-3-ho-pcp","10":"product_tag-3-ho-pcp-erowid","11":"product_tag-3-ho-pcp-psychonaut","12":"product_tag-3-ho-pcp-reddit","13":"product_tag-3hopcp","14":"product_tag-nl","15":"product_tag-where-to-buy-3-ho-pcp","17":"first","18":"instock","19":"taxable","20":"shipping-taxable","21":"purchasable","22":"product-type-variable"},"_links":{"self":[{"href":"https:\/\/researchchemicalstore.eu\/fr_be\/wp-json\/wp\/v2\/product\/23214","targetHints":{"allow":["GET"]}}],"collection":[{"href":"https:\/\/researchchemicalstore.eu\/fr_be\/wp-json\/wp\/v2\/product"}],"about":[{"href":"https:\/\/researchchemicalstore.eu\/fr_be\/wp-json\/wp\/v2\/types\/product"}],"replies":[{"embeddable":true,"href":"https:\/\/researchchemicalstore.eu\/fr_be\/wp-json\/wp\/v2\/comments?post=23214"}],"version-history":[{"count":4,"href":"https:\/\/researchchemicalstore.eu\/fr_be\/wp-json\/wp\/v2\/product\/23214\/revisions"}],"predecessor-version":[{"id":26362,"href":"https:\/\/researchchemicalstore.eu\/fr_be\/wp-json\/wp\/v2\/product\/23214\/revisions\/26362"}],"wp:featuredmedia":[{"embeddable":true,"href":"https:\/\/researchchemicalstore.eu\/fr_be\/wp-json\/wp\/v2\/media\/28621"}],"wp:attachment":[{"href":"https:\/\/researchchemicalstore.eu\/fr_be\/wp-json\/wp\/v2\/media?parent=23214"}],"wp:term":[{"taxonomy":"product_brand","embeddable":true,"href":"https:\/\/researchchemicalstore.eu\/fr_be\/wp-json\/wp\/v2\/product_brand?post=23214"},{"taxonomy":"product_cat","embeddable":true,"href":"https:\/\/researchchemicalstore.eu\/fr_be\/wp-json\/wp\/v2\/product_cat?post=23214"},{"taxonomy":"product_tag","embeddable":true,"href":"https:\/\/researchchemicalstore.eu\/fr_be\/wp-json\/wp\/v2\/product_tag?post=23214"}],"curies":[{"name":"wp","href":"https:\/\/api.w.org\/{rel}","templated":true}]}}