{"id":23553,"date":"2025-04-13T17:39:57","date_gmt":"2025-04-13T17:39:57","guid":{"rendered":"https:\/\/researchchemicalstore.eu\/?post_type=product&#038;p=23553"},"modified":"2025-10-22T16:03:06","modified_gmt":"2025-10-22T16:03:06","slug":"1b-lsd-l-tartrate-pur","status":"publish","type":"product","link":"https:\/\/researchchemicalstore.eu\/fr_be\/product\/1b-lsd-l-tartrate-pur\/","title":{"rendered":"1B-LSD L-tartrate pur"},"content":{"rendered":"<h1><strong>1B-LSD L-Tartrate pur \u2013 Lysergamide de haute qualit\u00e9 pour la recherche scientifique<\/strong><\/h1>\n<p><strong>Nom du produit:<\/strong> 1B-LSD L-tartrate<br \/>\n<strong>Nom chimique :<\/strong> L-tartrate de di\u00e9thylamide de l&#039;acide 1-butanoyl-lysergique<br \/>\n<strong>Formule:<\/strong> C23H29N3O2 \u00b7 C4H6O6<br \/>\n<strong>Poids mol\u00e9culaire:<\/strong> 495,57 g\/mol<br \/>\n<strong>Formulaire:<\/strong> Poudre cristalline blanche<br \/>\n<strong>Puret\u00e9:<\/strong> \u226599% (certifi\u00e9 HPLC)<br \/>\n<strong>Taper:<\/strong> Qualit\u00e9 recherche \u2013 Ne convient pas \u00e0 la consommation humaine<\/p>\n<hr \/>\n<h2><strong>Qu&#039;est-ce que le L-tartrate de 1B-LSD ?<\/strong><\/h2>\n<p>Le 1B-LSD (1-butanoyl-LSD) est un lysergamide semi-synth\u00e9tique chimiquement apparent\u00e9 au LSD et \u00e0 d&#039;autres analogues tels que le 1P-LSD et le 1cP-LSD. L&#039;ajout d&#039;un groupe butanoyle donne un compos\u00e9 connu pour sa <strong>caract\u00e8re prom\u00e9dicament<\/strong>:Dans les syst\u00e8mes biologiques, le 1B-LSD devrait \u00eatre partiellement converti en LSD.<\/p>\n<p>Le <strong>forme de sel de L-tartrate<\/strong> offre une stabilit\u00e9 accrue, un pesage pr\u00e9cis et une excellente solubilit\u00e9 pour les applications analytiques.<\/p>\n<hr \/>\n<h2><strong>Applications du 1B-LSD dans le contexte de la recherche<\/strong><\/h2>\n<ul>\n<li><strong>Recherche pharmacodynamique :<\/strong> Etude des interactions des r\u00e9cepteurs de la s\u00e9rotonine (notamment 5-HT2A).<\/li>\n<li><strong>Recherche neurochimique comparative :<\/strong> Comparaison avec le LSD, le 1P-LSD et d&#039;autres analogues.<\/li>\n<li><strong>Criblage de la bioactivit\u00e9 in vitro et in vivo<\/strong> (uniquement pour les \u00e9tablissements agr\u00e9\u00e9s).<\/li>\n<li><strong>Analyse des prom\u00e9dicaments :<\/strong> Analyse des voies du m\u00e9tabolisme du lysergamide dans les syst\u00e8mes biologiques.<\/li>\n<\/ul>\n<blockquote><p>\u26a0\ufe0f <strong>NB:<\/strong> Ce produit est destin\u00e9 uniquement \u00e0 la recherche scientifique et m\u00e9dico-l\u00e9gale. Il est interdit de le consommer sur les humains ou sur les animaux.<\/p><\/blockquote>\n<hr \/>\n<h2><strong>Avantages pour les chercheurs<\/strong><\/h2>\n<p>\u2714 Haute stabilit\u00e9 chimique sous forme de sel de L-tartrate<br \/>\n\u2714 Les propri\u00e9t\u00e9s des prom\u00e9dicaments donnent un aper\u00e7u du m\u00e9tabolisme du lysergamide<br \/>\n\u2714 Puret\u00e9 constante \u226599% (confirm\u00e9e par HPLC)<br \/>\n\u2714 Facilement soluble dans l&#039;\u00e9thanol et d&#039;autres solvants analytiques<\/p>\n<hr \/>\n<h2><strong>Inconv\u00e9nients \/ Limitations possibles<\/strong><\/h2>\n<ul>\n<li>Le statut juridique peut varier selon le pays ou la r\u00e9gion<\/li>\n<li>Donn\u00e9es toxicologiques \u00e0 long terme limit\u00e9es<\/li>\n<li>Peut se d\u00e9grader lorsqu&#039;il est expos\u00e9 \u00e0 la lumi\u00e8re, \u00e0 la chaleur ou \u00e0 l&#039;air<\/li>\n<li>N\u00e9cessite un stockage dans des conditions contr\u00f4l\u00e9es<\/li>\n<\/ul>\n<hr \/>\n<h2><strong>Donn\u00e9es de laboratoire<\/strong><\/h2>\n<table>\n<thead>\n<tr>\n<th>Fonctionnalit\u00e9<\/th>\n<th>Sp\u00e9cification<\/th>\n<\/tr>\n<\/thead>\n<tbody>\n<tr>\n<td>Puret\u00e9<\/td>\n<td>\u226599% HPLC<\/td>\n<\/tr>\n<tr>\n<td>Point de fusion<\/td>\n<td>192\u2013196 \u00b0C<\/td>\n<\/tr>\n<tr>\n<td>Solubilit\u00e9<\/td>\n<td>Bon dans l&#039;\u00e9thanol et l&#039;ac\u00e9tone<\/td>\n<\/tr>\n<tr>\n<td>Conseils de stockage<\/td>\n<td>2\u20138\u00b0C, sombre et sec<\/td>\n<\/tr>\n<tr>\n<td>Code de lot<\/td>\n<td>1BLSD-LT0625<\/td>\n<\/tr>\n<tr>\n<td>Date d&#039;analyse<\/td>\n<td>18 juin 2025<\/td>\n<\/tr>\n<\/tbody>\n<\/table>\n<hr \/>\n<h2><strong>Sc\u00e9narios d&#039;utilisation (Laboratoire)<\/strong><\/h2>\n<table>\n<thead>\n<tr>\n<th>Type d&#039;application<\/th>\n<th>Concentration<\/th>\n<th>M\u00e9thode<\/th>\n<th>But<\/th>\n<\/tr>\n<\/thead>\n<tbody>\n<tr>\n<td>In vitro<\/td>\n<td>1\u201310 \u00b5M<\/td>\n<td>Dissoudre dans le DMSO<\/td>\n<td>\u00c9tudes de liaison aux r\u00e9cepteurs<\/td>\n<\/tr>\n<tr>\n<td>In vivo (indirect)<\/td>\n<td>n \/ A<\/td>\n<td>Autoris\u00e9 uniquement avec un permis<\/td>\n<td>\u00c9tude de conversion de prom\u00e9dicaments<\/td>\n<\/tr>\n<\/tbody>\n<\/table>\n<hr \/>\n<h2><strong>Foire aux questions (FAQ)<\/strong><\/h2>\n<h3>\u2753 Quelle est la diff\u00e9rence entre le 1B-LSD et le LSD ?<\/h3>\n<p>Le 1B-LSD est consid\u00e9r\u00e9 comme un prom\u00e9dicament du LSD. Dans les syst\u00e8mes biologiques, il peut \u00eatre converti en LSD, ce qui le rend particuli\u00e8rement int\u00e9ressant pour la recherche sur le m\u00e9tabolisme.<\/p>\n<h3>\u2753 Le 1B-LSD est-il l\u00e9gal aux Pays-Bas ou en Belgique ?<\/h3>\n<p>Le 1B-LSD peut \u00eatre soumis \u00e0 la loi sur l&#039;analogie. Veuillez toujours v\u00e9rifier la l\u00e9gislation en vigueur dans votre r\u00e9gion en mati\u00e8re d&#039;importation ou de possession.<\/p>\n<h3>\u2753 Pourquoi le L-tartrate plut\u00f4t que la base libre ?<\/h3>\n<p>La forme L-tartrate est chimiquement plus stable, plus facile \u00e0 peser et mieux adapt\u00e9e au stockage \u00e0 long terme.<\/p>\n<h3>\u2753 Puis-je utiliser ce produit pour la consommation humaine ?<\/h3>\n<p>Le L-tartrate de LSD n\u00b0 1B est destin\u00e9 \u00e0 la recherche en laboratoire uniquement. Sa consommation est strictement interdite.<\/p>\n<hr \/>\n<h2><strong>R\u00e9sum\u00e9<\/strong><\/h2>\n<p><strong>1B-LSD L-tartrate<\/strong> offre aux chercheurs une opportunit\u00e9 unique d&#039;\u00e9tudier les analogues du lysergamide sous une forme pure, stable et pr\u00e9cise. Ce compos\u00e9 allie potentiel pharmacologique et propri\u00e9t\u00e9s de laboratoire, ce qui le rend id\u00e9al pour la recherche exploratoire en neurochimie et sur les r\u00e9cepteurs.<\/p>","protected":false},"excerpt":{"rendered":"<h3><span style=\"vertical-align: inherit;\"><span style=\"vertical-align: inherit;\">Propri\u00e9t\u00e9s du L-tartrate de 1B-LSD<\/span><\/span><\/h3>\n<p><strong><span style=\"vertical-align: inherit;\"><span style=\"vertical-align: inherit;\">Synonyme:<\/span><\/span><\/strong><span style=\"vertical-align: inherit;\"><span style=\"vertical-align: inherit;\"> h\u00e9mi-L-tartrate de di\u00e9thylamide d&#039;acide 1-butanoyl-lysergique, BLSD <\/span><\/span><br \/>\n<strong><span style=\"vertical-align: inherit;\"><span style=\"vertical-align: inherit;\">Num\u00e9ro CAS :<\/span><\/span><\/strong><span style=\"vertical-align: inherit;\"><span style=\"vertical-align: inherit;\"> 2349376-12-9 <\/span><\/span><br \/>\n<strong><span style=\"vertical-align: inherit;\"><span style=\"vertical-align: inherit;\">Formule:<\/span><\/span><\/strong><span style=\"vertical-align: inherit;\"><span style=\"vertical-align: inherit;\"> (8\u03b2)-1-butanoyl-N,N-di\u00e9thyl-6-m\u00e9thyl-9,10-did\u00e9shydroergoline-8-carboxamide h\u00e9mi-L-tartrate <\/span><\/span><br \/>\n<strong><span style=\"vertical-align: inherit;\"><span style=\"vertical-align: inherit;\">Masse molaire:<\/span><\/span><\/strong><span style=\"vertical-align: inherit;\"><span style=\"vertical-align: inherit;\"> 468,5 g\/mol <\/span><\/span><br \/>\n<strong><span style=\"vertical-align: inherit;\"><span style=\"vertical-align: inherit;\">Puret\u00e9:<\/span><\/span><\/strong><span style=\"vertical-align: inherit;\"><span style=\"vertical-align: inherit;\"> &gt;97%<\/span><\/span><\/p>","protected":false},"featured_media":28557,"comment_status":"closed","ping_status":"closed","template":"","meta":[],"product_brand":[],"product_cat":[530,358],"product_tag":[326],"class_list":{"0":"post-23553","1":"product","2":"type-product","3":"status-publish","4":"has-post-thumbnail","6":"product_cat-1b-lsd","7":"product_cat-lysergamides","8":"product_tag-nl","10":"first","11":"instock","12":"taxable","13":"shipping-taxable","14":"purchasable","15":"product-type-variable"},"_links":{"self":[{"href":"https:\/\/researchchemicalstore.eu\/fr_be\/wp-json\/wp\/v2\/product\/23553","targetHints":{"allow":["GET"]}}],"collection":[{"href":"https:\/\/researchchemicalstore.eu\/fr_be\/wp-json\/wp\/v2\/product"}],"about":[{"href":"https:\/\/researchchemicalstore.eu\/fr_be\/wp-json\/wp\/v2\/types\/product"}],"replies":[{"embeddable":true,"href":"https:\/\/researchchemicalstore.eu\/fr_be\/wp-json\/wp\/v2\/comments?post=23553"}],"version-history":[{"count":2,"href":"https:\/\/researchchemicalstore.eu\/fr_be\/wp-json\/wp\/v2\/product\/23553\/revisions"}],"predecessor-version":[{"id":26605,"href":"https:\/\/researchchemicalstore.eu\/fr_be\/wp-json\/wp\/v2\/product\/23553\/revisions\/26605"}],"wp:featuredmedia":[{"embeddable":true,"href":"https:\/\/researchchemicalstore.eu\/fr_be\/wp-json\/wp\/v2\/media\/28557"}],"wp:attachment":[{"href":"https:\/\/researchchemicalstore.eu\/fr_be\/wp-json\/wp\/v2\/media?parent=23553"}],"wp:term":[{"taxonomy":"product_brand","embeddable":true,"href":"https:\/\/researchchemicalstore.eu\/fr_be\/wp-json\/wp\/v2\/product_brand?post=23553"},{"taxonomy":"product_cat","embeddable":true,"href":"https:\/\/researchchemicalstore.eu\/fr_be\/wp-json\/wp\/v2\/product_cat?post=23553"},{"taxonomy":"product_tag","embeddable":true,"href":"https:\/\/researchchemicalstore.eu\/fr_be\/wp-json\/wp\/v2\/product_tag?post=23553"}],"curies":[{"name":"wp","href":"https:\/\/api.w.org\/{rel}","templated":true}]}}