{"id":23975,"date":"2025-04-13T17:40:48","date_gmt":"2025-04-13T17:40:48","guid":{"rendered":"https:\/\/researchchemicalstore.eu\/?post_type=product&#038;p=23975"},"modified":"2025-10-22T11:04:38","modified_gmt":"2025-10-22T11:04:38","slug":"2-pastilles-mmc","status":"publish","type":"product","link":"https:\/\/researchchemicalstore.eu\/fr_be\/product\/2-pastilles-mmc\/","title":{"rendered":"Granul\u00e9s de 2-MMC 220 mg"},"content":{"rendered":"<h2><strong>2-MMC <\/strong><strong>granul\u00e9s, <\/strong><strong>Granul\u00e9s de 220 mg<\/strong><\/h2>\n<p>Ces granul\u00e9s contiennent 220 mg de 2-MMC chacun.<\/p>\n<p>Les granul\u00e9s 2-MMC sont une substance que nous vendons uniquement \u00e0 des fins de recherche et ne sont donc pas destin\u00e9s \u00e0 la consommation humaine. Le 2-MMC peut \u00eatre \u00e9tudi\u00e9 jusqu&#039;\u00e0 deux ans lorsqu&#039;il est stock\u00e9 dans le bon environnement.<a title=\"MEAI\" href=\"https:\/\/researchchemicalstore.eu\/fr_be\/boutique\/autre\/meai\/\" target=\"_blank\" rel=\"noopener\">MEAI<\/a><\/p>\n<p>\u00c9tant donn\u00e9 que le 2-MMC est destin\u00e9 uniquement \u00e0 la recherche et non \u00e0 la consommation, il est important de garder le 2-MMC hors de port\u00e9e des enfants et des animaux domestiques.<a title=\"6-CL-ADBA\" href=\"https:\/\/researchchemicalstore.eu\/fr_be\/boutique\/presque-interdit\/6-cl-dadba\/\" target=\"_blank\" rel=\"noopener\">6-CL-ADBA<\/a><\/p>\n<p>Nous proposons des produits chimiques de recherche de haute qualit\u00e9 \u00e0 un prix \u00e9quitable. Votre commande est exp\u00e9di\u00e9e sous 24 heures, tous les jours. Commandez du 2-MMC rapidement et en toute s\u00e9curit\u00e9.<a title=\"G\u00e9lules de 2C-EF 2 mg\" href=\"https:\/\/researchchemicalstore.eu\/fr_be\/boutique\/phenethylamine\/gelules-2c-ef-2-mg\/\" target=\"_blank\" rel=\"noopener\">G\u00e9lules de 2C-EF 2 mg<\/a><\/p>\n<h2>Propri\u00e9t\u00e9s du 2-MMC<\/h2>\n<p><strong>Num\u00e9ro CAS<\/strong>: 1246911-71-6<br \/>\n<strong>Formule<\/strong>: C11h15NO \u2022 HCL<br \/>\n<strong>Masse molaire<\/strong>: 177.247<br \/>\n<strong>Puret\u00e9<\/strong>: \u226599%<\/p>\n<h3>Mention de danger<\/h3>\n<p>Le 2-MMC peut provoquer une irritation respiratoire<br \/>\nLe 2-MMC peut provoquer une irritation des yeux.<br \/>\nIl est interdit de rejeter des produits chimiques de recherche dans l\u2019environnement.<a title=\"6-CL-ADBA\" href=\"https:\/\/researchchemicalstore.eu\/fr_be\/boutique\/presque-interdit\/6-cl-dadba\/\" target=\"_blank\" rel=\"noopener\">6-CL-ADBA<\/a><\/p>\n<p>CONTACT AVEC LES YEUX\u00a0: Rincer d\u00e9licatement les yeux \u00e0 l\u2019eau pendant cinq minutes. Retirer les lentilles de contact si la victime en porte et si elles peuvent \u00eatre facilement enlev\u00e9es.<\/p>\n<p>2-MMC EN CAS DE CONTACT AVEC LA PEAU : Laver la peau \u00e0 l&#039;eau et au savon.<\/p>\n<p>APRES INHALATION DE 2-MMC : Emmener la victime <a href=\"http:\/\/google.nl\" target=\"_blank\" rel=\"noopener\">dans<\/a> de l\u2019air frais et demandez \u00e0 la victime de se tenir dans une position confortable pour respirer.<\/p>","protected":false},"excerpt":{"rendered":"<h2>Propri\u00e9t\u00e9s du 2-MMC<\/h2>\n<p><strong>Num\u00e9ro CAS<\/strong>: 1246911-71-6<br \/>\n<strong>Formule<\/strong>: C11h15NO \u2022 HCL<br \/>\n<strong>Masse molaire<\/strong>: 177.247<br \/>\n<strong>Puret\u00e9<\/strong>: \u226599%<\/p>","protected":false},"featured_media":28603,"comment_status":"closed","ping_status":"closed","template":"","meta":[],"product_brand":[82],"product_cat":[372,463,322,79,324],"product_tag":[83,679,652,678,326],"class_list":{"0":"post-23975","1":"product","2":"type-product","3":"status-publish","4":"has-post-thumbnail","6":"product_brand-research-chemical","7":"product_cat-2-mmc-kopen","8":"product_cat-2-mmc-pellets","9":"product_cat-bijna-verboden","10":"product_cat-cathinonen","11":"product_cat-pellets-for-pellet","12":"product_tag-2-mmc-kopen","13":"product_tag-2-mmc-pellets","14":"product_tag-2-mmc-pellets-kopen","15":"product_tag-2mmc-pellets","16":"product_tag-nl","18":"first","19":"instock","20":"taxable","21":"shipping-taxable","22":"purchasable","23":"product-type-variable"},"_links":{"self":[{"href":"https:\/\/researchchemicalstore.eu\/fr_be\/wp-json\/wp\/v2\/product\/23975","targetHints":{"allow":["GET"]}}],"collection":[{"href":"https:\/\/researchchemicalstore.eu\/fr_be\/wp-json\/wp\/v2\/product"}],"about":[{"href":"https:\/\/researchchemicalstore.eu\/fr_be\/wp-json\/wp\/v2\/types\/product"}],"replies":[{"embeddable":true,"href":"https:\/\/researchchemicalstore.eu\/fr_be\/wp-json\/wp\/v2\/comments?post=23975"}],"version-history":[{"count":3,"href":"https:\/\/researchchemicalstore.eu\/fr_be\/wp-json\/wp\/v2\/product\/23975\/revisions"}],"predecessor-version":[{"id":25527,"href":"https:\/\/researchchemicalstore.eu\/fr_be\/wp-json\/wp\/v2\/product\/23975\/revisions\/25527"}],"wp:featuredmedia":[{"embeddable":true,"href":"https:\/\/researchchemicalstore.eu\/fr_be\/wp-json\/wp\/v2\/media\/28603"}],"wp:attachment":[{"href":"https:\/\/researchchemicalstore.eu\/fr_be\/wp-json\/wp\/v2\/media?parent=23975"}],"wp:term":[{"taxonomy":"product_brand","embeddable":true,"href":"https:\/\/researchchemicalstore.eu\/fr_be\/wp-json\/wp\/v2\/product_brand?post=23975"},{"taxonomy":"product_cat","embeddable":true,"href":"https:\/\/researchchemicalstore.eu\/fr_be\/wp-json\/wp\/v2\/product_cat?post=23975"},{"taxonomy":"product_tag","embeddable":true,"href":"https:\/\/researchchemicalstore.eu\/fr_be\/wp-json\/wp\/v2\/product_tag?post=23975"}],"curies":[{"name":"wp","href":"https:\/\/api.w.org\/{rel}","templated":true}]}}