{"id":24083,"date":"2025-04-13T17:41:00","date_gmt":"2025-04-13T17:41:00","guid":{"rendered":"https:\/\/researchchemicalstore.eu\/?post_type=product&#038;p=24083"},"modified":"2025-04-21T10:49:25","modified_gmt":"2025-04-21T10:49:25","slug":"mini-balance-numerique","status":"publish","type":"product","link":"https:\/\/researchchemicalstore.eu\/fr_be\/product\/mini-balance-numerique\/","title":{"rendered":"Mini-balance num\u00e9rique professionnelle \u2013 50 g x 0,001 g"},"content":{"rendered":"<h1><strong>Mini balance num\u00e9rique 50 g x 0,001 g<\/strong><\/h1>\n<p>La pr\u00e9cision au bout des doigts. Ceci <strong>mini-balance num\u00e9rique<\/strong> allie une pr\u00e9cision extr\u00eame \u00e0 un design compact. Gr\u00e2ce \u00e0 une plage de mesure allant jusqu&#039;\u00e0 <strong>50 grammes<\/strong> et une r\u00e9solution de <strong>0,001 gramme<\/strong>, c&#039;est l&#039;outil id\u00e9al pour les applications o\u00f9 la pr\u00e9cision est cruciale - de l&#039;utilisation en laboratoire aux bijoux, aux herbes, aux suppl\u00e9ments ou aux produits chimiques de recherche.<a href=\"https:\/\/researchchemicalstore.eu\/fr_be\/boutique\/balance\/digitale-cs-weegschaal\/\">Balance num\u00e9rique CS \u2013 100 g x 0,01 g<\/a><\/p>\n<hr \/>\n<h4><strong>Caract\u00e9ristiques:<\/strong><\/h4>\n<ul>\n<li><strong>Plage de mesure :<\/strong> 0,001 g \u00e0 50 g<\/li>\n<li><strong>Afficher:<\/strong> \u00c9cran LCD \u00e9clair\u00e9 pour une lecture claire<\/li>\n<li><strong>\u00c9talonnage:<\/strong> Manuel ou automatique (poids non inclus)<\/li>\n<li><strong>Caract\u00e9ristiques:<\/strong> Tare\/Z\u00e9ro, arr\u00eat automatique, diff\u00e9rentes unit\u00e9s de pesage (g, oz, ct, gn, dwt)<\/li>\n<li><strong>Alimentation \u00e9lectrique :<\/strong> N\u00e9cessite des piles AAA (g\u00e9n\u00e9ralement incluses)<\/li>\n<li><strong>Format:<\/strong> Compact et portable \u2013 se glisse dans la poche de votre veste.<a href=\"https:\/\/researchchemicalstore.eu\/fr_be\/boutique\/balance\/mini-balance-biologique-numerique\/\">Mini-balance num\u00e9rique bio \u2013 20 g x 0,001 g<\/a><\/li>\n<\/ul>\n<hr \/>\n<h4><strong>Avantages :<\/strong><\/h4>\n<p>\u2714 Tr\u00e8s adapt\u00e9 pour peser avec pr\u00e9cision de petites quantit\u00e9s<br \/>\n\u2714 Convient aux laboratoires, aux pierres pr\u00e9cieuses, aux poudres et aux substances \u00e0 grains fins<br \/>\n\u2714 Facile \u00e0 utiliser \u2013 branchez et pesez<br \/>\n\u2714 Comprend une housse de protection ou un couvercle (le cas \u00e9ch\u00e9ant).<a href=\"https:\/\/researchchemicalstore.eu\/fr_be\/boutique\/balance\/digitale-tank-mini-weegschaal\/\">Mini-balance num\u00e9rique pour r\u00e9servoir \u2013 20 g x 0,001 g<\/a><\/p>\n<hr \/>\n<p>\ud83c\udfaf <strong>Parfait pour<\/strong>:professionnels de laboratoire, collectionneurs, amateurs, chercheurs et toute personne travaillant avec des dosages pr\u00e9cis.<\/p>\n<p>&nbsp;<\/p>","protected":false},"excerpt":{"rendered":"<p><strong>Caract\u00e9ristiques:<\/strong><\/p>\n<ul>\n<li>Num\u00e9rique<\/li>\n<li>P\u00e8se \u00e0 partir de 0,001 g<\/li>\n<li>P\u00e8se max. 50 g<\/li>\n<li>Fonctionne avec : 2 piles AAA<\/li>\n<li>\u00e9cran LCD<\/li>\n<li>Couleur : noir<\/li>\n<\/ul>","protected":false},"featured_media":21116,"comment_status":"closed","ping_status":"closed","template":"","meta":[],"product_brand":[],"product_cat":[451],"product_tag":[452,764,767,847,765,766,768],"class_list":{"0":"post-24083","1":"product","2":"type-product","3":"status-publish","4":"has-post-thumbnail","6":"product_cat-weegschalen","7":"product_tag-de","8":"product_tag-digitale-cs-weegschaal","9":"product_tag-digitale-microweegschaal","10":"product_tag-digitale-mini-weegschaal","11":"product_tag-milligramweegschaal","12":"product_tag-precise-weegschaal-0-001g","13":"product_tag-weegschaal-voor-research-chemicals","15":"first","16":"instock","17":"taxable","18":"shipping-taxable","19":"purchasable","20":"product-type-simple"},"_links":{"self":[{"href":"https:\/\/researchchemicalstore.eu\/fr_be\/wp-json\/wp\/v2\/product\/24083","targetHints":{"allow":["GET"]}}],"collection":[{"href":"https:\/\/researchchemicalstore.eu\/fr_be\/wp-json\/wp\/v2\/product"}],"about":[{"href":"https:\/\/researchchemicalstore.eu\/fr_be\/wp-json\/wp\/v2\/types\/product"}],"replies":[{"embeddable":true,"href":"https:\/\/researchchemicalstore.eu\/fr_be\/wp-json\/wp\/v2\/comments?post=24083"}],"version-history":[{"count":4,"href":"https:\/\/researchchemicalstore.eu\/fr_be\/wp-json\/wp\/v2\/product\/24083\/revisions"}],"predecessor-version":[{"id":25971,"href":"https:\/\/researchchemicalstore.eu\/fr_be\/wp-json\/wp\/v2\/product\/24083\/revisions\/25971"}],"wp:featuredmedia":[{"embeddable":true,"href":"https:\/\/researchchemicalstore.eu\/fr_be\/wp-json\/wp\/v2\/media\/21116"}],"wp:attachment":[{"href":"https:\/\/researchchemicalstore.eu\/fr_be\/wp-json\/wp\/v2\/media?parent=24083"}],"wp:term":[{"taxonomy":"product_brand","embeddable":true,"href":"https:\/\/researchchemicalstore.eu\/fr_be\/wp-json\/wp\/v2\/product_brand?post=24083"},{"taxonomy":"product_cat","embeddable":true,"href":"https:\/\/researchchemicalstore.eu\/fr_be\/wp-json\/wp\/v2\/product_cat?post=24083"},{"taxonomy":"product_tag","embeddable":true,"href":"https:\/\/researchchemicalstore.eu\/fr_be\/wp-json\/wp\/v2\/product_tag?post=24083"}],"curies":[{"name":"wp","href":"https:\/\/api.w.org\/{rel}","templated":true}]}}