{"id":24175,"date":"2025-04-13T17:41:13","date_gmt":"2025-04-13T17:41:13","guid":{"rendered":"https:\/\/researchchemicalstore.eu\/?post_type=product&#038;p=24175"},"modified":"2025-10-21T18:20:40","modified_gmt":"2025-10-21T18:20:40","slug":"action-du-norflurazepam","status":"publish","type":"product","link":"https:\/\/researchchemicalstore.eu\/fr_be\/product\/action-du-norflurazepam\/","title":{"rendered":"Bo\u00eete de RC+ Norfluraz\u00e9pam 5 mg"},"content":{"rendered":"<h2><strong>Effets du norfluraz\u00e9pam\u00a0: ce que vous devez savoir<\/strong><\/h2>\n<p>Le norfluraz\u00e9pam est un d\u00e9riv\u00e9 de benzodiaz\u00e9pine aux effets s\u00e9datifs, myorelaxants et anxiolytiques. Bien qu&#039;il soit parfois utilis\u00e9 comme somnif\u00e8re ou contre l&#039;anxi\u00e9t\u00e9, il est peu utilis\u00e9 dans de nombreux pays, notamment aux Pays-Bas et en Belgique. <strong>non approuv\u00e9<\/strong> \u00e0 usage m\u00e9dical. En raison du risque d&#039;abus et de d\u00e9pendance, il rel\u00e8ve souvent de la <strong>Loi sur l&#039;opium<\/strong>.<\/p>\n<hr \/>\n<h3>Informations sur le Norfluraz\u00e9pam 5 mg (50 comprim\u00e9s)<\/h3>\n<h4>1. <strong>Statut juridique<\/strong><\/h4>\n<ul>\n<li><strong>Pays-Bas<\/strong>: Le norfluraz\u00e9pam est activ\u00e9 <strong>Liste I de la loi sur l&#039;opium<\/strong>La possession, le commerce ou la production sans permis sont punissables.<\/li>\n<li><strong>Belgique<\/strong>:\u00c9galement interdit en vertu de la <strong>lois sur les drogues<\/strong>Il n\u2019est pas reconnu comme un m\u00e9dicament.<a href=\"https:\/\/researchchemicalstore.eu\/fr_be\/boutique\/b2b\/norflurazepam-10mg-box\/\">Bo\u00eete de RC+ Norfluraz\u00e9pam 10 mg<\/a><\/li>\n<\/ul>\n<h4>2. <strong>Risques pour la sant\u00e9<\/strong><\/h4>\n<ul>\n<li><strong>Risque \u00e9lev\u00e9 de d\u00e9pendance<\/strong>:D\u00e9pendance \u00e0 la fois physique et psychologique.<\/li>\n<li><strong>Utilisation \u00e0 long terme<\/strong> peut conduire \u00e0 :\n<ul>\n<li>Tol\u00e9rance (dosage de plus en plus \u00e9lev\u00e9 requis)<\/li>\n<li>Sympt\u00f4mes de sevrage tels que l&#039;anxi\u00e9t\u00e9, l&#039;insomnie, les convulsions<\/li>\n<\/ul>\n<\/li>\n<li><strong>Combinaisons dangereuses<\/strong>:L\u2019ingestion d\u2019alcool ou d\u2019autres d\u00e9presseurs (tels que les opio\u00efdes) peut entra\u00eener une d\u00e9pression respiratoire et la mort.<a title=\"6-CL-ADBA\" href=\"https:\/\/researchchemicalstore.eu\/fr_be\/boutique\/presque-interdit\/6-cl-dadba\/\" target=\"_blank\" rel=\"noopener\">6-CL-ADBA<\/a><\/li>\n<\/ul>\n<h4>3. <strong>Conseils m\u00e9dicaux<\/strong><\/h4>\n<ul>\n<li>Utilisez ce rem\u00e8de <strong>uniquement sous surveillance m\u00e9dicale<\/strong> dans les pays o\u00f9 c&#039;est l\u00e9gal.<\/li>\n<li>Souffrez-vous d&#039;abus ou de d\u00e9pendance ? <strong>Demandez l\u2019aide d\u2019un professionnel.<a title=\"G\u00e9lules de 2C-EF 2 mg\" href=\"https:\/\/researchchemicalstore.eu\/fr_be\/boutique\/phenethylamine\/gelules-2c-ef-2-mg\/\" target=\"_blank\" rel=\"noopener\">G\u00e9lules de 2C-EF 2 mg<\/a><\/strong><\/li>\n<\/ul>\n<hr \/>\n<h3>\u26a0\ufe0fAvertissement important<\/h3>\n<p>Usage <strong>jamais<\/strong> Norfluraz\u00e9pam sans ordonnance. Le commerce ill\u00e9gal, via Internet ou les revendeurs de rue, comporte des risques importants\u00a0:<\/p>\n<ul>\n<li>Contamination possible des pilules<\/li>\n<li>Dosage peu fiable<\/li>\n<\/ul>\n<p>Pour <strong>alternatives s\u00fbres et l\u00e9gales<\/strong> Si vous avez des probl\u00e8mes de sommeil ou des plaintes d&#039;anxi\u00e9t\u00e9, veuillez contacter votre <strong>m\u00e9decin g\u00e9n\u00e9raliste ou pharmacien<\/strong>.<\/p>\n<p>&nbsp;<\/p>","protected":false},"excerpt":{"rendered":"<p>Norflurazepam werking \u2013 Wat je moet weten Norflurazepam werking is een benzodiazepine-derivaat met kalmerende, spierverslappende en angstremmende effecten. Hoewel het<\/p>","protected":false},"featured_media":28862,"comment_status":"closed","ping_status":"closed","template":"","meta":[],"product_brand":[82],"product_cat":[555],"product_tag":[326,132,137,135,134,136,133],"class_list":{"0":"post-24175","1":"product","2":"type-product","3":"status-publish","4":"has-post-thumbnail","6":"product_brand-research-chemical","7":"product_cat-b2b","8":"product_tag-nl","9":"product_tag-norflurazepam","10":"product_tag-norflurazepam-dosering","11":"product_tag-norflurazepam-ervaring","12":"product_tag-norflurazepam-ervaringen","13":"product_tag-norflurazepam-psychonaut","14":"product_tag-norflurazepam-werking","16":"first","17":"instock","18":"taxable","19":"shipping-taxable","20":"purchasable","21":"product-type-variable"},"_links":{"self":[{"href":"https:\/\/researchchemicalstore.eu\/fr_be\/wp-json\/wp\/v2\/product\/24175","targetHints":{"allow":["GET"]}}],"collection":[{"href":"https:\/\/researchchemicalstore.eu\/fr_be\/wp-json\/wp\/v2\/product"}],"about":[{"href":"https:\/\/researchchemicalstore.eu\/fr_be\/wp-json\/wp\/v2\/types\/product"}],"replies":[{"embeddable":true,"href":"https:\/\/researchchemicalstore.eu\/fr_be\/wp-json\/wp\/v2\/comments?post=24175"}],"version-history":[{"count":3,"href":"https:\/\/researchchemicalstore.eu\/fr_be\/wp-json\/wp\/v2\/product\/24175\/revisions"}],"predecessor-version":[{"id":26023,"href":"https:\/\/researchchemicalstore.eu\/fr_be\/wp-json\/wp\/v2\/product\/24175\/revisions\/26023"}],"wp:featuredmedia":[{"embeddable":true,"href":"https:\/\/researchchemicalstore.eu\/fr_be\/wp-json\/wp\/v2\/media\/28862"}],"wp:attachment":[{"href":"https:\/\/researchchemicalstore.eu\/fr_be\/wp-json\/wp\/v2\/media?parent=24175"}],"wp:term":[{"taxonomy":"product_brand","embeddable":true,"href":"https:\/\/researchchemicalstore.eu\/fr_be\/wp-json\/wp\/v2\/product_brand?post=24175"},{"taxonomy":"product_cat","embeddable":true,"href":"https:\/\/researchchemicalstore.eu\/fr_be\/wp-json\/wp\/v2\/product_cat?post=24175"},{"taxonomy":"product_tag","embeddable":true,"href":"https:\/\/researchchemicalstore.eu\/fr_be\/wp-json\/wp\/v2\/product_tag?post=24175"}],"curies":[{"name":"wp","href":"https:\/\/api.w.org\/{rel}","templated":true}]}}