{"id":24277,"date":"2025-04-13T17:41:22","date_gmt":"2025-04-13T17:41:22","guid":{"rendered":"https:\/\/researchchemicalstore.eu\/?post_type=product&#038;p=24277"},"modified":"2025-10-21T17:40:23","modified_gmt":"2025-10-21T17:40:23","slug":"flubrotizolam-05-mg","status":"publish","type":"product","link":"https:\/\/researchchemicalstore.eu\/fr_be\/product\/flubrotizolam-05-mg\/","title":{"rendered":"Granul\u00e9s de flubrotizolam 0,5 mg"},"content":{"rendered":"<h2><span data-sheets-value=\"{\" data-sheets-userformat=\"{\"><span dir=\"auto\" style=\"vertical-align: inherit;\"><span dir=\"auto\" style=\"vertical-align: inherit;\">Flubrotizolam 0.5 MG pellets<\/span><\/span><br \/>\n<\/span><\/h2>\n<p><span dir=\"auto\" style=\"vertical-align: inherit;\"><span dir=\"auto\" style=\"vertical-align: inherit;\">Flubrotizolam pellets contain 0.5 MG of active substance (Flubrotizolam 0.5 MG).<\/span><\/span><\/p>\n<p><strong><span dir=\"auto\" style=\"vertical-align: inherit;\"><span dir=\"auto\" style=\"vertical-align: inherit;\">These Flubrotizolam 0.5 MG pellets are produced in-house and are of the highest quality. These pellets contain 0.5 milligrams of the active ingredient (Flubrotizolam). Each pellet is approximately 8 mm in diameter with a break line. These Flubrotizolam 0.5 MG pellets are blistered in packs of 10 to ensure freshness, and orders of 5 or more blisters are delivered in a convenient box. <\/span><\/span><a title=\"buvards 1V-LSD 150 MCG\" href=\"https:\/\/researchchemicalstore.eu\/fr_be\/boutique\/lysergamides\/1v-lsd-150-mcg-blotters\/\" target=\"_blank\" rel=\"noopener\"><span dir=\"auto\" style=\"vertical-align: inherit;\"><span dir=\"auto\" style=\"vertical-align: inherit;\">buvards 1V-LSD 150 MCG<\/span><\/span><\/a><\/strong><\/p>\n<p><span dir=\"auto\" style=\"vertical-align: inherit;\"><span dir=\"auto\" style=\"vertical-align: inherit;\">Flubrotizolam is a substance that is only sold for research purposes <\/span><\/span><a href=\"http:\/\/google.nl\" target=\"_blank\" rel=\"noopener\"><span dir=\"auto\" style=\"vertical-align: inherit;\"><span dir=\"auto\" style=\"vertical-align: inherit;\">et<\/span><\/span><\/a><span dir=\"auto\" style=\"vertical-align: inherit;\"><span dir=\"auto\" style=\"vertical-align: inherit;\"> is therefore not intended for consumption.<\/span><\/span><\/p>\n<p><span dir=\"auto\" style=\"vertical-align: inherit;\"><span dir=\"auto\" style=\"vertical-align: inherit;\">Flubrotizolam remains stable for up to 2 years when stored in the correct environment. Flubrotizolam is intended for research purposes and not for consumption. Therefore, it is important to store the product out of the reach of children and pets. <\/span><\/span><a title=\"6-CL-ADBA\" href=\"https:\/\/researchchemicalstore.eu\/fr_be\/boutique\/presque-interdit\/6-cl-dadba\/\" target=\"_blank\" rel=\"noopener\"><span dir=\"auto\" style=\"vertical-align: inherit;\"><span dir=\"auto\" style=\"vertical-align: inherit;\">6-CL-ADBA<\/span><\/span><\/a><\/p>\n<p><span dir=\"auto\" style=\"vertical-align: inherit;\"><span dir=\"auto\" style=\"vertical-align: inherit;\">We offer high-quality research chemicals at a fair price. Your order is shipped within 24 hours every day. Order Flubrotizolam safely and quickly through<\/span><\/span><\/p>\n<h3><span data-sheets-value=\"{\" data-sheets-userformat=\"{\"><span dir=\"auto\" style=\"vertical-align: inherit;\"><span dir=\"auto\" style=\"vertical-align: inherit;\">Flubrotizolam properties<\/span><\/span><\/span><\/h3>\n<p><strong><span dir=\"auto\" style=\"vertical-align: inherit;\"><span dir=\"auto\" style=\"vertical-align: inherit;\">Synonyme:<\/span><\/span><\/strong><span dir=\"auto\" style=\"vertical-align: inherit;\"><span dir=\"auto\" style=\"vertical-align: inherit;\"> Flubrotizolam <\/span><\/span><br \/>\n<strong><span dir=\"auto\" style=\"vertical-align: inherit;\"><span dir=\"auto\" style=\"vertical-align: inherit;\">Num\u00e9ro CAS :<\/span><\/span><\/strong><span dir=\"auto\" style=\"vertical-align: inherit;\"><span dir=\"auto\" style=\"vertical-align: inherit;\"> 57801-95-3 <\/span><\/span><br \/>\n<strong><span dir=\"auto\" style=\"vertical-align: inherit;\"><span dir=\"auto\" style=\"vertical-align: inherit;\">Formule: <\/span><\/span><\/strong><span style=\"color: #333333; font-size: 14.4px;\"><span dir=\"auto\" style=\"vertical-align: inherit;\"><span dir=\"auto\" style=\"vertical-align: inherit;\">4-bromo-7-(2-fluoroph\u00e9nyl)-13-m\u00e9thyl-3-thia-1,8,11,12-t\u00e9trazatricyclo[8.3.0.0 <\/span><\/span><\/span><sup style=\"color: #333333;\"><span dir=\"auto\" style=\"vertical-align: inherit;\"><span dir=\"auto\" style=\"vertical-align: inherit;\">2,6 <\/span><\/span><\/sup><span style=\"color: #333333; font-size: 14.4px;\"><span dir=\"auto\" style=\"vertical-align: inherit;\"><span dir=\"auto\" style=\"vertical-align: inherit;\">]trid\u00e9ca-2(6),4,7,10,12-penta\u00e8ne <\/span><\/span><br \/>\n<\/span><strong><span dir=\"auto\" style=\"vertical-align: inherit;\"><span dir=\"auto\" style=\"vertical-align: inherit;\">Masse molaire:<\/span><\/span><\/strong><span dir=\"auto\" style=\"vertical-align: inherit;\"><span dir=\"auto\" style=\"vertical-align: inherit;\"> 377.24 g mol <\/span><\/span><br \/>\n<strong><span dir=\"auto\" style=\"vertical-align: inherit;\"><span dir=\"auto\" style=\"vertical-align: inherit;\">Puret\u00e9:<\/span><\/span><\/strong><span dir=\"auto\" style=\"vertical-align: inherit;\"><span dir=\"auto\" style=\"vertical-align: inherit;\"> &gt;98%<\/span><\/span><\/p>\n<h3><span dir=\"auto\" style=\"vertical-align: inherit;\"><span dir=\"auto\" style=\"vertical-align: inherit;\">Hazard statement<\/span><\/span><\/h3>\n<p><span dir=\"auto\" style=\"vertical-align: inherit;\"><span dir=\"auto\" style=\"vertical-align: inherit;\">Flubrotizolam can cause respiratory irritation. <\/span><\/span><br \/>\n<span dir=\"auto\" style=\"vertical-align: inherit;\"><span dir=\"auto\" style=\"vertical-align: inherit;\">Flubrotizolam can cause eye irritation. <\/span><\/span><br \/>\n<span dir=\"auto\" style=\"vertical-align: inherit;\"><span dir=\"auto\" style=\"vertical-align: inherit;\">Discharging research chemicals into the environment is prohibited.<\/span><\/span><\/p>\n<p><span dir=\"auto\" style=\"vertical-align: inherit;\"><span dir=\"auto\" style=\"vertical-align: inherit;\">Flubrotizolam IN EYES: Rinse eyes gently with water for five minutes. Remove contact lenses, if present and easy to do. <\/span><\/span><a title=\"G\u00e9lules de 2C-EF 2 mg\" href=\"https:\/\/researchchemicalstore.eu\/fr_be\/boutique\/phenethylamine\/gelules-2c-ef-2-mg\/\" target=\"_blank\" rel=\"noopener\"><span dir=\"auto\" style=\"vertical-align: inherit;\"><span dir=\"auto\" style=\"vertical-align: inherit;\">G\u00e9lules de 2C-EF 2 mg<\/span><\/span><\/a><\/p>\n<p><span dir=\"auto\" style=\"vertical-align: inherit;\"><span dir=\"auto\" style=\"vertical-align: inherit;\">Flubrotizolam ON CONTACT WITH SKIN: Wash skin with soap and water.<\/span><\/span><\/p>\n<p><span dir=\"auto\" style=\"vertical-align: inherit;\"><span dir=\"auto\" style=\"vertical-align: inherit;\">IF INHALED Flubrotizolam: Remove victim to fresh air and keep in a position comfortable for breathing. <\/span><\/span><a title=\"MEAI\" href=\"https:\/\/researchchemicalstore.eu\/fr_be\/boutique\/autre\/meai\/\" target=\"_blank\" rel=\"noopener\"><span dir=\"auto\" style=\"vertical-align: inherit;\"><span dir=\"auto\" style=\"vertical-align: inherit;\">MEAI<\/span><\/span><\/a><\/p>","protected":false},"excerpt":{"rendered":"<p>Flubrotizolam 0.5 MG pellets Flubrotizolam pellets contain 0.5 MG of active substance (Flubrotizolam 0.5 MG). These Flubrotizolam 0.5 MG pellets<\/p>","protected":false},"featured_media":28787,"comment_status":"closed","ping_status":"closed","template":"","meta":[],"product_brand":[82],"product_cat":[76,476,477,324],"product_tag":[150,153,154,151,152,155,326],"class_list":{"0":"post-24277","1":"product","2":"type-product","3":"status-publish","4":"has-post-thumbnail","6":"product_brand-research-chemical","7":"product_cat-benzodiazepinen","8":"product_cat-flubrotizolam","9":"product_cat-flubrotizolam-pellets","10":"product_cat-pellets-for-pellet","11":"product_tag-flubrotizolam","12":"product_tag-flubrotizolam-dosage","13":"product_tag-flubrotizolam-ervaring","14":"product_tag-flubrotizolam-half-life","15":"product_tag-flubrotizolam-werking","16":"product_tag-flunitrazolam-bijwerkingen","17":"product_tag-nl","19":"first","20":"instock","21":"taxable","22":"shipping-taxable","23":"purchasable","24":"product-type-variable"},"_links":{"self":[{"href":"https:\/\/researchchemicalstore.eu\/fr_be\/wp-json\/wp\/v2\/product\/24277","targetHints":{"allow":["GET"]}}],"collection":[{"href":"https:\/\/researchchemicalstore.eu\/fr_be\/wp-json\/wp\/v2\/product"}],"about":[{"href":"https:\/\/researchchemicalstore.eu\/fr_be\/wp-json\/wp\/v2\/types\/product"}],"replies":[{"embeddable":true,"href":"https:\/\/researchchemicalstore.eu\/fr_be\/wp-json\/wp\/v2\/comments?post=24277"}],"version-history":[{"count":4,"href":"https:\/\/researchchemicalstore.eu\/fr_be\/wp-json\/wp\/v2\/product\/24277\/revisions"}],"predecessor-version":[{"id":28021,"href":"https:\/\/researchchemicalstore.eu\/fr_be\/wp-json\/wp\/v2\/product\/24277\/revisions\/28021"}],"wp:featuredmedia":[{"embeddable":true,"href":"https:\/\/researchchemicalstore.eu\/fr_be\/wp-json\/wp\/v2\/media\/28787"}],"wp:attachment":[{"href":"https:\/\/researchchemicalstore.eu\/fr_be\/wp-json\/wp\/v2\/media?parent=24277"}],"wp:term":[{"taxonomy":"product_brand","embeddable":true,"href":"https:\/\/researchchemicalstore.eu\/fr_be\/wp-json\/wp\/v2\/product_brand?post=24277"},{"taxonomy":"product_cat","embeddable":true,"href":"https:\/\/researchchemicalstore.eu\/fr_be\/wp-json\/wp\/v2\/product_cat?post=24277"},{"taxonomy":"product_tag","embeddable":true,"href":"https:\/\/researchchemicalstore.eu\/fr_be\/wp-json\/wp\/v2\/product_tag?post=24277"}],"curies":[{"name":"wp","href":"https:\/\/api.w.org\/{rel}","templated":true}]}}