{"id":24342,"date":"2025-04-13T17:41:31","date_gmt":"2025-04-13T17:41:31","guid":{"rendered":"https:\/\/researchchemicalstore.eu\/?post_type=product&#038;p=24342"},"modified":"2025-04-21T10:53:16","modified_gmt":"2025-04-21T10:53:16","slug":"digitale-tank-mini-weegschaal","status":"publish","type":"product","link":"https:\/\/researchchemicalstore.eu\/fr_be\/product\/digitale-tank-mini-weegschaal\/","title":{"rendered":"Mini-balance num\u00e9rique pour r\u00e9servoir \u2013 20 g x 0,001 g"},"content":{"rendered":"<h1><strong>Mini balance num\u00e9rique pour r\u00e9servoir 20 g x 0,001 g<\/strong><\/h1>\n<p>Robuste \u00e0 l&#039;ext\u00e9rieur, extr\u00eamement pr\u00e9cis \u00e0 l&#039;int\u00e9rieur. Le <strong>Mini-balance num\u00e9rique pour r\u00e9servoir<\/strong> offre une capacit\u00e9 de mesure allant jusqu&#039;\u00e0 <strong>20 grammes<\/strong> avec une r\u00e9solution de <strong>0,001 gramme (1 mg)<\/strong> \u2013 Id\u00e9al pour un pesage pr\u00e9cis en laboratoire, en recherche, pour le microdosage ou pour les applications de loisirs haut de gamme. Le nom \u00ab\u00a0Tank\u00a0\u00bb est tout \u00e0 fait parlant\u00a0: compact, robuste et con\u00e7u pour une utilisation longue dur\u00e9e.<a href=\"https:\/\/researchchemicalstore.eu\/fr_be\/boutique\/balance\/mini-balance-numerique\/\">Mini-balance num\u00e9rique professionnelle \u2013 50 g x 0,001 g<\/a><\/p>\n<hr \/>\n<h4><strong>Caract\u00e9ristiques:<\/strong><\/h4>\n<ul>\n<li><strong>Plage de mesure :<\/strong> 0,001 g \u2013 20 g<\/li>\n<li><strong>R\u00e9solution:<\/strong> 0,001 g \/ 1 milligramme<\/li>\n<li><strong>Afficher:<\/strong> \u00c9cran LCD \u00e9clair\u00e9 \u00e0 contraste \u00e9lev\u00e9<\/li>\n<li><strong>Unit\u00e9s:<\/strong> g, oz, ct, gn, ozt, dwt<\/li>\n<li><strong>Caract\u00e9ristiques:<\/strong> Fonction tare, stabilisation rapide, arr\u00eat automatique<\/li>\n<li><strong>Alimentation \u00e9lectrique :<\/strong> 2 piles AAA (g\u00e9n\u00e9ralement incluses)<\/li>\n<li><strong>Finition:<\/strong> Plateau de pes\u00e9e stable en acier inoxydable + housse de protection.<a href=\"https:\/\/researchchemicalstore.eu\/fr_be\/boutique\/balance\/digitale-cs-weegschaal\/\">Balance num\u00e9rique CS \u2013 100 g x 0,01 g<\/a><\/li>\n<\/ul>\n<hr \/>\n<h4><strong>Id\u00e9al pour :<\/strong><\/h4>\n<p>\u2714 Microdosage (par exemple, suppl\u00e9ments ou substances naturelles)<br \/>\n\u2714 Travaux de pr\u00e9cision en biochimie, pharmacie ou bijouterie<br \/>\n\u2714 Recherche RC et consid\u00e9rations de qualit\u00e9 laboratoire<br \/>\n\u2714 Utilisation portable gr\u00e2ce \u00e0 sa conception compacte.<a href=\"https:\/\/researchchemicalstore.eu\/fr_be\/boutique\/balance\/mini-balance-biologique-numerique\/\">Mini-balance num\u00e9rique bio \u2013 20 g x 0,001 g<\/a><\/p>\n<hr \/>\n<p>\ud83c\udfaf <strong>Pourquoi choisir la balance Tank Mini ?<\/strong><\/p>\n<ul>\n<li><strong>Conception robuste<\/strong> \u2013 r\u00e9sistant \u00e0 une utilisation intensive<\/li>\n<li><strong>Haute pr\u00e9cision<\/strong> \u2013 p\u00e8se avec pr\u00e9cision au milligramme pr\u00e8s<\/li>\n<li><strong>Applications polyvalentes<\/strong> \u2013 de la science aux soins personnels<\/li>\n<li><strong>Facile \u00e0 transporter<\/strong> \u2013 id\u00e9al pour une utilisation en d\u00e9placement ou en laboratoire mobile<\/li>\n<\/ul>","protected":false},"excerpt":{"rendered":"<p><strong>Caract\u00e9ristiques:<\/strong><\/p>\n<ul>\n<li>Num\u00e9rique<\/li>\n<li>P\u00e8se \u00e0 partir de 0,001 g<\/li>\n<li>P\u00e8se max. 20 g<\/li>\n<li>Fonctionne avec : 2 piles AAA<\/li>\n<li>\u00e9cran LCD<\/li>\n<li>Couleur : noir<\/li>\n<\/ul>","protected":false},"featured_media":21116,"comment_status":"closed","ping_status":"closed","template":"","meta":[],"product_brand":[],"product_cat":[451],"product_tag":[452,764,767,849,765,766,768],"class_list":{"0":"post-24342","1":"product","2":"type-product","3":"status-publish","4":"has-post-thumbnail","6":"product_cat-weegschalen","7":"product_tag-de","8":"product_tag-digitale-cs-weegschaal","9":"product_tag-digitale-microweegschaal","10":"product_tag-digitale-tank-mini-weegschaal","11":"product_tag-milligramweegschaal","12":"product_tag-precise-weegschaal-0-001g","13":"product_tag-weegschaal-voor-research-chemicals","15":"first","16":"instock","17":"taxable","18":"shipping-taxable","19":"purchasable","20":"product-type-simple"},"_links":{"self":[{"href":"https:\/\/researchchemicalstore.eu\/fr_be\/wp-json\/wp\/v2\/product\/24342","targetHints":{"allow":["GET"]}}],"collection":[{"href":"https:\/\/researchchemicalstore.eu\/fr_be\/wp-json\/wp\/v2\/product"}],"about":[{"href":"https:\/\/researchchemicalstore.eu\/fr_be\/wp-json\/wp\/v2\/types\/product"}],"replies":[{"embeddable":true,"href":"https:\/\/researchchemicalstore.eu\/fr_be\/wp-json\/wp\/v2\/comments?post=24342"}],"version-history":[{"count":5,"href":"https:\/\/researchchemicalstore.eu\/fr_be\/wp-json\/wp\/v2\/product\/24342\/revisions"}],"predecessor-version":[{"id":25979,"href":"https:\/\/researchchemicalstore.eu\/fr_be\/wp-json\/wp\/v2\/product\/24342\/revisions\/25979"}],"wp:featuredmedia":[{"embeddable":true,"href":"https:\/\/researchchemicalstore.eu\/fr_be\/wp-json\/wp\/v2\/media\/21116"}],"wp:attachment":[{"href":"https:\/\/researchchemicalstore.eu\/fr_be\/wp-json\/wp\/v2\/media?parent=24342"}],"wp:term":[{"taxonomy":"product_brand","embeddable":true,"href":"https:\/\/researchchemicalstore.eu\/fr_be\/wp-json\/wp\/v2\/product_brand?post=24342"},{"taxonomy":"product_cat","embeddable":true,"href":"https:\/\/researchchemicalstore.eu\/fr_be\/wp-json\/wp\/v2\/product_cat?post=24342"},{"taxonomy":"product_tag","embeddable":true,"href":"https:\/\/researchchemicalstore.eu\/fr_be\/wp-json\/wp\/v2\/product_tag?post=24342"}],"curies":[{"name":"wp","href":"https:\/\/api.w.org\/{rel}","templated":true}]}}