{"id":24854,"date":"2025-04-13T17:43:28","date_gmt":"2025-04-13T17:43:28","guid":{"rendered":"https:\/\/researchchemicalstore.eu\/?post_type=product&#038;p=24854"},"modified":"2025-10-21T09:54:49","modified_gmt":"2025-10-21T09:54:49","slug":"deschloroketamine","status":"publish","type":"product","link":"https:\/\/researchchemicalstore.eu\/fr_be\/product\/deschloroketamine\/","title":{"rendered":"Pastilles DCK 20 mg"},"content":{"rendered":"<h2><span data-sheets-value=\"{\" data-sheets-userformat=\"{\">Pastilles DCK 20 mg<\/span><\/h2>\n<p>DCK pellets zijn voorzien van 20 MG werkzame stof (DCK).<\/p>\n<p>DCK is een stof die alleen verkocht wordt voor research doeleinden en is dus niet voor consumptie bestemd.<a title=\"Granul\u00e9s de 2-CMC 250 mg\" href=\"https:\/\/researchchemicalstore.eu\/fr_be\/boutique\/cathinones\/acheter-2-cmc\/\" target=\"_blank\" rel=\"noopener\">Granul\u00e9s de 2-CMC 250 mg<\/a><\/p>\n<p>DCK behoudt zijn stabiliteit tot 2 jaar wanneer deze in de juiste omgeving wordt bewaard. DCK <a href=\"http:\/\/google.nl\" target=\"_blank\" rel=\"noopener\">est<\/a> Destin\u00e9 \u00e0 la recherche uniquement et non \u00e0 la consommation humaine. Il est donc important de conserver ce produit hors de port\u00e9e des enfants et des animaux.<a title=\"G\u00e9lules de 2C-EF 2 mg\" href=\"https:\/\/researchchemicalstore.eu\/fr_be\/boutique\/phenethylamine\/gelules-2c-ef-2-mg\/\" target=\"_blank\" rel=\"noopener\">G\u00e9lules de 2C-EF 2 mg<\/a><\/p>\n<p>Nous proposons des produits chimiques de recherche de haute qualit\u00e9 \u00e0 un prix raisonnable. Votre commande est exp\u00e9di\u00e9e sous 24 heures, tous les jours. Commandez d\u00e8s maintenant\u00a0! <em>DCK<\/em> veilig en snel vi<\/p>\n<h3>DCK eigenschappen<\/h3>\n<p><strong>Synonyme:<\/strong>\u00a02\u2032-oxo-PCM, deschloroketamine<br \/>\n<strong>Num\u00e9ro CAS :<\/strong>\u00a04631-27-0<br \/>\n<strong>Formule:<\/strong>\u00a02-(methylamino)-2-phenyl-cyclohexanone<br \/>\n<strong>Masse molaire:<\/strong>\u00a0239,7 g\/mol<br \/>\n<strong>Puret\u00e9:<\/strong>\u00a0&gt;97%<\/p>\n<h3>Mention de danger<\/h3>\n<p>DCK kan luchtweg irritaties veroorzaken<br \/>\nDCK kan irritaties in de ogen veroorzaken.<br \/>\nIl est interdit de rejeter des produits chimiques de recherche dans l\u2019environnement.<\/p>\n<p>DCK IN CONTACT MET DE OGEN: spoel de ogen voorzichtig af met water gedurende vijf minuten. Verwijder de contactlenzen indien mogelijk.<\/p>\n<p>DCK IN CONTACT MET DE HUID: was de huid met water en zeep.<a title=\"6-CL-ADBA\" href=\"https:\/\/researchchemicalstore.eu\/fr_be\/boutique\/presque-interdit\/6-cl-dadba\/\" target=\"_blank\" rel=\"noopener\">6-CL-ADBA<\/a><\/p>\n<p>NA INADEMING VAN DCK: breng het slachtoffer in de frisse buitenlucht en laat het slachtoffer in een houding staan die het ademen makkelijk maakt.<a title=\"MEAI\" href=\"https:\/\/researchchemicalstore.eu\/fr_be\/boutique\/autre\/meai\/\" target=\"_blank\" rel=\"noopener\">MEAI<\/a><\/p>","protected":false},"excerpt":{"rendered":"<h3>DCK eigenschappen<\/h3>\n<p><strong>Synonyme:<\/strong>\u00a02\u2032-oxo-PCM, deschloroketamine<br \/>\n<strong>Num\u00e9ro CAS :<\/strong>\u00a04631-27-0<br \/>\n<strong>Formule:<\/strong>\u00a02-(methylamino)-2-phenyl-cyclohexanone<br \/>\n<strong>Masse molaire:<\/strong>\u00a0239,7 g\/mol<br \/>\n<strong>Puret\u00e9:<\/strong>\u00a0&gt;97%<\/p>","protected":false},"featured_media":28761,"comment_status":"closed","ping_status":"closed","template":"","meta":[],"product_brand":[82],"product_cat":[71,427,428,324],"product_tag":[272,302,303,326],"class_list":{"0":"post-24854","1":"product","2":"type-product","3":"status-publish","4":"has-post-thumbnail","6":"product_brand-research-chemical","7":"product_cat-arylcyclohexylamine","8":"product_cat-dck","9":"product_cat-dck-pellets","10":"product_cat-pellets-for-pellet","11":"product_tag-2f-dck-kopen","12":"product_tag-dck","13":"product_tag-deschloroketamine","14":"product_tag-nl","16":"first","17":"instock","18":"taxable","19":"shipping-taxable","20":"purchasable","21":"product-type-variable"},"_links":{"self":[{"href":"https:\/\/researchchemicalstore.eu\/fr_be\/wp-json\/wp\/v2\/product\/24854","targetHints":{"allow":["GET"]}}],"collection":[{"href":"https:\/\/researchchemicalstore.eu\/fr_be\/wp-json\/wp\/v2\/product"}],"about":[{"href":"https:\/\/researchchemicalstore.eu\/fr_be\/wp-json\/wp\/v2\/types\/product"}],"replies":[{"embeddable":true,"href":"https:\/\/researchchemicalstore.eu\/fr_be\/wp-json\/wp\/v2\/comments?post=24854"}],"version-history":[{"count":3,"href":"https:\/\/researchchemicalstore.eu\/fr_be\/wp-json\/wp\/v2\/product\/24854\/revisions"}],"predecessor-version":[{"id":25521,"href":"https:\/\/researchchemicalstore.eu\/fr_be\/wp-json\/wp\/v2\/product\/24854\/revisions\/25521"}],"wp:featuredmedia":[{"embeddable":true,"href":"https:\/\/researchchemicalstore.eu\/fr_be\/wp-json\/wp\/v2\/media\/28761"}],"wp:attachment":[{"href":"https:\/\/researchchemicalstore.eu\/fr_be\/wp-json\/wp\/v2\/media?parent=24854"}],"wp:term":[{"taxonomy":"product_brand","embeddable":true,"href":"https:\/\/researchchemicalstore.eu\/fr_be\/wp-json\/wp\/v2\/product_brand?post=24854"},{"taxonomy":"product_cat","embeddable":true,"href":"https:\/\/researchchemicalstore.eu\/fr_be\/wp-json\/wp\/v2\/product_cat?post=24854"},{"taxonomy":"product_tag","embeddable":true,"href":"https:\/\/researchchemicalstore.eu\/fr_be\/wp-json\/wp\/v2\/product_tag?post=24854"}],"curies":[{"name":"wp","href":"https:\/\/api.w.org\/{rel}","templated":true}]}}