{"id":26138,"date":"2025-05-01T01:31:18","date_gmt":"2025-05-01T01:31:18","guid":{"rendered":"https:\/\/researchchemicalstore.eu\/?post_type=product&#038;p=26138"},"modified":"2025-10-18T14:15:48","modified_gmt":"2025-10-18T14:15:48","slug":"gelules-diboga","status":"publish","type":"product","link":"https:\/\/researchchemicalstore.eu\/fr_be\/product\/gelules-diboga\/","title":{"rendered":"Capsules d&#039;Iboga"},"content":{"rendered":"<h2>Acheter des capsules d&#039;Iboga<\/h2>\n<p>L&#039;iboga est un compos\u00e9 psychoactif extrait de plantes contenant l&#039;alcalo\u00efde iboga\u00efne. Rien qu&#039;au Gabon, de nombreuses plantes contiennent cet alcalo\u00efde. La principale source est cependant la plante Tabernanthe Iboga. Ces plantes poussent sur le sol de la jungle dans des r\u00e9gions recul\u00e9es d&#039;Afrique centrale occidentale, notamment au Cameroun et en R\u00e9publique du Congo.<a href=\"https:\/\/legalerfuhrerschein.com\/\" target=\"_blank\" rel=\"noopener\">,<\/a> L&#039;Angola et, bien s\u00fbr, le Gabon, berceau physique et spirituel de la plante. Acheter des capsules d&#039;iboga<\/p>\n<p>L&#039;\u00e9corce de la racine de la plante contient des alcalo\u00efdes psychoactifs. En la d\u00e9coupant, on obtient un produit frais, pr\u00eat \u00e0 consommer, puissant, ancestral et cicatrisant. <a href=\"https:\/\/ibogainerehabilitation.com\/\" target=\"_blank\" rel=\"noopener\">iboga<\/a>Apr\u00e8s avoir consomm\u00e9 l&#039;\u00e9corce de racine, les sujets ressentent l&#039;apparition d&#039;un \u00e9tat de conscience proche du r\u00eave. Au cours de ce voyage, ils peuvent (ou non) faire des d\u00e9couvertes existentielles, avoir des visions cristallines, se rem\u00e9morer des souvenirs et vivre d&#039;innombrables autres exp\u00e9riences merveilleuses, comme des traitements contre les addictions, la d\u00e9pression, les maladies de peau, la r\u00e9duction corporelle et l&#039;\u00e9veil spirituel.<\/p>","protected":false},"excerpt":{"rendered":"<p>Buy Iboga Capsules Iboga refers to a psychoactive compound taken from plants that contain the ibogaine alkaloid. In Gabon alone,<\/p>","protected":false},"featured_media":28799,"comment_status":"closed","ping_status":"closed","template":"","meta":[],"product_brand":[],"product_cat":[908],"product_tag":[],"class_list":{"0":"post-26138","1":"product","2":"type-product","3":"status-publish","4":"has-post-thumbnail","6":"product_cat-iboga-ibogaine","8":"first","9":"instock","10":"taxable","11":"shipping-taxable","12":"purchasable","13":"product-type-variable"},"_links":{"self":[{"href":"https:\/\/researchchemicalstore.eu\/fr_be\/wp-json\/wp\/v2\/product\/26138","targetHints":{"allow":["GET"]}}],"collection":[{"href":"https:\/\/researchchemicalstore.eu\/fr_be\/wp-json\/wp\/v2\/product"}],"about":[{"href":"https:\/\/researchchemicalstore.eu\/fr_be\/wp-json\/wp\/v2\/types\/product"}],"replies":[{"embeddable":true,"href":"https:\/\/researchchemicalstore.eu\/fr_be\/wp-json\/wp\/v2\/comments?post=26138"}],"version-history":[{"count":2,"href":"https:\/\/researchchemicalstore.eu\/fr_be\/wp-json\/wp\/v2\/product\/26138\/revisions"}],"predecessor-version":[{"id":28875,"href":"https:\/\/researchchemicalstore.eu\/fr_be\/wp-json\/wp\/v2\/product\/26138\/revisions\/28875"}],"wp:featuredmedia":[{"embeddable":true,"href":"https:\/\/researchchemicalstore.eu\/fr_be\/wp-json\/wp\/v2\/media\/28799"}],"wp:attachment":[{"href":"https:\/\/researchchemicalstore.eu\/fr_be\/wp-json\/wp\/v2\/media?parent=26138"}],"wp:term":[{"taxonomy":"product_brand","embeddable":true,"href":"https:\/\/researchchemicalstore.eu\/fr_be\/wp-json\/wp\/v2\/product_brand?post=26138"},{"taxonomy":"product_cat","embeddable":true,"href":"https:\/\/researchchemicalstore.eu\/fr_be\/wp-json\/wp\/v2\/product_cat?post=26138"},{"taxonomy":"product_tag","embeddable":true,"href":"https:\/\/researchchemicalstore.eu\/fr_be\/wp-json\/wp\/v2\/product_tag?post=26138"}],"curies":[{"name":"wp","href":"https:\/\/api.w.org\/{rel}","templated":true}]}}