{"id":27449,"date":"2025-09-02T16:11:46","date_gmt":"2025-09-02T16:11:46","guid":{"rendered":"https:\/\/researchchemicalstore.eu\/?post_type=product&#038;p=27449"},"modified":"2025-10-18T14:12:46","modified_gmt":"2025-10-18T14:12:46","slug":"fentanyl","status":"publish","type":"product","link":"https:\/\/researchchemicalstore.eu\/fr_be\/product\/fentanyl\/","title":{"rendered":"fentanyl"},"content":{"rendered":"<h3 data-start=\"230\" data-end=\"288\">Fentanyl \u2013 Informations sur le produit (neutres et informatives)<\/h3>\n<p data-start=\"290\" data-end=\"722\"><strong data-start=\"290\" data-end=\"316\">Description g\u00e9n\u00e9rale :<\/strong><br data-start=\"316\" data-end=\"319\" \/>Le fentanyl est un opio\u00efde synth\u00e9tique utilis\u00e9 comme analg\u00e9sique puissant. Il appartient \u00e0 la famille des analg\u00e9siques opio\u00efdes et est bien plus puissant que la morphine. Gr\u00e2ce \u00e0 sa grande efficacit\u00e9, le fentanyl est utilis\u00e9 en m\u00e9decine pour traiter les douleurs intenses et persistantes, par exemple apr\u00e8s une intervention chirurgicale, un cancer ou chez les patients ne r\u00e9pondant pas ad\u00e9quatement aux autres analg\u00e9siques.<\/p>\n<p data-start=\"724\" data-end=\"991\"><strong data-start=\"724\" data-end=\"747\">M\u00e9canisme d&#039;action :<\/strong><br data-start=\"747\" data-end=\"750\" \/>Le fentanyl agit en se liant aux r\u00e9cepteurs opio\u00efdes du syst\u00e8me nerveux central. Cela r\u00e9duit la perception de la douleur et procure souvent une sensation de relaxation. L&#039;effet du m\u00e9dicament peut \u00eatre rapide, selon la forme posologique.<\/p>\n<p data-start=\"993\" data-end=\"1095\"><strong data-start=\"993\" data-end=\"1015\">Formes posologiques :<\/strong><br data-start=\"1015\" data-end=\"1018\" \/>Le fentanyl est disponible sous plusieurs formes pharmaceutiques, notamment :<\/p>\n<ul data-start=\"1096\" data-end=\"1287\">\n<li data-start=\"1096\" data-end=\"1154\">\n<p data-start=\"1098\" data-end=\"1154\">Injections (pour le traitement de la douleur aigu\u00eb dans les h\u00f4pitaux)<\/p>\n<\/li>\n<li data-start=\"1155\" data-end=\"1214\">\n<p data-start=\"1157\" data-end=\"1214\">Patchs (transdermiques, pour un soulagement continu de la douleur)<\/p>\n<\/li>\n<li data-start=\"1215\" data-end=\"1287\">\n<p data-start=\"1217\" data-end=\"1287\">Pastilles ou sprays nasaux (pour les douleurs aigu\u00ebs chez les patients atteints de cancer)<\/p>\n<\/li>\n<\/ul>\n<p data-start=\"1289\" data-end=\"1317\"><strong data-start=\"1289\" data-end=\"1315\">Applications m\u00e9dicales :<\/strong><\/p>\n<ul data-start=\"1318\" data-end=\"1482\">\n<li data-start=\"1318\" data-end=\"1372\">\n<p data-start=\"1320\" data-end=\"1372\">Douleur chronique intense (par exemple due \u00e0 un cancer)<\/p>\n<\/li>\n<li data-start=\"1373\" data-end=\"1400\">\n<p data-start=\"1375\" data-end=\"1400\">Douleur apr\u00e8s une intervention chirurgicale majeure<\/p>\n<\/li>\n<li data-start=\"1401\" data-end=\"1482\">\n<p data-start=\"1403\" data-end=\"1482\">Prise en charge de la douleur chez les patients devenus tol\u00e9rants \u00e0 d&#039;autres opio\u00efdes<\/p>\n<\/li>\n<\/ul>\n<p data-start=\"1484\" data-end=\"1805\"><strong data-start=\"1484\" data-end=\"1527\">Avertissements et risques importants :<\/strong><br data-start=\"1527\" data-end=\"1530\" \/>Bien que le fentanyl soit tr\u00e8s efficace, il comporte des risques importants, notamment de d\u00e9pression respiratoire, de d\u00e9pendance et de surdose. Par cons\u00e9quent, son utilisation ne doit \u00eatre effectu\u00e9e que sous stricte surveillance m\u00e9dicale. L&#039;abus de ce m\u00e9dicament peut mettre la vie en danger.<\/p>\n<p data-start=\"1807\" data-end=\"2037\"><strong data-start=\"1807\" data-end=\"1821\">Conclusion:<\/strong><br data-start=\"1821\" data-end=\"1824\" \/>Le fentanyl est un m\u00e9dicament extr\u00eamement puissant, tr\u00e8s utile dans la gestion de la douleur, \u00e0 condition d&#039;\u00eatre utilis\u00e9 correctement et avec prudence. Son utilisation est strictement r\u00e9glement\u00e9e et toujours soumise \u00e0 prescription m\u00e9dicale.<\/p>\n<h2 data-start=\"139\" data-end=\"177\">Questions fr\u00e9quemment pos\u00e9es sur le fentanyl<\/h2>\n<p data-start=\"179\" data-end=\"413\"><strong data-start=\"179\" data-end=\"202\">1. Qu\u2019est-ce que le fentanyl ?<\/strong><br data-start=\"202\" data-end=\"205\" \/>Le fentanyl est un opio\u00efde synth\u00e9tique utilis\u00e9 en m\u00e9decine pour traiter les douleurs intenses. Il est beaucoup plus puissant que la morphine et est prescrit lorsque les autres analg\u00e9siques sont inefficaces.<\/p>\n<p data-start=\"415\" data-end=\"717\"><strong data-start=\"415\" data-end=\"477\">2. Comment le fentanyl est-il utilis\u00e9 dans le traitement m\u00e9dical ?<\/strong><br data-start=\"477\" data-end=\"480\" \/>Les m\u00e9decins prescrivent du fentanyl aux patients souffrant de douleurs chroniques et intenses, comme celles li\u00e9es au cancer, ou apr\u00e8s une intervention chirurgicale majeure. Il peut \u00eatre administr\u00e9 sous forme d&#039;injection, de patch, de pastille ou de spray nasal, selon la situation du patient.<\/p>\n<p data-start=\"719\" data-end=\"978\"><strong data-start=\"719\" data-end=\"773\">3. Pourquoi le fentanyl est-il consid\u00e9r\u00e9 comme dangereux ?<\/strong><br data-start=\"773\" data-end=\"776\" \/>En raison de sa puissance extr\u00eame, m\u00eame de petites quantit\u00e9s de fentanyl peuvent provoquer des probl\u00e8mes respiratoires potentiellement mortels. L&#039;abus ou le surdosage accidentel comportent un risque important.<\/p>\n<p data-start=\"980\" data-end=\"1186\"><strong data-start=\"980\" data-end=\"1016\">4. Le fentanyl peut-il cr\u00e9er une d\u00e9pendance ?<\/strong><br data-start=\"1016\" data-end=\"1019\" \/>Oui. Comme d&#039;autres opio\u00efdes, le fentanyl peut entra\u00eener une d\u00e9pendance et une accoutumance. Les patients qui utilisent du fentanyl doivent \u00eatre suivis attentivement par leur m\u00e9decin.<\/p>\n<p data-start=\"1188\" data-end=\"1436\"><strong data-start=\"1188\" data-end=\"1251\">5. Quels sont les effets secondaires les plus courants du fentanyl\u00a0?<\/strong><br data-start=\"1251\" data-end=\"1254\" \/>Les effets secondaires possibles incluent somnolence, naus\u00e9es, constipation, confusion et \u00e9tourdissements. Parmi les effets secondaires graves, on compte un ralentissement respiratoire, potentiellement mortel.<\/p>\n<p data-start=\"1438\" data-end=\"1690\"><strong data-start=\"1438\" data-end=\"1492\">6. Comment peut-on pr\u00e9venir l\u2019abus de fentanyl ?<\/strong><br data-start=\"1492\" data-end=\"1495\" \/>Le fentanyl ne doit \u00eatre utilis\u00e9 que sous surveillance m\u00e9dicale stricte. Les patients doivent suivre scrupuleusement les instructions de leur m\u00e9decin, conserver le m\u00e9dicament en lieu s\u00fbr et ne jamais le partager avec d&#039;autres personnes.<\/p>\n<p data-start=\"1692\" data-end=\"2007\"><strong data-start=\"1692\" data-end=\"1757\">7. Le fentanyl pharmaceutique est-il le m\u00eame que le fentanyl ill\u00e9gal ?<\/strong><br data-start=\"1757\" data-end=\"1760\" \/>Non. Le fentanyl pharmaceutique est produit selon des normes m\u00e9dicales strictes et prescrit uniquement par des m\u00e9decins. Le fentanyl illicite, souvent m\u00e9lang\u00e9 \u00e0 d&#039;autres drogues, est l&#039;une des principales causes d&#039;overdoses et de d\u00e9c\u00e8s dans le monde.<\/p>","protected":false},"excerpt":{"rendered":"<p>Fentanyl \u2013 Productinformatie (Neutraal en Informatief) Algemene beschrijving:Fentanyl is een synthetisch opio\u00efd dat wordt gebruikt als sterk pijnstillend middel. Het<\/p>","protected":false},"featured_media":28780,"comment_status":"open","ping_status":"closed","template":"","meta":[],"product_brand":[],"product_cat":[1085],"product_tag":[],"class_list":{"0":"post-27449","1":"product","2":"type-product","3":"status-publish","4":"has-post-thumbnail","6":"product_cat-okategoriserad","8":"first","9":"instock","10":"taxable","11":"shipping-taxable","12":"purchasable","13":"product-type-variable"},"_links":{"self":[{"href":"https:\/\/researchchemicalstore.eu\/fr_be\/wp-json\/wp\/v2\/product\/27449","targetHints":{"allow":["GET"]}}],"collection":[{"href":"https:\/\/researchchemicalstore.eu\/fr_be\/wp-json\/wp\/v2\/product"}],"about":[{"href":"https:\/\/researchchemicalstore.eu\/fr_be\/wp-json\/wp\/v2\/types\/product"}],"replies":[{"embeddable":true,"href":"https:\/\/researchchemicalstore.eu\/fr_be\/wp-json\/wp\/v2\/comments?post=27449"}],"version-history":[{"count":2,"href":"https:\/\/researchchemicalstore.eu\/fr_be\/wp-json\/wp\/v2\/product\/27449\/revisions"}],"predecessor-version":[{"id":28874,"href":"https:\/\/researchchemicalstore.eu\/fr_be\/wp-json\/wp\/v2\/product\/27449\/revisions\/28874"}],"wp:featuredmedia":[{"embeddable":true,"href":"https:\/\/researchchemicalstore.eu\/fr_be\/wp-json\/wp\/v2\/media\/28780"}],"wp:attachment":[{"href":"https:\/\/researchchemicalstore.eu\/fr_be\/wp-json\/wp\/v2\/media?parent=27449"}],"wp:term":[{"taxonomy":"product_brand","embeddable":true,"href":"https:\/\/researchchemicalstore.eu\/fr_be\/wp-json\/wp\/v2\/product_brand?post=27449"},{"taxonomy":"product_cat","embeddable":true,"href":"https:\/\/researchchemicalstore.eu\/fr_be\/wp-json\/wp\/v2\/product_cat?post=27449"},{"taxonomy":"product_tag","embeddable":true,"href":"https:\/\/researchchemicalstore.eu\/fr_be\/wp-json\/wp\/v2\/product_tag?post=27449"}],"curies":[{"name":"wp","href":"https:\/\/api.w.org\/{rel}","templated":true}]}}