{"id":27458,"date":"2025-09-02T16:57:33","date_gmt":"2025-09-02T16:57:33","guid":{"rendered":"https:\/\/researchchemicalstore.eu\/?post_type=product&#038;p=27458"},"modified":"2025-10-18T14:04:54","modified_gmt":"2025-10-18T14:04:54","slug":"poudre-de-benzocaine-%e2%89%a599-0","status":"publish","type":"product","link":"https:\/\/researchchemicalstore.eu\/fr_be\/product\/poudre-de-benzocaine-%e2%89%a599-0\/","title":{"rendered":"Poudre de benzoca\u00efne \u2265 99,0%"},"content":{"rendered":"<p data-start=\"433\" data-end=\"736\">Nous <strong data-start=\"437\" data-end=\"465\">Poudre de benzoca\u00efne \u2265 99,0%<\/strong> Il s&#039;agit d&#039;une mati\u00e8re premi\u00e8re ultra-pure et de haute qualit\u00e9, largement utilis\u00e9e dans les applications pharmaceutiques, cosm\u00e9tiques et industrielles. Gr\u00e2ce \u00e0 son excellente qualit\u00e9 et \u00e0 sa puret\u00e9, ce produit r\u00e9pond aux normes les plus strictes et convient \u00e0 un large \u00e9ventail d&#039;applications.<\/p>\n<p data-start=\"738\" data-end=\"768\"><strong data-start=\"738\" data-end=\"766\">Caract\u00e9ristiques principales :<\/strong><\/p>\n<ul data-start=\"769\" data-end=\"1018\">\n<li data-start=\"769\" data-end=\"791\">\n<p data-start=\"771\" data-end=\"791\">Puret\u00e9 : \u226599,0%<\/p>\n<\/li>\n<li data-start=\"792\" data-end=\"829\">\n<p data-start=\"794\" data-end=\"829\">Forme : Fine poudre cristalline blanche<\/p>\n<\/li>\n<li data-start=\"830\" data-end=\"930\">\n<p data-start=\"832\" data-end=\"930\">Solubilit\u00e9 : Facilement soluble dans l&#039;alcool et les solvants organiques, peu soluble dans l&#039;eau<\/p>\n<\/li>\n<li data-start=\"931\" data-end=\"954\">\n<p data-start=\"933\" data-end=\"954\">Num\u00e9ro CAS : 94-09-7<\/p>\n<\/li>\n<li data-start=\"955\" data-end=\"984\">\n<p data-start=\"957\" data-end=\"984\">Formule mol\u00e9culaire : C9H11NO2<\/p>\n<\/li>\n<li data-start=\"985\" data-end=\"1018\">\n<p data-start=\"987\" data-end=\"1018\">Poids mol\u00e9culaire : 165,19 g\/mol<\/p>\n<\/li>\n<\/ul>\n<p data-start=\"1020\" data-end=\"1039\"><strong data-start=\"1020\" data-end=\"1037\">Applications:<\/strong><\/p>\n<ul data-start=\"1040\" data-end=\"1298\">\n<li data-start=\"1040\" data-end=\"1132\">\n<p data-start=\"1042\" data-end=\"1132\">Industrie pharmaceutique : utilis\u00e9 comme anesth\u00e9sique local dans les cr\u00e8mes, les gels et les sprays<\/p>\n<\/li>\n<li data-start=\"1133\" data-end=\"1210\">\n<p data-start=\"1135\" data-end=\"1210\">Secteur cosm\u00e9tique : utilis\u00e9 dans les produits pour le soulagement temporaire de la douleur<\/p>\n<\/li>\n<li data-start=\"1211\" data-end=\"1298\">\n<p data-start=\"1213\" data-end=\"1298\">Recherche et laboratoires : utilisables \u00e0 des fins scientifiques et analytiques<\/p>\n<\/li>\n<\/ul>\n<p data-start=\"1300\" data-end=\"1462\"><strong data-start=\"1300\" data-end=\"1325\">Stockage et s\u00e9curit\u00e9 :<\/strong><br data-start=\"1325\" data-end=\"1328\" \/>Conserver le produit dans un endroit frais et sec, \u00e0 l&#039;abri de la lumi\u00e8re directe du soleil et de l&#039;humidit\u00e9. R\u00e9serv\u00e9 \u00e0 un usage professionnel.<\/p>\n<h1 data-start=\"1469\" data-end=\"1533\"><strong data-start=\"1471\" data-end=\"1531\">Foire aux questions (FAQ en n\u00e9erlandais + explication en anglais)<\/strong><\/h1>\n<p data-start=\"1535\" data-end=\"1789\"><strong data-start=\"1535\" data-end=\"1567\">1. Qu&#039;est-ce que la poudre de benzoca\u00efne ?<\/strong><br data-start=\"1567\" data-end=\"1570\" \/>La benzoca\u00efne est un anesth\u00e9sique local souvent utilis\u00e9 pour r\u00e9duire temporairement la douleur ou l\u2019irritation.<\/p>\n<p data-start=\"1791\" data-end=\"2058\"><strong data-start=\"1791\" data-end=\"1843\">2. Comment la poudre de benzoca\u00efne est-elle g\u00e9n\u00e9ralement utilis\u00e9e\u00a0?<\/strong><br data-start=\"1843\" data-end=\"1846\" \/>Il est utilis\u00e9 dans les cr\u00e8mes, les gels, les sprays et parfois dans les dispositifs m\u00e9dicaux pour soulager la douleur.<\/p>\n<p data-start=\"2060\" data-end=\"2360\"><strong data-start=\"2060\" data-end=\"2107\">3. Ce produit est-il propre \u00e0 la consommation ?<\/strong><br data-start=\"2107\" data-end=\"2110\" \/>Non, ce produit est destin\u00e9 \u00e0 un usage professionnel et \u00e0 la recherche uniquement. Il ne convient pas \u00e0 la consommation directe.<\/p>\n<p data-start=\"2362\" data-end=\"2596\"><strong data-start=\"2362\" data-end=\"2407\">4. Comment dois-je conserver la poudre de benzoca\u00efne\u00a0?<\/strong><br data-start=\"2407\" data-end=\"2410\" \/>Conserver dans un endroit frais, sec et bien ferm\u00e9, hors de port\u00e9e des enfants et des animaux.<\/p>\n<p data-start=\"2598\" data-end=\"2816\"><strong data-start=\"2598\" data-end=\"2657\">5. Puis-je commander ce produit en petites quantit\u00e9s ?<\/strong><br data-start=\"2657\" data-end=\"2660\" \/>Oui, nous proposons des quantit\u00e9s de commande flexibles en fonction de vos besoins.<\/p>\n<p data-start=\"2818\" data-end=\"3078\"><strong data-start=\"2818\" data-end=\"2866\">6. Qu&#039;est-ce qui rend ce produit de haute qualit\u00e9 ?<\/strong><br data-start=\"2866\" data-end=\"2869\" \/>La puret\u00e9 de \u226599,0% garantit la fiabilit\u00e9 et des performances constantes dans diverses applications.<\/p>","protected":false},"excerpt":{"rendered":"<p>Ons Benzoca\u00efne Poeder \u226599.0% is een ultrazuivere, hoogwaardige grondstof die veel wordt gebruikt in farmaceutische, cosmetische en industri\u00eble toepassingen. Dankzij<\/p>","protected":false},"featured_media":28738,"comment_status":"open","ping_status":"closed","template":"","meta":[],"product_brand":[],"product_cat":[1085],"product_tag":[],"class_list":{"0":"post-27458","1":"product","2":"type-product","3":"status-publish","4":"has-post-thumbnail","6":"product_cat-okategoriserad","8":"first","9":"instock","10":"taxable","11":"shipping-taxable","12":"purchasable","13":"product-type-variable"},"_links":{"self":[{"href":"https:\/\/researchchemicalstore.eu\/fr_be\/wp-json\/wp\/v2\/product\/27458","targetHints":{"allow":["GET"]}}],"collection":[{"href":"https:\/\/researchchemicalstore.eu\/fr_be\/wp-json\/wp\/v2\/product"}],"about":[{"href":"https:\/\/researchchemicalstore.eu\/fr_be\/wp-json\/wp\/v2\/types\/product"}],"replies":[{"embeddable":true,"href":"https:\/\/researchchemicalstore.eu\/fr_be\/wp-json\/wp\/v2\/comments?post=27458"}],"version-history":[{"count":2,"href":"https:\/\/researchchemicalstore.eu\/fr_be\/wp-json\/wp\/v2\/product\/27458\/revisions"}],"predecessor-version":[{"id":27974,"href":"https:\/\/researchchemicalstore.eu\/fr_be\/wp-json\/wp\/v2\/product\/27458\/revisions\/27974"}],"wp:featuredmedia":[{"embeddable":true,"href":"https:\/\/researchchemicalstore.eu\/fr_be\/wp-json\/wp\/v2\/media\/28738"}],"wp:attachment":[{"href":"https:\/\/researchchemicalstore.eu\/fr_be\/wp-json\/wp\/v2\/media?parent=27458"}],"wp:term":[{"taxonomy":"product_brand","embeddable":true,"href":"https:\/\/researchchemicalstore.eu\/fr_be\/wp-json\/wp\/v2\/product_brand?post=27458"},{"taxonomy":"product_cat","embeddable":true,"href":"https:\/\/researchchemicalstore.eu\/fr_be\/wp-json\/wp\/v2\/product_cat?post=27458"},{"taxonomy":"product_tag","embeddable":true,"href":"https:\/\/researchchemicalstore.eu\/fr_be\/wp-json\/wp\/v2\/product_tag?post=27458"}],"curies":[{"name":"wp","href":"https:\/\/api.w.org\/{rel}","templated":true}]}}