{"id":23553,"date":"2025-04-13T17:39:57","date_gmt":"2025-04-13T17:39:57","guid":{"rendered":"https:\/\/researchchemicalstore.eu\/?post_type=product&#038;p=23553"},"modified":"2025-10-22T16:03:06","modified_gmt":"2025-10-22T16:03:06","slug":"1b-lsd-l-tartarat-cisti","status":"publish","type":"product","link":"https:\/\/researchchemicalstore.eu\/hr\/product\/1b-lsd-l-tartarat-cisti\/","title":{"rendered":"1B-LSD L-tartarat \u010disti"},"content":{"rendered":"<h1><strong>1B-LSD L-tartarat \u010disti \u2013 visokokvalitetni lizergamid za znanstvena istra\u017eivanja<\/strong><\/h1>\n<p><strong>Naziv proizvoda:<\/strong> 1B-LSD L-tartarat<br \/>\n<strong>Kemijski naziv:<\/strong> 1-Butanoil-lizerginska kiselina dietilamid L-tartarat<br \/>\n<strong>Formula:<\/strong> C23H29N3O2 \u00b7 C4H6O6<br \/>\n<strong>Molekularna te\u017eina:<\/strong> 495,57 g\/mol<br \/>\n<strong>Oblik:<\/strong> Bijeli kristalni prah<br \/>\n<strong>\u010cisto\u0107a:<\/strong> \u226599% (HPLC certificirano)<br \/>\n<strong>Tip:<\/strong> Istra\u017eiva\u010dka kvaliteta \u2013 Nije za ljudsku konzumaciju<\/p>\n<hr \/>\n<h2><strong>\u0160to je 1B-LSD L-tartarat?<\/strong><\/h2>\n<p>1B-LSD (1-Butanoil-LSD) je polusintetski lizergamid kemijski srodan LSD-u i drugim analozima kao \u0161to su 1P-LSD i 1cP-LSD. Dodatak butanoilne skupine rezultira spojem poznatim po svojim <strong>karakter prolijeka<\/strong>U biolo\u0161kim sustavima o\u010dekuje se da \u0107e se 1B-LSD djelomi\u010dno pretvoriti u LSD.<\/p>\n<p>The <strong>Oblik L-tartaratne soli<\/strong> nudi pove\u0107anu stabilnost, to\u010dno vaganje i izvrsnu topljivost za analiti\u010dke primjene.<\/p>\n<hr \/>\n<h2><strong>Primjena 1B-LSD-a u istra\u017eiva\u010dkom kontekstu<\/strong><\/h2>\n<ul>\n<li><strong>Farmakodinami\u010dka istra\u017eivanja:<\/strong> Prou\u010davanje interakcija serotoninskih receptora (posebno 5-HT2A).<\/li>\n<li><strong>Komparativna neurokemijska istra\u017eivanja:<\/strong> Usporedba s LSD-om, 1P-LSD-om i drugim analozima.<\/li>\n<li><strong>Probir bioaktivnosti in vitro i in vivo<\/strong> (samo za ovla\u0161tene institucije).<\/li>\n<li><strong>Analiza prolijeka:<\/strong> Analiza metaboli\u010dkih putova lizergamida u biolo\u0161kim sustavima.<\/li>\n<\/ul>\n<blockquote><p>\u26a0\ufe0f <strong>Napomena:<\/strong> Ovaj proizvod namijenjen je isklju\u010divo za znanstvene i forenzi\u010dke istra\u017eiva\u010dke svrhe. Nije za ljudsku konzumaciju ili upotrebu na \u017eivotinjama.<\/p><\/blockquote>\n<hr \/>\n<h2><strong>Koristi za istra\u017eiva\u010de<\/strong><\/h2>\n<p>\u2714 Visoka kemijska stabilnost u obliku L-tartaratne soli<br \/>\n\u2714 Svojstva prolijeka pru\u017eaju uvid u metabolizam lisergamida<br \/>\n\u2714 Konzistentna \u010disto\u0107a od \u226599% (potvr\u0111eno HPLC-om)<br \/>\n\u2714 Lako topljiv u etanolu i drugim analiti\u010dkim otapalima<\/p>\n<hr \/>\n<h2><strong>Mogu\u0107i nedostaci \/ ograni\u010denja<\/strong><\/h2>\n<ul>\n<li>Pravni status mo\u017ee se razlikovati ovisno o zemlji ili regiji<\/li>\n<li>Ograni\u010deni dugoro\u010dni toksikolo\u0161ki podaci<\/li>\n<li>Mo\u017ee se razgraditi kada je izlo\u017een svjetlosti, toplini ili zraku<\/li>\n<li>Zahtijeva skladi\u0161tenje u kontroliranim uvjetima<\/li>\n<\/ul>\n<hr \/>\n<h2><strong>Laboratorijski podaci<\/strong><\/h2>\n<table>\n<thead>\n<tr>\n<th>Zna\u010dajka<\/th>\n<th>Specifikacija<\/th>\n<\/tr>\n<\/thead>\n<tbody>\n<tr>\n<td>\u010cisto\u0107a<\/td>\n<td>\u226599% HPLC<\/td>\n<\/tr>\n<tr>\n<td>To\u010dka taljenja<\/td>\n<td>192\u2013196 \u00b0C<\/td>\n<\/tr>\n<tr>\n<td>Topljivost<\/td>\n<td>Dobro u etanolu i acetonu<\/td>\n<\/tr>\n<tr>\n<td>Savjeti za skladi\u0161tenje<\/td>\n<td>2\u20138\u00b0C, tamno i suho<\/td>\n<\/tr>\n<tr>\n<td>\u0160ifra serije<\/td>\n<td>1BLSD-LT0625<\/td>\n<\/tr>\n<tr>\n<td>Datum analize<\/td>\n<td>18. lipnja 2025.<\/td>\n<\/tr>\n<\/tbody>\n<\/table>\n<hr \/>\n<h2><strong>Scenariji kori\u0161tenja (Laboratorij)<\/strong><\/h2>\n<table>\n<thead>\n<tr>\n<th>Vrsta aplikacije<\/th>\n<th>Koncentracija<\/th>\n<th>Metoda<\/th>\n<th>Cilj<\/th>\n<\/tr>\n<\/thead>\n<tbody>\n<tr>\n<td>In vitro<\/td>\n<td>1\u201310 \u00b5M<\/td>\n<td>Otopiti u DMSO-u<\/td>\n<td>Studije vezanja receptora<\/td>\n<\/tr>\n<tr>\n<td>In vivo (neizravno)<\/td>\n<td>nije dostupno<\/td>\n<td>Dozvoljeno samo uz dozvolu<\/td>\n<td>Studija konverzije prolijeka<\/td>\n<\/tr>\n<\/tbody>\n<\/table>\n<hr \/>\n<h2><strong>\u010cesto postavljana pitanja (FAQ)<\/strong><\/h2>\n<h3>\u2753 Koja je razlika izme\u0111u 1B-LSD-a i LSD-a?<\/h3>\n<p>1B-LSD se smatra prolijekom LSD-a. U biolo\u0161kim sustavima mo\u017ee se pretvoriti u LSD, \u0161to ga \u010dini posebno zanimljivim za istra\u017eivanje metabolizma.<\/p>\n<h3>\u2753 Je li 1B-LSD legalan u Nizozemskoj ili Belgiji?<\/h3>\n<p>1B-LSD mo\u017ee potpasti pod zakon o analogiji. Uvijek provjerite va\u017ee\u0107e zakone u va\u0161oj regiji za uvoz ili posjedovanje.<\/p>\n<h3>\u2753 Za\u0161to L-tartarat umjesto slobodne baze?<\/h3>\n<p>L-tartarat je kemijski stabilniji, lak\u0161e se vaga i pogodniji za dugotrajno skladi\u0161tenje.<\/p>\n<h3>\u2753 Mogu li ovaj proizvod koristiti za ljudsku prehranu?<\/h3>\n<p>L-tartarat br. 1B-LSD namijenjen je samo za laboratorijska istra\u017eivanja. Konzumacija je strogo zabranjena.<\/p>\n<hr \/>\n<h2><strong>Sa\u017eetak<\/strong><\/h2>\n<p><strong>1B-LSD L-tartarat<\/strong> nudi istra\u017eiva\u010dima jedinstvenu priliku za prou\u010davanje analoga lisergamida u \u010distom, stabilnom i preciznom obliku. Ovaj spoj kombinira farmakolo\u0161ki potencijal s laboratorijski prihvatljivim svojstvima, \u0161to ga \u010dini idealnim za istra\u017eiva\u010dka neurokemijska i receptorski usmjerena istra\u017eivanja.<\/p>","protected":false},"excerpt":{"rendered":"<h3><span style=\"vertical-align: inherit;\"><span style=\"vertical-align: inherit;\">Svojstva 1B-LSD L-tartarata<\/span><\/span><\/h3>\n<p><strong><span style=\"vertical-align: inherit;\"><span style=\"vertical-align: inherit;\">Sinonim:<\/span><\/span><\/strong><span style=\"vertical-align: inherit;\"><span style=\"vertical-align: inherit;\"> 1-butanoil-lizerginska kiselina dietilamid hemi-L-tartarat, BLSD <\/span><\/span><br \/>\n<strong><span style=\"vertical-align: inherit;\"><span style=\"vertical-align: inherit;\">CAS broj:<\/span><\/span><\/strong><span style=\"vertical-align: inherit;\"><span style=\"vertical-align: inherit;\"> 2349376-12-9 <\/span><\/span><br \/>\n<strong><span style=\"vertical-align: inherit;\"><span style=\"vertical-align: inherit;\">Formula:<\/span><\/span><\/strong><span style=\"vertical-align: inherit;\"><span style=\"vertical-align: inherit;\"> (8\u03b2)-1-butanoil-N,N-dietil-6-metil-9,10-didehidroergolin-8-karboksamid hemi-L-tartarat <\/span><\/span><br \/>\n<strong><span style=\"vertical-align: inherit;\"><span style=\"vertical-align: inherit;\">Molarna masa:<\/span><\/span><\/strong><span style=\"vertical-align: inherit;\"><span style=\"vertical-align: inherit;\"> 468,5 g\/mol <\/span><\/span><br \/>\n<strong><span style=\"vertical-align: inherit;\"><span style=\"vertical-align: inherit;\">\u010cisto\u0107a:<\/span><\/span><\/strong><span style=\"vertical-align: inherit;\"><span style=\"vertical-align: inherit;\"> &gt;97%<\/span><\/span><\/p>","protected":false},"featured_media":28557,"comment_status":"closed","ping_status":"closed","template":"","meta":[],"product_brand":[],"product_cat":[530,358],"product_tag":[326],"class_list":{"0":"post-23553","1":"product","2":"type-product","3":"status-publish","4":"has-post-thumbnail","6":"product_cat-1b-lsd","7":"product_cat-lysergamides","8":"product_tag-nl","10":"first","11":"instock","12":"taxable","13":"shipping-taxable","14":"purchasable","15":"product-type-variable"},"_links":{"self":[{"href":"https:\/\/researchchemicalstore.eu\/hr\/wp-json\/wp\/v2\/product\/23553","targetHints":{"allow":["GET"]}}],"collection":[{"href":"https:\/\/researchchemicalstore.eu\/hr\/wp-json\/wp\/v2\/product"}],"about":[{"href":"https:\/\/researchchemicalstore.eu\/hr\/wp-json\/wp\/v2\/types\/product"}],"replies":[{"embeddable":true,"href":"https:\/\/researchchemicalstore.eu\/hr\/wp-json\/wp\/v2\/comments?post=23553"}],"version-history":[{"count":2,"href":"https:\/\/researchchemicalstore.eu\/hr\/wp-json\/wp\/v2\/product\/23553\/revisions"}],"predecessor-version":[{"id":26605,"href":"https:\/\/researchchemicalstore.eu\/hr\/wp-json\/wp\/v2\/product\/23553\/revisions\/26605"}],"wp:featuredmedia":[{"embeddable":true,"href":"https:\/\/researchchemicalstore.eu\/hr\/wp-json\/wp\/v2\/media\/28557"}],"wp:attachment":[{"href":"https:\/\/researchchemicalstore.eu\/hr\/wp-json\/wp\/v2\/media?parent=23553"}],"wp:term":[{"taxonomy":"product_brand","embeddable":true,"href":"https:\/\/researchchemicalstore.eu\/hr\/wp-json\/wp\/v2\/product_brand?post=23553"},{"taxonomy":"product_cat","embeddable":true,"href":"https:\/\/researchchemicalstore.eu\/hr\/wp-json\/wp\/v2\/product_cat?post=23553"},{"taxonomy":"product_tag","embeddable":true,"href":"https:\/\/researchchemicalstore.eu\/hr\/wp-json\/wp\/v2\/product_tag?post=23553"}],"curies":[{"name":"radni list","href":"https:\/\/api.w.org\/{rel}","templated":true}]}}