{"id":23884,"date":"2025-04-13T17:40:36","date_gmt":"2025-04-13T17:40:36","guid":{"rendered":"https:\/\/researchchemicalstore.eu\/?post_type=product&#038;p=23884"},"modified":"2025-10-22T11:56:53","modified_gmt":"2025-10-22T11:56:53","slug":"5-mmpa","status":"publish","type":"product","link":"https:\/\/researchchemicalstore.eu\/hr\/product\/5-mmpa\/","title":{"rendered":"5-MMPA"},"content":{"rendered":"<h1>5 MMPA (5-metoksi-N-metil-N-propiltriptamin) \u2013 vrhunska istra\u017eiva\u010dka kemikalija za znanstvena istra\u017eivanja<\/h1>\n<h2>Opis proizvoda<\/h2>\n<p>5-MMPA (5-metoksi-N-metil-N-propiltriptamin) je specijalizirani triptaminski spoj koji se sve vi\u0161e koristi u neuroznanstvenim i farmakolo\u0161kim istra\u017eivanjima. Kao analog poznatih triptamina, ova tvar nudi jedinstvene mogu\u0107nosti za prou\u010davanje serotonergi\u010dnih sustava i interakcija receptora. Na\u0161 5-MMPA visoke \u010disto\u0107e posebno je razvijen za istra\u017eiva\u010de koji zahtijevaju preciznost i pouzdanost u svom znanstvenom radu.<\/p>\n<h2>Osnovne zna\u010dajke<\/h2>\n<ul>\n<li>Iznimna \u010disto\u0107a (\u226598% analizirano HPLC\/GC-MS metodom)<\/li>\n<li>Idealno za istra\u017eivanje serotoninskih receptora<\/li>\n<li>Stabilna kvaliteta s certifikatom specifi\u010dnim za seriju<\/li>\n<li>Optimalna topljivost za razli\u010dite istra\u017eiva\u010dke metode<\/li>\n<\/ul>\n<h2>Znanstvene primjene<\/h2>\n<ul>\n<li>Neurokemijske studije: istra\u017eivanje vezanja i aktivacije 5-HT receptora<\/li>\n<li>Psihofarmakologija: Prou\u010davanje odnosa strukture i aktivnosti triptamina<\/li>\n<li>Metaboli\u010dka istra\u017eivanja: analiza procesa biotransformacije<\/li>\n<li>Forenzi\u010dka znanost: referentni materijal za nove psihoaktivne tvari (NPS)<\/li>\n<\/ul>\n<h2>Sigurnosni protokol<\/h2>\n<p>5-MMPA je namijenjen samo za in vitro istra\u017eivanja i ne smije se koristiti za prehranu ljudi ili \u017eivotinja. Preporuke za uporabu:<\/p>\n<ul>\n<li>Rad u ventiliranom laboratorijskom okru\u017eenju<\/li>\n<li>Nosite osobnu za\u0161titnu opremu (nitrilne rukavice, za\u0161titne nao\u010dale)<\/li>\n<li>Strogo po\u0161tivanje lokalnih zakona i propisa<\/li>\n<\/ul>\n<h2>Savjeti za skladi\u0161tenje<\/h2>\n<p>\u010cuvati na temperaturi od 2 do 8 \u00b0C u originalnom pakiranju, za\u0161ti\u0107eno od svjetlosti i vlage. U tim uvjetima tvar ostaje stabilna najmanje 24 mjeseca.<\/p>\n<h2>Na\u0161e jamstvo kvalitete<\/h2>\n<ul>\n<li>Neovisne analize tre\u0107e strane za svaku seriju<\/li>\n<li>Detaljan certifikat analize (CoA) uklju\u010den<\/li>\n<li>Proizvodni pogoni s ISO certifikatom<\/li>\n<li>Materijali za pakiranje farmaceutske kvalitete<\/li>\n<\/ul>\n<h2>Za\u0161to odabrati nas<\/h2>\n<ul>\n<li>Znanstvena podr\u0161ka: na\u0161i doktorandi dostupni su za tehni\u010dka pitanja<\/li>\n<li>Munjevita dostava: naru\u010deno prije 15 sati = dostavljeno sljede\u0107i radni dan (EU)<\/li>\n<li>Diskretno i sigurno: anonimna dostava s pra\u0107enjem<\/li>\n<li>Veleprodajni popusti: povoljne cijene za istra\u017eiva\u010dke institucije<\/li>\n<\/ul>\n<h2>Va\u017ena pravna napomena<\/h2>\n<p>Kupac je odgovoran za provjeru je li posjedovanje i uporaba ove tvari u skladu s lokalnim propisima. Ovaj proizvod nije namijenjen za ljudsku prehranu i smiju ga koristiti samo kvalificirani stru\u010dnjaci u kontroliranim istra\u017eiva\u010dkim okru\u017eenjima.<\/p>\n<h2>Tehni\u010dke specifikacije<\/h2>\n<ul>\n<li>CAS broj: Na zahtjev<\/li>\n<li>Molekularna formula: C15H22N2O<\/li>\n<li>Molekularna te\u017eina: 246,35 g\/mol<\/li>\n<li>Izgled: Bijeli do bjelkasti kristalni prah<\/li>\n<li>Topljivost: Topljivo u metanolu, etanolu i DMSO-u<\/li>\n<\/ul>\n<p>Za vi\u0161e informacija o mogu\u0107nostima primjene ili tehni\u010dkim specifikacijama <a href=\"http:\/\/google.nl\" target=\"_blank\" rel=\"noopener\">po<\/a> Za na\u0161 5-MMPA, molimo kontaktirajte na\u0161 znanstveni tim. Rado \u0107emo vam pru\u017eiti prilago\u0111ene savjete za va\u0161e istra\u017eiva\u010dke projekte.<\/p>\n<p><a href=\"https:\/\/researchchemicalstore.eu\/hr\/ducan\/lisergamidi\/1v-lsd-150-mcg-blotters\/\"><span style=\"vertical-align: inherit;\"><span style=\"vertical-align: inherit;\">1V-LSD 150 MCG upijaju\u0107ih papira <\/span><\/span><\/a><a href=\"https:\/\/researchchemicalstore.eu\/hr\/ducan\/gotovo-zabranjeno\/6-cl-adba\/\"><span style=\"vertical-align: inherit;\"><span style=\"vertical-align: inherit;\">6-CL-ADBA <\/span><\/span><\/a><a href=\"https:\/\/researchchemicalstore.eu\/hr\/ducan\/katinoni\/kupiti-2-cmc\/\"><span style=\"vertical-align: inherit;\"><span style=\"vertical-align: inherit;\">2-CMC pelete od 250 mg<\/span><\/span><\/a><span style=\"vertical-align: inherit;\"><span style=\"vertical-align: inherit;\">\u00a0<\/span><\/span><a href=\"https:\/\/researchchemicalstore.eu\/hr\/ducan\/fenetilamin\/2c-ef-2-mg-kapsule\/\"><span style=\"vertical-align: inherit;\"><span style=\"vertical-align: inherit;\">2C-EF 2 mg kapsule <\/span><\/span><\/a><a href=\"https:\/\/researchchemicalstore.eu\/hr\/ducan\/ostalo\/meai\/\"><span style=\"vertical-align: inherit;\"><span style=\"vertical-align: inherit;\">MEAI<\/span><\/span><\/a><\/p>","protected":false},"excerpt":{"rendered":"<h2><span style=\"vertical-align: inherit;\"><span style=\"vertical-align: inherit;\">Svojstva 5-MMPA<\/span><\/span><\/h2>\n<p><strong><span style=\"vertical-align: inherit;\"><span style=\"vertical-align: inherit;\">Sinonim<\/span><\/span><\/strong><span style=\"vertical-align: inherit;\"><span style=\"vertical-align: inherit;\"> 5-metilmetiopropamin <\/span><\/span><br \/>\n<strong><span style=\"vertical-align: inherit;\"><span style=\"vertical-align: inherit;\">CAS broj<\/span><\/span><\/strong><span style=\"vertical-align: inherit;\"><span style=\"vertical-align: inherit;\"> : 1340105-79-4 <\/span><\/span><br \/>\n<strong><span style=\"vertical-align: inherit;\"><span style=\"vertical-align: inherit;\">Formula<\/span><\/span><\/strong><span style=\"vertical-align: inherit;\"><span style=\"vertical-align: inherit;\"> C9H15NS \u2022 HCl <\/span><\/span><br \/>\n<strong><span style=\"vertical-align: inherit;\"><span style=\"vertical-align: inherit;\">Molarna masa<\/span><\/span><\/strong><span style=\"vertical-align: inherit;\"><span style=\"vertical-align: inherit;\"> 169,29 g mol-1 <\/span><\/span><br \/>\n<strong><span style=\"vertical-align: inherit;\"><span style=\"vertical-align: inherit;\">\u010cisto\u0107a<\/span><\/span><\/strong><span style=\"vertical-align: inherit;\"><span style=\"vertical-align: inherit;\"> : \u226599%<\/span><\/span><\/p>","protected":false},"featured_media":28723,"comment_status":"closed","ping_status":"closed","template":"","meta":[],"product_brand":[],"product_cat":[491,322,79],"product_tag":[663,326],"class_list":{"0":"post-23884","1":"product","2":"type-product","3":"status-publish","4":"has-post-thumbnail","6":"product_cat-5-mmpa","7":"product_cat-bijna-verboden","8":"product_cat-cathinonen","9":"product_tag-5-mmpa","10":"product_tag-nl","12":"first","13":"instock","14":"taxable","15":"shipping-taxable","16":"purchasable","17":"product-type-variable"},"_links":{"self":[{"href":"https:\/\/researchchemicalstore.eu\/hr\/wp-json\/wp\/v2\/product\/23884","targetHints":{"allow":["GET"]}}],"collection":[{"href":"https:\/\/researchchemicalstore.eu\/hr\/wp-json\/wp\/v2\/product"}],"about":[{"href":"https:\/\/researchchemicalstore.eu\/hr\/wp-json\/wp\/v2\/types\/product"}],"replies":[{"embeddable":true,"href":"https:\/\/researchchemicalstore.eu\/hr\/wp-json\/wp\/v2\/comments?post=23884"}],"version-history":[{"count":5,"href":"https:\/\/researchchemicalstore.eu\/hr\/wp-json\/wp\/v2\/product\/23884\/revisions"}],"predecessor-version":[{"id":26410,"href":"https:\/\/researchchemicalstore.eu\/hr\/wp-json\/wp\/v2\/product\/23884\/revisions\/26410"}],"wp:featuredmedia":[{"embeddable":true,"href":"https:\/\/researchchemicalstore.eu\/hr\/wp-json\/wp\/v2\/media\/28723"}],"wp:attachment":[{"href":"https:\/\/researchchemicalstore.eu\/hr\/wp-json\/wp\/v2\/media?parent=23884"}],"wp:term":[{"taxonomy":"product_brand","embeddable":true,"href":"https:\/\/researchchemicalstore.eu\/hr\/wp-json\/wp\/v2\/product_brand?post=23884"},{"taxonomy":"product_cat","embeddable":true,"href":"https:\/\/researchchemicalstore.eu\/hr\/wp-json\/wp\/v2\/product_cat?post=23884"},{"taxonomy":"product_tag","embeddable":true,"href":"https:\/\/researchchemicalstore.eu\/hr\/wp-json\/wp\/v2\/product_tag?post=23884"}],"curies":[{"name":"radni list","href":"https:\/\/api.w.org\/{rel}","templated":true}]}}